{"id":6639,"date":"2023-07-06T17:23:10","date_gmt":"2023-07-06T15:23:10","guid":{"rendered":"http:\/\/grifos-pens.it\/termini-e-condizioni-di-vendita-2\/"},"modified":"2025-11-04T23:05:18","modified_gmt":"2025-11-04T22:05:18","slug":"termini-e-condizioni-di-vendita","status":"publish","type":"page","link":"https:\/\/grifos-pens.it\/it\/termini-e-condizioni-di-vendita\/","title":{"rendered":"Termini e condizioni di vendita"},"content":{"rendered":"\n<p>CONDIZIONI DI VENDITA<\/p>\n<p>1. Il contratto stipulato tra Aurumvallis di M. Stura e il Cliente deve intendersi concluso con l&#8217;accettazione, anche solo parziale, dell&#8217;ordine da parte di Aurumvallis di M. Stura, la quale si riserva il diritto, a suo insindacabile giudizio, di accettare l&#8217;ordine. L&#8217;accettazione si ritiene tacita, se non altrimenti comunicato con qualsiasi modalit\u00e0 al Cliente. Effettuando un ordine nelle varie modalit\u00e0 previste, il Cliente dichiara di aver preso visione di tutte le indicazioni fornite durante la procedura d&#8217;acquisto e di accettare integralmente le condizioni generali e di pagamento di seguito trascritte.<\/p>\n<p>2. Se il Cliente \u00e8 un consumatore finale (ossia una persona fisica che acquista la merce per scopi non riferibili alla propria attivit\u00e0 professionale), una volta conclusa la procedura d&#8217;acquisto online, provveder\u00e0 a stampare o salvare copia elettronica e, comunque, a conservare le presenti condizioni generali di vendita, nel rispetto di quanto previsto dagli artt. 3 e 4 del D.Lgs. n. 185\/1999 sulle vendite a distanza.<\/p>\n<p>3. Viene escluso ogni diritto del Cliente a un risarcimento danni o indennizzo, nonch\u00e9 qualsiasi responsabilit\u00e0 contrattuale o extracontrattuale per danni diretti o indiretti a persone e\/o cose, provocati dalla mancata accettazione, anche parziale, di un ordine. Accettazione delle Condizioni Generali<\/p>\n<p>4. Il Cliente pu\u00f2 acquistare solo i prodotti presenti nel catalogo elettronico di grifos-pens.it al momento dell&#8217;inoltro dell&#8217;ordine e visionabili all&#8217;indirizzo http:\/\/www.grifos-pens.it, cos\u00ec come descritti nelle relative schede informative. Le informazioni tecniche inserite su http:\/\/www.grifos-pens.it riproducono fedelmente quelle dei produttori o fornitori dei beni presenti in catalogo. Aurumvallis di M. Stura si riserva pertanto il diritto di modificare le informazioni tecniche dei prodotti per adeguarle a quelle fornite dai produttori, senza alcun preavviso. Resta inteso che l&#8217;immagine a corredo della scheda descrittiva di un prodotto pu\u00f2 non essere perfettamente rappresentativa delle sue caratteristiche e differire per colore, dimensioni e prodotti accessori presenti in figura. Tutte le informazioni di supporto all&#8217;acquisto (Glossario, Guida all&#8217;acquisto, ecc.) sono da intendersi come mero materiale informativo generico, non riferibile alle reali caratteristiche di ogni singolo prodotto.<\/p>\n<p>5. La corretta ricezione della proposta d&#8217;acquisto \u00e8 confermata da Aurumvallis di M. Stura mediante una risposta via e-mail, inviata all&#8217;indirizzo di posta elettronica comunicato dal Cliente. Tale messaggio di conferma riporter\u00e0 Data e Ora di ricezione dell&#8217;ordine e un &#8216;Numero Ordine Cliente&#8217;, da utilizzarsi in ogni ulteriore comunicazione con Aurumvallis di M. Stura. Il messaggio riproporr\u00e0 tutti i dati inseriti dal Cliente, il quale si impegna a verificarne la correttezza e a comunicare tempestivamente eventuali correzioni, secondo le modalit\u00e0 descritte nel presente documento. Il Cliente potr\u00e0 inoltre verificare lo stato del proprio ordine accedendo all&#8217;area web a lui dedicata alla voce &#8220;Stato Ordini&#8221;.<br \/>L&#8217;ordine si considerer\u00e0 accettato solo al momento dell&#8217;invio dell&#8217;e-mail con il codice di spedizione, sar\u00e0 pertanto facolt\u00e0 di Aurumvallis di M. Stura annullare qualsiasi proposta di acquisto prima di tale momento, rimborsando integralmente l&#8217;importo versato dal cliente, senza che ci\u00f2 possa comportare alcuna richiesta di danni o indennizzo.<\/p>\n<p>6. In caso di mancata accettazione dell&#8217;ordine, Aurumvallis di M. Stura si impegna a darne tempestiva comunicazione al Cliente.<\/p>\n<p>8. Tutti i prezzi presenti sul sito si intendono al pubblico e, pertanto, comprensivi di IVA. Aurumvallis di M. Stura si riserva il diritto di modificare i prezzi in qualsiasi momento, senza preavviso. Nel caso in cui venga pubblicato un prezzo errato e\/o chiaramente irrisorio, per qualsiasi motivo (errore nei nostri sistemi, errore umano, ecc.), l&#8217;ordine verr\u00e0 annullato, anche in caso di convalida iniziale.<\/p>\n<p>9. Sul sito http:\/\/www.grifos-pens.it sono visibili le quantit\u00e0 di prodotto disponibili al momento dell&#8217;ordine. Poich\u00e9 l&#8217;accesso contemporaneo di pi\u00f9 utenti-clienti e la contemporanea possibilit\u00e0 di ordini &#8220;on line&#8221; modificano la disponibilit\u00e0 del prodotto, Aurumvallis di M. Stura non garantisce la certezza di assegnazione della merce ordinata.<\/p>\n<p>10. Su determinati prodotti, oggetto di promozioni di prezzo, Aurumvallis di M. Stura si riserva il diritto di accettare ordini riducendone la quantit\u00e0, previa comunicazione e accettazione da parte del Cliente, in difetto dei quali l&#8217;ordine dovr\u00e0 intendersi annullato.<\/p>\n<p>Per tutto quanto non qui riportato, quali modalit\u00e0 di pagamento, spedizione, diritto di recesso e resi, ecc., si rimanda alle rispettive sezioni informative del sito.<\/p>\n\n","protected":false},"excerpt":{"rendered":"","protected":false},"author":61,"featured_media":0,"parent":0,"menu_order":0,"comment_status":"closed","ping_status":"closed","template":"","meta":{"footnotes":""},"class_list":["post-6639","page","type-page","status-publish","hentry"],"yoast_head":"<!-- This site is optimized with the Yoast SEO plugin v27.4 - https:\/\/yoast.com\/product\/yoast-seo-wordpress\/ -->\n<title>Termini e condizioni di vendita - Grifos Pens<\/title>\n<meta name=\"robots\" content=\"index, follow, max-snippet:-1, max-image-preview:large, max-video-preview:-1\" \/>\n<link rel=\"canonical\" href=\"https:\/\/grifos-pens.it\/it\/termini-e-condizioni-di-vendita\/\" \/>\n<meta property=\"og:locale\" content=\"it_IT\" \/>\n<meta property=\"og:type\" content=\"article\" \/>\n<meta property=\"og:title\" content=\"Termini e condizioni di vendita - Grifos Pens\" \/>\n<meta property=\"og:url\" content=\"https:\/\/grifos-pens.it\/it\/termini-e-condizioni-di-vendita\/\" \/>\n<meta property=\"og:site_name\" content=\"Grifos Pens\" \/>\n<meta property=\"article:publisher\" content=\"https:\/\/www.facebook.com\/grifospensitaly\/?locale=it_IT\" \/>\n<meta property=\"article:modified_time\" content=\"2025-11-04T22:05:18+00:00\" \/>\n<meta name=\"twitter:card\" content=\"summary_large_image\" \/>\n<meta name=\"twitter:label1\" content=\"Tempo di lettura stimato\" \/>\n\t<meta name=\"twitter:data1\" content=\"4 minuti\" \/>\n<script type=\"application\/ld+json\" class=\"yoast-schema-graph\">{\"@context\":\"https:\\\/\\\/schema.org\",\"@graph\":[{\"@type\":\"WebPage\",\"@id\":\"https:\\\/\\\/grifos-pens.it\\\/it\\\/termini-e-condizioni-di-vendita\\\/\",\"url\":\"https:\\\/\\\/grifos-pens.it\\\/it\\\/termini-e-condizioni-di-vendita\\\/\",\"name\":\"Termini e condizioni di vendita - Grifos Pens\",\"isPartOf\":{\"@id\":\"https:\\\/\\\/grifos-pens.it\\\/it\\\/#website\"},\"datePublished\":\"2023-07-06T15:23:10+00:00\",\"dateModified\":\"2025-11-04T22:05:18+00:00\",\"breadcrumb\":{\"@id\":\"https:\\\/\\\/grifos-pens.it\\\/it\\\/termini-e-condizioni-di-vendita\\\/#breadcrumb\"},\"inLanguage\":\"it-IT\",\"potentialAction\":[{\"@type\":\"ReadAction\",\"target\":[\"https:\\\/\\\/grifos-pens.it\\\/it\\\/termini-e-condizioni-di-vendita\\\/\"]}]},{\"@type\":\"BreadcrumbList\",\"@id\":\"https:\\\/\\\/grifos-pens.it\\\/it\\\/termini-e-condizioni-di-vendita\\\/#breadcrumb\",\"itemListElement\":[{\"@type\":\"ListItem\",\"position\":1,\"name\":\"Home\",\"item\":\"https:\\\/\\\/grifos-pens.it\\\/it\\\/\"},{\"@type\":\"ListItem\",\"position\":2,\"name\":\"Termini e condizioni di vendita\"}]},{\"@type\":\"WebSite\",\"@id\":\"https:\\\/\\\/grifos-pens.it\\\/it\\\/#website\",\"url\":\"https:\\\/\\\/grifos-pens.it\\\/it\\\/\",\"name\":\"Grifos Pens\",\"description\":\"Handcrafted Writing Instrument Of Italy\",\"publisher\":{\"@id\":\"https:\\\/\\\/grifos-pens.it\\\/it\\\/#organization\"},\"potentialAction\":[{\"@type\":\"SearchAction\",\"target\":{\"@type\":\"EntryPoint\",\"urlTemplate\":\"https:\\\/\\\/grifos-pens.it\\\/it\\\/?s={search_term_string}\"},\"query-input\":{\"@type\":\"PropertyValueSpecification\",\"valueRequired\":true,\"valueName\":\"search_term_string\"}}],\"inLanguage\":\"it-IT\"},{\"@type\":\"Organization\",\"@id\":\"https:\\\/\\\/grifos-pens.it\\\/it\\\/#organization\",\"name\":\"Grifos Pens\",\"url\":\"https:\\\/\\\/grifos-pens.it\\\/it\\\/\",\"logo\":{\"@type\":\"ImageObject\",\"inLanguage\":\"it-IT\",\"@id\":\"https:\\\/\\\/grifos-pens.it\\\/it\\\/#\\\/schema\\\/logo\\\/image\\\/\",\"url\":\"https:\\\/\\\/grifos-pens.it\\\/wp-content\\\/uploads\\\/2023\\\/05\\\/logo-grifos.svg\",\"contentUrl\":\"https:\\\/\\\/grifos-pens.it\\\/wp-content\\\/uploads\\\/2023\\\/05\\\/logo-grifos.svg\",\"width\":267,\"height\":243,\"caption\":\"Grifos Pens\"},\"image\":{\"@id\":\"https:\\\/\\\/grifos-pens.it\\\/it\\\/#\\\/schema\\\/logo\\\/image\\\/\"},\"sameAs\":[\"https:\\\/\\\/www.facebook.com\\\/grifospensitaly\\\/?locale=it_IT\",\"https:\\\/\\\/www.instagram.com\\\/grifos.pens\\\/\"]}]}<\/script>\n<!-- \/ Yoast SEO plugin. -->","yoast_head_json":{"title":"Termini e condizioni di vendita - Grifos Pens","robots":{"index":"index","follow":"follow","max-snippet":"max-snippet:-1","max-image-preview":"max-image-preview:large","max-video-preview":"max-video-preview:-1"},"canonical":"https:\/\/grifos-pens.it\/it\/termini-e-condizioni-di-vendita\/","og_locale":"it_IT","og_type":"article","og_title":"Termini e condizioni di vendita - Grifos Pens","og_url":"https:\/\/grifos-pens.it\/it\/termini-e-condizioni-di-vendita\/","og_site_name":"Grifos Pens","article_publisher":"https:\/\/www.facebook.com\/grifospensitaly\/?locale=it_IT","article_modified_time":"2025-11-04T22:05:18+00:00","twitter_card":"summary_large_image","twitter_misc":{"Tempo di lettura stimato":"4 minuti"},"schema":{"@context":"https:\/\/schema.org","@graph":[{"@type":"WebPage","@id":"https:\/\/grifos-pens.it\/it\/termini-e-condizioni-di-vendita\/","url":"https:\/\/grifos-pens.it\/it\/termini-e-condizioni-di-vendita\/","name":"Termini e condizioni di vendita - Grifos Pens","isPartOf":{"@id":"https:\/\/grifos-pens.it\/it\/#website"},"datePublished":"2023-07-06T15:23:10+00:00","dateModified":"2025-11-04T22:05:18+00:00","breadcrumb":{"@id":"https:\/\/grifos-pens.it\/it\/termini-e-condizioni-di-vendita\/#breadcrumb"},"inLanguage":"it-IT","potentialAction":[{"@type":"ReadAction","target":["https:\/\/grifos-pens.it\/it\/termini-e-condizioni-di-vendita\/"]}]},{"@type":"BreadcrumbList","@id":"https:\/\/grifos-pens.it\/it\/termini-e-condizioni-di-vendita\/#breadcrumb","itemListElement":[{"@type":"ListItem","position":1,"name":"Home","item":"https:\/\/grifos-pens.it\/it\/"},{"@type":"ListItem","position":2,"name":"Termini e condizioni di vendita"}]},{"@type":"WebSite","@id":"https:\/\/grifos-pens.it\/it\/#website","url":"https:\/\/grifos-pens.it\/it\/","name":"Grifos Pens","description":"Handcrafted Writing Instrument Of Italy","publisher":{"@id":"https:\/\/grifos-pens.it\/it\/#organization"},"potentialAction":[{"@type":"SearchAction","target":{"@type":"EntryPoint","urlTemplate":"https:\/\/grifos-pens.it\/it\/?s={search_term_string}"},"query-input":{"@type":"PropertyValueSpecification","valueRequired":true,"valueName":"search_term_string"}}],"inLanguage":"it-IT"},{"@type":"Organization","@id":"https:\/\/grifos-pens.it\/it\/#organization","name":"Grifos Pens","url":"https:\/\/grifos-pens.it\/it\/","logo":{"@type":"ImageObject","inLanguage":"it-IT","@id":"https:\/\/grifos-pens.it\/it\/#\/schema\/logo\/image\/","url":"https:\/\/grifos-pens.it\/wp-content\/uploads\/2023\/05\/logo-grifos.svg","contentUrl":"https:\/\/grifos-pens.it\/wp-content\/uploads\/2023\/05\/logo-grifos.svg","width":267,"height":243,"caption":"Grifos Pens"},"image":{"@id":"https:\/\/grifos-pens.it\/it\/#\/schema\/logo\/image\/"},"sameAs":["https:\/\/www.facebook.com\/grifospensitaly\/?locale=it_IT","https:\/\/www.instagram.com\/grifos.pens\/"]}]}},"_links":{"self":[{"href":"https:\/\/grifos-pens.it\/it\/wp-json\/wp\/v2\/pages\/6639","targetHints":{"allow":["GET"]}}],"collection":[{"href":"https:\/\/grifos-pens.it\/it\/wp-json\/wp\/v2\/pages"}],"about":[{"href":"https:\/\/grifos-pens.it\/it\/wp-json\/wp\/v2\/types\/page"}],"author":[{"embeddable":true,"href":"https:\/\/grifos-pens.it\/it\/wp-json\/wp\/v2\/users\/61"}],"replies":[{"embeddable":true,"href":"https:\/\/grifos-pens.it\/it\/wp-json\/wp\/v2\/comments?post=6639"}],"version-history":[{"count":0,"href":"https:\/\/grifos-pens.it\/it\/wp-json\/wp\/v2\/pages\/6639\/revisions"}],"wp:attachment":[{"href":"https:\/\/grifos-pens.it\/it\/wp-json\/wp\/v2\/media?parent=6639"}],"curies":[{"name":"wp","href":"https:\/\/api.w.org\/{rel}","templated":true}]}}