{"id":1008,"date":"2019-01-06T20:17:23","date_gmt":"2019-01-06T19:17:23","guid":{"rendered":"http:\/\/grifos-pens.it\/?post_type=product&#038;p=1008"},"modified":"2026-02-02T11:38:54","modified_gmt":"2026-02-02T10:38:54","slug":"penna-stilografica-argento-pen-and-the-city","status":"publish","type":"product","link":"https:\/\/grifos-pens.it\/it\/prodotto\/penna-stilografica-argento-pen-and-the-city\/","title":{"rendered":"Penna Stilografica &#8220;Pen and The City&#8221;"},"content":{"rendered":"<p>La nostra esclusiva penna stilografica Pen and The City \u00e8 realizzata artigianalmente in pregiato argento massiccio 925, arricchita da dettagli placcati in oro rosa 18 carati e impreziosita dall&#8217;incisione guilloch\u00e8 ispirata agli skyline delle grandi citt\u00e0. Ogni pezzo \u00e8 timbrato con il marchio 925 e &#8220;*TO 675&#8221;, garantendo l&#8217;impiego di argento 925 e confermando la nostra registrazione nell&#8217;albo orafo.<\/p>\n<p>La penna \u00e8 dotata di ricarica a pompetta detta anche converter con cui potrete usufruire l\u2019inchiostro in flacone, in alternativa si pu\u00f2 usare la stilografica con cartucce standard internazionale fornite nella confezione della penna. Chiusura con cappuccio a vite.<\/p>\n<p>Pennino stilo in acciaio rodiato, punta media M. Possibilit\u00e0 di scelta tra punta F fine ed extra fine, B grossa e versione penna roller o penna sfera. Sono disponibili pennini in oro massiccio 18 kt con costo aggiunto, sia in oro giallo che in oro bianco, con possibilit\u00e0 di scelta tra punta F fine, M media, B grossa e ST calligrafica.<\/p>\n<p>La penna \u00e8 disponibile su ordinazione anche con personalizzazione.<\/p>\n<p>La stilografica viene consegnata in astuccio da regalo con certificato di autenticit\u00e0 che garantisce la presente creazione di esser artigianalmente realizzata in vero argento 925, rifinita e controllata attentamente come la pi\u00f9 alta tradizione orafa italiana richiede.<\/p>\n<p>&nbsp;<\/p>\n<p>&nbsp;<\/p>\n","protected":false},"excerpt":{"rendered":"<p>La nostra esclusiva penna stilografica Pen and The City \u00e8 realizzata artigianalmente in pregiato argento massiccio 925, arricchita da dettagli placcati in oro rosa 18 carati e impreziosita dall&#8217;incisione guilloch\u00e8 ispirata agli skyline delle grandi citt\u00e0. Ogni pezzo \u00e8 timbrato con il marchio 925 e &#8220;*TO 675&#8221;, garantendo l&#8217;impiego di argento 925 e confermando la nostra registrazione nell&#8217;albo orafo.<\/p>\n","protected":false},"featured_media":1016,"comment_status":"closed","ping_status":"closed","template":"","meta":[],"product_brand":[],"product_cat":[264,272],"product_tag":[1255,316,1266,430,428,304,401,427,1265,305,313,386,252,429,340,254,255],"class_list":{"0":"post-1008","1":"product","2":"type-product","3":"status-publish","4":"has-post-thumbnail","6":"product_cat-argento","7":"product_cat-stilografiche","8":"product_tag-argento-925","9":"product_tag-artigianato-italiano","10":"product_tag-design-skyline","11":"product_tag-incisa-con-logo","12":"product_tag-incisione-geometrica","13":"product_tag-negozio-di-penne-it","14":"product_tag-nero-muse","15":"product_tag-oro-rosso","16":"product_tag-penna-esclusiva","17":"product_tag-penna-in-argento-it","18":"product_tag-penna-personalizzata","19":"product_tag-penna-stilografica","20":"product_tag-penne-artigianali-2","21":"product_tag-pennino-fine","22":"product_tag-regalo-geometra","23":"product_tag-scrivere-con-stilografica-2","24":"product_tag-stilografiche-2","26":"first","27":"instock","28":"purchasable","29":"product-type-simple"},"yoast_head":"<!-- This site is optimized with the Yoast SEO plugin v27.4 - https:\/\/yoast.com\/product\/yoast-seo-wordpress\/ -->\n<title>Penna Stilografica &quot;Pen and The City&quot; - Grifos Pens<\/title>\n<meta name=\"description\" content=\"La nostra esclusiva penna stilografica Pen and The City \u00e8 realizzata artigianalmente in pregiato argento massiccio 925, arricchita da dettagli placcati oro.\" \/>\n<meta name=\"robots\" content=\"index, follow, max-snippet:-1, max-image-preview:large, max-video-preview:-1\" \/>\n<link rel=\"canonical\" href=\"https:\/\/grifos-pens.it\/it\/prodotto\/penna-stilografica-argento-pen-and-the-city\/\" \/>\n<meta property=\"og:locale\" content=\"it_IT\" \/>\n<meta property=\"og:type\" content=\"article\" \/>\n<meta property=\"og:title\" content=\"Penna Stilografica &quot;Pen and The City&quot; - Grifos Pens\" \/>\n<meta property=\"og:description\" content=\"La nostra esclusiva penna stilografica Pen and The City \u00e8 realizzata artigianalmente in pregiato argento massiccio 925, arricchita da dettagli placcati oro.\" \/>\n<meta property=\"og:url\" content=\"https:\/\/grifos-pens.it\/it\/prodotto\/penna-stilografica-argento-pen-and-the-city\/\" \/>\n<meta property=\"og:site_name\" content=\"Grifos Pens\" \/>\n<meta property=\"article:publisher\" content=\"https:\/\/www.facebook.com\/grifospensitaly\/?locale=it_IT\" \/>\n<meta property=\"article:modified_time\" content=\"2026-02-02T10:38:54+00:00\" \/>\n<meta property=\"og:image\" content=\"https:\/\/grifos-pens.it\/wp-content\/uploads\/2019\/01\/stilo-Nero-Muse-NMF501-AR-GX13-03.jpg\" \/>\n\t<meta property=\"og:image:width\" content=\"1000\" \/>\n\t<meta property=\"og:image:height\" content=\"667\" \/>\n\t<meta property=\"og:image:type\" content=\"image\/jpeg\" \/>\n<meta name=\"twitter:card\" content=\"summary_large_image\" \/>\n<meta name=\"twitter:label1\" content=\"Tempo di lettura stimato\" \/>\n\t<meta name=\"twitter:data1\" content=\"2 minuti\" \/>\n<script type=\"application\/ld+json\" class=\"yoast-schema-graph\">{\"@context\":\"https:\\\/\\\/schema.org\",\"@graph\":[{\"@type\":\"WebPage\",\"@id\":\"https:\\\/\\\/grifos-pens.it\\\/it\\\/prodotto\\\/penna-stilografica-argento-pen-and-the-city\\\/\",\"url\":\"https:\\\/\\\/grifos-pens.it\\\/it\\\/prodotto\\\/penna-stilografica-argento-pen-and-the-city\\\/\",\"name\":\"Penna Stilografica \\\"Pen and The City\\\" - Grifos Pens\",\"isPartOf\":{\"@id\":\"https:\\\/\\\/grifos-pens.it\\\/it\\\/#website\"},\"primaryImageOfPage\":{\"@id\":\"https:\\\/\\\/grifos-pens.it\\\/it\\\/prodotto\\\/penna-stilografica-argento-pen-and-the-city\\\/#primaryimage\"},\"image\":{\"@id\":\"https:\\\/\\\/grifos-pens.it\\\/it\\\/prodotto\\\/penna-stilografica-argento-pen-and-the-city\\\/#primaryimage\"},\"thumbnailUrl\":\"https:\\\/\\\/grifos-pens.it\\\/wp-content\\\/uploads\\\/2019\\\/01\\\/stilo-Nero-Muse-NMF501-AR-GX13-03.jpg\",\"datePublished\":\"2019-01-06T19:17:23+00:00\",\"dateModified\":\"2026-02-02T10:38:54+00:00\",\"description\":\"La nostra esclusiva penna stilografica Pen and The City \u00e8 realizzata artigianalmente in pregiato argento massiccio 925, arricchita da dettagli placcati oro.\",\"breadcrumb\":{\"@id\":\"https:\\\/\\\/grifos-pens.it\\\/it\\\/prodotto\\\/penna-stilografica-argento-pen-and-the-city\\\/#breadcrumb\"},\"inLanguage\":\"it-IT\",\"potentialAction\":[{\"@type\":\"ReadAction\",\"target\":[\"https:\\\/\\\/grifos-pens.it\\\/it\\\/prodotto\\\/penna-stilografica-argento-pen-and-the-city\\\/\"]}]},{\"@type\":\"ImageObject\",\"inLanguage\":\"it-IT\",\"@id\":\"https:\\\/\\\/grifos-pens.it\\\/it\\\/prodotto\\\/penna-stilografica-argento-pen-and-the-city\\\/#primaryimage\",\"url\":\"https:\\\/\\\/grifos-pens.it\\\/wp-content\\\/uploads\\\/2019\\\/01\\\/stilo-Nero-Muse-NMF501-AR-GX13-03.jpg\",\"contentUrl\":\"https:\\\/\\\/grifos-pens.it\\\/wp-content\\\/uploads\\\/2019\\\/01\\\/stilo-Nero-Muse-NMF501-AR-GX13-03.jpg\",\"width\":1000,\"height\":667,\"caption\":\"Stilografica Argento 925\"},{\"@type\":\"BreadcrumbList\",\"@id\":\"https:\\\/\\\/grifos-pens.it\\\/it\\\/prodotto\\\/penna-stilografica-argento-pen-and-the-city\\\/#breadcrumb\",\"itemListElement\":[{\"@type\":\"ListItem\",\"position\":1,\"name\":\"Home\",\"item\":\"https:\\\/\\\/grifos-pens.it\\\/it\\\/\"},{\"@type\":\"ListItem\",\"position\":2,\"name\":\"Catalogo\",\"item\":\"https:\\\/\\\/grifos-pens.it\\\/it\\\/catalogo\\\/\"},{\"@type\":\"ListItem\",\"position\":3,\"name\":\"Penna Stilografica &#8220;Pen and The City&#8221;\"}]},{\"@type\":\"WebSite\",\"@id\":\"https:\\\/\\\/grifos-pens.it\\\/it\\\/#website\",\"url\":\"https:\\\/\\\/grifos-pens.it\\\/it\\\/\",\"name\":\"Grifos Pens\",\"description\":\"Handcrafted Writing Instrument Of Italy\",\"publisher\":{\"@id\":\"https:\\\/\\\/grifos-pens.it\\\/it\\\/#organization\"},\"potentialAction\":[{\"@type\":\"SearchAction\",\"target\":{\"@type\":\"EntryPoint\",\"urlTemplate\":\"https:\\\/\\\/grifos-pens.it\\\/it\\\/?s={search_term_string}\"},\"query-input\":{\"@type\":\"PropertyValueSpecification\",\"valueRequired\":true,\"valueName\":\"search_term_string\"}}],\"inLanguage\":\"it-IT\"},{\"@type\":\"Organization\",\"@id\":\"https:\\\/\\\/grifos-pens.it\\\/it\\\/#organization\",\"name\":\"Grifos Pens\",\"url\":\"https:\\\/\\\/grifos-pens.it\\\/it\\\/\",\"logo\":{\"@type\":\"ImageObject\",\"inLanguage\":\"it-IT\",\"@id\":\"https:\\\/\\\/grifos-pens.it\\\/it\\\/#\\\/schema\\\/logo\\\/image\\\/\",\"url\":\"https:\\\/\\\/grifos-pens.it\\\/wp-content\\\/uploads\\\/2023\\\/05\\\/logo-grifos.svg\",\"contentUrl\":\"https:\\\/\\\/grifos-pens.it\\\/wp-content\\\/uploads\\\/2023\\\/05\\\/logo-grifos.svg\",\"width\":267,\"height\":243,\"caption\":\"Grifos Pens\"},\"image\":{\"@id\":\"https:\\\/\\\/grifos-pens.it\\\/it\\\/#\\\/schema\\\/logo\\\/image\\\/\"},\"sameAs\":[\"https:\\\/\\\/www.facebook.com\\\/grifospensitaly\\\/?locale=it_IT\",\"https:\\\/\\\/www.instagram.com\\\/grifos.pens\\\/\"]}]}<\/script>\n<!-- \/ Yoast SEO plugin. -->","yoast_head_json":{"title":"Penna Stilografica \"Pen and The City\" - Grifos Pens","description":"La nostra esclusiva penna stilografica Pen and The City \u00e8 realizzata artigianalmente in pregiato argento massiccio 925, arricchita da dettagli placcati oro.","robots":{"index":"index","follow":"follow","max-snippet":"max-snippet:-1","max-image-preview":"max-image-preview:large","max-video-preview":"max-video-preview:-1"},"canonical":"https:\/\/grifos-pens.it\/it\/prodotto\/penna-stilografica-argento-pen-and-the-city\/","og_locale":"it_IT","og_type":"article","og_title":"Penna Stilografica \"Pen and The City\" - Grifos Pens","og_description":"La nostra esclusiva penna stilografica Pen and The City \u00e8 realizzata artigianalmente in pregiato argento massiccio 925, arricchita da dettagli placcati oro.","og_url":"https:\/\/grifos-pens.it\/it\/prodotto\/penna-stilografica-argento-pen-and-the-city\/","og_site_name":"Grifos Pens","article_publisher":"https:\/\/www.facebook.com\/grifospensitaly\/?locale=it_IT","article_modified_time":"2026-02-02T10:38:54+00:00","og_image":[{"width":1000,"height":667,"url":"https:\/\/grifos-pens.it\/wp-content\/uploads\/2019\/01\/stilo-Nero-Muse-NMF501-AR-GX13-03.jpg","type":"image\/jpeg"}],"twitter_card":"summary_large_image","twitter_misc":{"Tempo di lettura stimato":"2 minuti"},"schema":{"@context":"https:\/\/schema.org","@graph":[{"@type":"WebPage","@id":"https:\/\/grifos-pens.it\/it\/prodotto\/penna-stilografica-argento-pen-and-the-city\/","url":"https:\/\/grifos-pens.it\/it\/prodotto\/penna-stilografica-argento-pen-and-the-city\/","name":"Penna Stilografica \"Pen and The City\" - Grifos Pens","isPartOf":{"@id":"https:\/\/grifos-pens.it\/it\/#website"},"primaryImageOfPage":{"@id":"https:\/\/grifos-pens.it\/it\/prodotto\/penna-stilografica-argento-pen-and-the-city\/#primaryimage"},"image":{"@id":"https:\/\/grifos-pens.it\/it\/prodotto\/penna-stilografica-argento-pen-and-the-city\/#primaryimage"},"thumbnailUrl":"https:\/\/grifos-pens.it\/wp-content\/uploads\/2019\/01\/stilo-Nero-Muse-NMF501-AR-GX13-03.jpg","datePublished":"2019-01-06T19:17:23+00:00","dateModified":"2026-02-02T10:38:54+00:00","description":"La nostra esclusiva penna stilografica Pen and The City \u00e8 realizzata artigianalmente in pregiato argento massiccio 925, arricchita da dettagli placcati oro.","breadcrumb":{"@id":"https:\/\/grifos-pens.it\/it\/prodotto\/penna-stilografica-argento-pen-and-the-city\/#breadcrumb"},"inLanguage":"it-IT","potentialAction":[{"@type":"ReadAction","target":["https:\/\/grifos-pens.it\/it\/prodotto\/penna-stilografica-argento-pen-and-the-city\/"]}]},{"@type":"ImageObject","inLanguage":"it-IT","@id":"https:\/\/grifos-pens.it\/it\/prodotto\/penna-stilografica-argento-pen-and-the-city\/#primaryimage","url":"https:\/\/grifos-pens.it\/wp-content\/uploads\/2019\/01\/stilo-Nero-Muse-NMF501-AR-GX13-03.jpg","contentUrl":"https:\/\/grifos-pens.it\/wp-content\/uploads\/2019\/01\/stilo-Nero-Muse-NMF501-AR-GX13-03.jpg","width":1000,"height":667,"caption":"Stilografica Argento 925"},{"@type":"BreadcrumbList","@id":"https:\/\/grifos-pens.it\/it\/prodotto\/penna-stilografica-argento-pen-and-the-city\/#breadcrumb","itemListElement":[{"@type":"ListItem","position":1,"name":"Home","item":"https:\/\/grifos-pens.it\/it\/"},{"@type":"ListItem","position":2,"name":"Catalogo","item":"https:\/\/grifos-pens.it\/it\/catalogo\/"},{"@type":"ListItem","position":3,"name":"Penna Stilografica &#8220;Pen and The City&#8221;"}]},{"@type":"WebSite","@id":"https:\/\/grifos-pens.it\/it\/#website","url":"https:\/\/grifos-pens.it\/it\/","name":"Grifos Pens","description":"Handcrafted Writing Instrument Of Italy","publisher":{"@id":"https:\/\/grifos-pens.it\/it\/#organization"},"potentialAction":[{"@type":"SearchAction","target":{"@type":"EntryPoint","urlTemplate":"https:\/\/grifos-pens.it\/it\/?s={search_term_string}"},"query-input":{"@type":"PropertyValueSpecification","valueRequired":true,"valueName":"search_term_string"}}],"inLanguage":"it-IT"},{"@type":"Organization","@id":"https:\/\/grifos-pens.it\/it\/#organization","name":"Grifos Pens","url":"https:\/\/grifos-pens.it\/it\/","logo":{"@type":"ImageObject","inLanguage":"it-IT","@id":"https:\/\/grifos-pens.it\/it\/#\/schema\/logo\/image\/","url":"https:\/\/grifos-pens.it\/wp-content\/uploads\/2023\/05\/logo-grifos.svg","contentUrl":"https:\/\/grifos-pens.it\/wp-content\/uploads\/2023\/05\/logo-grifos.svg","width":267,"height":243,"caption":"Grifos Pens"},"image":{"@id":"https:\/\/grifos-pens.it\/it\/#\/schema\/logo\/image\/"},"sameAs":["https:\/\/www.facebook.com\/grifospensitaly\/?locale=it_IT","https:\/\/www.instagram.com\/grifos.pens\/"]}]}},"_links":{"self":[{"href":"https:\/\/grifos-pens.it\/it\/wp-json\/wp\/v2\/product\/1008","targetHints":{"allow":["GET"]}}],"collection":[{"href":"https:\/\/grifos-pens.it\/it\/wp-json\/wp\/v2\/product"}],"about":[{"href":"https:\/\/grifos-pens.it\/it\/wp-json\/wp\/v2\/types\/product"}],"replies":[{"embeddable":true,"href":"https:\/\/grifos-pens.it\/it\/wp-json\/wp\/v2\/comments?post=1008"}],"wp:featuredmedia":[{"embeddable":true,"href":"https:\/\/grifos-pens.it\/it\/wp-json\/wp\/v2\/media\/1016"}],"wp:attachment":[{"href":"https:\/\/grifos-pens.it\/it\/wp-json\/wp\/v2\/media?parent=1008"}],"wp:term":[{"taxonomy":"product_brand","embeddable":true,"href":"https:\/\/grifos-pens.it\/it\/wp-json\/wp\/v2\/product_brand?post=1008"},{"taxonomy":"product_cat","embeddable":true,"href":"https:\/\/grifos-pens.it\/it\/wp-json\/wp\/v2\/product_cat?post=1008"},{"taxonomy":"product_tag","embeddable":true,"href":"https:\/\/grifos-pens.it\/it\/wp-json\/wp\/v2\/product_tag?post=1008"}],"curies":[{"name":"wp","href":"https:\/\/api.w.org\/{rel}","templated":true}]}}