{"id":10316,"date":"2026-02-20T11:50:13","date_gmt":"2026-02-20T10:50:13","guid":{"rendered":"https:\/\/grifos-pens.it\/prodotto\/unknown-land-fountain-pen\/"},"modified":"2026-04-14T09:39:20","modified_gmt":"2026-04-14T07:39:20","slug":"unknown-land-fountain-pen","status":"publish","type":"product","link":"https:\/\/grifos-pens.it\/it\/prodotto\/unknown-land-fountain-pen\/","title":{"rendered":"Penna Stilografica Terra Incognita"},"content":{"rendered":"<p>Scopri il piacere della scrittura con questa penna stilografica che abbiamo chiamato Terra Incognita. Realizzata a mano dai nostri artigiani in argento sterling ossidato, resina color acqua turchese e inserti in legno, unisce materiali preziosi e lavorazione artigianale. Ogni penna presenta una disposizione unica degli elementi in legno, che richiama continenti e oceani in una composizione sempre diversa, rendendo ogni esemplare irripetibile. Nessuna penna \u00e8 identica a un\u2019altra: ogni creazione diventa cos\u00ec un accessorio esclusivo, capace di distinguersi per carattere e personalit\u00e0.<\/p>\n<p>La penna stilografica Terra Incognita \u00e8 impreziosita da incisioni decorative ispirate al mondo della navigazione: un\u2019antica bussola da capitano e una pergamena decorano la sezione dell\u2019impugnatura, mentre sotto la clip compare un\u2019ancora. L&#8217;ancora indica la linea dritta del fermaglio e le onde del mare cullano le isole, mentre il dio greco Eolo soffia la tempesta marina, aggiungendo un tocco di mito al design della penna.<\/p>\n<p>Questa penna squisita \u00e8 il regalo perfetto per chi ha una mente curiosa e ama scrivere di nuove scoperte. Con la penna stilografica Terra Incognita, puoi esplorare territori sconosciuti e annotare i tuoi pensieri con stile.<\/p>\n<p>Da oltre tre decenni, ci dedichiamo alla produzione di strumenti di scrittura realizzati in metalli preziosi. La stilografica viene consegnata con un certificato di autenticit\u00e0 che garantisce questo strumento di essere creato artigianalmente in vero argento 925, rifinito e attentamente controllato secondo le pi\u00f9 alte tradizioni orafe italiane. Da oltre tre decenni, ci dedichiamo alla produzione di strumenti di scrittura realizzati in metalli preziosi e decorati con l\u2019incisione guilloch\u00e9, un classico della tradizione italiana. La stilografica viene consegnata con un certificato di autenticit\u00e0 che garantisce che \u00e8 stata creata artigianalmente in vero argento 925, rifinita e attentamente controllata secondo le pi\u00f9 alte tradizioni orafe italiane.<\/p>\n<p>Le nostre penne stilografiche sono dotate di un sistema di ricarica a doppio utilizzo: possono essere utilizzate sia con converter sia con cartucce. Ogni penna viene consegnata con un converter gi\u00e0 inserito e un set di 6 cartucce d\u2019inchiostro. Le cartucce sono di formato standard internazionale e facilmente reperibili nelle cartolerie di tutto il mondo.<\/p>\n<p>La penna monta un pennino in acciaio inox di misura media realizzato dalla Bock. Sono disponibili anche pennini nelle misure fine, extra fine e broad, oltre alla versione roller. Sulla richiesta possiamo aggiornare la penna con un pennino d&#8217;oro massiccio 750-18 carati disponibile per acquisto <a href=\"https:\/\/grifos-pens.it\/it\/prodotto\/pennini-doro-per-stilografica\/\">qui sul sito.<\/a><\/p>\n<p>Spediamo la penna stilografica racchiusa nella confezione regalo con un certificato di origine.<\/p>\n<p>Tutto incluso:<br \/>\n+ converter<br \/>\n+ 6 cartucce d&#8217;inchiostro blu e nero<br \/>\n+ astuccio da regalo<br \/>\n+ assistenza tecnica<br \/>\n+ spedizione<\/p>\n<p>&nbsp;<\/p>\n","protected":false},"excerpt":{"rendered":"<p>Scopri il piacere della scrittura con questa penna stilografica che abbiamo chiamato Terra Incognita. Realizzata a mano dai nostri artigiani in argento sterling ossidato, resina color acqua turchese e inserti in legno, unisce materiali preziosi e lavorazione artigianale. Spediamo la penna stilografica racchiusa nella confezione regalo con un certificato di origine.<\/p>\n<p>&nbsp;<\/p>\n","protected":false},"featured_media":10261,"comment_status":"closed","ping_status":"closed","template":"","meta":[],"product_brand":[],"product_cat":[264,267,265,272],"product_tag":[242,243,244,805,1631,804,817,1497,1687,1502,737,1505,806,807,740,1688,247,248],"class_list":{"0":"post-10316","1":"product","2":"type-product","3":"status-publish","4":"has-post-thumbnail","6":"product_cat-argento","7":"product_cat-legno","8":"product_cat-resina","9":"product_cat-stilografiche","10":"product_tag-artisan-pens-2","11":"product_tag-buy-pen-online-shop-2","12":"product_tag-fountain-pens-2","13":"product_tag-incidere-il-nome","14":"product_tag-made-in-italy","15":"product_tag-negozio-di-penne-italiano","16":"product_tag-penna-dargento","17":"product_tag-penna-di-lusso-it","18":"product_tag-penna-per-un-diario","19":"product_tag-penna-per-viaggiatore","20":"product_tag-penna-personalizzata-it","21":"product_tag-penna-su-misura","22":"product_tag-personalizzazione-con-logo","23":"product_tag-regalo-di-laurea-it","24":"product_tag-regalo-di-nozze-unico","25":"product_tag-regalo-per-un-sognatore","26":"product_tag-silver-fountain-pen-2","27":"product_tag-writing-with-fountain-pen-2","29":"first","30":"instock","31":"taxable","32":"shipping-taxable","33":"purchasable","34":"product-type-simple"},"yoast_head":"<!-- This site is optimized with the Yoast SEO plugin v27.4 - https:\/\/yoast.com\/product\/yoast-seo-wordpress\/ -->\n<title>Penna Stilografica Terra Incognita<\/title>\n<meta name=\"description\" content=\"Penna stilografica Terra Incognita \u00e8 realizzata a mano dai nostri artigiani in argento sterling ossidato, resina color acqua turchese e inserti in legno.\" \/>\n<meta name=\"robots\" content=\"index, follow, max-snippet:-1, max-image-preview:large, max-video-preview:-1\" \/>\n<link rel=\"canonical\" href=\"https:\/\/grifos-pens.it\/it\/prodotto\/unknown-land-fountain-pen\/\" \/>\n<meta property=\"og:locale\" content=\"it_IT\" \/>\n<meta property=\"og:type\" content=\"article\" \/>\n<meta property=\"og:title\" content=\"Penna Stilografica Terra Incognita\" \/>\n<meta property=\"og:description\" content=\"Penna stilografica Terra Incognita \u00e8 realizzata a mano dai nostri artigiani in argento sterling ossidato, resina color acqua turchese e inserti in legno.\" \/>\n<meta property=\"og:url\" content=\"https:\/\/grifos-pens.it\/it\/prodotto\/unknown-land-fountain-pen\/\" \/>\n<meta property=\"og:site_name\" content=\"Grifos Pens\" \/>\n<meta property=\"article:publisher\" content=\"https:\/\/www.facebook.com\/grifospensitaly\/?locale=it_IT\" \/>\n<meta property=\"article:modified_time\" content=\"2026-04-14T07:39:20+00:00\" \/>\n<meta property=\"og:image\" content=\"https:\/\/grifos-pens.it\/wp-content\/uploads\/2026\/02\/Penna_3_008-wordpress.jpg\" \/>\n\t<meta property=\"og:image:width\" content=\"1920\" \/>\n\t<meta property=\"og:image:height\" content=\"1280\" \/>\n\t<meta property=\"og:image:type\" content=\"image\/jpeg\" \/>\n<meta name=\"twitter:card\" content=\"summary_large_image\" \/>\n<meta name=\"twitter:label1\" content=\"Tempo di lettura stimato\" \/>\n\t<meta name=\"twitter:data1\" content=\"2 minuti\" \/>\n<script type=\"application\/ld+json\" class=\"yoast-schema-graph\">{\"@context\":\"https:\\\/\\\/schema.org\",\"@graph\":[{\"@type\":\"WebPage\",\"@id\":\"https:\\\/\\\/grifos-pens.it\\\/it\\\/prodotto\\\/unknown-land-fountain-pen\\\/\",\"url\":\"https:\\\/\\\/grifos-pens.it\\\/it\\\/prodotto\\\/unknown-land-fountain-pen\\\/\",\"name\":\"Penna Stilografica Terra Incognita\",\"isPartOf\":{\"@id\":\"https:\\\/\\\/grifos-pens.it\\\/it\\\/#website\"},\"primaryImageOfPage\":{\"@id\":\"https:\\\/\\\/grifos-pens.it\\\/it\\\/prodotto\\\/unknown-land-fountain-pen\\\/#primaryimage\"},\"image\":{\"@id\":\"https:\\\/\\\/grifos-pens.it\\\/it\\\/prodotto\\\/unknown-land-fountain-pen\\\/#primaryimage\"},\"thumbnailUrl\":\"https:\\\/\\\/grifos-pens.it\\\/wp-content\\\/uploads\\\/2026\\\/02\\\/Penna_3_008-wordpress.jpg\",\"datePublished\":\"2026-02-20T10:50:13+00:00\",\"dateModified\":\"2026-04-14T07:39:20+00:00\",\"description\":\"Penna stilografica Terra Incognita \u00e8 realizzata a mano dai nostri artigiani in argento sterling ossidato, resina color acqua turchese e inserti in legno.\",\"breadcrumb\":{\"@id\":\"https:\\\/\\\/grifos-pens.it\\\/it\\\/prodotto\\\/unknown-land-fountain-pen\\\/#breadcrumb\"},\"inLanguage\":\"it-IT\",\"potentialAction\":[{\"@type\":\"ReadAction\",\"target\":[\"https:\\\/\\\/grifos-pens.it\\\/it\\\/prodotto\\\/unknown-land-fountain-pen\\\/\"]}]},{\"@type\":\"ImageObject\",\"inLanguage\":\"it-IT\",\"@id\":\"https:\\\/\\\/grifos-pens.it\\\/it\\\/prodotto\\\/unknown-land-fountain-pen\\\/#primaryimage\",\"url\":\"https:\\\/\\\/grifos-pens.it\\\/wp-content\\\/uploads\\\/2026\\\/02\\\/Penna_3_008-wordpress.jpg\",\"contentUrl\":\"https:\\\/\\\/grifos-pens.it\\\/wp-content\\\/uploads\\\/2026\\\/02\\\/Penna_3_008-wordpress.jpg\",\"width\":1920,\"height\":1280,\"caption\":\"Penna stilografica Terra Incognita\"},{\"@type\":\"BreadcrumbList\",\"@id\":\"https:\\\/\\\/grifos-pens.it\\\/it\\\/prodotto\\\/unknown-land-fountain-pen\\\/#breadcrumb\",\"itemListElement\":[{\"@type\":\"ListItem\",\"position\":1,\"name\":\"Home\",\"item\":\"https:\\\/\\\/grifos-pens.it\\\/it\\\/\"},{\"@type\":\"ListItem\",\"position\":2,\"name\":\"Catalogo\",\"item\":\"https:\\\/\\\/grifos-pens.it\\\/it\\\/catalogo\\\/\"},{\"@type\":\"ListItem\",\"position\":3,\"name\":\"Penna Stilografica Terra Incognita\"}]},{\"@type\":\"WebSite\",\"@id\":\"https:\\\/\\\/grifos-pens.it\\\/it\\\/#website\",\"url\":\"https:\\\/\\\/grifos-pens.it\\\/it\\\/\",\"name\":\"Grifos Pens\",\"description\":\"Handcrafted Writing Instrument Of Italy\",\"publisher\":{\"@id\":\"https:\\\/\\\/grifos-pens.it\\\/it\\\/#organization\"},\"potentialAction\":[{\"@type\":\"SearchAction\",\"target\":{\"@type\":\"EntryPoint\",\"urlTemplate\":\"https:\\\/\\\/grifos-pens.it\\\/it\\\/?s={search_term_string}\"},\"query-input\":{\"@type\":\"PropertyValueSpecification\",\"valueRequired\":true,\"valueName\":\"search_term_string\"}}],\"inLanguage\":\"it-IT\"},{\"@type\":\"Organization\",\"@id\":\"https:\\\/\\\/grifos-pens.it\\\/it\\\/#organization\",\"name\":\"Grifos Pens\",\"url\":\"https:\\\/\\\/grifos-pens.it\\\/it\\\/\",\"logo\":{\"@type\":\"ImageObject\",\"inLanguage\":\"it-IT\",\"@id\":\"https:\\\/\\\/grifos-pens.it\\\/it\\\/#\\\/schema\\\/logo\\\/image\\\/\",\"url\":\"https:\\\/\\\/grifos-pens.it\\\/wp-content\\\/uploads\\\/2023\\\/05\\\/logo-grifos.svg\",\"contentUrl\":\"https:\\\/\\\/grifos-pens.it\\\/wp-content\\\/uploads\\\/2023\\\/05\\\/logo-grifos.svg\",\"width\":267,\"height\":243,\"caption\":\"Grifos Pens\"},\"image\":{\"@id\":\"https:\\\/\\\/grifos-pens.it\\\/it\\\/#\\\/schema\\\/logo\\\/image\\\/\"},\"sameAs\":[\"https:\\\/\\\/www.facebook.com\\\/grifospensitaly\\\/?locale=it_IT\",\"https:\\\/\\\/www.instagram.com\\\/grifos.pens\\\/\"]}]}<\/script>\n<!-- \/ Yoast SEO plugin. -->","yoast_head_json":{"title":"Penna Stilografica Terra Incognita","description":"Penna stilografica Terra Incognita \u00e8 realizzata a mano dai nostri artigiani in argento sterling ossidato, resina color acqua turchese e inserti in legno.","robots":{"index":"index","follow":"follow","max-snippet":"max-snippet:-1","max-image-preview":"max-image-preview:large","max-video-preview":"max-video-preview:-1"},"canonical":"https:\/\/grifos-pens.it\/it\/prodotto\/unknown-land-fountain-pen\/","og_locale":"it_IT","og_type":"article","og_title":"Penna Stilografica Terra Incognita","og_description":"Penna stilografica Terra Incognita \u00e8 realizzata a mano dai nostri artigiani in argento sterling ossidato, resina color acqua turchese e inserti in legno.","og_url":"https:\/\/grifos-pens.it\/it\/prodotto\/unknown-land-fountain-pen\/","og_site_name":"Grifos Pens","article_publisher":"https:\/\/www.facebook.com\/grifospensitaly\/?locale=it_IT","article_modified_time":"2026-04-14T07:39:20+00:00","og_image":[{"width":1920,"height":1280,"url":"https:\/\/grifos-pens.it\/wp-content\/uploads\/2026\/02\/Penna_3_008-wordpress.jpg","type":"image\/jpeg"}],"twitter_card":"summary_large_image","twitter_misc":{"Tempo di lettura stimato":"2 minuti"},"schema":{"@context":"https:\/\/schema.org","@graph":[{"@type":"WebPage","@id":"https:\/\/grifos-pens.it\/it\/prodotto\/unknown-land-fountain-pen\/","url":"https:\/\/grifos-pens.it\/it\/prodotto\/unknown-land-fountain-pen\/","name":"Penna Stilografica Terra Incognita","isPartOf":{"@id":"https:\/\/grifos-pens.it\/it\/#website"},"primaryImageOfPage":{"@id":"https:\/\/grifos-pens.it\/it\/prodotto\/unknown-land-fountain-pen\/#primaryimage"},"image":{"@id":"https:\/\/grifos-pens.it\/it\/prodotto\/unknown-land-fountain-pen\/#primaryimage"},"thumbnailUrl":"https:\/\/grifos-pens.it\/wp-content\/uploads\/2026\/02\/Penna_3_008-wordpress.jpg","datePublished":"2026-02-20T10:50:13+00:00","dateModified":"2026-04-14T07:39:20+00:00","description":"Penna stilografica Terra Incognita \u00e8 realizzata a mano dai nostri artigiani in argento sterling ossidato, resina color acqua turchese e inserti in legno.","breadcrumb":{"@id":"https:\/\/grifos-pens.it\/it\/prodotto\/unknown-land-fountain-pen\/#breadcrumb"},"inLanguage":"it-IT","potentialAction":[{"@type":"ReadAction","target":["https:\/\/grifos-pens.it\/it\/prodotto\/unknown-land-fountain-pen\/"]}]},{"@type":"ImageObject","inLanguage":"it-IT","@id":"https:\/\/grifos-pens.it\/it\/prodotto\/unknown-land-fountain-pen\/#primaryimage","url":"https:\/\/grifos-pens.it\/wp-content\/uploads\/2026\/02\/Penna_3_008-wordpress.jpg","contentUrl":"https:\/\/grifos-pens.it\/wp-content\/uploads\/2026\/02\/Penna_3_008-wordpress.jpg","width":1920,"height":1280,"caption":"Penna stilografica Terra Incognita"},{"@type":"BreadcrumbList","@id":"https:\/\/grifos-pens.it\/it\/prodotto\/unknown-land-fountain-pen\/#breadcrumb","itemListElement":[{"@type":"ListItem","position":1,"name":"Home","item":"https:\/\/grifos-pens.it\/it\/"},{"@type":"ListItem","position":2,"name":"Catalogo","item":"https:\/\/grifos-pens.it\/it\/catalogo\/"},{"@type":"ListItem","position":3,"name":"Penna Stilografica Terra Incognita"}]},{"@type":"WebSite","@id":"https:\/\/grifos-pens.it\/it\/#website","url":"https:\/\/grifos-pens.it\/it\/","name":"Grifos Pens","description":"Handcrafted Writing Instrument Of Italy","publisher":{"@id":"https:\/\/grifos-pens.it\/it\/#organization"},"potentialAction":[{"@type":"SearchAction","target":{"@type":"EntryPoint","urlTemplate":"https:\/\/grifos-pens.it\/it\/?s={search_term_string}"},"query-input":{"@type":"PropertyValueSpecification","valueRequired":true,"valueName":"search_term_string"}}],"inLanguage":"it-IT"},{"@type":"Organization","@id":"https:\/\/grifos-pens.it\/it\/#organization","name":"Grifos Pens","url":"https:\/\/grifos-pens.it\/it\/","logo":{"@type":"ImageObject","inLanguage":"it-IT","@id":"https:\/\/grifos-pens.it\/it\/#\/schema\/logo\/image\/","url":"https:\/\/grifos-pens.it\/wp-content\/uploads\/2023\/05\/logo-grifos.svg","contentUrl":"https:\/\/grifos-pens.it\/wp-content\/uploads\/2023\/05\/logo-grifos.svg","width":267,"height":243,"caption":"Grifos Pens"},"image":{"@id":"https:\/\/grifos-pens.it\/it\/#\/schema\/logo\/image\/"},"sameAs":["https:\/\/www.facebook.com\/grifospensitaly\/?locale=it_IT","https:\/\/www.instagram.com\/grifos.pens\/"]}]}},"_links":{"self":[{"href":"https:\/\/grifos-pens.it\/it\/wp-json\/wp\/v2\/product\/10316","targetHints":{"allow":["GET"]}}],"collection":[{"href":"https:\/\/grifos-pens.it\/it\/wp-json\/wp\/v2\/product"}],"about":[{"href":"https:\/\/grifos-pens.it\/it\/wp-json\/wp\/v2\/types\/product"}],"replies":[{"embeddable":true,"href":"https:\/\/grifos-pens.it\/it\/wp-json\/wp\/v2\/comments?post=10316"}],"wp:featuredmedia":[{"embeddable":true,"href":"https:\/\/grifos-pens.it\/it\/wp-json\/wp\/v2\/media\/10261"}],"wp:attachment":[{"href":"https:\/\/grifos-pens.it\/it\/wp-json\/wp\/v2\/media?parent=10316"}],"wp:term":[{"taxonomy":"product_brand","embeddable":true,"href":"https:\/\/grifos-pens.it\/it\/wp-json\/wp\/v2\/product_brand?post=10316"},{"taxonomy":"product_cat","embeddable":true,"href":"https:\/\/grifos-pens.it\/it\/wp-json\/wp\/v2\/product_cat?post=10316"},{"taxonomy":"product_tag","embeddable":true,"href":"https:\/\/grifos-pens.it\/it\/wp-json\/wp\/v2\/product_tag?post=10316"}],"curies":[{"name":"wp","href":"https:\/\/api.w.org\/{rel}","templated":true}]}}