{"id":1035,"date":"2019-01-06T20:45:04","date_gmt":"2019-01-06T19:45:04","guid":{"rendered":"http:\/\/grifos-pens.it\/?post_type=product&#038;p=1035"},"modified":"2026-02-02T11:38:55","modified_gmt":"2026-02-02T10:38:55","slug":"penna-stilografica-argento-mille-righe","status":"publish","type":"product","link":"https:\/\/grifos-pens.it\/it\/prodotto\/penna-stilografica-argento-mille-righe\/","title":{"rendered":"Penna Stilografica Argento Millerighe"},"content":{"rendered":"<p>Penna Stilografica Argento Millerighe fabbricata artigianalmente in argento massiccio 925 con una classica incisione guilloch\u00e8 a millerighe. Ogni strumento di scrittura \u00e8 timbrato 925 e \u201c*TO 675\u201d a testimonianza del metallo prezioso usato, argento 925, e della nostra appartenenza all&#8217;albo orafo.<\/p>\n<p>La penna \u00e8 dotata di ricarica a pompetta detta anche converter con cui potrete usufruire l\u2019inchiostro in flacone, in alternativa si pu\u00f2 usare la stilografica con cartucce standard internazionale fornite nella confezione della penna. Chiusura penna con cappuccio a vite.<\/p>\n<p>Pennino stilo in acciaio rodiato, punta media M. Possibilit\u00e0 di scelta tra punta F fine ed extra fine, B grossa e versione penna roller o penna sfera. Sono disponibili pennini in oro massiccio 18 kt con costo aggiunto, sia in oro giallo che in oro bianco, con possibilit\u00e0 di scelta tra punta F fine, M media, B grossa.<\/p>\n<p>La penna \u00e8 disponibile su ordinazione anche con personalizzazione.<\/p>\n<p>La stilografica viene consegnata in astuccio da regalo con certificato di autenticit\u00e0 che garantisce la presente creazione di esser artigianalmente realizzata in vero argento 925, rifinita e controllata attentamente come la pi\u00f9 alta tradizione orafa italiana richiede.<\/p>\n<p>&nbsp;<\/p>\n","protected":false},"excerpt":{"rendered":"<p>La nostra penna stilografica \u00e8 realizzata artigianalmente in argento massiccio 925, con una raffinata incisione guilloch\u00e8 a millerighe che ne esalta l&#8217;eleganza classica. Ogni pezzo \u00e8 marcato con il timbro 925 e &#8220;*TO 675&#8221;, a conferma dell&#8217;impiego di argento 925 di alta qualit\u00e0 e della nostra registrazione nell&#8217;albo orafo. Offriamo la spedizione gratuita.<\/p>\n","protected":false},"featured_media":1106,"comment_status":"closed","ping_status":"closed","template":"","meta":[],"product_brand":[],"product_cat":[264,272],"product_tag":[422,421,305,391,386,252,1039,426,425,424,1038,254,420,423],"class_list":{"0":"post-1035","1":"product","2":"type-product","3":"status-publish","4":"has-post-thumbnail","6":"product_cat-argento","7":"product_cat-stilografiche","8":"product_tag-artigianato-fatto-in-italia","9":"product_tag-incisione-nome-tradizione-italiana","10":"product_tag-penna-in-argento-it","11":"product_tag-penna-incisa","12":"product_tag-penna-stilografica","13":"product_tag-penne-artigianali-2","14":"product_tag-prezzo-promozione-penna","15":"product_tag-regalo-marito","16":"product_tag-regalo-moglie","17":"product_tag-regalo-promozione","18":"product_tag-sale","19":"product_tag-scrivere-con-stilografica-2","20":"product_tag-stilo-classica","21":"product_tag-stilografica-chiusura-con-cappuccio","23":"first","24":"instock","25":"sale","26":"taxable","27":"shipping-taxable","28":"purchasable","29":"product-type-simple"},"yoast_head":"<!-- This site is optimized with the Yoast SEO plugin v27.4 - https:\/\/yoast.com\/product\/yoast-seo-wordpress\/ -->\n<title>Penna Stilografica Argento Millerighe - Grifos Pens<\/title>\n<meta name=\"description\" content=\"Penna Stilografica Argento Millerighe fabbricata artigianalmente in argento massiccio 925 con una classica incisione guilloch\u00e8 a millerighe.\" \/>\n<meta name=\"robots\" content=\"index, follow, max-snippet:-1, max-image-preview:large, max-video-preview:-1\" \/>\n<link rel=\"canonical\" href=\"https:\/\/grifos-pens.it\/it\/prodotto\/penna-stilografica-argento-mille-righe\/\" \/>\n<meta property=\"og:locale\" content=\"it_IT\" \/>\n<meta property=\"og:type\" content=\"article\" \/>\n<meta property=\"og:title\" content=\"Penna Stilografica Argento Millerighe - Grifos Pens\" \/>\n<meta property=\"og:description\" content=\"Penna Stilografica Argento Millerighe fabbricata artigianalmente in argento massiccio 925 con una classica incisione guilloch\u00e8 a millerighe.\" \/>\n<meta property=\"og:url\" content=\"https:\/\/grifos-pens.it\/it\/prodotto\/penna-stilografica-argento-mille-righe\/\" \/>\n<meta property=\"og:site_name\" content=\"Grifos Pens\" \/>\n<meta property=\"article:publisher\" content=\"https:\/\/www.facebook.com\/grifospensitaly\/?locale=it_IT\" \/>\n<meta property=\"article:modified_time\" content=\"2026-02-02T10:38:55+00:00\" \/>\n<meta property=\"og:image\" content=\"https:\/\/grifos-pens.it\/wp-content\/uploads\/2019\/01\/NMF501-A-G01-05.jpg\" \/>\n\t<meta property=\"og:image:width\" content=\"1500\" \/>\n\t<meta property=\"og:image:height\" content=\"1000\" \/>\n\t<meta property=\"og:image:type\" content=\"image\/jpeg\" \/>\n<meta name=\"twitter:card\" content=\"summary_large_image\" \/>\n<meta name=\"twitter:label1\" content=\"Tempo di lettura stimato\" \/>\n\t<meta name=\"twitter:data1\" content=\"2 minuti\" \/>\n<script type=\"application\/ld+json\" class=\"yoast-schema-graph\">{\"@context\":\"https:\\\/\\\/schema.org\",\"@graph\":[{\"@type\":\"WebPage\",\"@id\":\"https:\\\/\\\/grifos-pens.it\\\/it\\\/prodotto\\\/penna-stilografica-argento-mille-righe\\\/\",\"url\":\"https:\\\/\\\/grifos-pens.it\\\/it\\\/prodotto\\\/penna-stilografica-argento-mille-righe\\\/\",\"name\":\"Penna Stilografica Argento Millerighe - Grifos Pens\",\"isPartOf\":{\"@id\":\"https:\\\/\\\/grifos-pens.it\\\/it\\\/#website\"},\"primaryImageOfPage\":{\"@id\":\"https:\\\/\\\/grifos-pens.it\\\/it\\\/prodotto\\\/penna-stilografica-argento-mille-righe\\\/#primaryimage\"},\"image\":{\"@id\":\"https:\\\/\\\/grifos-pens.it\\\/it\\\/prodotto\\\/penna-stilografica-argento-mille-righe\\\/#primaryimage\"},\"thumbnailUrl\":\"https:\\\/\\\/grifos-pens.it\\\/wp-content\\\/uploads\\\/2019\\\/01\\\/NMF501-A-G01-05.jpg\",\"datePublished\":\"2019-01-06T19:45:04+00:00\",\"dateModified\":\"2026-02-02T10:38:55+00:00\",\"description\":\"Penna Stilografica Argento Millerighe fabbricata artigianalmente in argento massiccio 925 con una classica incisione guilloch\u00e8 a millerighe.\",\"breadcrumb\":{\"@id\":\"https:\\\/\\\/grifos-pens.it\\\/it\\\/prodotto\\\/penna-stilografica-argento-mille-righe\\\/#breadcrumb\"},\"inLanguage\":\"it-IT\",\"potentialAction\":[{\"@type\":\"ReadAction\",\"target\":[\"https:\\\/\\\/grifos-pens.it\\\/it\\\/prodotto\\\/penna-stilografica-argento-mille-righe\\\/\"]}]},{\"@type\":\"ImageObject\",\"inLanguage\":\"it-IT\",\"@id\":\"https:\\\/\\\/grifos-pens.it\\\/it\\\/prodotto\\\/penna-stilografica-argento-mille-righe\\\/#primaryimage\",\"url\":\"https:\\\/\\\/grifos-pens.it\\\/wp-content\\\/uploads\\\/2019\\\/01\\\/NMF501-A-G01-05.jpg\",\"contentUrl\":\"https:\\\/\\\/grifos-pens.it\\\/wp-content\\\/uploads\\\/2019\\\/01\\\/NMF501-A-G01-05.jpg\",\"width\":1500,\"height\":1000,\"caption\":\"Penna Stilografica Argento Millerighe\"},{\"@type\":\"BreadcrumbList\",\"@id\":\"https:\\\/\\\/grifos-pens.it\\\/it\\\/prodotto\\\/penna-stilografica-argento-mille-righe\\\/#breadcrumb\",\"itemListElement\":[{\"@type\":\"ListItem\",\"position\":1,\"name\":\"Home\",\"item\":\"https:\\\/\\\/grifos-pens.it\\\/it\\\/\"},{\"@type\":\"ListItem\",\"position\":2,\"name\":\"Catalogo\",\"item\":\"https:\\\/\\\/grifos-pens.it\\\/it\\\/catalogo\\\/\"},{\"@type\":\"ListItem\",\"position\":3,\"name\":\"Penna Stilografica Argento Millerighe\"}]},{\"@type\":\"WebSite\",\"@id\":\"https:\\\/\\\/grifos-pens.it\\\/it\\\/#website\",\"url\":\"https:\\\/\\\/grifos-pens.it\\\/it\\\/\",\"name\":\"Grifos Pens\",\"description\":\"Handcrafted Writing Instrument Of Italy\",\"publisher\":{\"@id\":\"https:\\\/\\\/grifos-pens.it\\\/it\\\/#organization\"},\"potentialAction\":[{\"@type\":\"SearchAction\",\"target\":{\"@type\":\"EntryPoint\",\"urlTemplate\":\"https:\\\/\\\/grifos-pens.it\\\/it\\\/?s={search_term_string}\"},\"query-input\":{\"@type\":\"PropertyValueSpecification\",\"valueRequired\":true,\"valueName\":\"search_term_string\"}}],\"inLanguage\":\"it-IT\"},{\"@type\":\"Organization\",\"@id\":\"https:\\\/\\\/grifos-pens.it\\\/it\\\/#organization\",\"name\":\"Grifos Pens\",\"url\":\"https:\\\/\\\/grifos-pens.it\\\/it\\\/\",\"logo\":{\"@type\":\"ImageObject\",\"inLanguage\":\"it-IT\",\"@id\":\"https:\\\/\\\/grifos-pens.it\\\/it\\\/#\\\/schema\\\/logo\\\/image\\\/\",\"url\":\"https:\\\/\\\/grifos-pens.it\\\/wp-content\\\/uploads\\\/2023\\\/05\\\/logo-grifos.svg\",\"contentUrl\":\"https:\\\/\\\/grifos-pens.it\\\/wp-content\\\/uploads\\\/2023\\\/05\\\/logo-grifos.svg\",\"width\":267,\"height\":243,\"caption\":\"Grifos Pens\"},\"image\":{\"@id\":\"https:\\\/\\\/grifos-pens.it\\\/it\\\/#\\\/schema\\\/logo\\\/image\\\/\"},\"sameAs\":[\"https:\\\/\\\/www.facebook.com\\\/grifospensitaly\\\/?locale=it_IT\",\"https:\\\/\\\/www.instagram.com\\\/grifos.pens\\\/\"]}]}<\/script>\n<!-- \/ Yoast SEO plugin. -->","yoast_head_json":{"title":"Penna Stilografica Argento Millerighe - Grifos Pens","description":"Penna Stilografica Argento Millerighe fabbricata artigianalmente in argento massiccio 925 con una classica incisione guilloch\u00e8 a millerighe.","robots":{"index":"index","follow":"follow","max-snippet":"max-snippet:-1","max-image-preview":"max-image-preview:large","max-video-preview":"max-video-preview:-1"},"canonical":"https:\/\/grifos-pens.it\/it\/prodotto\/penna-stilografica-argento-mille-righe\/","og_locale":"it_IT","og_type":"article","og_title":"Penna Stilografica Argento Millerighe - Grifos Pens","og_description":"Penna Stilografica Argento Millerighe fabbricata artigianalmente in argento massiccio 925 con una classica incisione guilloch\u00e8 a millerighe.","og_url":"https:\/\/grifos-pens.it\/it\/prodotto\/penna-stilografica-argento-mille-righe\/","og_site_name":"Grifos Pens","article_publisher":"https:\/\/www.facebook.com\/grifospensitaly\/?locale=it_IT","article_modified_time":"2026-02-02T10:38:55+00:00","og_image":[{"width":1500,"height":1000,"url":"https:\/\/grifos-pens.it\/wp-content\/uploads\/2019\/01\/NMF501-A-G01-05.jpg","type":"image\/jpeg"}],"twitter_card":"summary_large_image","twitter_misc":{"Tempo di lettura stimato":"2 minuti"},"schema":{"@context":"https:\/\/schema.org","@graph":[{"@type":"WebPage","@id":"https:\/\/grifos-pens.it\/it\/prodotto\/penna-stilografica-argento-mille-righe\/","url":"https:\/\/grifos-pens.it\/it\/prodotto\/penna-stilografica-argento-mille-righe\/","name":"Penna Stilografica Argento Millerighe - Grifos Pens","isPartOf":{"@id":"https:\/\/grifos-pens.it\/it\/#website"},"primaryImageOfPage":{"@id":"https:\/\/grifos-pens.it\/it\/prodotto\/penna-stilografica-argento-mille-righe\/#primaryimage"},"image":{"@id":"https:\/\/grifos-pens.it\/it\/prodotto\/penna-stilografica-argento-mille-righe\/#primaryimage"},"thumbnailUrl":"https:\/\/grifos-pens.it\/wp-content\/uploads\/2019\/01\/NMF501-A-G01-05.jpg","datePublished":"2019-01-06T19:45:04+00:00","dateModified":"2026-02-02T10:38:55+00:00","description":"Penna Stilografica Argento Millerighe fabbricata artigianalmente in argento massiccio 925 con una classica incisione guilloch\u00e8 a millerighe.","breadcrumb":{"@id":"https:\/\/grifos-pens.it\/it\/prodotto\/penna-stilografica-argento-mille-righe\/#breadcrumb"},"inLanguage":"it-IT","potentialAction":[{"@type":"ReadAction","target":["https:\/\/grifos-pens.it\/it\/prodotto\/penna-stilografica-argento-mille-righe\/"]}]},{"@type":"ImageObject","inLanguage":"it-IT","@id":"https:\/\/grifos-pens.it\/it\/prodotto\/penna-stilografica-argento-mille-righe\/#primaryimage","url":"https:\/\/grifos-pens.it\/wp-content\/uploads\/2019\/01\/NMF501-A-G01-05.jpg","contentUrl":"https:\/\/grifos-pens.it\/wp-content\/uploads\/2019\/01\/NMF501-A-G01-05.jpg","width":1500,"height":1000,"caption":"Penna Stilografica Argento Millerighe"},{"@type":"BreadcrumbList","@id":"https:\/\/grifos-pens.it\/it\/prodotto\/penna-stilografica-argento-mille-righe\/#breadcrumb","itemListElement":[{"@type":"ListItem","position":1,"name":"Home","item":"https:\/\/grifos-pens.it\/it\/"},{"@type":"ListItem","position":2,"name":"Catalogo","item":"https:\/\/grifos-pens.it\/it\/catalogo\/"},{"@type":"ListItem","position":3,"name":"Penna Stilografica Argento Millerighe"}]},{"@type":"WebSite","@id":"https:\/\/grifos-pens.it\/it\/#website","url":"https:\/\/grifos-pens.it\/it\/","name":"Grifos Pens","description":"Handcrafted Writing Instrument Of Italy","publisher":{"@id":"https:\/\/grifos-pens.it\/it\/#organization"},"potentialAction":[{"@type":"SearchAction","target":{"@type":"EntryPoint","urlTemplate":"https:\/\/grifos-pens.it\/it\/?s={search_term_string}"},"query-input":{"@type":"PropertyValueSpecification","valueRequired":true,"valueName":"search_term_string"}}],"inLanguage":"it-IT"},{"@type":"Organization","@id":"https:\/\/grifos-pens.it\/it\/#organization","name":"Grifos Pens","url":"https:\/\/grifos-pens.it\/it\/","logo":{"@type":"ImageObject","inLanguage":"it-IT","@id":"https:\/\/grifos-pens.it\/it\/#\/schema\/logo\/image\/","url":"https:\/\/grifos-pens.it\/wp-content\/uploads\/2023\/05\/logo-grifos.svg","contentUrl":"https:\/\/grifos-pens.it\/wp-content\/uploads\/2023\/05\/logo-grifos.svg","width":267,"height":243,"caption":"Grifos Pens"},"image":{"@id":"https:\/\/grifos-pens.it\/it\/#\/schema\/logo\/image\/"},"sameAs":["https:\/\/www.facebook.com\/grifospensitaly\/?locale=it_IT","https:\/\/www.instagram.com\/grifos.pens\/"]}]}},"_links":{"self":[{"href":"https:\/\/grifos-pens.it\/it\/wp-json\/wp\/v2\/product\/1035","targetHints":{"allow":["GET"]}}],"collection":[{"href":"https:\/\/grifos-pens.it\/it\/wp-json\/wp\/v2\/product"}],"about":[{"href":"https:\/\/grifos-pens.it\/it\/wp-json\/wp\/v2\/types\/product"}],"replies":[{"embeddable":true,"href":"https:\/\/grifos-pens.it\/it\/wp-json\/wp\/v2\/comments?post=1035"}],"wp:featuredmedia":[{"embeddable":true,"href":"https:\/\/grifos-pens.it\/it\/wp-json\/wp\/v2\/media\/1106"}],"wp:attachment":[{"href":"https:\/\/grifos-pens.it\/it\/wp-json\/wp\/v2\/media?parent=1035"}],"wp:term":[{"taxonomy":"product_brand","embeddable":true,"href":"https:\/\/grifos-pens.it\/it\/wp-json\/wp\/v2\/product_brand?post=1035"},{"taxonomy":"product_cat","embeddable":true,"href":"https:\/\/grifos-pens.it\/it\/wp-json\/wp\/v2\/product_cat?post=1035"},{"taxonomy":"product_tag","embeddable":true,"href":"https:\/\/grifos-pens.it\/it\/wp-json\/wp\/v2\/product_tag?post=1035"}],"curies":[{"name":"wp","href":"https:\/\/api.w.org\/{rel}","templated":true}]}}