{"id":1038,"date":"2019-01-06T21:10:09","date_gmt":"2019-01-06T20:10:09","guid":{"rendered":"http:\/\/grifos-pens.it\/?post_type=product&#038;p=1038"},"modified":"2026-02-02T11:38:55","modified_gmt":"2026-02-02T10:38:55","slug":"penna-stilografica-argento-gaudi","status":"publish","type":"product","link":"https:\/\/grifos-pens.it\/it\/prodotto\/penna-stilografica-argento-gaudi\/","title":{"rendered":"Penna Stilografica Argento Gaud\u00ed"},"content":{"rendered":"<p>Penna Stilografica Argento Gaud\u00ed fabbricata artigianalmente in argento massiccio 925.<\/p>\n<p>La superficie dell&#8217;argento \u00e8 decorata con l&#8217;incisione a tecnica guilloch\u00e9, un arte oramai rara e davvero unica. L&#8217;incisione sulla penna rappresenta due colonne avvinte che ricordano le spirali elicoidali tipiche nelle creazioni di Gaud\u00ed.<\/p>\n<p>Chiusura cappuccio a vite. Ricarica a converter e\/o cartuccia standard internazionale.<br \/>\nPennino stilo in acciaio placcato oro 18 k punta media &#8220;M&#8221;. Possibilit\u00e0 di scelta tra punta &#8220;F&#8221; fine ed extra fine, &#8220;B&#8221; grossa senza variazione prezzo penna.<\/p>\n<p>Sono disponibili pennini in oro massiccio 18 k (con costo aggiunto), sia in oro giallo che in oro bianco con possibilit\u00e0 di scelta tra punta &#8220;F&#8221; fine, &#8220;M&#8221; media, &#8220;B&#8221; grossa.<\/p>\n<p>Astuccio penna, converter e set di 6 cartucce, inchiostro nero o blu a vostra scelta in regalo.<\/p>\n<p>La stilografica viene consegnata con certificato di autenticit\u00e0 che garantisce la presente creazione di esser artigianalmente realizzata in vero argento 925, rifinita e controllata attentamente come la pi\u00f9 alta tradizione orafa italiana richiede.<\/p>\n<p>La penna \u00e8 disponibile su ordinazione anche con personalizzazione.<\/p>\n<p>Su richiesta \u00e8 possibile realizzare questa penna anche in versione roller o penna a sfera.<\/p>\n","protected":false},"excerpt":{"rendered":"<p><strong>Penna Stilografica\u00a0<\/strong>fabbricata artigianalmente in Valle d&#8217;Aosta in argento massiccio 925 con particolari placcati d&#8217;argento. Spedizione gratuita.<\/p>\n","protected":false},"featured_media":1161,"comment_status":"closed","ping_status":"closed","template":"","meta":[],"product_brand":[],"product_cat":[264,272],"product_tag":[416,417,419,252,418,388,254,415],"class_list":{"0":"post-1038","1":"product","2":"type-product","3":"status-publish","4":"has-post-thumbnail","6":"product_cat-argento","7":"product_cat-stilografiche","8":"product_tag-incisione-a-spirale","9":"product_tag-penna-elegante-lussuosa","10":"product_tag-penna-incisa-con-dedica","11":"product_tag-penne-artigianali-2","12":"product_tag-regalo-investimento","13":"product_tag-regalo-prezioso","14":"product_tag-scrivere-con-stilografica-2","15":"product_tag-stilografiche-in-argento-sterling","17":"first","18":"instock","19":"taxable","20":"shipping-taxable","21":"purchasable","22":"product-type-simple"},"yoast_head":"<!-- This site is optimized with the Yoast SEO plugin v27.4 - https:\/\/yoast.com\/product\/yoast-seo-wordpress\/ -->\n<title>Penna Stilografica Argento Gaud\u00ed - Grifos Pens<\/title>\n<meta name=\"description\" content=\"Penna Stilografica Argento Gaud\u00ed fabbricata artigianalmente in argento massiccio 925. La superficie dell&#039;argento \u00e8 decorata l&#039;incisione a tecnica guilloch\u00e9.\" \/>\n<meta name=\"robots\" content=\"index, follow, max-snippet:-1, max-image-preview:large, max-video-preview:-1\" \/>\n<link rel=\"canonical\" href=\"https:\/\/grifos-pens.it\/it\/prodotto\/penna-stilografica-argento-gaudi\/\" \/>\n<meta property=\"og:locale\" content=\"it_IT\" \/>\n<meta property=\"og:type\" content=\"article\" \/>\n<meta property=\"og:title\" content=\"Penna Stilografica Argento Gaud\u00ed - Grifos Pens\" \/>\n<meta property=\"og:description\" content=\"Penna Stilografica Argento Gaud\u00ed fabbricata artigianalmente in argento massiccio 925. La superficie dell&#039;argento \u00e8 decorata l&#039;incisione a tecnica guilloch\u00e9.\" \/>\n<meta property=\"og:url\" content=\"https:\/\/grifos-pens.it\/it\/prodotto\/penna-stilografica-argento-gaudi\/\" \/>\n<meta property=\"og:site_name\" content=\"Grifos Pens\" \/>\n<meta property=\"article:publisher\" content=\"https:\/\/www.facebook.com\/grifospensitaly\/?locale=it_IT\" \/>\n<meta property=\"article:modified_time\" content=\"2026-02-02T10:38:55+00:00\" \/>\n<meta property=\"og:image\" content=\"https:\/\/grifos-pens.it\/wp-content\/uploads\/2019\/01\/NMF501-A-GX08-01-1.jpg\" \/>\n\t<meta property=\"og:image:width\" content=\"1500\" \/>\n\t<meta property=\"og:image:height\" content=\"1091\" \/>\n\t<meta property=\"og:image:type\" content=\"image\/jpeg\" \/>\n<meta name=\"twitter:card\" content=\"summary_large_image\" \/>\n<meta name=\"twitter:label1\" content=\"Tempo di lettura stimato\" \/>\n\t<meta name=\"twitter:data1\" content=\"2 minuti\" \/>\n<script type=\"application\/ld+json\" class=\"yoast-schema-graph\">{\"@context\":\"https:\\\/\\\/schema.org\",\"@graph\":[{\"@type\":\"WebPage\",\"@id\":\"https:\\\/\\\/grifos-pens.it\\\/it\\\/prodotto\\\/penna-stilografica-argento-gaudi\\\/\",\"url\":\"https:\\\/\\\/grifos-pens.it\\\/it\\\/prodotto\\\/penna-stilografica-argento-gaudi\\\/\",\"name\":\"Penna Stilografica Argento Gaud\u00ed - Grifos Pens\",\"isPartOf\":{\"@id\":\"https:\\\/\\\/grifos-pens.it\\\/it\\\/#website\"},\"primaryImageOfPage\":{\"@id\":\"https:\\\/\\\/grifos-pens.it\\\/it\\\/prodotto\\\/penna-stilografica-argento-gaudi\\\/#primaryimage\"},\"image\":{\"@id\":\"https:\\\/\\\/grifos-pens.it\\\/it\\\/prodotto\\\/penna-stilografica-argento-gaudi\\\/#primaryimage\"},\"thumbnailUrl\":\"https:\\\/\\\/grifos-pens.it\\\/wp-content\\\/uploads\\\/2019\\\/01\\\/NMF501-A-GX08-01-1.jpg\",\"datePublished\":\"2019-01-06T20:10:09+00:00\",\"dateModified\":\"2026-02-02T10:38:55+00:00\",\"description\":\"Penna Stilografica Argento Gaud\u00ed fabbricata artigianalmente in argento massiccio 925. La superficie dell'argento \u00e8 decorata l'incisione a tecnica guilloch\u00e9.\",\"breadcrumb\":{\"@id\":\"https:\\\/\\\/grifos-pens.it\\\/it\\\/prodotto\\\/penna-stilografica-argento-gaudi\\\/#breadcrumb\"},\"inLanguage\":\"it-IT\",\"potentialAction\":[{\"@type\":\"ReadAction\",\"target\":[\"https:\\\/\\\/grifos-pens.it\\\/it\\\/prodotto\\\/penna-stilografica-argento-gaudi\\\/\"]}]},{\"@type\":\"ImageObject\",\"inLanguage\":\"it-IT\",\"@id\":\"https:\\\/\\\/grifos-pens.it\\\/it\\\/prodotto\\\/penna-stilografica-argento-gaudi\\\/#primaryimage\",\"url\":\"https:\\\/\\\/grifos-pens.it\\\/wp-content\\\/uploads\\\/2019\\\/01\\\/NMF501-A-GX08-01-1.jpg\",\"contentUrl\":\"https:\\\/\\\/grifos-pens.it\\\/wp-content\\\/uploads\\\/2019\\\/01\\\/NMF501-A-GX08-01-1.jpg\",\"width\":1500,\"height\":1091,\"caption\":\"Penna Stilografica Argento Gaud\u00ed\"},{\"@type\":\"BreadcrumbList\",\"@id\":\"https:\\\/\\\/grifos-pens.it\\\/it\\\/prodotto\\\/penna-stilografica-argento-gaudi\\\/#breadcrumb\",\"itemListElement\":[{\"@type\":\"ListItem\",\"position\":1,\"name\":\"Home\",\"item\":\"https:\\\/\\\/grifos-pens.it\\\/it\\\/\"},{\"@type\":\"ListItem\",\"position\":2,\"name\":\"Catalogo\",\"item\":\"https:\\\/\\\/grifos-pens.it\\\/it\\\/catalogo\\\/\"},{\"@type\":\"ListItem\",\"position\":3,\"name\":\"Penna Stilografica Argento Gaud\u00ed\"}]},{\"@type\":\"WebSite\",\"@id\":\"https:\\\/\\\/grifos-pens.it\\\/it\\\/#website\",\"url\":\"https:\\\/\\\/grifos-pens.it\\\/it\\\/\",\"name\":\"Grifos Pens\",\"description\":\"Handcrafted Writing Instrument Of Italy\",\"publisher\":{\"@id\":\"https:\\\/\\\/grifos-pens.it\\\/it\\\/#organization\"},\"potentialAction\":[{\"@type\":\"SearchAction\",\"target\":{\"@type\":\"EntryPoint\",\"urlTemplate\":\"https:\\\/\\\/grifos-pens.it\\\/it\\\/?s={search_term_string}\"},\"query-input\":{\"@type\":\"PropertyValueSpecification\",\"valueRequired\":true,\"valueName\":\"search_term_string\"}}],\"inLanguage\":\"it-IT\"},{\"@type\":\"Organization\",\"@id\":\"https:\\\/\\\/grifos-pens.it\\\/it\\\/#organization\",\"name\":\"Grifos Pens\",\"url\":\"https:\\\/\\\/grifos-pens.it\\\/it\\\/\",\"logo\":{\"@type\":\"ImageObject\",\"inLanguage\":\"it-IT\",\"@id\":\"https:\\\/\\\/grifos-pens.it\\\/it\\\/#\\\/schema\\\/logo\\\/image\\\/\",\"url\":\"https:\\\/\\\/grifos-pens.it\\\/wp-content\\\/uploads\\\/2023\\\/05\\\/logo-grifos.svg\",\"contentUrl\":\"https:\\\/\\\/grifos-pens.it\\\/wp-content\\\/uploads\\\/2023\\\/05\\\/logo-grifos.svg\",\"width\":267,\"height\":243,\"caption\":\"Grifos Pens\"},\"image\":{\"@id\":\"https:\\\/\\\/grifos-pens.it\\\/it\\\/#\\\/schema\\\/logo\\\/image\\\/\"},\"sameAs\":[\"https:\\\/\\\/www.facebook.com\\\/grifospensitaly\\\/?locale=it_IT\",\"https:\\\/\\\/www.instagram.com\\\/grifos.pens\\\/\"]}]}<\/script>\n<!-- \/ Yoast SEO plugin. -->","yoast_head_json":{"title":"Penna Stilografica Argento Gaud\u00ed - Grifos Pens","description":"Penna Stilografica Argento Gaud\u00ed fabbricata artigianalmente in argento massiccio 925. La superficie dell'argento \u00e8 decorata l'incisione a tecnica guilloch\u00e9.","robots":{"index":"index","follow":"follow","max-snippet":"max-snippet:-1","max-image-preview":"max-image-preview:large","max-video-preview":"max-video-preview:-1"},"canonical":"https:\/\/grifos-pens.it\/it\/prodotto\/penna-stilografica-argento-gaudi\/","og_locale":"it_IT","og_type":"article","og_title":"Penna Stilografica Argento Gaud\u00ed - Grifos Pens","og_description":"Penna Stilografica Argento Gaud\u00ed fabbricata artigianalmente in argento massiccio 925. La superficie dell'argento \u00e8 decorata l'incisione a tecnica guilloch\u00e9.","og_url":"https:\/\/grifos-pens.it\/it\/prodotto\/penna-stilografica-argento-gaudi\/","og_site_name":"Grifos Pens","article_publisher":"https:\/\/www.facebook.com\/grifospensitaly\/?locale=it_IT","article_modified_time":"2026-02-02T10:38:55+00:00","og_image":[{"width":1500,"height":1091,"url":"https:\/\/grifos-pens.it\/wp-content\/uploads\/2019\/01\/NMF501-A-GX08-01-1.jpg","type":"image\/jpeg"}],"twitter_card":"summary_large_image","twitter_misc":{"Tempo di lettura stimato":"2 minuti"},"schema":{"@context":"https:\/\/schema.org","@graph":[{"@type":"WebPage","@id":"https:\/\/grifos-pens.it\/it\/prodotto\/penna-stilografica-argento-gaudi\/","url":"https:\/\/grifos-pens.it\/it\/prodotto\/penna-stilografica-argento-gaudi\/","name":"Penna Stilografica Argento Gaud\u00ed - Grifos Pens","isPartOf":{"@id":"https:\/\/grifos-pens.it\/it\/#website"},"primaryImageOfPage":{"@id":"https:\/\/grifos-pens.it\/it\/prodotto\/penna-stilografica-argento-gaudi\/#primaryimage"},"image":{"@id":"https:\/\/grifos-pens.it\/it\/prodotto\/penna-stilografica-argento-gaudi\/#primaryimage"},"thumbnailUrl":"https:\/\/grifos-pens.it\/wp-content\/uploads\/2019\/01\/NMF501-A-GX08-01-1.jpg","datePublished":"2019-01-06T20:10:09+00:00","dateModified":"2026-02-02T10:38:55+00:00","description":"Penna Stilografica Argento Gaud\u00ed fabbricata artigianalmente in argento massiccio 925. La superficie dell'argento \u00e8 decorata l'incisione a tecnica guilloch\u00e9.","breadcrumb":{"@id":"https:\/\/grifos-pens.it\/it\/prodotto\/penna-stilografica-argento-gaudi\/#breadcrumb"},"inLanguage":"it-IT","potentialAction":[{"@type":"ReadAction","target":["https:\/\/grifos-pens.it\/it\/prodotto\/penna-stilografica-argento-gaudi\/"]}]},{"@type":"ImageObject","inLanguage":"it-IT","@id":"https:\/\/grifos-pens.it\/it\/prodotto\/penna-stilografica-argento-gaudi\/#primaryimage","url":"https:\/\/grifos-pens.it\/wp-content\/uploads\/2019\/01\/NMF501-A-GX08-01-1.jpg","contentUrl":"https:\/\/grifos-pens.it\/wp-content\/uploads\/2019\/01\/NMF501-A-GX08-01-1.jpg","width":1500,"height":1091,"caption":"Penna Stilografica Argento Gaud\u00ed"},{"@type":"BreadcrumbList","@id":"https:\/\/grifos-pens.it\/it\/prodotto\/penna-stilografica-argento-gaudi\/#breadcrumb","itemListElement":[{"@type":"ListItem","position":1,"name":"Home","item":"https:\/\/grifos-pens.it\/it\/"},{"@type":"ListItem","position":2,"name":"Catalogo","item":"https:\/\/grifos-pens.it\/it\/catalogo\/"},{"@type":"ListItem","position":3,"name":"Penna Stilografica Argento Gaud\u00ed"}]},{"@type":"WebSite","@id":"https:\/\/grifos-pens.it\/it\/#website","url":"https:\/\/grifos-pens.it\/it\/","name":"Grifos Pens","description":"Handcrafted Writing Instrument Of Italy","publisher":{"@id":"https:\/\/grifos-pens.it\/it\/#organization"},"potentialAction":[{"@type":"SearchAction","target":{"@type":"EntryPoint","urlTemplate":"https:\/\/grifos-pens.it\/it\/?s={search_term_string}"},"query-input":{"@type":"PropertyValueSpecification","valueRequired":true,"valueName":"search_term_string"}}],"inLanguage":"it-IT"},{"@type":"Organization","@id":"https:\/\/grifos-pens.it\/it\/#organization","name":"Grifos Pens","url":"https:\/\/grifos-pens.it\/it\/","logo":{"@type":"ImageObject","inLanguage":"it-IT","@id":"https:\/\/grifos-pens.it\/it\/#\/schema\/logo\/image\/","url":"https:\/\/grifos-pens.it\/wp-content\/uploads\/2023\/05\/logo-grifos.svg","contentUrl":"https:\/\/grifos-pens.it\/wp-content\/uploads\/2023\/05\/logo-grifos.svg","width":267,"height":243,"caption":"Grifos Pens"},"image":{"@id":"https:\/\/grifos-pens.it\/it\/#\/schema\/logo\/image\/"},"sameAs":["https:\/\/www.facebook.com\/grifospensitaly\/?locale=it_IT","https:\/\/www.instagram.com\/grifos.pens\/"]}]}},"_links":{"self":[{"href":"https:\/\/grifos-pens.it\/it\/wp-json\/wp\/v2\/product\/1038","targetHints":{"allow":["GET"]}}],"collection":[{"href":"https:\/\/grifos-pens.it\/it\/wp-json\/wp\/v2\/product"}],"about":[{"href":"https:\/\/grifos-pens.it\/it\/wp-json\/wp\/v2\/types\/product"}],"replies":[{"embeddable":true,"href":"https:\/\/grifos-pens.it\/it\/wp-json\/wp\/v2\/comments?post=1038"}],"wp:featuredmedia":[{"embeddable":true,"href":"https:\/\/grifos-pens.it\/it\/wp-json\/wp\/v2\/media\/1161"}],"wp:attachment":[{"href":"https:\/\/grifos-pens.it\/it\/wp-json\/wp\/v2\/media?parent=1038"}],"wp:term":[{"taxonomy":"product_brand","embeddable":true,"href":"https:\/\/grifos-pens.it\/it\/wp-json\/wp\/v2\/product_brand?post=1038"},{"taxonomy":"product_cat","embeddable":true,"href":"https:\/\/grifos-pens.it\/it\/wp-json\/wp\/v2\/product_cat?post=1038"},{"taxonomy":"product_tag","embeddable":true,"href":"https:\/\/grifos-pens.it\/it\/wp-json\/wp\/v2\/product_tag?post=1038"}],"curies":[{"name":"wp","href":"https:\/\/api.w.org\/{rel}","templated":true}]}}