{"id":1124,"date":"2019-01-09T20:37:45","date_gmt":"2019-01-09T19:37:45","guid":{"rendered":"http:\/\/grifos-pens.it\/?post_type=product&#038;p=1124"},"modified":"2026-02-02T11:38:55","modified_gmt":"2026-02-02T10:38:55","slug":"penna-stilografica-argento-pompei","status":"publish","type":"product","link":"https:\/\/grifos-pens.it\/it\/prodotto\/penna-stilografica-argento-pompei\/","title":{"rendered":"Penna Stilografica Argento Pomp\u00e8i"},"content":{"rendered":"<p>Penna Stilografica Argento Pomp\u00e8i realizzata in pregiato argento massiccio 925 lavorato con la tecnica del guilloch\u00e9 a colonne. I dettagli in metallo sono placcati a spessore in oro 18 carati, conferendo alla penna un&#8217;eleganza e una finitura di alta qualit\u00e0.<\/p>\n<p>Chiusura cappuccio a vite. Ricarica a converter o cartuccia standard internazionale forniti nella confezione con la penna.<br \/>\nPennino stilo in acciaio rodiato, punta media M. Possibilit\u00e0 di scelta tra punta F fine ed extra fine, B grossa senza variazione del prezzo.<\/p>\n<p>Sono disponibili pennini in oro massiccio 18 kt con costo aggiunto, sia in oro giallo che in oro bianco, con la possibilit\u00e0 di scelta tra punta F fine, M media, B grossa. Su richiesta \u00e8 possibile realizzare questa penna anche in versione roller o penna a sfera.<\/p>\n<p>La stilografica viene consegnata in un astuccio da regalo con certificato di autenticit\u00e0 che garantisce la presente creazione di esser artigianalmente realizzata in vero argento 925, rifinita e controllata attentamente come la pi\u00f9 alta tradizione orafa italiana richiede.<\/p>\n<p>La penna \u00e8 disponibile su ordinazione anche con personalizzazione.<\/p>\n<p>&nbsp;<\/p>\n<p>&nbsp;<\/p>\n","protected":false},"excerpt":{"rendered":"<p>Penna Stilografica Argento Pomp\u00e8i realizzata in pregiato argento massiccio 925 lavorato con la tecnica del guilloch\u00e9 a colonne. I dettagli in metallo sono placcati a spessore in oro 18 carati, conferendo alla penna un&#8217;eleganza e una finitura di alta qualit\u00e0. Spedizione gratuita.<\/p>\n","protected":false},"featured_media":4061,"comment_status":"closed","ping_status":"closed","template":"","meta":[],"product_brand":[],"product_cat":[264,272],"product_tag":[392,982,391,313,386,393,389,394,390,388,387],"class_list":{"0":"post-1124","1":"product","2":"type-product","3":"status-publish","4":"has-post-thumbnail","6":"product_cat-argento","7":"product_cat-stilografiche","8":"product_tag-logo-aziendale","9":"product_tag-penna-argento","10":"product_tag-penna-incisa","11":"product_tag-penna-personalizzata","12":"product_tag-penna-stilografica","13":"product_tag-penna-su-richiesta","14":"product_tag-regalo-donna","15":"product_tag-regalo-laurea-it","16":"product_tag-regalo-per-lei","17":"product_tag-regalo-prezioso","18":"product_tag-stilo-in-argento-e-oro","20":"first","21":"instock","22":"taxable","23":"shipping-taxable","24":"purchasable","25":"product-type-simple"},"yoast_head":"<!-- This site is optimized with the Yoast SEO plugin v27.4 - https:\/\/yoast.com\/product\/yoast-seo-wordpress\/ -->\n<title>Penna Stilografica Argento Pomp\u00e8i - Grifos Pens<\/title>\n<meta name=\"description\" content=\"Penna Stilografica Argento Pomp\u00e8iPenna Stilografica Argento Pomp\u00e8i realizzata in pregiato argento massiccio 925 lavorato con la tecnica del guilloch\u00e9.\" \/>\n<meta name=\"robots\" content=\"index, follow, max-snippet:-1, max-image-preview:large, max-video-preview:-1\" \/>\n<link rel=\"canonical\" href=\"https:\/\/grifos-pens.it\/it\/prodotto\/penna-stilografica-argento-pompei\/\" \/>\n<meta property=\"og:locale\" content=\"it_IT\" \/>\n<meta property=\"og:type\" content=\"article\" \/>\n<meta property=\"og:title\" content=\"Penna Stilografica Argento Pomp\u00e8i - Grifos Pens\" \/>\n<meta property=\"og:description\" content=\"Penna Stilografica Argento Pomp\u00e8iPenna Stilografica Argento Pomp\u00e8i realizzata in pregiato argento massiccio 925 lavorato con la tecnica del guilloch\u00e9.\" \/>\n<meta property=\"og:url\" content=\"https:\/\/grifos-pens.it\/it\/prodotto\/penna-stilografica-argento-pompei\/\" \/>\n<meta property=\"og:site_name\" content=\"Grifos Pens\" \/>\n<meta property=\"article:publisher\" content=\"https:\/\/www.facebook.com\/grifospensitaly\/?locale=it_IT\" \/>\n<meta property=\"article:modified_time\" content=\"2026-02-02T10:38:55+00:00\" \/>\n<meta property=\"og:image\" content=\"https:\/\/grifos-pens.it\/wp-content\/uploads\/2019\/01\/NMF501-AD-GX12-07.jpg\" \/>\n\t<meta property=\"og:image:width\" content=\"1500\" \/>\n\t<meta property=\"og:image:height\" content=\"1000\" \/>\n\t<meta property=\"og:image:type\" content=\"image\/jpeg\" \/>\n<meta name=\"twitter:card\" content=\"summary_large_image\" \/>\n<meta name=\"twitter:label1\" content=\"Tempo di lettura stimato\" \/>\n\t<meta name=\"twitter:data1\" content=\"2 minuti\" \/>\n<script type=\"application\/ld+json\" class=\"yoast-schema-graph\">{\"@context\":\"https:\\\/\\\/schema.org\",\"@graph\":[{\"@type\":\"WebPage\",\"@id\":\"https:\\\/\\\/grifos-pens.it\\\/it\\\/prodotto\\\/penna-stilografica-argento-pompei\\\/\",\"url\":\"https:\\\/\\\/grifos-pens.it\\\/it\\\/prodotto\\\/penna-stilografica-argento-pompei\\\/\",\"name\":\"Penna Stilografica Argento Pomp\u00e8i - Grifos Pens\",\"isPartOf\":{\"@id\":\"https:\\\/\\\/grifos-pens.it\\\/it\\\/#website\"},\"primaryImageOfPage\":{\"@id\":\"https:\\\/\\\/grifos-pens.it\\\/it\\\/prodotto\\\/penna-stilografica-argento-pompei\\\/#primaryimage\"},\"image\":{\"@id\":\"https:\\\/\\\/grifos-pens.it\\\/it\\\/prodotto\\\/penna-stilografica-argento-pompei\\\/#primaryimage\"},\"thumbnailUrl\":\"https:\\\/\\\/grifos-pens.it\\\/wp-content\\\/uploads\\\/2019\\\/01\\\/NMF501-AD-GX12-07.jpg\",\"datePublished\":\"2019-01-09T19:37:45+00:00\",\"dateModified\":\"2026-02-02T10:38:55+00:00\",\"description\":\"Penna Stilografica Argento Pomp\u00e8iPenna Stilografica Argento Pomp\u00e8i realizzata in pregiato argento massiccio 925 lavorato con la tecnica del guilloch\u00e9.\",\"breadcrumb\":{\"@id\":\"https:\\\/\\\/grifos-pens.it\\\/it\\\/prodotto\\\/penna-stilografica-argento-pompei\\\/#breadcrumb\"},\"inLanguage\":\"it-IT\",\"potentialAction\":[{\"@type\":\"ReadAction\",\"target\":[\"https:\\\/\\\/grifos-pens.it\\\/it\\\/prodotto\\\/penna-stilografica-argento-pompei\\\/\"]}]},{\"@type\":\"ImageObject\",\"inLanguage\":\"it-IT\",\"@id\":\"https:\\\/\\\/grifos-pens.it\\\/it\\\/prodotto\\\/penna-stilografica-argento-pompei\\\/#primaryimage\",\"url\":\"https:\\\/\\\/grifos-pens.it\\\/wp-content\\\/uploads\\\/2019\\\/01\\\/NMF501-AD-GX12-07.jpg\",\"contentUrl\":\"https:\\\/\\\/grifos-pens.it\\\/wp-content\\\/uploads\\\/2019\\\/01\\\/NMF501-AD-GX12-07.jpg\",\"width\":1500,\"height\":1000,\"caption\":\"Penna stilografica argento Pompei\"},{\"@type\":\"BreadcrumbList\",\"@id\":\"https:\\\/\\\/grifos-pens.it\\\/it\\\/prodotto\\\/penna-stilografica-argento-pompei\\\/#breadcrumb\",\"itemListElement\":[{\"@type\":\"ListItem\",\"position\":1,\"name\":\"Home\",\"item\":\"https:\\\/\\\/grifos-pens.it\\\/it\\\/\"},{\"@type\":\"ListItem\",\"position\":2,\"name\":\"Catalogo\",\"item\":\"https:\\\/\\\/grifos-pens.it\\\/it\\\/catalogo\\\/\"},{\"@type\":\"ListItem\",\"position\":3,\"name\":\"Penna Stilografica Argento Pomp\u00e8i\"}]},{\"@type\":\"WebSite\",\"@id\":\"https:\\\/\\\/grifos-pens.it\\\/it\\\/#website\",\"url\":\"https:\\\/\\\/grifos-pens.it\\\/it\\\/\",\"name\":\"Grifos Pens\",\"description\":\"Handcrafted Writing Instrument Of Italy\",\"publisher\":{\"@id\":\"https:\\\/\\\/grifos-pens.it\\\/it\\\/#organization\"},\"potentialAction\":[{\"@type\":\"SearchAction\",\"target\":{\"@type\":\"EntryPoint\",\"urlTemplate\":\"https:\\\/\\\/grifos-pens.it\\\/it\\\/?s={search_term_string}\"},\"query-input\":{\"@type\":\"PropertyValueSpecification\",\"valueRequired\":true,\"valueName\":\"search_term_string\"}}],\"inLanguage\":\"it-IT\"},{\"@type\":\"Organization\",\"@id\":\"https:\\\/\\\/grifos-pens.it\\\/it\\\/#organization\",\"name\":\"Grifos Pens\",\"url\":\"https:\\\/\\\/grifos-pens.it\\\/it\\\/\",\"logo\":{\"@type\":\"ImageObject\",\"inLanguage\":\"it-IT\",\"@id\":\"https:\\\/\\\/grifos-pens.it\\\/it\\\/#\\\/schema\\\/logo\\\/image\\\/\",\"url\":\"https:\\\/\\\/grifos-pens.it\\\/wp-content\\\/uploads\\\/2023\\\/05\\\/logo-grifos.svg\",\"contentUrl\":\"https:\\\/\\\/grifos-pens.it\\\/wp-content\\\/uploads\\\/2023\\\/05\\\/logo-grifos.svg\",\"width\":267,\"height\":243,\"caption\":\"Grifos Pens\"},\"image\":{\"@id\":\"https:\\\/\\\/grifos-pens.it\\\/it\\\/#\\\/schema\\\/logo\\\/image\\\/\"},\"sameAs\":[\"https:\\\/\\\/www.facebook.com\\\/grifospensitaly\\\/?locale=it_IT\",\"https:\\\/\\\/www.instagram.com\\\/grifos.pens\\\/\"]}]}<\/script>\n<!-- \/ Yoast SEO plugin. -->","yoast_head_json":{"title":"Penna Stilografica Argento Pomp\u00e8i - Grifos Pens","description":"Penna Stilografica Argento Pomp\u00e8iPenna Stilografica Argento Pomp\u00e8i realizzata in pregiato argento massiccio 925 lavorato con la tecnica del guilloch\u00e9.","robots":{"index":"index","follow":"follow","max-snippet":"max-snippet:-1","max-image-preview":"max-image-preview:large","max-video-preview":"max-video-preview:-1"},"canonical":"https:\/\/grifos-pens.it\/it\/prodotto\/penna-stilografica-argento-pompei\/","og_locale":"it_IT","og_type":"article","og_title":"Penna Stilografica Argento Pomp\u00e8i - Grifos Pens","og_description":"Penna Stilografica Argento Pomp\u00e8iPenna Stilografica Argento Pomp\u00e8i realizzata in pregiato argento massiccio 925 lavorato con la tecnica del guilloch\u00e9.","og_url":"https:\/\/grifos-pens.it\/it\/prodotto\/penna-stilografica-argento-pompei\/","og_site_name":"Grifos Pens","article_publisher":"https:\/\/www.facebook.com\/grifospensitaly\/?locale=it_IT","article_modified_time":"2026-02-02T10:38:55+00:00","og_image":[{"width":1500,"height":1000,"url":"https:\/\/grifos-pens.it\/wp-content\/uploads\/2019\/01\/NMF501-AD-GX12-07.jpg","type":"image\/jpeg"}],"twitter_card":"summary_large_image","twitter_misc":{"Tempo di lettura stimato":"2 minuti"},"schema":{"@context":"https:\/\/schema.org","@graph":[{"@type":"WebPage","@id":"https:\/\/grifos-pens.it\/it\/prodotto\/penna-stilografica-argento-pompei\/","url":"https:\/\/grifos-pens.it\/it\/prodotto\/penna-stilografica-argento-pompei\/","name":"Penna Stilografica Argento Pomp\u00e8i - Grifos Pens","isPartOf":{"@id":"https:\/\/grifos-pens.it\/it\/#website"},"primaryImageOfPage":{"@id":"https:\/\/grifos-pens.it\/it\/prodotto\/penna-stilografica-argento-pompei\/#primaryimage"},"image":{"@id":"https:\/\/grifos-pens.it\/it\/prodotto\/penna-stilografica-argento-pompei\/#primaryimage"},"thumbnailUrl":"https:\/\/grifos-pens.it\/wp-content\/uploads\/2019\/01\/NMF501-AD-GX12-07.jpg","datePublished":"2019-01-09T19:37:45+00:00","dateModified":"2026-02-02T10:38:55+00:00","description":"Penna Stilografica Argento Pomp\u00e8iPenna Stilografica Argento Pomp\u00e8i realizzata in pregiato argento massiccio 925 lavorato con la tecnica del guilloch\u00e9.","breadcrumb":{"@id":"https:\/\/grifos-pens.it\/it\/prodotto\/penna-stilografica-argento-pompei\/#breadcrumb"},"inLanguage":"it-IT","potentialAction":[{"@type":"ReadAction","target":["https:\/\/grifos-pens.it\/it\/prodotto\/penna-stilografica-argento-pompei\/"]}]},{"@type":"ImageObject","inLanguage":"it-IT","@id":"https:\/\/grifos-pens.it\/it\/prodotto\/penna-stilografica-argento-pompei\/#primaryimage","url":"https:\/\/grifos-pens.it\/wp-content\/uploads\/2019\/01\/NMF501-AD-GX12-07.jpg","contentUrl":"https:\/\/grifos-pens.it\/wp-content\/uploads\/2019\/01\/NMF501-AD-GX12-07.jpg","width":1500,"height":1000,"caption":"Penna stilografica argento Pompei"},{"@type":"BreadcrumbList","@id":"https:\/\/grifos-pens.it\/it\/prodotto\/penna-stilografica-argento-pompei\/#breadcrumb","itemListElement":[{"@type":"ListItem","position":1,"name":"Home","item":"https:\/\/grifos-pens.it\/it\/"},{"@type":"ListItem","position":2,"name":"Catalogo","item":"https:\/\/grifos-pens.it\/it\/catalogo\/"},{"@type":"ListItem","position":3,"name":"Penna Stilografica Argento Pomp\u00e8i"}]},{"@type":"WebSite","@id":"https:\/\/grifos-pens.it\/it\/#website","url":"https:\/\/grifos-pens.it\/it\/","name":"Grifos Pens","description":"Handcrafted Writing Instrument Of Italy","publisher":{"@id":"https:\/\/grifos-pens.it\/it\/#organization"},"potentialAction":[{"@type":"SearchAction","target":{"@type":"EntryPoint","urlTemplate":"https:\/\/grifos-pens.it\/it\/?s={search_term_string}"},"query-input":{"@type":"PropertyValueSpecification","valueRequired":true,"valueName":"search_term_string"}}],"inLanguage":"it-IT"},{"@type":"Organization","@id":"https:\/\/grifos-pens.it\/it\/#organization","name":"Grifos Pens","url":"https:\/\/grifos-pens.it\/it\/","logo":{"@type":"ImageObject","inLanguage":"it-IT","@id":"https:\/\/grifos-pens.it\/it\/#\/schema\/logo\/image\/","url":"https:\/\/grifos-pens.it\/wp-content\/uploads\/2023\/05\/logo-grifos.svg","contentUrl":"https:\/\/grifos-pens.it\/wp-content\/uploads\/2023\/05\/logo-grifos.svg","width":267,"height":243,"caption":"Grifos Pens"},"image":{"@id":"https:\/\/grifos-pens.it\/it\/#\/schema\/logo\/image\/"},"sameAs":["https:\/\/www.facebook.com\/grifospensitaly\/?locale=it_IT","https:\/\/www.instagram.com\/grifos.pens\/"]}]}},"_links":{"self":[{"href":"https:\/\/grifos-pens.it\/it\/wp-json\/wp\/v2\/product\/1124","targetHints":{"allow":["GET"]}}],"collection":[{"href":"https:\/\/grifos-pens.it\/it\/wp-json\/wp\/v2\/product"}],"about":[{"href":"https:\/\/grifos-pens.it\/it\/wp-json\/wp\/v2\/types\/product"}],"replies":[{"embeddable":true,"href":"https:\/\/grifos-pens.it\/it\/wp-json\/wp\/v2\/comments?post=1124"}],"wp:featuredmedia":[{"embeddable":true,"href":"https:\/\/grifos-pens.it\/it\/wp-json\/wp\/v2\/media\/4061"}],"wp:attachment":[{"href":"https:\/\/grifos-pens.it\/it\/wp-json\/wp\/v2\/media?parent=1124"}],"wp:term":[{"taxonomy":"product_brand","embeddable":true,"href":"https:\/\/grifos-pens.it\/it\/wp-json\/wp\/v2\/product_brand?post=1124"},{"taxonomy":"product_cat","embeddable":true,"href":"https:\/\/grifos-pens.it\/it\/wp-json\/wp\/v2\/product_cat?post=1124"},{"taxonomy":"product_tag","embeddable":true,"href":"https:\/\/grifos-pens.it\/it\/wp-json\/wp\/v2\/product_tag?post=1124"}],"curies":[{"name":"wp","href":"https:\/\/api.w.org\/{rel}","templated":true}]}}