{"id":1263,"date":"2019-01-23T18:31:54","date_gmt":"2019-01-23T17:31:54","guid":{"rendered":"http:\/\/grifos-pens.it\/?post_type=product&#038;p=1263"},"modified":"2026-02-02T11:41:07","modified_gmt":"2026-02-02T10:41:07","slug":"penna-roller-argento-massoneria","status":"publish","type":"product","link":"https:\/\/grifos-pens.it\/it\/prodotto\/penna-roller-argento-massoneria\/","title":{"rendered":"Penna Roller Squadra e Compasso"},"content":{"rendered":"<p>Fabbricata artigianalmente nel nostro laboratorio orafo in Italia, questa penna roller Squadra e Compasso \u00e8 anche un gioiello in cui il prezioso argento sterling \u00e8 risaltato dai particolari placcati d&#8217;oro 18 carati. L&#8217;incisione superiore d&#8217;epoca dona alla penna un aspetto prestigioso, e il simbolo massonico fa dello strumento di scrittura un raro accessorio dedicato alla storia di Massoneria.<\/p>\n<p>Abbiamo dedicata questa penna a coloro che apprezzano le lavorazioni artigianali accurate e che sanno distinguersi attraverso regali di alta qualit\u00e0. I nostri artigiani hanno decorato la superficie dell&#8217;argento con una rara tecnica di incisione chiamata guilloch\u00e8, conferendole un aspetto unico. Ogni penna \u00e8 timbrata con i prestigiosi marchi 925 e *TO 675. Questo garantisce l&#8217;utilizzo di argento prezioso (argento 925) e la nostra appartenenza all&#8217;albo orafo.<\/p>\n<p>Riceverete la penna dotata di un refill roller easyFLOW con inchiostro nero o blu a vostra scelta. E&#8217; di tipo standard universale prodotto da Schmidt Technology, un rinomato marchio tedesco. Il sistema di ricarica easyFLOW garantisce una scorrevolezza senza pari, simile a quella di una stilografica tradizionale con la comodit\u00e0 e la praticit\u00e0 di una penna a sfera. Con la nostra penna roller in argento, potrai godere di una scrittura impeccabile e confortevole in ogni momento. \u00c8 disponibile anche in versione penna <a href=\"https:\/\/grifos-pens.it\/it\/prodotto\/penna-stilografica-argento-massoneria\/\">stilografica<\/a> e, su richiesta, possiamo personalizzarla secondo le vostre preferenze.<\/p>\n<p>Per arricchire l&#8217;esperienza sin dal momento della ricezione, spediremo la penna in un&#8217;elegante scatola regalo, accompagnata da un certificato di autenticit\u00e0 che attesta la sua realizzazione artigianale in argento 925. Con grande attenzione controlleremo ogni singolo dettaglio prima della spedizione, seguendo la pi\u00f9 alta tradizione orafa italiana.<\/p>\n<p>Nel prezzo della penna sono inclusi l&#8217;IVA e la spedizione tramite corriere oppure pacco raccomandato. Desideriamo offrire un servizio completo ai nostri clienti, assicurando che ogni dettaglio della transazione sia curato con la massima attenzione e aspettiamo le vostre richieste.<\/p>\n<p>Dimensioni della penna sono: lunghezza 142 mm, diametro max. 16 mm, peso 42 gr.<\/p>\n<p>&nbsp;<\/p>\n<p>&nbsp;<\/p>\n<p>&nbsp;<\/p>\n","protected":false},"excerpt":{"rendered":"<p>Questa penna Roller Argento Massoneria fabbricata artigianalmente, \u00e8 anche un gioiello in cui il prezioso argento \u00e8 risaltato dai particolari placcati d&#8217;oro 18 kt e l&#8217;incisione superiore d&#8217;epoca creando un prestigioso oggetto da scrittura dedicato alla storia di Massoneria.<\/p>\n","protected":false},"featured_media":2170,"comment_status":"closed","ping_status":"closed","template":"","meta":[],"product_brand":[],"product_cat":[264,273],"product_tag":[361,358,359,360],"class_list":{"0":"post-1263","1":"product","2":"type-product","3":"status-publish","4":"has-post-thumbnail","6":"product_cat-argento","7":"product_cat-penne-roller-2","8":"product_tag-argento-e-nero","9":"product_tag-penna-biro-per-massone","10":"product_tag-regalo-con-logo-massoneria","11":"product_tag-simbolo-squadra-e-compasso","13":"first","14":"instock","15":"taxable","16":"shipping-taxable","17":"purchasable","18":"product-type-simple"},"yoast_head":"<!-- This site is optimized with the Yoast SEO plugin v27.4 - https:\/\/yoast.com\/product\/yoast-seo-wordpress\/ -->\n<title>Penna Roller Squadra e Compasso - Grifos Pens<\/title>\n<meta name=\"description\" content=\"Questa Penna Roller\u00a0Squadra e Compasso creata artigianalmente, \u00e8 anche un gioiello in cui il prezioso argento \u00e8 risaltato dai particolari placcati d&#039;oro.\" \/>\n<meta name=\"robots\" content=\"index, follow, max-snippet:-1, max-image-preview:large, max-video-preview:-1\" \/>\n<link rel=\"canonical\" href=\"https:\/\/grifos-pens.it\/it\/prodotto\/penna-roller-argento-massoneria\/\" \/>\n<meta property=\"og:locale\" content=\"it_IT\" \/>\n<meta property=\"og:type\" content=\"article\" \/>\n<meta property=\"og:title\" content=\"Penna Roller Squadra e Compasso - Grifos Pens\" \/>\n<meta property=\"og:description\" content=\"Questa Penna Roller\u00a0Squadra e Compasso creata artigianalmente, \u00e8 anche un gioiello in cui il prezioso argento \u00e8 risaltato dai particolari placcati d&#039;oro.\" \/>\n<meta property=\"og:url\" content=\"https:\/\/grifos-pens.it\/it\/prodotto\/penna-roller-argento-massoneria\/\" \/>\n<meta property=\"og:site_name\" content=\"Grifos Pens\" \/>\n<meta property=\"article:publisher\" content=\"https:\/\/www.facebook.com\/grifospensitaly\/?locale=it_IT\" \/>\n<meta property=\"article:modified_time\" content=\"2026-02-02T10:41:07+00:00\" \/>\n<meta property=\"og:image\" content=\"https:\/\/grifos-pens.it\/wp-content\/uploads\/2019\/01\/NMR501-AD-G03-Mason-2-1.jpg\" \/>\n\t<meta property=\"og:image:width\" content=\"960\" \/>\n\t<meta property=\"og:image:height\" content=\"522\" \/>\n\t<meta property=\"og:image:type\" content=\"image\/jpeg\" \/>\n<meta name=\"twitter:card\" content=\"summary_large_image\" \/>\n<meta name=\"twitter:label1\" content=\"Tempo di lettura stimato\" \/>\n\t<meta name=\"twitter:data1\" content=\"2 minuti\" \/>\n<script type=\"application\/ld+json\" class=\"yoast-schema-graph\">{\"@context\":\"https:\\\/\\\/schema.org\",\"@graph\":[{\"@type\":\"WebPage\",\"@id\":\"https:\\\/\\\/grifos-pens.it\\\/it\\\/prodotto\\\/penna-roller-argento-massoneria\\\/\",\"url\":\"https:\\\/\\\/grifos-pens.it\\\/it\\\/prodotto\\\/penna-roller-argento-massoneria\\\/\",\"name\":\"Penna Roller Squadra e Compasso - Grifos Pens\",\"isPartOf\":{\"@id\":\"https:\\\/\\\/grifos-pens.it\\\/it\\\/#website\"},\"primaryImageOfPage\":{\"@id\":\"https:\\\/\\\/grifos-pens.it\\\/it\\\/prodotto\\\/penna-roller-argento-massoneria\\\/#primaryimage\"},\"image\":{\"@id\":\"https:\\\/\\\/grifos-pens.it\\\/it\\\/prodotto\\\/penna-roller-argento-massoneria\\\/#primaryimage\"},\"thumbnailUrl\":\"https:\\\/\\\/grifos-pens.it\\\/wp-content\\\/uploads\\\/2019\\\/01\\\/NMR501-AD-G03-Mason-2-1.jpg\",\"datePublished\":\"2019-01-23T17:31:54+00:00\",\"dateModified\":\"2026-02-02T10:41:07+00:00\",\"description\":\"Questa Penna Roller\u00a0Squadra e Compasso creata artigianalmente, \u00e8 anche un gioiello in cui il prezioso argento \u00e8 risaltato dai particolari placcati d'oro.\",\"breadcrumb\":{\"@id\":\"https:\\\/\\\/grifos-pens.it\\\/it\\\/prodotto\\\/penna-roller-argento-massoneria\\\/#breadcrumb\"},\"inLanguage\":\"it-IT\",\"potentialAction\":[{\"@type\":\"ReadAction\",\"target\":[\"https:\\\/\\\/grifos-pens.it\\\/it\\\/prodotto\\\/penna-roller-argento-massoneria\\\/\"]}]},{\"@type\":\"ImageObject\",\"inLanguage\":\"it-IT\",\"@id\":\"https:\\\/\\\/grifos-pens.it\\\/it\\\/prodotto\\\/penna-roller-argento-massoneria\\\/#primaryimage\",\"url\":\"https:\\\/\\\/grifos-pens.it\\\/wp-content\\\/uploads\\\/2019\\\/01\\\/NMR501-AD-G03-Mason-2-1.jpg\",\"contentUrl\":\"https:\\\/\\\/grifos-pens.it\\\/wp-content\\\/uploads\\\/2019\\\/01\\\/NMR501-AD-G03-Mason-2-1.jpg\",\"width\":960,\"height\":522},{\"@type\":\"BreadcrumbList\",\"@id\":\"https:\\\/\\\/grifos-pens.it\\\/it\\\/prodotto\\\/penna-roller-argento-massoneria\\\/#breadcrumb\",\"itemListElement\":[{\"@type\":\"ListItem\",\"position\":1,\"name\":\"Home\",\"item\":\"https:\\\/\\\/grifos-pens.it\\\/it\\\/\"},{\"@type\":\"ListItem\",\"position\":2,\"name\":\"Catalogo\",\"item\":\"https:\\\/\\\/grifos-pens.it\\\/it\\\/catalogo\\\/\"},{\"@type\":\"ListItem\",\"position\":3,\"name\":\"Penna Roller Squadra e Compasso\"}]},{\"@type\":\"WebSite\",\"@id\":\"https:\\\/\\\/grifos-pens.it\\\/it\\\/#website\",\"url\":\"https:\\\/\\\/grifos-pens.it\\\/it\\\/\",\"name\":\"Grifos Pens\",\"description\":\"Handcrafted Writing Instrument Of Italy\",\"publisher\":{\"@id\":\"https:\\\/\\\/grifos-pens.it\\\/it\\\/#organization\"},\"potentialAction\":[{\"@type\":\"SearchAction\",\"target\":{\"@type\":\"EntryPoint\",\"urlTemplate\":\"https:\\\/\\\/grifos-pens.it\\\/it\\\/?s={search_term_string}\"},\"query-input\":{\"@type\":\"PropertyValueSpecification\",\"valueRequired\":true,\"valueName\":\"search_term_string\"}}],\"inLanguage\":\"it-IT\"},{\"@type\":\"Organization\",\"@id\":\"https:\\\/\\\/grifos-pens.it\\\/it\\\/#organization\",\"name\":\"Grifos Pens\",\"url\":\"https:\\\/\\\/grifos-pens.it\\\/it\\\/\",\"logo\":{\"@type\":\"ImageObject\",\"inLanguage\":\"it-IT\",\"@id\":\"https:\\\/\\\/grifos-pens.it\\\/it\\\/#\\\/schema\\\/logo\\\/image\\\/\",\"url\":\"https:\\\/\\\/grifos-pens.it\\\/wp-content\\\/uploads\\\/2023\\\/05\\\/logo-grifos.svg\",\"contentUrl\":\"https:\\\/\\\/grifos-pens.it\\\/wp-content\\\/uploads\\\/2023\\\/05\\\/logo-grifos.svg\",\"width\":267,\"height\":243,\"caption\":\"Grifos Pens\"},\"image\":{\"@id\":\"https:\\\/\\\/grifos-pens.it\\\/it\\\/#\\\/schema\\\/logo\\\/image\\\/\"},\"sameAs\":[\"https:\\\/\\\/www.facebook.com\\\/grifospensitaly\\\/?locale=it_IT\",\"https:\\\/\\\/www.instagram.com\\\/grifos.pens\\\/\"]}]}<\/script>\n<!-- \/ Yoast SEO plugin. -->","yoast_head_json":{"title":"Penna Roller Squadra e Compasso - Grifos Pens","description":"Questa Penna Roller\u00a0Squadra e Compasso creata artigianalmente, \u00e8 anche un gioiello in cui il prezioso argento \u00e8 risaltato dai particolari placcati d'oro.","robots":{"index":"index","follow":"follow","max-snippet":"max-snippet:-1","max-image-preview":"max-image-preview:large","max-video-preview":"max-video-preview:-1"},"canonical":"https:\/\/grifos-pens.it\/it\/prodotto\/penna-roller-argento-massoneria\/","og_locale":"it_IT","og_type":"article","og_title":"Penna Roller Squadra e Compasso - Grifos Pens","og_description":"Questa Penna Roller\u00a0Squadra e Compasso creata artigianalmente, \u00e8 anche un gioiello in cui il prezioso argento \u00e8 risaltato dai particolari placcati d'oro.","og_url":"https:\/\/grifos-pens.it\/it\/prodotto\/penna-roller-argento-massoneria\/","og_site_name":"Grifos Pens","article_publisher":"https:\/\/www.facebook.com\/grifospensitaly\/?locale=it_IT","article_modified_time":"2026-02-02T10:41:07+00:00","og_image":[{"width":960,"height":522,"url":"https:\/\/grifos-pens.it\/wp-content\/uploads\/2019\/01\/NMR501-AD-G03-Mason-2-1.jpg","type":"image\/jpeg"}],"twitter_card":"summary_large_image","twitter_misc":{"Tempo di lettura stimato":"2 minuti"},"schema":{"@context":"https:\/\/schema.org","@graph":[{"@type":"WebPage","@id":"https:\/\/grifos-pens.it\/it\/prodotto\/penna-roller-argento-massoneria\/","url":"https:\/\/grifos-pens.it\/it\/prodotto\/penna-roller-argento-massoneria\/","name":"Penna Roller Squadra e Compasso - Grifos Pens","isPartOf":{"@id":"https:\/\/grifos-pens.it\/it\/#website"},"primaryImageOfPage":{"@id":"https:\/\/grifos-pens.it\/it\/prodotto\/penna-roller-argento-massoneria\/#primaryimage"},"image":{"@id":"https:\/\/grifos-pens.it\/it\/prodotto\/penna-roller-argento-massoneria\/#primaryimage"},"thumbnailUrl":"https:\/\/grifos-pens.it\/wp-content\/uploads\/2019\/01\/NMR501-AD-G03-Mason-2-1.jpg","datePublished":"2019-01-23T17:31:54+00:00","dateModified":"2026-02-02T10:41:07+00:00","description":"Questa Penna Roller\u00a0Squadra e Compasso creata artigianalmente, \u00e8 anche un gioiello in cui il prezioso argento \u00e8 risaltato dai particolari placcati d'oro.","breadcrumb":{"@id":"https:\/\/grifos-pens.it\/it\/prodotto\/penna-roller-argento-massoneria\/#breadcrumb"},"inLanguage":"it-IT","potentialAction":[{"@type":"ReadAction","target":["https:\/\/grifos-pens.it\/it\/prodotto\/penna-roller-argento-massoneria\/"]}]},{"@type":"ImageObject","inLanguage":"it-IT","@id":"https:\/\/grifos-pens.it\/it\/prodotto\/penna-roller-argento-massoneria\/#primaryimage","url":"https:\/\/grifos-pens.it\/wp-content\/uploads\/2019\/01\/NMR501-AD-G03-Mason-2-1.jpg","contentUrl":"https:\/\/grifos-pens.it\/wp-content\/uploads\/2019\/01\/NMR501-AD-G03-Mason-2-1.jpg","width":960,"height":522},{"@type":"BreadcrumbList","@id":"https:\/\/grifos-pens.it\/it\/prodotto\/penna-roller-argento-massoneria\/#breadcrumb","itemListElement":[{"@type":"ListItem","position":1,"name":"Home","item":"https:\/\/grifos-pens.it\/it\/"},{"@type":"ListItem","position":2,"name":"Catalogo","item":"https:\/\/grifos-pens.it\/it\/catalogo\/"},{"@type":"ListItem","position":3,"name":"Penna Roller Squadra e Compasso"}]},{"@type":"WebSite","@id":"https:\/\/grifos-pens.it\/it\/#website","url":"https:\/\/grifos-pens.it\/it\/","name":"Grifos Pens","description":"Handcrafted Writing Instrument Of Italy","publisher":{"@id":"https:\/\/grifos-pens.it\/it\/#organization"},"potentialAction":[{"@type":"SearchAction","target":{"@type":"EntryPoint","urlTemplate":"https:\/\/grifos-pens.it\/it\/?s={search_term_string}"},"query-input":{"@type":"PropertyValueSpecification","valueRequired":true,"valueName":"search_term_string"}}],"inLanguage":"it-IT"},{"@type":"Organization","@id":"https:\/\/grifos-pens.it\/it\/#organization","name":"Grifos Pens","url":"https:\/\/grifos-pens.it\/it\/","logo":{"@type":"ImageObject","inLanguage":"it-IT","@id":"https:\/\/grifos-pens.it\/it\/#\/schema\/logo\/image\/","url":"https:\/\/grifos-pens.it\/wp-content\/uploads\/2023\/05\/logo-grifos.svg","contentUrl":"https:\/\/grifos-pens.it\/wp-content\/uploads\/2023\/05\/logo-grifos.svg","width":267,"height":243,"caption":"Grifos Pens"},"image":{"@id":"https:\/\/grifos-pens.it\/it\/#\/schema\/logo\/image\/"},"sameAs":["https:\/\/www.facebook.com\/grifospensitaly\/?locale=it_IT","https:\/\/www.instagram.com\/grifos.pens\/"]}]}},"_links":{"self":[{"href":"https:\/\/grifos-pens.it\/it\/wp-json\/wp\/v2\/product\/1263","targetHints":{"allow":["GET"]}}],"collection":[{"href":"https:\/\/grifos-pens.it\/it\/wp-json\/wp\/v2\/product"}],"about":[{"href":"https:\/\/grifos-pens.it\/it\/wp-json\/wp\/v2\/types\/product"}],"replies":[{"embeddable":true,"href":"https:\/\/grifos-pens.it\/it\/wp-json\/wp\/v2\/comments?post=1263"}],"wp:featuredmedia":[{"embeddable":true,"href":"https:\/\/grifos-pens.it\/it\/wp-json\/wp\/v2\/media\/2170"}],"wp:attachment":[{"href":"https:\/\/grifos-pens.it\/it\/wp-json\/wp\/v2\/media?parent=1263"}],"wp:term":[{"taxonomy":"product_brand","embeddable":true,"href":"https:\/\/grifos-pens.it\/it\/wp-json\/wp\/v2\/product_brand?post=1263"},{"taxonomy":"product_cat","embeddable":true,"href":"https:\/\/grifos-pens.it\/it\/wp-json\/wp\/v2\/product_cat?post=1263"},{"taxonomy":"product_tag","embeddable":true,"href":"https:\/\/grifos-pens.it\/it\/wp-json\/wp\/v2\/product_tag?post=1263"}],"curies":[{"name":"wp","href":"https:\/\/api.w.org\/{rel}","templated":true}]}}