{"id":1647,"date":"2019-02-04T18:09:09","date_gmt":"2019-02-04T17:09:09","guid":{"rendered":"http:\/\/grifos-pens.it\/?post_type=product&#038;p=1647"},"modified":"2026-02-02T11:39:09","modified_gmt":"2026-02-02T10:39:09","slug":"penna-stilografica-vitis-vinifera","status":"publish","type":"product","link":"https:\/\/grifos-pens.it\/it\/prodotto\/penna-stilografica-vitis-vinifera\/","title":{"rendered":"Penna Stilografica Vitis Vinifera"},"content":{"rendered":"<p>Penna stilografica Vitis Vinifera fabbricata artigianalmente in Italia in\u00a0legno stagionato di vite da prosecco, affinata con particolari in argento massiccio 925. Il corpo e cappuccio della penna sono torniti dal tronco pieno della vite. Il puntale della stilo in argento sterling \u00e8 decorato con incisione moir\u00e8 in guillochatura superiore d&#8217;epoca. La scelta delle materie prime \u00e8 guidata dal desiderio di offrire una sensazione gradevole alla mano che scrive, a far si che l&#8217;utilizzo della penna sia un&#8217;esperienza paragonabile alla degustazione di un buon vino.<\/p>\n<p>La fascetta \u00e8 incisa con tralcio di vite e moto in Latino:\u00a0<em>Nulla die sine linea <\/em>(nessun giorno senza linea)<em>. <\/em>Non fate passare neanche un giorno senza scrivere un pensiero!<\/p>\n<p>La stilografica \u00e8 dotata di un sistema di caricamento a cartuccia o convertitore forniti nella confezione e di un pennino in oro bianco 750 18 kt con punta media M. Sono disponibili pennini in oro massiccio 18 kt, sia in oro giallo che in oro bianco con possibilit\u00e0 di scelta tra punta F fine, EF extra fine a, B grossa e ST calligrafica. A richiesta la penna \u00e8 disponibile anche in versione roller o penna sfera.<\/p>\n<p>La stilografica viene consegnata in astuccio da regalo con certificato di autenticit\u00e0 che garantisce la presente creazione di esser artigianalmente realizzata in vero argento 925, rifinita e controllata attentamente come la pi\u00f9 alta tradizione orafa italiana richiede. IVA e spedizione incluse.<\/p>\n<p><strong>Altri informazioni sulla penna<\/strong><em>: Vitis vinifera\u00a0<\/em>\u00e8 la vite comune europea, pianta che appartiene alla famiglia delle Vitaceae e da cui viene estratto vino. E&#8217; anche una pianta medicinale. L&#8217;areale di origine non \u00e8 ben definito (un tempo si pensava proveniente dalla Trancaucasia). Compare in Europa verso la fine del Terziario, ma la sua utilizzazione risale al Neolitico (nell&#8217;Europa mediterranea veniva coltivata per produrre uve da vino mentre nell&#8217;Europa caucasica per la produzione di uva da tavola).<br \/>\nScritture sumeriche risalenti alla prima met\u00e0 del III millennio a.C. testimoniano che la vite veniva gi\u00e0 allora coltivata per produrre vino.<br \/>\nNon \u00e8 certo quando sia iniziata in Italia la viticoltura: le prime testimonianze nell&#8217;Italia del Nord risalgono al X secolo a.C. (in Emilia).<\/p>\n","protected":false},"excerpt":{"rendered":"<p>Questa rara penna realizzata in vite da prosecco \u00e8 un regalo ideale per case viti-vinicole, cantine sociali, viticoltori, amanti del buon vino e collezionisti. Pennino in oro bianco 750 18 kt. Spedizione gratuita.<\/p>\n","protected":false},"featured_media":1648,"comment_status":"closed","ping_status":"closed","template":"","meta":[],"product_brand":[],"product_cat":[264,267,272],"product_tag":[252,254,255],"class_list":{"0":"post-1647","1":"product","2":"type-product","3":"status-publish","4":"has-post-thumbnail","6":"product_cat-argento","7":"product_cat-legno","8":"product_cat-stilografiche","9":"product_tag-penne-artigianali-2","10":"product_tag-scrivere-con-stilografica-2","11":"product_tag-stilografiche-2","13":"first","14":"instock","15":"taxable","16":"shipping-taxable","17":"purchasable","18":"product-type-simple"},"yoast_head":"<!-- This site is optimized with the Yoast SEO plugin v27.4 - https:\/\/yoast.com\/product\/yoast-seo-wordpress\/ -->\n<title>Penna Stilografica Vitis Vinifera - Grifos Pens<\/title>\n<meta name=\"robots\" content=\"index, follow, max-snippet:-1, max-image-preview:large, max-video-preview:-1\" \/>\n<link rel=\"canonical\" href=\"https:\/\/grifos-pens.it\/it\/prodotto\/penna-stilografica-vitis-vinifera\/\" \/>\n<meta property=\"og:locale\" content=\"it_IT\" \/>\n<meta property=\"og:type\" content=\"article\" \/>\n<meta property=\"og:title\" content=\"Penna Stilografica Vitis Vinifera - Grifos Pens\" \/>\n<meta property=\"og:description\" content=\"Questa rara penna realizzata in vite da prosecco \u00e8 un regalo ideale per case viti-vinicole, cantine sociali, viticoltori, amanti del buon vino e collezionisti. Pennino in oro bianco 750 18 kt. Spedizione gratuita.\" \/>\n<meta property=\"og:url\" content=\"https:\/\/grifos-pens.it\/it\/prodotto\/penna-stilografica-vitis-vinifera\/\" \/>\n<meta property=\"og:site_name\" content=\"Grifos Pens\" \/>\n<meta property=\"article:publisher\" content=\"https:\/\/www.facebook.com\/grifospensitaly\/?locale=it_IT\" \/>\n<meta property=\"article:modified_time\" content=\"2026-02-02T10:39:09+00:00\" \/>\n<meta property=\"og:image\" content=\"https:\/\/grifos-pens.it\/wp-content\/uploads\/2019\/02\/EF014-A-R-Vitis-01.jpg\" \/>\n\t<meta property=\"og:image:width\" content=\"900\" \/>\n\t<meta property=\"og:image:height\" content=\"720\" \/>\n\t<meta property=\"og:image:type\" content=\"image\/jpeg\" \/>\n<meta name=\"twitter:card\" content=\"summary_large_image\" \/>\n<meta name=\"twitter:label1\" content=\"Tempo di lettura stimato\" \/>\n\t<meta name=\"twitter:data1\" content=\"2 minuti\" \/>\n<script type=\"application\/ld+json\" class=\"yoast-schema-graph\">{\"@context\":\"https:\\\/\\\/schema.org\",\"@graph\":[{\"@type\":\"WebPage\",\"@id\":\"https:\\\/\\\/grifos-pens.it\\\/it\\\/prodotto\\\/penna-stilografica-vitis-vinifera\\\/\",\"url\":\"https:\\\/\\\/grifos-pens.it\\\/it\\\/prodotto\\\/penna-stilografica-vitis-vinifera\\\/\",\"name\":\"Penna Stilografica Vitis Vinifera - Grifos Pens\",\"isPartOf\":{\"@id\":\"https:\\\/\\\/grifos-pens.it\\\/it\\\/#website\"},\"primaryImageOfPage\":{\"@id\":\"https:\\\/\\\/grifos-pens.it\\\/it\\\/prodotto\\\/penna-stilografica-vitis-vinifera\\\/#primaryimage\"},\"image\":{\"@id\":\"https:\\\/\\\/grifos-pens.it\\\/it\\\/prodotto\\\/penna-stilografica-vitis-vinifera\\\/#primaryimage\"},\"thumbnailUrl\":\"https:\\\/\\\/grifos-pens.it\\\/wp-content\\\/uploads\\\/2019\\\/02\\\/EF014-A-R-Vitis-01.jpg\",\"datePublished\":\"2019-02-04T17:09:09+00:00\",\"dateModified\":\"2026-02-02T10:39:09+00:00\",\"breadcrumb\":{\"@id\":\"https:\\\/\\\/grifos-pens.it\\\/it\\\/prodotto\\\/penna-stilografica-vitis-vinifera\\\/#breadcrumb\"},\"inLanguage\":\"it-IT\",\"potentialAction\":[{\"@type\":\"ReadAction\",\"target\":[\"https:\\\/\\\/grifos-pens.it\\\/it\\\/prodotto\\\/penna-stilografica-vitis-vinifera\\\/\"]}]},{\"@type\":\"ImageObject\",\"inLanguage\":\"it-IT\",\"@id\":\"https:\\\/\\\/grifos-pens.it\\\/it\\\/prodotto\\\/penna-stilografica-vitis-vinifera\\\/#primaryimage\",\"url\":\"https:\\\/\\\/grifos-pens.it\\\/wp-content\\\/uploads\\\/2019\\\/02\\\/EF014-A-R-Vitis-01.jpg\",\"contentUrl\":\"https:\\\/\\\/grifos-pens.it\\\/wp-content\\\/uploads\\\/2019\\\/02\\\/EF014-A-R-Vitis-01.jpg\",\"width\":900,\"height\":720,\"caption\":\"Penna stilografica\"},{\"@type\":\"BreadcrumbList\",\"@id\":\"https:\\\/\\\/grifos-pens.it\\\/it\\\/prodotto\\\/penna-stilografica-vitis-vinifera\\\/#breadcrumb\",\"itemListElement\":[{\"@type\":\"ListItem\",\"position\":1,\"name\":\"Home\",\"item\":\"https:\\\/\\\/grifos-pens.it\\\/it\\\/\"},{\"@type\":\"ListItem\",\"position\":2,\"name\":\"Catalogo\",\"item\":\"https:\\\/\\\/grifos-pens.it\\\/it\\\/catalogo\\\/\"},{\"@type\":\"ListItem\",\"position\":3,\"name\":\"Penna Stilografica Vitis Vinifera\"}]},{\"@type\":\"WebSite\",\"@id\":\"https:\\\/\\\/grifos-pens.it\\\/it\\\/#website\",\"url\":\"https:\\\/\\\/grifos-pens.it\\\/it\\\/\",\"name\":\"Grifos Pens\",\"description\":\"Handcrafted Writing Instrument Of Italy\",\"publisher\":{\"@id\":\"https:\\\/\\\/grifos-pens.it\\\/it\\\/#organization\"},\"potentialAction\":[{\"@type\":\"SearchAction\",\"target\":{\"@type\":\"EntryPoint\",\"urlTemplate\":\"https:\\\/\\\/grifos-pens.it\\\/it\\\/?s={search_term_string}\"},\"query-input\":{\"@type\":\"PropertyValueSpecification\",\"valueRequired\":true,\"valueName\":\"search_term_string\"}}],\"inLanguage\":\"it-IT\"},{\"@type\":\"Organization\",\"@id\":\"https:\\\/\\\/grifos-pens.it\\\/it\\\/#organization\",\"name\":\"Grifos Pens\",\"url\":\"https:\\\/\\\/grifos-pens.it\\\/it\\\/\",\"logo\":{\"@type\":\"ImageObject\",\"inLanguage\":\"it-IT\",\"@id\":\"https:\\\/\\\/grifos-pens.it\\\/it\\\/#\\\/schema\\\/logo\\\/image\\\/\",\"url\":\"https:\\\/\\\/grifos-pens.it\\\/wp-content\\\/uploads\\\/2023\\\/05\\\/logo-grifos.svg\",\"contentUrl\":\"https:\\\/\\\/grifos-pens.it\\\/wp-content\\\/uploads\\\/2023\\\/05\\\/logo-grifos.svg\",\"width\":267,\"height\":243,\"caption\":\"Grifos Pens\"},\"image\":{\"@id\":\"https:\\\/\\\/grifos-pens.it\\\/it\\\/#\\\/schema\\\/logo\\\/image\\\/\"},\"sameAs\":[\"https:\\\/\\\/www.facebook.com\\\/grifospensitaly\\\/?locale=it_IT\",\"https:\\\/\\\/www.instagram.com\\\/grifos.pens\\\/\"]}]}<\/script>\n<!-- \/ Yoast SEO plugin. -->","yoast_head_json":{"title":"Penna Stilografica Vitis Vinifera - Grifos Pens","robots":{"index":"index","follow":"follow","max-snippet":"max-snippet:-1","max-image-preview":"max-image-preview:large","max-video-preview":"max-video-preview:-1"},"canonical":"https:\/\/grifos-pens.it\/it\/prodotto\/penna-stilografica-vitis-vinifera\/","og_locale":"it_IT","og_type":"article","og_title":"Penna Stilografica Vitis Vinifera - Grifos Pens","og_description":"Questa rara penna realizzata in vite da prosecco \u00e8 un regalo ideale per case viti-vinicole, cantine sociali, viticoltori, amanti del buon vino e collezionisti. Pennino in oro bianco 750 18 kt. Spedizione gratuita.","og_url":"https:\/\/grifos-pens.it\/it\/prodotto\/penna-stilografica-vitis-vinifera\/","og_site_name":"Grifos Pens","article_publisher":"https:\/\/www.facebook.com\/grifospensitaly\/?locale=it_IT","article_modified_time":"2026-02-02T10:39:09+00:00","og_image":[{"width":900,"height":720,"url":"https:\/\/grifos-pens.it\/wp-content\/uploads\/2019\/02\/EF014-A-R-Vitis-01.jpg","type":"image\/jpeg"}],"twitter_card":"summary_large_image","twitter_misc":{"Tempo di lettura stimato":"2 minuti"},"schema":{"@context":"https:\/\/schema.org","@graph":[{"@type":"WebPage","@id":"https:\/\/grifos-pens.it\/it\/prodotto\/penna-stilografica-vitis-vinifera\/","url":"https:\/\/grifos-pens.it\/it\/prodotto\/penna-stilografica-vitis-vinifera\/","name":"Penna Stilografica Vitis Vinifera - Grifos Pens","isPartOf":{"@id":"https:\/\/grifos-pens.it\/it\/#website"},"primaryImageOfPage":{"@id":"https:\/\/grifos-pens.it\/it\/prodotto\/penna-stilografica-vitis-vinifera\/#primaryimage"},"image":{"@id":"https:\/\/grifos-pens.it\/it\/prodotto\/penna-stilografica-vitis-vinifera\/#primaryimage"},"thumbnailUrl":"https:\/\/grifos-pens.it\/wp-content\/uploads\/2019\/02\/EF014-A-R-Vitis-01.jpg","datePublished":"2019-02-04T17:09:09+00:00","dateModified":"2026-02-02T10:39:09+00:00","breadcrumb":{"@id":"https:\/\/grifos-pens.it\/it\/prodotto\/penna-stilografica-vitis-vinifera\/#breadcrumb"},"inLanguage":"it-IT","potentialAction":[{"@type":"ReadAction","target":["https:\/\/grifos-pens.it\/it\/prodotto\/penna-stilografica-vitis-vinifera\/"]}]},{"@type":"ImageObject","inLanguage":"it-IT","@id":"https:\/\/grifos-pens.it\/it\/prodotto\/penna-stilografica-vitis-vinifera\/#primaryimage","url":"https:\/\/grifos-pens.it\/wp-content\/uploads\/2019\/02\/EF014-A-R-Vitis-01.jpg","contentUrl":"https:\/\/grifos-pens.it\/wp-content\/uploads\/2019\/02\/EF014-A-R-Vitis-01.jpg","width":900,"height":720,"caption":"Penna stilografica"},{"@type":"BreadcrumbList","@id":"https:\/\/grifos-pens.it\/it\/prodotto\/penna-stilografica-vitis-vinifera\/#breadcrumb","itemListElement":[{"@type":"ListItem","position":1,"name":"Home","item":"https:\/\/grifos-pens.it\/it\/"},{"@type":"ListItem","position":2,"name":"Catalogo","item":"https:\/\/grifos-pens.it\/it\/catalogo\/"},{"@type":"ListItem","position":3,"name":"Penna Stilografica Vitis Vinifera"}]},{"@type":"WebSite","@id":"https:\/\/grifos-pens.it\/it\/#website","url":"https:\/\/grifos-pens.it\/it\/","name":"Grifos Pens","description":"Handcrafted Writing Instrument Of Italy","publisher":{"@id":"https:\/\/grifos-pens.it\/it\/#organization"},"potentialAction":[{"@type":"SearchAction","target":{"@type":"EntryPoint","urlTemplate":"https:\/\/grifos-pens.it\/it\/?s={search_term_string}"},"query-input":{"@type":"PropertyValueSpecification","valueRequired":true,"valueName":"search_term_string"}}],"inLanguage":"it-IT"},{"@type":"Organization","@id":"https:\/\/grifos-pens.it\/it\/#organization","name":"Grifos Pens","url":"https:\/\/grifos-pens.it\/it\/","logo":{"@type":"ImageObject","inLanguage":"it-IT","@id":"https:\/\/grifos-pens.it\/it\/#\/schema\/logo\/image\/","url":"https:\/\/grifos-pens.it\/wp-content\/uploads\/2023\/05\/logo-grifos.svg","contentUrl":"https:\/\/grifos-pens.it\/wp-content\/uploads\/2023\/05\/logo-grifos.svg","width":267,"height":243,"caption":"Grifos Pens"},"image":{"@id":"https:\/\/grifos-pens.it\/it\/#\/schema\/logo\/image\/"},"sameAs":["https:\/\/www.facebook.com\/grifospensitaly\/?locale=it_IT","https:\/\/www.instagram.com\/grifos.pens\/"]}]}},"_links":{"self":[{"href":"https:\/\/grifos-pens.it\/it\/wp-json\/wp\/v2\/product\/1647","targetHints":{"allow":["GET"]}}],"collection":[{"href":"https:\/\/grifos-pens.it\/it\/wp-json\/wp\/v2\/product"}],"about":[{"href":"https:\/\/grifos-pens.it\/it\/wp-json\/wp\/v2\/types\/product"}],"replies":[{"embeddable":true,"href":"https:\/\/grifos-pens.it\/it\/wp-json\/wp\/v2\/comments?post=1647"}],"wp:featuredmedia":[{"embeddable":true,"href":"https:\/\/grifos-pens.it\/it\/wp-json\/wp\/v2\/media\/1648"}],"wp:attachment":[{"href":"https:\/\/grifos-pens.it\/it\/wp-json\/wp\/v2\/media?parent=1647"}],"wp:term":[{"taxonomy":"product_brand","embeddable":true,"href":"https:\/\/grifos-pens.it\/it\/wp-json\/wp\/v2\/product_brand?post=1647"},{"taxonomy":"product_cat","embeddable":true,"href":"https:\/\/grifos-pens.it\/it\/wp-json\/wp\/v2\/product_cat?post=1647"},{"taxonomy":"product_tag","embeddable":true,"href":"https:\/\/grifos-pens.it\/it\/wp-json\/wp\/v2\/product_tag?post=1647"}],"curies":[{"name":"wp","href":"https:\/\/api.w.org\/{rel}","templated":true}]}}