{"id":1712,"date":"2019-02-05T17:03:05","date_gmt":"2019-02-05T16:03:05","guid":{"rendered":"http:\/\/grifos-pens.it\/?post_type=product&#038;p=1712"},"modified":"2026-02-02T11:38:53","modified_gmt":"2026-02-02T10:38:53","slug":"1712","status":"publish","type":"product","link":"https:\/\/grifos-pens.it\/it\/prodotto\/1712\/","title":{"rendered":"Penna Stilografica &#8220;Albero della Vita&#8221; in Resina Nera"},"content":{"rendered":"<p>La penna stilografica Albero della Vita in resina nera \u00e8 fabbricata artigianalmente in Italia. Il corpo della penna \u00e8 tornito in resina nera finemente incisa con il motivo profondamente significativo del grazioso albero d\u2019oro. Il cappuccio e il puntale sono realizzati in argento sterling placcato a spessore con oro 18 kt (vermeil) e incisi con tecnica guilloch\u00e9 superiore d\u2019epoca, timbrati con punzonatura di legge sui metalli preziosi.<\/p>\n<p>La chiusura del cappuccio \u00e8 a vite. La ricarica \u00e8 adatta a converter o cartucce standard universali forniti nella confezione. Il pennino \u00e8 in acciaio placcato oro, con punta media M. \u00c8 possibile scegliere tra punta F (fine) ed EF (extra fine) e B (grossa) senza variazione di prezzo della penna. Sono disponibili <em><strong><a href=\"https:\/\/grifos-pens.it\/it\/prodotto\/pennino-in-oro-massiccio-per-penna-stilografica\/\">pennini in oro massiccio 18 kt<\/a><\/strong><\/em> (con costo aggiuntivo), sia in oro giallo che in oro bianco, con possibilit\u00e0 di scelta tra punta F (fine), EF (extra fine), M (media), e B (grossa). Su richiesta, \u00e8 possibile realizzare la penna anche in versione roller o penna a sfera.<\/p>\n<p>La stilografica Albero della Vita in resina nera viene consegnata in un astuccio da regalo con certificato di autenticit\u00e0, che garantisce che la presente creazione \u00e8 stata artigianalmente realizzata in Italia, rifinita e controllata attentamente come la pi\u00f9 alta<em><strong><a href=\"https:\/\/www.youtube.com\/watch?v=_j1z4q4gNxo\"> trad<\/a><\/strong><\/em><span style=\"font-size: 14.4px;\"><em><strong>izione orafa italiana richiede<\/strong><\/em>.<\/span><\/p>\n<p>&nbsp;<\/p>\n","protected":false},"excerpt":{"rendered":"<p>La penna \u00e8 un omaggio al noto pittore austriaco Gustav Klimt e alla sua opera d&#8217;arte Albero della Vita, il simbolo antico quanto l\u2019uomo, presente in tutte le civilt\u00e0 con significati legati alla nascita, alla rigenerazione, all&#8217;energia vitale. Vorremo dedicare la penna ai comuni principi umanitari che uniscono tutti i popoli del mondo &#8211; solidit\u00e0, saggezza e bellezza rappresentati dall&#8217;albero.<\/p>\n","protected":false},"featured_media":2969,"comment_status":"closed","ping_status":"closed","template":"","meta":[],"product_brand":[],"product_cat":[264,1026,265,272],"product_tag":[1356,250,372,316,1361,251,1354,1357,1362,973,434,305,464,252,1360,1359,326,1355,753,254,255,1358],"class_list":{"0":"post-1712","1":"product","2":"type-product","3":"status-publish","4":"has-post-thumbnail","6":"product_cat-argento","7":"product_cat-oro-vermeil","8":"product_cat-resina","9":"product_cat-stilografiche","10":"product_tag-albero-doro","11":"product_tag-albero-della-vita-2","12":"product_tag-argento-sterling","13":"product_tag-artigianato-italiano","14":"product_tag-dono-per-persona-speciale","15":"product_tag-gustav-klimt-2","16":"product_tag-incisione-su-penna","17":"product_tag-oro-18-kt","18":"product_tag-oro-e-nero","19":"product_tag-oro-vermeil","20":"product_tag-penna-di-lusso","21":"product_tag-penna-in-argento-it","22":"product_tag-penna-preziosa","23":"product_tag-penne-artigianali-2","24":"product_tag-personalizzazione-con-nome","25":"product_tag-regalo-esclusivo","26":"product_tag-regalo-personalizzato","27":"product_tag-resina-nera","28":"product_tag-scrittura-a-mano-it","29":"product_tag-scrivere-con-stilografica-2","30":"product_tag-stilografiche-2","31":"product_tag-tecnica-guilloche","33":"first","34":"instock","35":"taxable","36":"shipping-taxable","37":"purchasable","38":"product-type-simple"},"yoast_head":"<!-- This site is optimized with the Yoast SEO plugin v27.4 - https:\/\/yoast.com\/product\/yoast-seo-wordpress\/ -->\n<title>Penna Stilografica &quot;Albero della Vita&quot; in Resina Nera - Grifos Pens<\/title>\n<meta name=\"description\" content=\"Stilografica in argento placcato oro e resina nera abbellita con l&#039;albero della vita di Gustav Klimt. Artigianato Italiano.\" \/>\n<meta name=\"robots\" content=\"index, follow, max-snippet:-1, max-image-preview:large, max-video-preview:-1\" \/>\n<link rel=\"canonical\" href=\"https:\/\/grifos-pens.it\/it\/prodotto\/1712\/\" \/>\n<meta property=\"og:locale\" content=\"it_IT\" \/>\n<meta property=\"og:type\" content=\"article\" \/>\n<meta property=\"og:title\" content=\"Penna Stilografica &quot;Albero della Vita&quot; in Resina Nera - Grifos Pens\" \/>\n<meta property=\"og:description\" content=\"Stilografica in argento placcato oro e resina nera abbellita con l&#039;albero della vita di Gustav Klimt. Artigianato Italiano.\" \/>\n<meta property=\"og:url\" content=\"https:\/\/grifos-pens.it\/it\/prodotto\/1712\/\" \/>\n<meta property=\"og:site_name\" content=\"Grifos Pens\" \/>\n<meta property=\"article:publisher\" content=\"https:\/\/www.facebook.com\/grifospensitaly\/?locale=it_IT\" \/>\n<meta property=\"article:modified_time\" content=\"2026-02-02T10:38:53+00:00\" \/>\n<meta property=\"og:image\" content=\"https:\/\/grifos-pens.it\/wp-content\/uploads\/2019\/02\/NMF508-D-GX07D-R01-Klimt-01.jpg\" \/>\n\t<meta property=\"og:image:width\" content=\"2000\" \/>\n\t<meta property=\"og:image:height\" content=\"1333\" \/>\n\t<meta property=\"og:image:type\" content=\"image\/jpeg\" \/>\n<meta name=\"twitter:card\" content=\"summary_large_image\" \/>\n<meta name=\"twitter:label1\" content=\"Tempo di lettura stimato\" \/>\n\t<meta name=\"twitter:data1\" content=\"2 minuti\" \/>\n<script type=\"application\/ld+json\" class=\"yoast-schema-graph\">{\"@context\":\"https:\\\/\\\/schema.org\",\"@graph\":[{\"@type\":\"WebPage\",\"@id\":\"https:\\\/\\\/grifos-pens.it\\\/it\\\/prodotto\\\/1712\\\/\",\"url\":\"https:\\\/\\\/grifos-pens.it\\\/it\\\/prodotto\\\/1712\\\/\",\"name\":\"Penna Stilografica \\\"Albero della Vita\\\" in Resina Nera - Grifos Pens\",\"isPartOf\":{\"@id\":\"https:\\\/\\\/grifos-pens.it\\\/it\\\/#website\"},\"primaryImageOfPage\":{\"@id\":\"https:\\\/\\\/grifos-pens.it\\\/it\\\/prodotto\\\/1712\\\/#primaryimage\"},\"image\":{\"@id\":\"https:\\\/\\\/grifos-pens.it\\\/it\\\/prodotto\\\/1712\\\/#primaryimage\"},\"thumbnailUrl\":\"https:\\\/\\\/grifos-pens.it\\\/wp-content\\\/uploads\\\/2019\\\/02\\\/NMF508-D-GX07D-R01-Klimt-01.jpg\",\"datePublished\":\"2019-02-05T16:03:05+00:00\",\"dateModified\":\"2026-02-02T10:38:53+00:00\",\"description\":\"Stilografica in argento placcato oro e resina nera abbellita con l'albero della vita di Gustav Klimt. Artigianato Italiano.\",\"breadcrumb\":{\"@id\":\"https:\\\/\\\/grifos-pens.it\\\/it\\\/prodotto\\\/1712\\\/#breadcrumb\"},\"inLanguage\":\"it-IT\",\"potentialAction\":[{\"@type\":\"ReadAction\",\"target\":[\"https:\\\/\\\/grifos-pens.it\\\/it\\\/prodotto\\\/1712\\\/\"]}]},{\"@type\":\"ImageObject\",\"inLanguage\":\"it-IT\",\"@id\":\"https:\\\/\\\/grifos-pens.it\\\/it\\\/prodotto\\\/1712\\\/#primaryimage\",\"url\":\"https:\\\/\\\/grifos-pens.it\\\/wp-content\\\/uploads\\\/2019\\\/02\\\/NMF508-D-GX07D-R01-Klimt-01.jpg\",\"contentUrl\":\"https:\\\/\\\/grifos-pens.it\\\/wp-content\\\/uploads\\\/2019\\\/02\\\/NMF508-D-GX07D-R01-Klimt-01.jpg\",\"width\":2000,\"height\":1333,\"caption\":\"Penna con incisione artistica\"},{\"@type\":\"BreadcrumbList\",\"@id\":\"https:\\\/\\\/grifos-pens.it\\\/it\\\/prodotto\\\/1712\\\/#breadcrumb\",\"itemListElement\":[{\"@type\":\"ListItem\",\"position\":1,\"name\":\"Home\",\"item\":\"https:\\\/\\\/grifos-pens.it\\\/it\\\/\"},{\"@type\":\"ListItem\",\"position\":2,\"name\":\"Catalogo\",\"item\":\"https:\\\/\\\/grifos-pens.it\\\/it\\\/catalogo\\\/\"},{\"@type\":\"ListItem\",\"position\":3,\"name\":\"Penna Stilografica &#8220;Albero della Vita&#8221; in Resina Nera\"}]},{\"@type\":\"WebSite\",\"@id\":\"https:\\\/\\\/grifos-pens.it\\\/it\\\/#website\",\"url\":\"https:\\\/\\\/grifos-pens.it\\\/it\\\/\",\"name\":\"Grifos Pens\",\"description\":\"Handcrafted Writing Instrument Of Italy\",\"publisher\":{\"@id\":\"https:\\\/\\\/grifos-pens.it\\\/it\\\/#organization\"},\"potentialAction\":[{\"@type\":\"SearchAction\",\"target\":{\"@type\":\"EntryPoint\",\"urlTemplate\":\"https:\\\/\\\/grifos-pens.it\\\/it\\\/?s={search_term_string}\"},\"query-input\":{\"@type\":\"PropertyValueSpecification\",\"valueRequired\":true,\"valueName\":\"search_term_string\"}}],\"inLanguage\":\"it-IT\"},{\"@type\":\"Organization\",\"@id\":\"https:\\\/\\\/grifos-pens.it\\\/it\\\/#organization\",\"name\":\"Grifos Pens\",\"url\":\"https:\\\/\\\/grifos-pens.it\\\/it\\\/\",\"logo\":{\"@type\":\"ImageObject\",\"inLanguage\":\"it-IT\",\"@id\":\"https:\\\/\\\/grifos-pens.it\\\/it\\\/#\\\/schema\\\/logo\\\/image\\\/\",\"url\":\"https:\\\/\\\/grifos-pens.it\\\/wp-content\\\/uploads\\\/2023\\\/05\\\/logo-grifos.svg\",\"contentUrl\":\"https:\\\/\\\/grifos-pens.it\\\/wp-content\\\/uploads\\\/2023\\\/05\\\/logo-grifos.svg\",\"width\":267,\"height\":243,\"caption\":\"Grifos Pens\"},\"image\":{\"@id\":\"https:\\\/\\\/grifos-pens.it\\\/it\\\/#\\\/schema\\\/logo\\\/image\\\/\"},\"sameAs\":[\"https:\\\/\\\/www.facebook.com\\\/grifospensitaly\\\/?locale=it_IT\",\"https:\\\/\\\/www.instagram.com\\\/grifos.pens\\\/\"]}]}<\/script>\n<!-- \/ Yoast SEO plugin. -->","yoast_head_json":{"title":"Penna Stilografica \"Albero della Vita\" in Resina Nera - Grifos Pens","description":"Stilografica in argento placcato oro e resina nera abbellita con l'albero della vita di Gustav Klimt. Artigianato Italiano.","robots":{"index":"index","follow":"follow","max-snippet":"max-snippet:-1","max-image-preview":"max-image-preview:large","max-video-preview":"max-video-preview:-1"},"canonical":"https:\/\/grifos-pens.it\/it\/prodotto\/1712\/","og_locale":"it_IT","og_type":"article","og_title":"Penna Stilografica \"Albero della Vita\" in Resina Nera - Grifos Pens","og_description":"Stilografica in argento placcato oro e resina nera abbellita con l'albero della vita di Gustav Klimt. Artigianato Italiano.","og_url":"https:\/\/grifos-pens.it\/it\/prodotto\/1712\/","og_site_name":"Grifos Pens","article_publisher":"https:\/\/www.facebook.com\/grifospensitaly\/?locale=it_IT","article_modified_time":"2026-02-02T10:38:53+00:00","og_image":[{"width":2000,"height":1333,"url":"https:\/\/grifos-pens.it\/wp-content\/uploads\/2019\/02\/NMF508-D-GX07D-R01-Klimt-01.jpg","type":"image\/jpeg"}],"twitter_card":"summary_large_image","twitter_misc":{"Tempo di lettura stimato":"2 minuti"},"schema":{"@context":"https:\/\/schema.org","@graph":[{"@type":"WebPage","@id":"https:\/\/grifos-pens.it\/it\/prodotto\/1712\/","url":"https:\/\/grifos-pens.it\/it\/prodotto\/1712\/","name":"Penna Stilografica \"Albero della Vita\" in Resina Nera - Grifos Pens","isPartOf":{"@id":"https:\/\/grifos-pens.it\/it\/#website"},"primaryImageOfPage":{"@id":"https:\/\/grifos-pens.it\/it\/prodotto\/1712\/#primaryimage"},"image":{"@id":"https:\/\/grifos-pens.it\/it\/prodotto\/1712\/#primaryimage"},"thumbnailUrl":"https:\/\/grifos-pens.it\/wp-content\/uploads\/2019\/02\/NMF508-D-GX07D-R01-Klimt-01.jpg","datePublished":"2019-02-05T16:03:05+00:00","dateModified":"2026-02-02T10:38:53+00:00","description":"Stilografica in argento placcato oro e resina nera abbellita con l'albero della vita di Gustav Klimt. Artigianato Italiano.","breadcrumb":{"@id":"https:\/\/grifos-pens.it\/it\/prodotto\/1712\/#breadcrumb"},"inLanguage":"it-IT","potentialAction":[{"@type":"ReadAction","target":["https:\/\/grifos-pens.it\/it\/prodotto\/1712\/"]}]},{"@type":"ImageObject","inLanguage":"it-IT","@id":"https:\/\/grifos-pens.it\/it\/prodotto\/1712\/#primaryimage","url":"https:\/\/grifos-pens.it\/wp-content\/uploads\/2019\/02\/NMF508-D-GX07D-R01-Klimt-01.jpg","contentUrl":"https:\/\/grifos-pens.it\/wp-content\/uploads\/2019\/02\/NMF508-D-GX07D-R01-Klimt-01.jpg","width":2000,"height":1333,"caption":"Penna con incisione artistica"},{"@type":"BreadcrumbList","@id":"https:\/\/grifos-pens.it\/it\/prodotto\/1712\/#breadcrumb","itemListElement":[{"@type":"ListItem","position":1,"name":"Home","item":"https:\/\/grifos-pens.it\/it\/"},{"@type":"ListItem","position":2,"name":"Catalogo","item":"https:\/\/grifos-pens.it\/it\/catalogo\/"},{"@type":"ListItem","position":3,"name":"Penna Stilografica &#8220;Albero della Vita&#8221; in Resina Nera"}]},{"@type":"WebSite","@id":"https:\/\/grifos-pens.it\/it\/#website","url":"https:\/\/grifos-pens.it\/it\/","name":"Grifos Pens","description":"Handcrafted Writing Instrument Of Italy","publisher":{"@id":"https:\/\/grifos-pens.it\/it\/#organization"},"potentialAction":[{"@type":"SearchAction","target":{"@type":"EntryPoint","urlTemplate":"https:\/\/grifos-pens.it\/it\/?s={search_term_string}"},"query-input":{"@type":"PropertyValueSpecification","valueRequired":true,"valueName":"search_term_string"}}],"inLanguage":"it-IT"},{"@type":"Organization","@id":"https:\/\/grifos-pens.it\/it\/#organization","name":"Grifos Pens","url":"https:\/\/grifos-pens.it\/it\/","logo":{"@type":"ImageObject","inLanguage":"it-IT","@id":"https:\/\/grifos-pens.it\/it\/#\/schema\/logo\/image\/","url":"https:\/\/grifos-pens.it\/wp-content\/uploads\/2023\/05\/logo-grifos.svg","contentUrl":"https:\/\/grifos-pens.it\/wp-content\/uploads\/2023\/05\/logo-grifos.svg","width":267,"height":243,"caption":"Grifos Pens"},"image":{"@id":"https:\/\/grifos-pens.it\/it\/#\/schema\/logo\/image\/"},"sameAs":["https:\/\/www.facebook.com\/grifospensitaly\/?locale=it_IT","https:\/\/www.instagram.com\/grifos.pens\/"]}]}},"_links":{"self":[{"href":"https:\/\/grifos-pens.it\/it\/wp-json\/wp\/v2\/product\/1712","targetHints":{"allow":["GET"]}}],"collection":[{"href":"https:\/\/grifos-pens.it\/it\/wp-json\/wp\/v2\/product"}],"about":[{"href":"https:\/\/grifos-pens.it\/it\/wp-json\/wp\/v2\/types\/product"}],"replies":[{"embeddable":true,"href":"https:\/\/grifos-pens.it\/it\/wp-json\/wp\/v2\/comments?post=1712"}],"wp:featuredmedia":[{"embeddable":true,"href":"https:\/\/grifos-pens.it\/it\/wp-json\/wp\/v2\/media\/2969"}],"wp:attachment":[{"href":"https:\/\/grifos-pens.it\/it\/wp-json\/wp\/v2\/media?parent=1712"}],"wp:term":[{"taxonomy":"product_brand","embeddable":true,"href":"https:\/\/grifos-pens.it\/it\/wp-json\/wp\/v2\/product_brand?post=1712"},{"taxonomy":"product_cat","embeddable":true,"href":"https:\/\/grifos-pens.it\/it\/wp-json\/wp\/v2\/product_cat?post=1712"},{"taxonomy":"product_tag","embeddable":true,"href":"https:\/\/grifos-pens.it\/it\/wp-json\/wp\/v2\/product_tag?post=1712"}],"curies":[{"name":"wp","href":"https:\/\/api.w.org\/{rel}","templated":true}]}}