{"id":2055,"date":"2019-03-21T15:29:58","date_gmt":"2019-03-21T14:29:58","guid":{"rendered":"http:\/\/grifos-pens.it\/?post_type=product&#038;p=2055"},"modified":"2026-02-02T11:42:00","modified_gmt":"2026-02-02T10:42:00","slug":"penna-sfera-argento-draco","status":"publish","type":"product","link":"https:\/\/grifos-pens.it\/it\/prodotto\/penna-sfera-argento-draco\/","title":{"rendered":"Penna Sfera Oro Vermeil Gaud\u00ed"},"content":{"rendered":"<p>Penna Sfera Oro Vermeil Gaud\u00ed fabbricata artigianalmente in argento massiccio 925 decorato con originale incisione guilloch\u00e8 in stile Gaud\u00ed e placcato oro 18 carati.<\/p>\n<p>L\u2019oro vermeil \u00e8 un metallo pregiato composto da un nucleo in argento massiccio 925, rivestito con uno spesso strato di oro 18 carati tramite placcatura.<\/p>\n<p>Ogni penna \u00e8 timbrata 925 e \u201c*TO 675\u201d a testimonianza del metallo prezioso usato, argento 925, e della nostra appartenenza all&#8217;albo orafo.<\/p>\n<p>Il meccanismo della penna si movimenta con cappuccio a rotazione. <strong><em><a href=\"https:\/\/grifos-pens.it\/it\/prodotto\/refill-per-penna-a-sfera-6-pz\/\">Ricarica refill sfera tipo standard internazionale<\/a><\/em><\/strong>, inchiostro nero o blu. E\u2019 disponibile su ordinazione con personalizzazione e anche in versione penna roller o portamine.<\/p>\n<p>La penna a sfera in oro vermeil &#8220;Gaud\u00ed&#8221; viene consegnata in astuccio da regalo con certificato di autenticit\u00e0 che garantisce la presente <em><strong><a href=\"https:\/\/www.youtube.com\/watch?v=_j1z4q4gNxo\">creazione di esser artigianalmente realizzata<\/a><\/strong><\/em> in vero argento 925, rifinita e controllata attentamente come la pi\u00f9 alta tradizione orafa italiana richiede.<\/p>\n<p>&nbsp;<\/p>\n","protected":false},"excerpt":{"rendered":"<p>Penna Sfera Oro Vermeil Gaud\u00ed fabbricata artigianalmente in argento massiccio 925 decorato con originale incisione guilloch\u00e8 e placcato oro 18 carati.<\/p>\n","protected":false},"featured_media":2070,"comment_status":"closed","ping_status":"closed","template":"","meta":[],"product_brand":[],"product_cat":[264,1026,275],"product_tag":[750,362,748,1031,744,973,256,736,313,252,747,745,756],"class_list":{"0":"post-2055","1":"product","2":"type-product","3":"status-publish","4":"has-post-thumbnail","6":"product_cat-argento","7":"product_cat-oro-vermeil","8":"product_cat-penne-a-sfera","9":"product_tag-acquistare-la-penna-online","10":"product_tag-biro-in-argento","11":"product_tag-idea-regalo-importante","12":"product_tag-idea-regalo-laurea","13":"product_tag-inciso-con-logo","14":"product_tag-oro-vermeil","15":"product_tag-penna-2","16":"product_tag-penna-a-sfera-it","17":"product_tag-penna-personalizzata","18":"product_tag-penne-artigianali-2","19":"product_tag-per-anniversario","20":"product_tag-personalizzare-con-il-nome","21":"product_tag-regalo-per-ringraziare","23":"first","24":"instock","25":"taxable","26":"shipping-taxable","27":"purchasable","28":"product-type-simple"},"yoast_head":"<!-- This site is optimized with the Yoast SEO plugin v27.4 - https:\/\/yoast.com\/product\/yoast-seo-wordpress\/ -->\n<title>Penna Sfera Oro Vermeil Gaud\u00ed - Grifos Pens<\/title>\n<meta name=\"description\" content=\"Penna Sfera Oro Vermeil Gaud\u00ed\u00a0 fabbricata artigianalmente in argento massiccio 925 decorato con originale incisione guilloch\u00e8 e placcato oro 18 carati.\" \/>\n<meta name=\"robots\" content=\"index, follow, max-snippet:-1, max-image-preview:large, max-video-preview:-1\" \/>\n<link rel=\"canonical\" href=\"https:\/\/grifos-pens.it\/it\/prodotto\/penna-sfera-argento-draco\/\" \/>\n<meta property=\"og:locale\" content=\"it_IT\" \/>\n<meta property=\"og:type\" content=\"article\" \/>\n<meta property=\"og:title\" content=\"Penna Sfera Oro Vermeil Gaud\u00ed - Grifos Pens\" \/>\n<meta property=\"og:description\" content=\"Penna Sfera Oro Vermeil Gaud\u00ed\u00a0 fabbricata artigianalmente in argento massiccio 925 decorato con originale incisione guilloch\u00e8 e placcato oro 18 carati.\" \/>\n<meta property=\"og:url\" content=\"https:\/\/grifos-pens.it\/it\/prodotto\/penna-sfera-argento-draco\/\" \/>\n<meta property=\"og:site_name\" content=\"Grifos Pens\" \/>\n<meta property=\"article:publisher\" content=\"https:\/\/www.facebook.com\/grifospensitaly\/?locale=it_IT\" \/>\n<meta property=\"article:modified_time\" content=\"2026-02-02T10:42:00+00:00\" \/>\n<meta property=\"og:image\" content=\"https:\/\/grifos-pens.it\/wp-content\/uploads\/2019\/03\/NMB502-GX08-07.jpg\" \/>\n\t<meta property=\"og:image:width\" content=\"1000\" \/>\n\t<meta property=\"og:image:height\" content=\"667\" \/>\n\t<meta property=\"og:image:type\" content=\"image\/jpeg\" \/>\n<meta name=\"twitter:card\" content=\"summary_large_image\" \/>\n<meta name=\"twitter:label1\" content=\"Tempo di lettura stimato\" \/>\n\t<meta name=\"twitter:data1\" content=\"1 minuto\" \/>\n<script type=\"application\/ld+json\" class=\"yoast-schema-graph\">{\"@context\":\"https:\\\/\\\/schema.org\",\"@graph\":[{\"@type\":\"WebPage\",\"@id\":\"https:\\\/\\\/grifos-pens.it\\\/it\\\/prodotto\\\/penna-sfera-argento-draco\\\/\",\"url\":\"https:\\\/\\\/grifos-pens.it\\\/it\\\/prodotto\\\/penna-sfera-argento-draco\\\/\",\"name\":\"Penna Sfera Oro Vermeil Gaud\u00ed - Grifos Pens\",\"isPartOf\":{\"@id\":\"https:\\\/\\\/grifos-pens.it\\\/it\\\/#website\"},\"primaryImageOfPage\":{\"@id\":\"https:\\\/\\\/grifos-pens.it\\\/it\\\/prodotto\\\/penna-sfera-argento-draco\\\/#primaryimage\"},\"image\":{\"@id\":\"https:\\\/\\\/grifos-pens.it\\\/it\\\/prodotto\\\/penna-sfera-argento-draco\\\/#primaryimage\"},\"thumbnailUrl\":\"https:\\\/\\\/grifos-pens.it\\\/wp-content\\\/uploads\\\/2019\\\/03\\\/NMB502-GX08-07.jpg\",\"datePublished\":\"2019-03-21T14:29:58+00:00\",\"dateModified\":\"2026-02-02T10:42:00+00:00\",\"description\":\"Penna Sfera Oro Vermeil Gaud\u00ed\u00a0 fabbricata artigianalmente in argento massiccio 925 decorato con originale incisione guilloch\u00e8 e placcato oro 18 carati.\",\"breadcrumb\":{\"@id\":\"https:\\\/\\\/grifos-pens.it\\\/it\\\/prodotto\\\/penna-sfera-argento-draco\\\/#breadcrumb\"},\"inLanguage\":\"it-IT\",\"potentialAction\":[{\"@type\":\"ReadAction\",\"target\":[\"https:\\\/\\\/grifos-pens.it\\\/it\\\/prodotto\\\/penna-sfera-argento-draco\\\/\"]}]},{\"@type\":\"ImageObject\",\"inLanguage\":\"it-IT\",\"@id\":\"https:\\\/\\\/grifos-pens.it\\\/it\\\/prodotto\\\/penna-sfera-argento-draco\\\/#primaryimage\",\"url\":\"https:\\\/\\\/grifos-pens.it\\\/wp-content\\\/uploads\\\/2019\\\/03\\\/NMB502-GX08-07.jpg\",\"contentUrl\":\"https:\\\/\\\/grifos-pens.it\\\/wp-content\\\/uploads\\\/2019\\\/03\\\/NMB502-GX08-07.jpg\",\"width\":1000,\"height\":667,\"caption\":\"Penna biro\"},{\"@type\":\"BreadcrumbList\",\"@id\":\"https:\\\/\\\/grifos-pens.it\\\/it\\\/prodotto\\\/penna-sfera-argento-draco\\\/#breadcrumb\",\"itemListElement\":[{\"@type\":\"ListItem\",\"position\":1,\"name\":\"Home\",\"item\":\"https:\\\/\\\/grifos-pens.it\\\/it\\\/\"},{\"@type\":\"ListItem\",\"position\":2,\"name\":\"Catalogo\",\"item\":\"https:\\\/\\\/grifos-pens.it\\\/it\\\/catalogo\\\/\"},{\"@type\":\"ListItem\",\"position\":3,\"name\":\"Penna Sfera Oro Vermeil Gaud\u00ed\"}]},{\"@type\":\"WebSite\",\"@id\":\"https:\\\/\\\/grifos-pens.it\\\/it\\\/#website\",\"url\":\"https:\\\/\\\/grifos-pens.it\\\/it\\\/\",\"name\":\"Grifos Pens\",\"description\":\"Handcrafted Writing Instrument Of Italy\",\"publisher\":{\"@id\":\"https:\\\/\\\/grifos-pens.it\\\/it\\\/#organization\"},\"potentialAction\":[{\"@type\":\"SearchAction\",\"target\":{\"@type\":\"EntryPoint\",\"urlTemplate\":\"https:\\\/\\\/grifos-pens.it\\\/it\\\/?s={search_term_string}\"},\"query-input\":{\"@type\":\"PropertyValueSpecification\",\"valueRequired\":true,\"valueName\":\"search_term_string\"}}],\"inLanguage\":\"it-IT\"},{\"@type\":\"Organization\",\"@id\":\"https:\\\/\\\/grifos-pens.it\\\/it\\\/#organization\",\"name\":\"Grifos Pens\",\"url\":\"https:\\\/\\\/grifos-pens.it\\\/it\\\/\",\"logo\":{\"@type\":\"ImageObject\",\"inLanguage\":\"it-IT\",\"@id\":\"https:\\\/\\\/grifos-pens.it\\\/it\\\/#\\\/schema\\\/logo\\\/image\\\/\",\"url\":\"https:\\\/\\\/grifos-pens.it\\\/wp-content\\\/uploads\\\/2023\\\/05\\\/logo-grifos.svg\",\"contentUrl\":\"https:\\\/\\\/grifos-pens.it\\\/wp-content\\\/uploads\\\/2023\\\/05\\\/logo-grifos.svg\",\"width\":267,\"height\":243,\"caption\":\"Grifos Pens\"},\"image\":{\"@id\":\"https:\\\/\\\/grifos-pens.it\\\/it\\\/#\\\/schema\\\/logo\\\/image\\\/\"},\"sameAs\":[\"https:\\\/\\\/www.facebook.com\\\/grifospensitaly\\\/?locale=it_IT\",\"https:\\\/\\\/www.instagram.com\\\/grifos.pens\\\/\"]}]}<\/script>\n<!-- \/ Yoast SEO plugin. -->","yoast_head_json":{"title":"Penna Sfera Oro Vermeil Gaud\u00ed - Grifos Pens","description":"Penna Sfera Oro Vermeil Gaud\u00ed\u00a0 fabbricata artigianalmente in argento massiccio 925 decorato con originale incisione guilloch\u00e8 e placcato oro 18 carati.","robots":{"index":"index","follow":"follow","max-snippet":"max-snippet:-1","max-image-preview":"max-image-preview:large","max-video-preview":"max-video-preview:-1"},"canonical":"https:\/\/grifos-pens.it\/it\/prodotto\/penna-sfera-argento-draco\/","og_locale":"it_IT","og_type":"article","og_title":"Penna Sfera Oro Vermeil Gaud\u00ed - Grifos Pens","og_description":"Penna Sfera Oro Vermeil Gaud\u00ed\u00a0 fabbricata artigianalmente in argento massiccio 925 decorato con originale incisione guilloch\u00e8 e placcato oro 18 carati.","og_url":"https:\/\/grifos-pens.it\/it\/prodotto\/penna-sfera-argento-draco\/","og_site_name":"Grifos Pens","article_publisher":"https:\/\/www.facebook.com\/grifospensitaly\/?locale=it_IT","article_modified_time":"2026-02-02T10:42:00+00:00","og_image":[{"width":1000,"height":667,"url":"https:\/\/grifos-pens.it\/wp-content\/uploads\/2019\/03\/NMB502-GX08-07.jpg","type":"image\/jpeg"}],"twitter_card":"summary_large_image","twitter_misc":{"Tempo di lettura stimato":"1 minuto"},"schema":{"@context":"https:\/\/schema.org","@graph":[{"@type":"WebPage","@id":"https:\/\/grifos-pens.it\/it\/prodotto\/penna-sfera-argento-draco\/","url":"https:\/\/grifos-pens.it\/it\/prodotto\/penna-sfera-argento-draco\/","name":"Penna Sfera Oro Vermeil Gaud\u00ed - Grifos Pens","isPartOf":{"@id":"https:\/\/grifos-pens.it\/it\/#website"},"primaryImageOfPage":{"@id":"https:\/\/grifos-pens.it\/it\/prodotto\/penna-sfera-argento-draco\/#primaryimage"},"image":{"@id":"https:\/\/grifos-pens.it\/it\/prodotto\/penna-sfera-argento-draco\/#primaryimage"},"thumbnailUrl":"https:\/\/grifos-pens.it\/wp-content\/uploads\/2019\/03\/NMB502-GX08-07.jpg","datePublished":"2019-03-21T14:29:58+00:00","dateModified":"2026-02-02T10:42:00+00:00","description":"Penna Sfera Oro Vermeil Gaud\u00ed\u00a0 fabbricata artigianalmente in argento massiccio 925 decorato con originale incisione guilloch\u00e8 e placcato oro 18 carati.","breadcrumb":{"@id":"https:\/\/grifos-pens.it\/it\/prodotto\/penna-sfera-argento-draco\/#breadcrumb"},"inLanguage":"it-IT","potentialAction":[{"@type":"ReadAction","target":["https:\/\/grifos-pens.it\/it\/prodotto\/penna-sfera-argento-draco\/"]}]},{"@type":"ImageObject","inLanguage":"it-IT","@id":"https:\/\/grifos-pens.it\/it\/prodotto\/penna-sfera-argento-draco\/#primaryimage","url":"https:\/\/grifos-pens.it\/wp-content\/uploads\/2019\/03\/NMB502-GX08-07.jpg","contentUrl":"https:\/\/grifos-pens.it\/wp-content\/uploads\/2019\/03\/NMB502-GX08-07.jpg","width":1000,"height":667,"caption":"Penna biro"},{"@type":"BreadcrumbList","@id":"https:\/\/grifos-pens.it\/it\/prodotto\/penna-sfera-argento-draco\/#breadcrumb","itemListElement":[{"@type":"ListItem","position":1,"name":"Home","item":"https:\/\/grifos-pens.it\/it\/"},{"@type":"ListItem","position":2,"name":"Catalogo","item":"https:\/\/grifos-pens.it\/it\/catalogo\/"},{"@type":"ListItem","position":3,"name":"Penna Sfera Oro Vermeil Gaud\u00ed"}]},{"@type":"WebSite","@id":"https:\/\/grifos-pens.it\/it\/#website","url":"https:\/\/grifos-pens.it\/it\/","name":"Grifos Pens","description":"Handcrafted Writing Instrument Of Italy","publisher":{"@id":"https:\/\/grifos-pens.it\/it\/#organization"},"potentialAction":[{"@type":"SearchAction","target":{"@type":"EntryPoint","urlTemplate":"https:\/\/grifos-pens.it\/it\/?s={search_term_string}"},"query-input":{"@type":"PropertyValueSpecification","valueRequired":true,"valueName":"search_term_string"}}],"inLanguage":"it-IT"},{"@type":"Organization","@id":"https:\/\/grifos-pens.it\/it\/#organization","name":"Grifos Pens","url":"https:\/\/grifos-pens.it\/it\/","logo":{"@type":"ImageObject","inLanguage":"it-IT","@id":"https:\/\/grifos-pens.it\/it\/#\/schema\/logo\/image\/","url":"https:\/\/grifos-pens.it\/wp-content\/uploads\/2023\/05\/logo-grifos.svg","contentUrl":"https:\/\/grifos-pens.it\/wp-content\/uploads\/2023\/05\/logo-grifos.svg","width":267,"height":243,"caption":"Grifos Pens"},"image":{"@id":"https:\/\/grifos-pens.it\/it\/#\/schema\/logo\/image\/"},"sameAs":["https:\/\/www.facebook.com\/grifospensitaly\/?locale=it_IT","https:\/\/www.instagram.com\/grifos.pens\/"]}]}},"_links":{"self":[{"href":"https:\/\/grifos-pens.it\/it\/wp-json\/wp\/v2\/product\/2055","targetHints":{"allow":["GET"]}}],"collection":[{"href":"https:\/\/grifos-pens.it\/it\/wp-json\/wp\/v2\/product"}],"about":[{"href":"https:\/\/grifos-pens.it\/it\/wp-json\/wp\/v2\/types\/product"}],"replies":[{"embeddable":true,"href":"https:\/\/grifos-pens.it\/it\/wp-json\/wp\/v2\/comments?post=2055"}],"wp:featuredmedia":[{"embeddable":true,"href":"https:\/\/grifos-pens.it\/it\/wp-json\/wp\/v2\/media\/2070"}],"wp:attachment":[{"href":"https:\/\/grifos-pens.it\/it\/wp-json\/wp\/v2\/media?parent=2055"}],"wp:term":[{"taxonomy":"product_brand","embeddable":true,"href":"https:\/\/grifos-pens.it\/it\/wp-json\/wp\/v2\/product_brand?post=2055"},{"taxonomy":"product_cat","embeddable":true,"href":"https:\/\/grifos-pens.it\/it\/wp-json\/wp\/v2\/product_cat?post=2055"},{"taxonomy":"product_tag","embeddable":true,"href":"https:\/\/grifos-pens.it\/it\/wp-json\/wp\/v2\/product_tag?post=2055"}],"curies":[{"name":"wp","href":"https:\/\/api.w.org\/{rel}","templated":true}]}}