{"id":2145,"date":"2019-03-22T15:34:44","date_gmt":"2019-03-22T14:34:44","guid":{"rendered":"http:\/\/grifos-pens.it\/?post_type=product&#038;p=2145"},"modified":"2026-02-02T11:41:58","modified_gmt":"2026-02-02T10:41:58","slug":"matita-argento-particolari-rosa","status":"publish","type":"product","link":"https:\/\/grifos-pens.it\/it\/prodotto\/matita-argento-particolari-rosa\/","title":{"rendered":"Matita Argento &#8220;Pen and the City&#8221;"},"content":{"rendered":"<p>Matita a mine fabbricata artigianalmente in argento massiccio 925 (sterling), impreziosita da incisioni geometriche che richiamano gli skyline delle citt\u00e0, con particolari placcati in oro rosa. Ogni strumento di scrittura \u00e8 marcato con il timbro 925 e &#8220;*TO 675&#8221;, a conferma dell&#8217;uso di argento 925 di alta qualit\u00e0 e della nostra appartenenza all&#8217;albo orafo.<\/p>\n<p>Dotata di meccanismo a rotazione, pu\u00f2 essere ricaricata con mine da 0,5 mm o 0,7 mm a vostra scelta. Su richiesta, il portamine \u00e8 disponibile con dettagli argentati e personalizzazione.<\/p>\n<p>Il portamine viene consegnata in un raffinato astuccio da regalo accompagnato da un certificato di autenticit\u00e0, che attesta che questa creazione \u00e8 stata realizzata artigianalmente in autentico argento 925, con cura e attenzione ai dettagli, seguendo la pi\u00f9 alta tradizione orafa italiana.<\/p>\n","protected":false},"excerpt":{"rendered":"<p>Matita a mine fabbricata artigianalmente in argento massiccio 925 (sterling), impreziosita da incisioni geometriche che richiamano gli skyline delle citt\u00e0, con particolari placcati in oro rosa. Ogni strumento di scrittura \u00e8 marcato con il timbro 925 e &#8220;*TO 675&#8221;, a conferma dell&#8217;uso di argento 925 di alta qualit\u00e0 e della nostra appartenenza all&#8217;albo orafo.<\/p>\n","protected":false},"featured_media":7500,"comment_status":"closed","ping_status":"closed","template":"","meta":[],"product_brand":[],"product_cat":[264,274],"product_tag":[1255,277,1268,1278,1277],"class_list":{"0":"post-2145","1":"product","2":"type-product","3":"status-publish","4":"has-post-thumbnail","6":"product_cat-argento","7":"product_cat-matite","8":"product_tag-argento-925","9":"product_tag-matita","10":"product_tag-matita-a-mine","11":"product_tag-oro-rosa","12":"product_tag-portamine","14":"first","15":"instock","16":"taxable","17":"shipping-taxable","18":"purchasable","19":"product-type-simple"},"yoast_head":"<!-- This site is optimized with the Yoast SEO plugin v27.4 - https:\/\/yoast.com\/product\/yoast-seo-wordpress\/ -->\n<title>Matita Argento &quot;Pen and the City&quot; - Grifos Pens<\/title>\n<meta name=\"description\" content=\"Matita a mine fabbricata artigianalmente in argento massiccio 925 (sterling), impreziosita da incisioni geometriche che richiamano gli skyline.\" \/>\n<meta name=\"robots\" content=\"index, follow, max-snippet:-1, max-image-preview:large, max-video-preview:-1\" \/>\n<link rel=\"canonical\" href=\"https:\/\/grifos-pens.it\/it\/prodotto\/matita-argento-particolari-rosa\/\" \/>\n<meta property=\"og:locale\" content=\"it_IT\" \/>\n<meta property=\"og:type\" content=\"article\" \/>\n<meta property=\"og:title\" content=\"Matita Argento &quot;Pen and the City&quot; - Grifos Pens\" \/>\n<meta property=\"og:description\" content=\"Matita a mine fabbricata artigianalmente in argento massiccio 925 (sterling), impreziosita da incisioni geometriche che richiamano gli skyline.\" \/>\n<meta property=\"og:url\" content=\"https:\/\/grifos-pens.it\/it\/prodotto\/matita-argento-particolari-rosa\/\" \/>\n<meta property=\"og:site_name\" content=\"Grifos Pens\" \/>\n<meta property=\"article:publisher\" content=\"https:\/\/www.facebook.com\/grifospensitaly\/?locale=it_IT\" \/>\n<meta property=\"article:modified_time\" content=\"2026-02-02T10:41:58+00:00\" \/>\n<meta property=\"og:image\" content=\"https:\/\/grifos-pens.it\/wp-content\/uploads\/2019\/03\/ballpoint-pen-NMB501-AR-GX13.jpg\" \/>\n\t<meta property=\"og:image:width\" content=\"1000\" \/>\n\t<meta property=\"og:image:height\" content=\"667\" \/>\n\t<meta property=\"og:image:type\" content=\"image\/jpeg\" \/>\n<meta name=\"twitter:card\" content=\"summary_large_image\" \/>\n<meta name=\"twitter:label1\" content=\"Tempo di lettura stimato\" \/>\n\t<meta name=\"twitter:data1\" content=\"1 minuto\" \/>\n<script type=\"application\/ld+json\" class=\"yoast-schema-graph\">{\"@context\":\"https:\\\/\\\/schema.org\",\"@graph\":[{\"@type\":\"WebPage\",\"@id\":\"https:\\\/\\\/grifos-pens.it\\\/it\\\/prodotto\\\/matita-argento-particolari-rosa\\\/\",\"url\":\"https:\\\/\\\/grifos-pens.it\\\/it\\\/prodotto\\\/matita-argento-particolari-rosa\\\/\",\"name\":\"Matita Argento \\\"Pen and the City\\\" - Grifos Pens\",\"isPartOf\":{\"@id\":\"https:\\\/\\\/grifos-pens.it\\\/it\\\/#website\"},\"primaryImageOfPage\":{\"@id\":\"https:\\\/\\\/grifos-pens.it\\\/it\\\/prodotto\\\/matita-argento-particolari-rosa\\\/#primaryimage\"},\"image\":{\"@id\":\"https:\\\/\\\/grifos-pens.it\\\/it\\\/prodotto\\\/matita-argento-particolari-rosa\\\/#primaryimage\"},\"thumbnailUrl\":\"https:\\\/\\\/grifos-pens.it\\\/wp-content\\\/uploads\\\/2019\\\/03\\\/ballpoint-pen-NMB501-AR-GX13.jpg\",\"datePublished\":\"2019-03-22T14:34:44+00:00\",\"dateModified\":\"2026-02-02T10:41:58+00:00\",\"description\":\"Matita a mine fabbricata artigianalmente in argento massiccio 925 (sterling), impreziosita da incisioni geometriche che richiamano gli skyline.\",\"breadcrumb\":{\"@id\":\"https:\\\/\\\/grifos-pens.it\\\/it\\\/prodotto\\\/matita-argento-particolari-rosa\\\/#breadcrumb\"},\"inLanguage\":\"it-IT\",\"potentialAction\":[{\"@type\":\"ReadAction\",\"target\":[\"https:\\\/\\\/grifos-pens.it\\\/it\\\/prodotto\\\/matita-argento-particolari-rosa\\\/\"]}]},{\"@type\":\"ImageObject\",\"inLanguage\":\"it-IT\",\"@id\":\"https:\\\/\\\/grifos-pens.it\\\/it\\\/prodotto\\\/matita-argento-particolari-rosa\\\/#primaryimage\",\"url\":\"https:\\\/\\\/grifos-pens.it\\\/wp-content\\\/uploads\\\/2019\\\/03\\\/ballpoint-pen-NMB501-AR-GX13.jpg\",\"contentUrl\":\"https:\\\/\\\/grifos-pens.it\\\/wp-content\\\/uploads\\\/2019\\\/03\\\/ballpoint-pen-NMB501-AR-GX13.jpg\",\"width\":1000,\"height\":667,\"caption\":\"Matita argento\"},{\"@type\":\"BreadcrumbList\",\"@id\":\"https:\\\/\\\/grifos-pens.it\\\/it\\\/prodotto\\\/matita-argento-particolari-rosa\\\/#breadcrumb\",\"itemListElement\":[{\"@type\":\"ListItem\",\"position\":1,\"name\":\"Home\",\"item\":\"https:\\\/\\\/grifos-pens.it\\\/it\\\/\"},{\"@type\":\"ListItem\",\"position\":2,\"name\":\"Catalogo\",\"item\":\"https:\\\/\\\/grifos-pens.it\\\/it\\\/catalogo\\\/\"},{\"@type\":\"ListItem\",\"position\":3,\"name\":\"Matita Argento &#8220;Pen and the City&#8221;\"}]},{\"@type\":\"WebSite\",\"@id\":\"https:\\\/\\\/grifos-pens.it\\\/it\\\/#website\",\"url\":\"https:\\\/\\\/grifos-pens.it\\\/it\\\/\",\"name\":\"Grifos Pens\",\"description\":\"Handcrafted Writing Instrument Of Italy\",\"publisher\":{\"@id\":\"https:\\\/\\\/grifos-pens.it\\\/it\\\/#organization\"},\"potentialAction\":[{\"@type\":\"SearchAction\",\"target\":{\"@type\":\"EntryPoint\",\"urlTemplate\":\"https:\\\/\\\/grifos-pens.it\\\/it\\\/?s={search_term_string}\"},\"query-input\":{\"@type\":\"PropertyValueSpecification\",\"valueRequired\":true,\"valueName\":\"search_term_string\"}}],\"inLanguage\":\"it-IT\"},{\"@type\":\"Organization\",\"@id\":\"https:\\\/\\\/grifos-pens.it\\\/it\\\/#organization\",\"name\":\"Grifos Pens\",\"url\":\"https:\\\/\\\/grifos-pens.it\\\/it\\\/\",\"logo\":{\"@type\":\"ImageObject\",\"inLanguage\":\"it-IT\",\"@id\":\"https:\\\/\\\/grifos-pens.it\\\/it\\\/#\\\/schema\\\/logo\\\/image\\\/\",\"url\":\"https:\\\/\\\/grifos-pens.it\\\/wp-content\\\/uploads\\\/2023\\\/05\\\/logo-grifos.svg\",\"contentUrl\":\"https:\\\/\\\/grifos-pens.it\\\/wp-content\\\/uploads\\\/2023\\\/05\\\/logo-grifos.svg\",\"width\":267,\"height\":243,\"caption\":\"Grifos Pens\"},\"image\":{\"@id\":\"https:\\\/\\\/grifos-pens.it\\\/it\\\/#\\\/schema\\\/logo\\\/image\\\/\"},\"sameAs\":[\"https:\\\/\\\/www.facebook.com\\\/grifospensitaly\\\/?locale=it_IT\",\"https:\\\/\\\/www.instagram.com\\\/grifos.pens\\\/\"]}]}<\/script>\n<!-- \/ Yoast SEO plugin. -->","yoast_head_json":{"title":"Matita Argento \"Pen and the City\" - Grifos Pens","description":"Matita a mine fabbricata artigianalmente in argento massiccio 925 (sterling), impreziosita da incisioni geometriche che richiamano gli skyline.","robots":{"index":"index","follow":"follow","max-snippet":"max-snippet:-1","max-image-preview":"max-image-preview:large","max-video-preview":"max-video-preview:-1"},"canonical":"https:\/\/grifos-pens.it\/it\/prodotto\/matita-argento-particolari-rosa\/","og_locale":"it_IT","og_type":"article","og_title":"Matita Argento \"Pen and the City\" - Grifos Pens","og_description":"Matita a mine fabbricata artigianalmente in argento massiccio 925 (sterling), impreziosita da incisioni geometriche che richiamano gli skyline.","og_url":"https:\/\/grifos-pens.it\/it\/prodotto\/matita-argento-particolari-rosa\/","og_site_name":"Grifos Pens","article_publisher":"https:\/\/www.facebook.com\/grifospensitaly\/?locale=it_IT","article_modified_time":"2026-02-02T10:41:58+00:00","og_image":[{"width":1000,"height":667,"url":"https:\/\/grifos-pens.it\/wp-content\/uploads\/2019\/03\/ballpoint-pen-NMB501-AR-GX13.jpg","type":"image\/jpeg"}],"twitter_card":"summary_large_image","twitter_misc":{"Tempo di lettura stimato":"1 minuto"},"schema":{"@context":"https:\/\/schema.org","@graph":[{"@type":"WebPage","@id":"https:\/\/grifos-pens.it\/it\/prodotto\/matita-argento-particolari-rosa\/","url":"https:\/\/grifos-pens.it\/it\/prodotto\/matita-argento-particolari-rosa\/","name":"Matita Argento \"Pen and the City\" - Grifos Pens","isPartOf":{"@id":"https:\/\/grifos-pens.it\/it\/#website"},"primaryImageOfPage":{"@id":"https:\/\/grifos-pens.it\/it\/prodotto\/matita-argento-particolari-rosa\/#primaryimage"},"image":{"@id":"https:\/\/grifos-pens.it\/it\/prodotto\/matita-argento-particolari-rosa\/#primaryimage"},"thumbnailUrl":"https:\/\/grifos-pens.it\/wp-content\/uploads\/2019\/03\/ballpoint-pen-NMB501-AR-GX13.jpg","datePublished":"2019-03-22T14:34:44+00:00","dateModified":"2026-02-02T10:41:58+00:00","description":"Matita a mine fabbricata artigianalmente in argento massiccio 925 (sterling), impreziosita da incisioni geometriche che richiamano gli skyline.","breadcrumb":{"@id":"https:\/\/grifos-pens.it\/it\/prodotto\/matita-argento-particolari-rosa\/#breadcrumb"},"inLanguage":"it-IT","potentialAction":[{"@type":"ReadAction","target":["https:\/\/grifos-pens.it\/it\/prodotto\/matita-argento-particolari-rosa\/"]}]},{"@type":"ImageObject","inLanguage":"it-IT","@id":"https:\/\/grifos-pens.it\/it\/prodotto\/matita-argento-particolari-rosa\/#primaryimage","url":"https:\/\/grifos-pens.it\/wp-content\/uploads\/2019\/03\/ballpoint-pen-NMB501-AR-GX13.jpg","contentUrl":"https:\/\/grifos-pens.it\/wp-content\/uploads\/2019\/03\/ballpoint-pen-NMB501-AR-GX13.jpg","width":1000,"height":667,"caption":"Matita argento"},{"@type":"BreadcrumbList","@id":"https:\/\/grifos-pens.it\/it\/prodotto\/matita-argento-particolari-rosa\/#breadcrumb","itemListElement":[{"@type":"ListItem","position":1,"name":"Home","item":"https:\/\/grifos-pens.it\/it\/"},{"@type":"ListItem","position":2,"name":"Catalogo","item":"https:\/\/grifos-pens.it\/it\/catalogo\/"},{"@type":"ListItem","position":3,"name":"Matita Argento &#8220;Pen and the City&#8221;"}]},{"@type":"WebSite","@id":"https:\/\/grifos-pens.it\/it\/#website","url":"https:\/\/grifos-pens.it\/it\/","name":"Grifos Pens","description":"Handcrafted Writing Instrument Of Italy","publisher":{"@id":"https:\/\/grifos-pens.it\/it\/#organization"},"potentialAction":[{"@type":"SearchAction","target":{"@type":"EntryPoint","urlTemplate":"https:\/\/grifos-pens.it\/it\/?s={search_term_string}"},"query-input":{"@type":"PropertyValueSpecification","valueRequired":true,"valueName":"search_term_string"}}],"inLanguage":"it-IT"},{"@type":"Organization","@id":"https:\/\/grifos-pens.it\/it\/#organization","name":"Grifos Pens","url":"https:\/\/grifos-pens.it\/it\/","logo":{"@type":"ImageObject","inLanguage":"it-IT","@id":"https:\/\/grifos-pens.it\/it\/#\/schema\/logo\/image\/","url":"https:\/\/grifos-pens.it\/wp-content\/uploads\/2023\/05\/logo-grifos.svg","contentUrl":"https:\/\/grifos-pens.it\/wp-content\/uploads\/2023\/05\/logo-grifos.svg","width":267,"height":243,"caption":"Grifos Pens"},"image":{"@id":"https:\/\/grifos-pens.it\/it\/#\/schema\/logo\/image\/"},"sameAs":["https:\/\/www.facebook.com\/grifospensitaly\/?locale=it_IT","https:\/\/www.instagram.com\/grifos.pens\/"]}]}},"_links":{"self":[{"href":"https:\/\/grifos-pens.it\/it\/wp-json\/wp\/v2\/product\/2145","targetHints":{"allow":["GET"]}}],"collection":[{"href":"https:\/\/grifos-pens.it\/it\/wp-json\/wp\/v2\/product"}],"about":[{"href":"https:\/\/grifos-pens.it\/it\/wp-json\/wp\/v2\/types\/product"}],"replies":[{"embeddable":true,"href":"https:\/\/grifos-pens.it\/it\/wp-json\/wp\/v2\/comments?post=2145"}],"wp:featuredmedia":[{"embeddable":true,"href":"https:\/\/grifos-pens.it\/it\/wp-json\/wp\/v2\/media\/7500"}],"wp:attachment":[{"href":"https:\/\/grifos-pens.it\/it\/wp-json\/wp\/v2\/media?parent=2145"}],"wp:term":[{"taxonomy":"product_brand","embeddable":true,"href":"https:\/\/grifos-pens.it\/it\/wp-json\/wp\/v2\/product_brand?post=2145"},{"taxonomy":"product_cat","embeddable":true,"href":"https:\/\/grifos-pens.it\/it\/wp-json\/wp\/v2\/product_cat?post=2145"},{"taxonomy":"product_tag","embeddable":true,"href":"https:\/\/grifos-pens.it\/it\/wp-json\/wp\/v2\/product_tag?post=2145"}],"curies":[{"name":"wp","href":"https:\/\/api.w.org\/{rel}","templated":true}]}}