{"id":2153,"date":"2019-03-22T15:59:19","date_gmt":"2019-03-22T14:59:19","guid":{"rendered":"http:\/\/grifos-pens.it\/?post_type=product&#038;p=2153"},"modified":"2026-02-02T11:41:07","modified_gmt":"2026-02-02T10:41:07","slug":"penna-roller-legno-fossile-e-argento","status":"publish","type":"product","link":"https:\/\/grifos-pens.it\/it\/prodotto\/penna-roller-legno-fossile-e-argento\/","title":{"rendered":"Penna Roller Legno Fossile e Argento"},"content":{"rendered":"<p>Penna roller creata e realizzata nel nostro laboratorio in legno fossile, legno millenario con datazione anteriore a 5 000 anni fa. Il design e la scelta dei colori rendono le penna estremamente piacevole non solo al tatto, ma anche per la vista. Cappuccio e puntale della penna stilografica sono realizzati in argento massiccio 925 placcato oro nero 18 kt ed inciso con il disegno in stile dark vintage che risalta il prezioso legno fossile color canna di fucile. Ogni penna \u00e8 timbrata 925 e *675 TO a testimonianza del metallo prezioso usato (argento 925) e della nostra appartenenza all&#8217;albo orafo.<\/p>\n<p>Ricarica refill tipo standard internazionale inchiostro blu o nero (a scelta). Apertura cappuccio a vite.<\/p>\n<p>Roller viene consegnato in astuccio da regalo con certificato di autenticit\u00e0 che garantisce la presente creazione di esser artigianalmente realizzata in legno fossile e argento 925, rifinita e controllata attentamente come la pi\u00f9 alta tradizione orafa italiana richiede.<\/p>\n<p>La penna \u00e8 disponibile su ordinazione con personalizzazione, e in versione penna stilografica.<\/p>\n<p>IVA e spedizione a mezzo pacco raccomandato sono gi\u00e0 inclusi nel prezzo della penna.<\/p>\n","protected":false},"excerpt":{"rendered":"<p>Provare a trascrivere i propri pensieri con una penna costruita con il legno pi\u00f9 antico delle piramidi egiziane \u00e8 una esperienza unica e indimenticabile. Questa penna \u00e8 un regalo ricercato per collezionisti e amanti di scrittura, rigorosamente fatta in Italia.<\/p>\n","protected":false},"featured_media":2154,"comment_status":"closed","ping_status":"closed","template":"","meta":[],"product_brand":[],"product_cat":[264,267,273],"product_tag":[256,252],"class_list":{"0":"post-2153","1":"product","2":"type-product","3":"status-publish","4":"has-post-thumbnail","6":"product_cat-argento","7":"product_cat-legno","8":"product_cat-penne-roller-2","9":"product_tag-penna-2","10":"product_tag-penne-artigianali-2","12":"first","13":"instock","14":"taxable","15":"shipping-taxable","16":"purchasable","17":"product-type-simple"},"yoast_head":"<!-- This site is optimized with the Yoast SEO plugin v27.4 - https:\/\/yoast.com\/product\/yoast-seo-wordpress\/ -->\n<title>Penna Roller Legno Fossile e Argento - Grifos Pens<\/title>\n<meta name=\"robots\" content=\"index, follow, max-snippet:-1, max-image-preview:large, max-video-preview:-1\" \/>\n<link rel=\"canonical\" href=\"https:\/\/grifos-pens.it\/it\/prodotto\/penna-roller-legno-fossile-e-argento\/\" \/>\n<meta property=\"og:locale\" content=\"it_IT\" \/>\n<meta property=\"og:type\" content=\"article\" \/>\n<meta property=\"og:title\" content=\"Penna Roller Legno Fossile e Argento - Grifos Pens\" \/>\n<meta property=\"og:description\" content=\"Provare a trascrivere i propri pensieri con una penna costruita con il legno pi\u00f9 antico delle piramidi egiziane \u00e8 una esperienza unica e indimenticabile. Questa penna \u00e8 un regalo ricercato per collezionisti e amanti di scrittura, rigorosamente fatta in Italia.\" \/>\n<meta property=\"og:url\" content=\"https:\/\/grifos-pens.it\/it\/prodotto\/penna-roller-legno-fossile-e-argento\/\" \/>\n<meta property=\"og:site_name\" content=\"Grifos Pens\" \/>\n<meta property=\"article:publisher\" content=\"https:\/\/www.facebook.com\/grifospensitaly\/?locale=it_IT\" \/>\n<meta property=\"article:modified_time\" content=\"2026-02-02T10:41:07+00:00\" \/>\n<meta property=\"og:image\" content=\"https:\/\/grifos-pens.it\/wp-content\/uploads\/2019\/03\/NMR512-N-GX06N-Fossil-6.jpg\" \/>\n\t<meta property=\"og:image:width\" content=\"1000\" \/>\n\t<meta property=\"og:image:height\" content=\"667\" \/>\n\t<meta property=\"og:image:type\" content=\"image\/jpeg\" \/>\n<meta name=\"twitter:card\" content=\"summary_large_image\" \/>\n<meta name=\"twitter:label1\" content=\"Tempo di lettura stimato\" \/>\n\t<meta name=\"twitter:data1\" content=\"1 minuto\" \/>\n<script type=\"application\/ld+json\" class=\"yoast-schema-graph\">{\"@context\":\"https:\\\/\\\/schema.org\",\"@graph\":[{\"@type\":\"WebPage\",\"@id\":\"https:\\\/\\\/grifos-pens.it\\\/it\\\/prodotto\\\/penna-roller-legno-fossile-e-argento\\\/\",\"url\":\"https:\\\/\\\/grifos-pens.it\\\/it\\\/prodotto\\\/penna-roller-legno-fossile-e-argento\\\/\",\"name\":\"Penna Roller Legno Fossile e Argento - Grifos Pens\",\"isPartOf\":{\"@id\":\"https:\\\/\\\/grifos-pens.it\\\/it\\\/#website\"},\"primaryImageOfPage\":{\"@id\":\"https:\\\/\\\/grifos-pens.it\\\/it\\\/prodotto\\\/penna-roller-legno-fossile-e-argento\\\/#primaryimage\"},\"image\":{\"@id\":\"https:\\\/\\\/grifos-pens.it\\\/it\\\/prodotto\\\/penna-roller-legno-fossile-e-argento\\\/#primaryimage\"},\"thumbnailUrl\":\"https:\\\/\\\/grifos-pens.it\\\/wp-content\\\/uploads\\\/2019\\\/03\\\/NMR512-N-GX06N-Fossil-6.jpg\",\"datePublished\":\"2019-03-22T14:59:19+00:00\",\"dateModified\":\"2026-02-02T10:41:07+00:00\",\"breadcrumb\":{\"@id\":\"https:\\\/\\\/grifos-pens.it\\\/it\\\/prodotto\\\/penna-roller-legno-fossile-e-argento\\\/#breadcrumb\"},\"inLanguage\":\"it-IT\",\"potentialAction\":[{\"@type\":\"ReadAction\",\"target\":[\"https:\\\/\\\/grifos-pens.it\\\/it\\\/prodotto\\\/penna-roller-legno-fossile-e-argento\\\/\"]}]},{\"@type\":\"ImageObject\",\"inLanguage\":\"it-IT\",\"@id\":\"https:\\\/\\\/grifos-pens.it\\\/it\\\/prodotto\\\/penna-roller-legno-fossile-e-argento\\\/#primaryimage\",\"url\":\"https:\\\/\\\/grifos-pens.it\\\/wp-content\\\/uploads\\\/2019\\\/03\\\/NMR512-N-GX06N-Fossil-6.jpg\",\"contentUrl\":\"https:\\\/\\\/grifos-pens.it\\\/wp-content\\\/uploads\\\/2019\\\/03\\\/NMR512-N-GX06N-Fossil-6.jpg\",\"width\":1000,\"height\":667,\"caption\":\"Penna roller nera\"},{\"@type\":\"BreadcrumbList\",\"@id\":\"https:\\\/\\\/grifos-pens.it\\\/it\\\/prodotto\\\/penna-roller-legno-fossile-e-argento\\\/#breadcrumb\",\"itemListElement\":[{\"@type\":\"ListItem\",\"position\":1,\"name\":\"Home\",\"item\":\"https:\\\/\\\/grifos-pens.it\\\/it\\\/\"},{\"@type\":\"ListItem\",\"position\":2,\"name\":\"Catalogo\",\"item\":\"https:\\\/\\\/grifos-pens.it\\\/it\\\/catalogo\\\/\"},{\"@type\":\"ListItem\",\"position\":3,\"name\":\"Penna Roller Legno Fossile e Argento\"}]},{\"@type\":\"WebSite\",\"@id\":\"https:\\\/\\\/grifos-pens.it\\\/it\\\/#website\",\"url\":\"https:\\\/\\\/grifos-pens.it\\\/it\\\/\",\"name\":\"Grifos Pens\",\"description\":\"Handcrafted Writing Instrument Of Italy\",\"publisher\":{\"@id\":\"https:\\\/\\\/grifos-pens.it\\\/it\\\/#organization\"},\"potentialAction\":[{\"@type\":\"SearchAction\",\"target\":{\"@type\":\"EntryPoint\",\"urlTemplate\":\"https:\\\/\\\/grifos-pens.it\\\/it\\\/?s={search_term_string}\"},\"query-input\":{\"@type\":\"PropertyValueSpecification\",\"valueRequired\":true,\"valueName\":\"search_term_string\"}}],\"inLanguage\":\"it-IT\"},{\"@type\":\"Organization\",\"@id\":\"https:\\\/\\\/grifos-pens.it\\\/it\\\/#organization\",\"name\":\"Grifos Pens\",\"url\":\"https:\\\/\\\/grifos-pens.it\\\/it\\\/\",\"logo\":{\"@type\":\"ImageObject\",\"inLanguage\":\"it-IT\",\"@id\":\"https:\\\/\\\/grifos-pens.it\\\/it\\\/#\\\/schema\\\/logo\\\/image\\\/\",\"url\":\"https:\\\/\\\/grifos-pens.it\\\/wp-content\\\/uploads\\\/2023\\\/05\\\/logo-grifos.svg\",\"contentUrl\":\"https:\\\/\\\/grifos-pens.it\\\/wp-content\\\/uploads\\\/2023\\\/05\\\/logo-grifos.svg\",\"width\":267,\"height\":243,\"caption\":\"Grifos Pens\"},\"image\":{\"@id\":\"https:\\\/\\\/grifos-pens.it\\\/it\\\/#\\\/schema\\\/logo\\\/image\\\/\"},\"sameAs\":[\"https:\\\/\\\/www.facebook.com\\\/grifospensitaly\\\/?locale=it_IT\",\"https:\\\/\\\/www.instagram.com\\\/grifos.pens\\\/\"]}]}<\/script>\n<!-- \/ Yoast SEO plugin. -->","yoast_head_json":{"title":"Penna Roller Legno Fossile e Argento - Grifos Pens","robots":{"index":"index","follow":"follow","max-snippet":"max-snippet:-1","max-image-preview":"max-image-preview:large","max-video-preview":"max-video-preview:-1"},"canonical":"https:\/\/grifos-pens.it\/it\/prodotto\/penna-roller-legno-fossile-e-argento\/","og_locale":"it_IT","og_type":"article","og_title":"Penna Roller Legno Fossile e Argento - Grifos Pens","og_description":"Provare a trascrivere i propri pensieri con una penna costruita con il legno pi\u00f9 antico delle piramidi egiziane \u00e8 una esperienza unica e indimenticabile. Questa penna \u00e8 un regalo ricercato per collezionisti e amanti di scrittura, rigorosamente fatta in Italia.","og_url":"https:\/\/grifos-pens.it\/it\/prodotto\/penna-roller-legno-fossile-e-argento\/","og_site_name":"Grifos Pens","article_publisher":"https:\/\/www.facebook.com\/grifospensitaly\/?locale=it_IT","article_modified_time":"2026-02-02T10:41:07+00:00","og_image":[{"width":1000,"height":667,"url":"https:\/\/grifos-pens.it\/wp-content\/uploads\/2019\/03\/NMR512-N-GX06N-Fossil-6.jpg","type":"image\/jpeg"}],"twitter_card":"summary_large_image","twitter_misc":{"Tempo di lettura stimato":"1 minuto"},"schema":{"@context":"https:\/\/schema.org","@graph":[{"@type":"WebPage","@id":"https:\/\/grifos-pens.it\/it\/prodotto\/penna-roller-legno-fossile-e-argento\/","url":"https:\/\/grifos-pens.it\/it\/prodotto\/penna-roller-legno-fossile-e-argento\/","name":"Penna Roller Legno Fossile e Argento - Grifos Pens","isPartOf":{"@id":"https:\/\/grifos-pens.it\/it\/#website"},"primaryImageOfPage":{"@id":"https:\/\/grifos-pens.it\/it\/prodotto\/penna-roller-legno-fossile-e-argento\/#primaryimage"},"image":{"@id":"https:\/\/grifos-pens.it\/it\/prodotto\/penna-roller-legno-fossile-e-argento\/#primaryimage"},"thumbnailUrl":"https:\/\/grifos-pens.it\/wp-content\/uploads\/2019\/03\/NMR512-N-GX06N-Fossil-6.jpg","datePublished":"2019-03-22T14:59:19+00:00","dateModified":"2026-02-02T10:41:07+00:00","breadcrumb":{"@id":"https:\/\/grifos-pens.it\/it\/prodotto\/penna-roller-legno-fossile-e-argento\/#breadcrumb"},"inLanguage":"it-IT","potentialAction":[{"@type":"ReadAction","target":["https:\/\/grifos-pens.it\/it\/prodotto\/penna-roller-legno-fossile-e-argento\/"]}]},{"@type":"ImageObject","inLanguage":"it-IT","@id":"https:\/\/grifos-pens.it\/it\/prodotto\/penna-roller-legno-fossile-e-argento\/#primaryimage","url":"https:\/\/grifos-pens.it\/wp-content\/uploads\/2019\/03\/NMR512-N-GX06N-Fossil-6.jpg","contentUrl":"https:\/\/grifos-pens.it\/wp-content\/uploads\/2019\/03\/NMR512-N-GX06N-Fossil-6.jpg","width":1000,"height":667,"caption":"Penna roller nera"},{"@type":"BreadcrumbList","@id":"https:\/\/grifos-pens.it\/it\/prodotto\/penna-roller-legno-fossile-e-argento\/#breadcrumb","itemListElement":[{"@type":"ListItem","position":1,"name":"Home","item":"https:\/\/grifos-pens.it\/it\/"},{"@type":"ListItem","position":2,"name":"Catalogo","item":"https:\/\/grifos-pens.it\/it\/catalogo\/"},{"@type":"ListItem","position":3,"name":"Penna Roller Legno Fossile e Argento"}]},{"@type":"WebSite","@id":"https:\/\/grifos-pens.it\/it\/#website","url":"https:\/\/grifos-pens.it\/it\/","name":"Grifos Pens","description":"Handcrafted Writing Instrument Of Italy","publisher":{"@id":"https:\/\/grifos-pens.it\/it\/#organization"},"potentialAction":[{"@type":"SearchAction","target":{"@type":"EntryPoint","urlTemplate":"https:\/\/grifos-pens.it\/it\/?s={search_term_string}"},"query-input":{"@type":"PropertyValueSpecification","valueRequired":true,"valueName":"search_term_string"}}],"inLanguage":"it-IT"},{"@type":"Organization","@id":"https:\/\/grifos-pens.it\/it\/#organization","name":"Grifos Pens","url":"https:\/\/grifos-pens.it\/it\/","logo":{"@type":"ImageObject","inLanguage":"it-IT","@id":"https:\/\/grifos-pens.it\/it\/#\/schema\/logo\/image\/","url":"https:\/\/grifos-pens.it\/wp-content\/uploads\/2023\/05\/logo-grifos.svg","contentUrl":"https:\/\/grifos-pens.it\/wp-content\/uploads\/2023\/05\/logo-grifos.svg","width":267,"height":243,"caption":"Grifos Pens"},"image":{"@id":"https:\/\/grifos-pens.it\/it\/#\/schema\/logo\/image\/"},"sameAs":["https:\/\/www.facebook.com\/grifospensitaly\/?locale=it_IT","https:\/\/www.instagram.com\/grifos.pens\/"]}]}},"_links":{"self":[{"href":"https:\/\/grifos-pens.it\/it\/wp-json\/wp\/v2\/product\/2153","targetHints":{"allow":["GET"]}}],"collection":[{"href":"https:\/\/grifos-pens.it\/it\/wp-json\/wp\/v2\/product"}],"about":[{"href":"https:\/\/grifos-pens.it\/it\/wp-json\/wp\/v2\/types\/product"}],"replies":[{"embeddable":true,"href":"https:\/\/grifos-pens.it\/it\/wp-json\/wp\/v2\/comments?post=2153"}],"wp:featuredmedia":[{"embeddable":true,"href":"https:\/\/grifos-pens.it\/it\/wp-json\/wp\/v2\/media\/2154"}],"wp:attachment":[{"href":"https:\/\/grifos-pens.it\/it\/wp-json\/wp\/v2\/media?parent=2153"}],"wp:term":[{"taxonomy":"product_brand","embeddable":true,"href":"https:\/\/grifos-pens.it\/it\/wp-json\/wp\/v2\/product_brand?post=2153"},{"taxonomy":"product_cat","embeddable":true,"href":"https:\/\/grifos-pens.it\/it\/wp-json\/wp\/v2\/product_cat?post=2153"},{"taxonomy":"product_tag","embeddable":true,"href":"https:\/\/grifos-pens.it\/it\/wp-json\/wp\/v2\/product_tag?post=2153"}],"curies":[{"name":"wp","href":"https:\/\/api.w.org\/{rel}","templated":true}]}}