{"id":2174,"date":"2019-03-25T15:38:49","date_gmt":"2019-03-25T14:38:49","guid":{"rendered":"http:\/\/grifos-pens.it\/?post_type=product&#038;p=2174"},"modified":"2026-02-02T11:38:54","modified_gmt":"2026-02-02T10:38:54","slug":"penna-stilografica-argento-e-lacca-bordeaux","status":"publish","type":"product","link":"https:\/\/grifos-pens.it\/it\/prodotto\/penna-stilografica-argento-e-lacca-bordeaux\/","title":{"rendered":"Penna Stilografica Argento e Lacca Bordeaux"},"content":{"rendered":"<p>Penna stilografica fabbricata artigianalmente in argento massiccio 925 e lacca bordeaux con particolari dorati. Il cappuccio in argento massiccio 925 \u00e8 decorato con incisione guilloch\u00e8 &#8211; moir\u00e8 , fusto laccato color bord\u00f2 (verde o nero lucido su ordinazione). Ogni strumento di scrittura \u00e8 timbrato 925 e \u201c*TO 675\u201d a testimonianza del metallo prezioso usato, argento 925,\u00a0 e della nostra appartenenza all&#8217;albo orafo.<\/p>\n<p>Cappuccio a scatto. Ricarica a converter e cartucce d&#8217;inchiostro standard internazionale fornite nella confezione<br \/>\nPennino stilo in acciaio dorato, punta media M. Possibilit\u00e0 di scelta tra punta F fine ed extra fine, B grossa e molto grossa. Sono disponibili pennini in oro massiccio 18 k con costo aggiunto, sia in oro giallo che in oro bianco, con possibilit\u00e0 di scelta tra punta F fine, M media, B grossa.<\/p>\n<p>La penna \u00e8 disponibile su ordinazione con personalizzazione. Si pu\u00f2 ordinare la penna in versione penna roller.<\/p>\n<p>La stilografica viene consegnata in astuccio da regalo con certificato di autenticit\u00e0 che garantisce la presente creazione di esser artigianalmente realizzata in vero argento 925, rifinita e controllata attentamente come la pi\u00f9 alta tradizione orafa italiana richiede.<\/p>\n<p>&nbsp;<\/p>\n<p>&nbsp;<\/p>\n<p>&nbsp;<\/p>\n","protected":false},"excerpt":{"rendered":"<p>Penna stilografica fabbricata artigianalmente in argento massiccio 925 e lacca bordeaux con particolari dorati. Spedizione gratuita.<\/p>\n","protected":false},"featured_media":4892,"comment_status":"closed","ping_status":"closed","template":"","meta":[],"product_brand":[],"product_cat":[269,272],"product_tag":[750,758,760,764,752,748,754,744,767,736,766,741,762,737,313,765,386,1341,743,761,742,252,757,763,747,745,738,328,739,746,751,740,755,756,753,247,749,759,248],"class_list":{"0":"post-2174","1":"product","2":"type-product","3":"status-publish","4":"has-post-thumbnail","6":"product_cat-lacca","7":"product_cat-stilografiche","8":"product_tag-acquistare-la-penna-online","9":"product_tag-calligrafia","10":"product_tag-fatto-a-mano-dallitalia","11":"product_tag-hobby-della-scrittura-it","12":"product_tag-hobby-della-scrittura","13":"product_tag-idea-regalo-importante","14":"product_tag-incidere-il-luogo-della-prima-data","15":"product_tag-inciso-con-logo","16":"product_tag-penna-a-inchiostro","17":"product_tag-penna-a-sfera-it","18":"product_tag-penna-artigianale","19":"product_tag-penna-made-in-italy","20":"product_tag-penna-per-la-vita","21":"product_tag-penna-personalizzata-it","22":"product_tag-penna-personalizzata","23":"product_tag-penna-roller-argento","24":"product_tag-penna-stilografica","25":"product_tag-penna-stilografica-it","26":"product_tag-penna-su-ordinazione","27":"product_tag-penna-velenosa","28":"product_tag-penne-artigianali-it","29":"product_tag-penne-artigianali-2","30":"product_tag-penne-da-collezione","31":"product_tag-penne-dal-design-vintage","32":"product_tag-per-anniversario","33":"product_tag-personalizzare-con-il-nome","34":"product_tag-presente-significativo","35":"product_tag-regalo-a-distanza","36":"product_tag-regalo-a-distanza-it","37":"product_tag-regalo-di-laurea","38":"product_tag-regalo-di-natale-in-argento","39":"product_tag-regalo-di-nozze-unico","40":"product_tag-regalo-per-il-medico","41":"product_tag-regalo-per-ringraziare","42":"product_tag-scrittura-a-mano-it","43":"product_tag-silver-fountain-pen-2","44":"product_tag-strumenti-di-scrittura-italiani","45":"product_tag-strumento-scrittore","46":"product_tag-writing-with-fountain-pen-2","48":"first","49":"instock","50":"taxable","51":"shipping-taxable","52":"purchasable","53":"product-type-simple"},"yoast_head":"<!-- This site is optimized with the Yoast SEO plugin v27.4 - https:\/\/yoast.com\/product\/yoast-seo-wordpress\/ -->\n<title>Penna Stilografica Argento e Lacca Bordeaux - Grifos Pens<\/title>\n<meta name=\"description\" content=\"Penna stilografica fabbricata artigianalmente in argento massiccio 925 e lacca bordeaux con particolari dorati. Il cappuccio in argento massiccio 925 \u00e8 decorato con incisione guilloch\u00e8 - moir\u00e8 , fusto laccato color bord\u00f2.\" \/>\n<meta name=\"robots\" content=\"index, follow, max-snippet:-1, max-image-preview:large, max-video-preview:-1\" \/>\n<link rel=\"canonical\" href=\"https:\/\/grifos-pens.it\/it\/prodotto\/penna-stilografica-argento-e-lacca-bordeaux\/\" \/>\n<meta property=\"og:locale\" content=\"it_IT\" \/>\n<meta property=\"og:type\" content=\"article\" \/>\n<meta property=\"og:title\" content=\"Penna Stilografica Argento e Lacca Bordeaux - Grifos Pens\" \/>\n<meta property=\"og:description\" content=\"Penna stilografica fabbricata artigianalmente in argento massiccio 925 e lacca bordeaux con particolari dorati. Il cappuccio in argento massiccio 925 \u00e8 decorato con incisione guilloch\u00e8 - moir\u00e8 , fusto laccato color bord\u00f2.\" \/>\n<meta property=\"og:url\" content=\"https:\/\/grifos-pens.it\/it\/prodotto\/penna-stilografica-argento-e-lacca-bordeaux\/\" \/>\n<meta property=\"og:site_name\" content=\"Grifos Pens\" \/>\n<meta property=\"article:publisher\" content=\"https:\/\/www.facebook.com\/grifospensitaly\/?locale=it_IT\" \/>\n<meta property=\"article:modified_time\" content=\"2026-02-02T10:38:54+00:00\" \/>\n<meta property=\"og:image\" content=\"https:\/\/grifos-pens.it\/wp-content\/uploads\/2019\/03\/Penna-stiloGLB810-D-GX10-LB-06.jpg\" \/>\n\t<meta property=\"og:image:width\" content=\"1000\" \/>\n\t<meta property=\"og:image:height\" content=\"667\" \/>\n\t<meta property=\"og:image:type\" content=\"image\/jpeg\" \/>\n<meta name=\"twitter:card\" content=\"summary_large_image\" \/>\n<meta name=\"twitter:label1\" content=\"Tempo di lettura stimato\" \/>\n\t<meta name=\"twitter:data1\" content=\"2 minuti\" \/>\n<script type=\"application\/ld+json\" class=\"yoast-schema-graph\">{\"@context\":\"https:\\\/\\\/schema.org\",\"@graph\":[{\"@type\":\"WebPage\",\"@id\":\"https:\\\/\\\/grifos-pens.it\\\/it\\\/prodotto\\\/penna-stilografica-argento-e-lacca-bordeaux\\\/\",\"url\":\"https:\\\/\\\/grifos-pens.it\\\/it\\\/prodotto\\\/penna-stilografica-argento-e-lacca-bordeaux\\\/\",\"name\":\"Penna Stilografica Argento e Lacca Bordeaux - Grifos Pens\",\"isPartOf\":{\"@id\":\"https:\\\/\\\/grifos-pens.it\\\/it\\\/#website\"},\"primaryImageOfPage\":{\"@id\":\"https:\\\/\\\/grifos-pens.it\\\/it\\\/prodotto\\\/penna-stilografica-argento-e-lacca-bordeaux\\\/#primaryimage\"},\"image\":{\"@id\":\"https:\\\/\\\/grifos-pens.it\\\/it\\\/prodotto\\\/penna-stilografica-argento-e-lacca-bordeaux\\\/#primaryimage\"},\"thumbnailUrl\":\"https:\\\/\\\/grifos-pens.it\\\/wp-content\\\/uploads\\\/2019\\\/03\\\/Penna-stiloGLB810-D-GX10-LB-06.jpg\",\"datePublished\":\"2019-03-25T14:38:49+00:00\",\"dateModified\":\"2026-02-02T10:38:54+00:00\",\"description\":\"Penna stilografica fabbricata artigianalmente in argento massiccio 925 e lacca bordeaux con particolari dorati. Il cappuccio in argento massiccio 925 \u00e8 decorato con incisione guilloch\u00e8 - moir\u00e8 , fusto laccato color bord\u00f2.\",\"breadcrumb\":{\"@id\":\"https:\\\/\\\/grifos-pens.it\\\/it\\\/prodotto\\\/penna-stilografica-argento-e-lacca-bordeaux\\\/#breadcrumb\"},\"inLanguage\":\"it-IT\",\"potentialAction\":[{\"@type\":\"ReadAction\",\"target\":[\"https:\\\/\\\/grifos-pens.it\\\/it\\\/prodotto\\\/penna-stilografica-argento-e-lacca-bordeaux\\\/\"]}]},{\"@type\":\"ImageObject\",\"inLanguage\":\"it-IT\",\"@id\":\"https:\\\/\\\/grifos-pens.it\\\/it\\\/prodotto\\\/penna-stilografica-argento-e-lacca-bordeaux\\\/#primaryimage\",\"url\":\"https:\\\/\\\/grifos-pens.it\\\/wp-content\\\/uploads\\\/2019\\\/03\\\/Penna-stiloGLB810-D-GX10-LB-06.jpg\",\"contentUrl\":\"https:\\\/\\\/grifos-pens.it\\\/wp-content\\\/uploads\\\/2019\\\/03\\\/Penna-stiloGLB810-D-GX10-LB-06.jpg\",\"width\":1000,\"height\":667,\"caption\":\"Fountain pen\"},{\"@type\":\"BreadcrumbList\",\"@id\":\"https:\\\/\\\/grifos-pens.it\\\/it\\\/prodotto\\\/penna-stilografica-argento-e-lacca-bordeaux\\\/#breadcrumb\",\"itemListElement\":[{\"@type\":\"ListItem\",\"position\":1,\"name\":\"Home\",\"item\":\"https:\\\/\\\/grifos-pens.it\\\/it\\\/\"},{\"@type\":\"ListItem\",\"position\":2,\"name\":\"Catalogo\",\"item\":\"https:\\\/\\\/grifos-pens.it\\\/it\\\/catalogo\\\/\"},{\"@type\":\"ListItem\",\"position\":3,\"name\":\"Penna Stilografica Argento e Lacca Bordeaux\"}]},{\"@type\":\"WebSite\",\"@id\":\"https:\\\/\\\/grifos-pens.it\\\/it\\\/#website\",\"url\":\"https:\\\/\\\/grifos-pens.it\\\/it\\\/\",\"name\":\"Grifos Pens\",\"description\":\"Handcrafted Writing Instrument Of Italy\",\"publisher\":{\"@id\":\"https:\\\/\\\/grifos-pens.it\\\/it\\\/#organization\"},\"potentialAction\":[{\"@type\":\"SearchAction\",\"target\":{\"@type\":\"EntryPoint\",\"urlTemplate\":\"https:\\\/\\\/grifos-pens.it\\\/it\\\/?s={search_term_string}\"},\"query-input\":{\"@type\":\"PropertyValueSpecification\",\"valueRequired\":true,\"valueName\":\"search_term_string\"}}],\"inLanguage\":\"it-IT\"},{\"@type\":\"Organization\",\"@id\":\"https:\\\/\\\/grifos-pens.it\\\/it\\\/#organization\",\"name\":\"Grifos Pens\",\"url\":\"https:\\\/\\\/grifos-pens.it\\\/it\\\/\",\"logo\":{\"@type\":\"ImageObject\",\"inLanguage\":\"it-IT\",\"@id\":\"https:\\\/\\\/grifos-pens.it\\\/it\\\/#\\\/schema\\\/logo\\\/image\\\/\",\"url\":\"https:\\\/\\\/grifos-pens.it\\\/wp-content\\\/uploads\\\/2023\\\/05\\\/logo-grifos.svg\",\"contentUrl\":\"https:\\\/\\\/grifos-pens.it\\\/wp-content\\\/uploads\\\/2023\\\/05\\\/logo-grifos.svg\",\"width\":267,\"height\":243,\"caption\":\"Grifos Pens\"},\"image\":{\"@id\":\"https:\\\/\\\/grifos-pens.it\\\/it\\\/#\\\/schema\\\/logo\\\/image\\\/\"},\"sameAs\":[\"https:\\\/\\\/www.facebook.com\\\/grifospensitaly\\\/?locale=it_IT\",\"https:\\\/\\\/www.instagram.com\\\/grifos.pens\\\/\"]}]}<\/script>\n<!-- \/ Yoast SEO plugin. -->","yoast_head_json":{"title":"Penna Stilografica Argento e Lacca Bordeaux - Grifos Pens","description":"Penna stilografica fabbricata artigianalmente in argento massiccio 925 e lacca bordeaux con particolari dorati. Il cappuccio in argento massiccio 925 \u00e8 decorato con incisione guilloch\u00e8 - moir\u00e8 , fusto laccato color bord\u00f2.","robots":{"index":"index","follow":"follow","max-snippet":"max-snippet:-1","max-image-preview":"max-image-preview:large","max-video-preview":"max-video-preview:-1"},"canonical":"https:\/\/grifos-pens.it\/it\/prodotto\/penna-stilografica-argento-e-lacca-bordeaux\/","og_locale":"it_IT","og_type":"article","og_title":"Penna Stilografica Argento e Lacca Bordeaux - Grifos Pens","og_description":"Penna stilografica fabbricata artigianalmente in argento massiccio 925 e lacca bordeaux con particolari dorati. Il cappuccio in argento massiccio 925 \u00e8 decorato con incisione guilloch\u00e8 - moir\u00e8 , fusto laccato color bord\u00f2.","og_url":"https:\/\/grifos-pens.it\/it\/prodotto\/penna-stilografica-argento-e-lacca-bordeaux\/","og_site_name":"Grifos Pens","article_publisher":"https:\/\/www.facebook.com\/grifospensitaly\/?locale=it_IT","article_modified_time":"2026-02-02T10:38:54+00:00","og_image":[{"width":1000,"height":667,"url":"https:\/\/grifos-pens.it\/wp-content\/uploads\/2019\/03\/Penna-stiloGLB810-D-GX10-LB-06.jpg","type":"image\/jpeg"}],"twitter_card":"summary_large_image","twitter_misc":{"Tempo di lettura stimato":"2 minuti"},"schema":{"@context":"https:\/\/schema.org","@graph":[{"@type":"WebPage","@id":"https:\/\/grifos-pens.it\/it\/prodotto\/penna-stilografica-argento-e-lacca-bordeaux\/","url":"https:\/\/grifos-pens.it\/it\/prodotto\/penna-stilografica-argento-e-lacca-bordeaux\/","name":"Penna Stilografica Argento e Lacca Bordeaux - Grifos Pens","isPartOf":{"@id":"https:\/\/grifos-pens.it\/it\/#website"},"primaryImageOfPage":{"@id":"https:\/\/grifos-pens.it\/it\/prodotto\/penna-stilografica-argento-e-lacca-bordeaux\/#primaryimage"},"image":{"@id":"https:\/\/grifos-pens.it\/it\/prodotto\/penna-stilografica-argento-e-lacca-bordeaux\/#primaryimage"},"thumbnailUrl":"https:\/\/grifos-pens.it\/wp-content\/uploads\/2019\/03\/Penna-stiloGLB810-D-GX10-LB-06.jpg","datePublished":"2019-03-25T14:38:49+00:00","dateModified":"2026-02-02T10:38:54+00:00","description":"Penna stilografica fabbricata artigianalmente in argento massiccio 925 e lacca bordeaux con particolari dorati. Il cappuccio in argento massiccio 925 \u00e8 decorato con incisione guilloch\u00e8 - moir\u00e8 , fusto laccato color bord\u00f2.","breadcrumb":{"@id":"https:\/\/grifos-pens.it\/it\/prodotto\/penna-stilografica-argento-e-lacca-bordeaux\/#breadcrumb"},"inLanguage":"it-IT","potentialAction":[{"@type":"ReadAction","target":["https:\/\/grifos-pens.it\/it\/prodotto\/penna-stilografica-argento-e-lacca-bordeaux\/"]}]},{"@type":"ImageObject","inLanguage":"it-IT","@id":"https:\/\/grifos-pens.it\/it\/prodotto\/penna-stilografica-argento-e-lacca-bordeaux\/#primaryimage","url":"https:\/\/grifos-pens.it\/wp-content\/uploads\/2019\/03\/Penna-stiloGLB810-D-GX10-LB-06.jpg","contentUrl":"https:\/\/grifos-pens.it\/wp-content\/uploads\/2019\/03\/Penna-stiloGLB810-D-GX10-LB-06.jpg","width":1000,"height":667,"caption":"Fountain pen"},{"@type":"BreadcrumbList","@id":"https:\/\/grifos-pens.it\/it\/prodotto\/penna-stilografica-argento-e-lacca-bordeaux\/#breadcrumb","itemListElement":[{"@type":"ListItem","position":1,"name":"Home","item":"https:\/\/grifos-pens.it\/it\/"},{"@type":"ListItem","position":2,"name":"Catalogo","item":"https:\/\/grifos-pens.it\/it\/catalogo\/"},{"@type":"ListItem","position":3,"name":"Penna Stilografica Argento e Lacca Bordeaux"}]},{"@type":"WebSite","@id":"https:\/\/grifos-pens.it\/it\/#website","url":"https:\/\/grifos-pens.it\/it\/","name":"Grifos Pens","description":"Handcrafted Writing Instrument Of Italy","publisher":{"@id":"https:\/\/grifos-pens.it\/it\/#organization"},"potentialAction":[{"@type":"SearchAction","target":{"@type":"EntryPoint","urlTemplate":"https:\/\/grifos-pens.it\/it\/?s={search_term_string}"},"query-input":{"@type":"PropertyValueSpecification","valueRequired":true,"valueName":"search_term_string"}}],"inLanguage":"it-IT"},{"@type":"Organization","@id":"https:\/\/grifos-pens.it\/it\/#organization","name":"Grifos Pens","url":"https:\/\/grifos-pens.it\/it\/","logo":{"@type":"ImageObject","inLanguage":"it-IT","@id":"https:\/\/grifos-pens.it\/it\/#\/schema\/logo\/image\/","url":"https:\/\/grifos-pens.it\/wp-content\/uploads\/2023\/05\/logo-grifos.svg","contentUrl":"https:\/\/grifos-pens.it\/wp-content\/uploads\/2023\/05\/logo-grifos.svg","width":267,"height":243,"caption":"Grifos Pens"},"image":{"@id":"https:\/\/grifos-pens.it\/it\/#\/schema\/logo\/image\/"},"sameAs":["https:\/\/www.facebook.com\/grifospensitaly\/?locale=it_IT","https:\/\/www.instagram.com\/grifos.pens\/"]}]}},"_links":{"self":[{"href":"https:\/\/grifos-pens.it\/it\/wp-json\/wp\/v2\/product\/2174","targetHints":{"allow":["GET"]}}],"collection":[{"href":"https:\/\/grifos-pens.it\/it\/wp-json\/wp\/v2\/product"}],"about":[{"href":"https:\/\/grifos-pens.it\/it\/wp-json\/wp\/v2\/types\/product"}],"replies":[{"embeddable":true,"href":"https:\/\/grifos-pens.it\/it\/wp-json\/wp\/v2\/comments?post=2174"}],"wp:featuredmedia":[{"embeddable":true,"href":"https:\/\/grifos-pens.it\/it\/wp-json\/wp\/v2\/media\/4892"}],"wp:attachment":[{"href":"https:\/\/grifos-pens.it\/it\/wp-json\/wp\/v2\/media?parent=2174"}],"wp:term":[{"taxonomy":"product_brand","embeddable":true,"href":"https:\/\/grifos-pens.it\/it\/wp-json\/wp\/v2\/product_brand?post=2174"},{"taxonomy":"product_cat","embeddable":true,"href":"https:\/\/grifos-pens.it\/it\/wp-json\/wp\/v2\/product_cat?post=2174"},{"taxonomy":"product_tag","embeddable":true,"href":"https:\/\/grifos-pens.it\/it\/wp-json\/wp\/v2\/product_tag?post=2174"}],"curies":[{"name":"wp","href":"https:\/\/api.w.org\/{rel}","templated":true}]}}