{"id":2617,"date":"2019-06-28T15:58:10","date_gmt":"2019-06-28T13:58:10","guid":{"rendered":"http:\/\/grifos-pens.it\/?post_type=product&#038;p=2617"},"modified":"2026-02-02T11:41:06","modified_gmt":"2026-02-02T10:41:06","slug":"penna-roller-argento-e-lacca-verde","status":"publish","type":"product","link":"https:\/\/grifos-pens.it\/it\/prodotto\/penna-roller-argento-e-lacca-verde\/","title":{"rendered":"Penna Roller Argento e Lacca Verde"},"content":{"rendered":"<p>La nostra penna roller \u00e8\u00a0 creata nel nostro laboratorio orafo con argento massiccio 925 e metallo laccato verde. La superficie dell&#8217;argento \u00e8 incisa a mano con la tecnica manuale guilloch\u00e8, un&#8217;arte ormai rara, che rende ogni penna unica nel suo genere. Ogni penna \u00e8 timbrata con il marchio 925, che testimonia l&#8217;uso di metallo prezioso e la nostra appartenenza all&#8217;albo orafo. I particolari della penna sono placcati in oro.<\/p>\n<p>La penna utilizza una ricarica refill roller\/sfera nero standard universale, con inchiostro blu o nero a scelta. Il cappuccio si apre con un semplice scatto con la possibilit\u00e0 di inserirlo sul fusto. La nostra penna \u00e8 disponibile anche nella versione stilografica e, su richiesta, possiamo personalizzarla.<\/p>\n<p>La penna viene consegnata in un elegante astuccio da regalo insieme al certificato di autenticit\u00e0. Il certificato garantisce che la penna \u00e8 stata artigianalmente realizzata in argento 925, rifinita e controllata attentamente come richiede la pi\u00f9 alta tradizione orafa italiana.<\/p>\n<p>Il prezzo della penna include l&#8217;IVA e la spedizione tramite pacco raccomandato.<\/p>\n","protected":false},"excerpt":{"rendered":"<p>Penna artigianale in argento di produzione italiana, incisa con un disegno che imita la corteccia degli alberi. Il corpo della penna \u00e8 realizzato in una vivace lacca verde, che gli conferisce un aspetto unico ed elegante. Spedizione gratuita.<\/p>\n","protected":false},"featured_media":2618,"comment_status":"closed","ping_status":"closed","template":"","meta":[],"product_brand":[],"product_cat":[269,273],"product_tag":[256,252],"class_list":{"0":"post-2617","1":"product","2":"type-product","3":"status-publish","4":"has-post-thumbnail","6":"product_cat-lacca","7":"product_cat-penne-roller-2","8":"product_tag-penna-2","9":"product_tag-penne-artigianali-2","11":"first","12":"instock","13":"taxable","14":"shipping-taxable","15":"purchasable","16":"product-type-simple"},"yoast_head":"<!-- This site is optimized with the Yoast SEO plugin v27.4 - https:\/\/yoast.com\/product\/yoast-seo-wordpress\/ -->\n<title>Penna Roller Argento e Lacca Verde - Grifos Pens<\/title>\n<meta name=\"description\" content=\"Penna biro artigianale in lacca verde argento di produzione italiana, incisa con un disegno che imita la corteccia degli alberi. E&#039; possible personalizzare la penna con una incisione: nome, data, iniziali\" \/>\n<meta name=\"robots\" content=\"index, follow, max-snippet:-1, max-image-preview:large, max-video-preview:-1\" \/>\n<link rel=\"canonical\" href=\"https:\/\/grifos-pens.it\/it\/prodotto\/penna-roller-argento-e-lacca-verde\/\" \/>\n<meta property=\"og:locale\" content=\"it_IT\" \/>\n<meta property=\"og:type\" content=\"article\" \/>\n<meta property=\"og:title\" content=\"Penna Roller Argento e Lacca Verde - Grifos Pens\" \/>\n<meta property=\"og:description\" content=\"Penna biro artigianale in lacca verde argento di produzione italiana, incisa con un disegno che imita la corteccia degli alberi. E&#039; possible personalizzare la penna con una incisione: nome, data, iniziali\" \/>\n<meta property=\"og:url\" content=\"https:\/\/grifos-pens.it\/it\/prodotto\/penna-roller-argento-e-lacca-verde\/\" \/>\n<meta property=\"og:site_name\" content=\"Grifos Pens\" \/>\n<meta property=\"article:publisher\" content=\"https:\/\/www.facebook.com\/grifospensitaly\/?locale=it_IT\" \/>\n<meta property=\"article:modified_time\" content=\"2026-02-02T10:41:06+00:00\" \/>\n<meta property=\"og:image\" content=\"https:\/\/grifos-pens.it\/wp-content\/uploads\/2019\/06\/GLR812-DN-G04-LV-01.jpg\" \/>\n\t<meta property=\"og:image:width\" content=\"2000\" \/>\n\t<meta property=\"og:image:height\" content=\"1333\" \/>\n\t<meta property=\"og:image:type\" content=\"image\/jpeg\" \/>\n<meta name=\"twitter:card\" content=\"summary_large_image\" \/>\n<meta name=\"twitter:label1\" content=\"Tempo di lettura stimato\" \/>\n\t<meta name=\"twitter:data1\" content=\"1 minuto\" \/>\n<script type=\"application\/ld+json\" class=\"yoast-schema-graph\">{\"@context\":\"https:\\\/\\\/schema.org\",\"@graph\":[{\"@type\":\"WebPage\",\"@id\":\"https:\\\/\\\/grifos-pens.it\\\/it\\\/prodotto\\\/penna-roller-argento-e-lacca-verde\\\/\",\"url\":\"https:\\\/\\\/grifos-pens.it\\\/it\\\/prodotto\\\/penna-roller-argento-e-lacca-verde\\\/\",\"name\":\"Penna Roller Argento e Lacca Verde - Grifos Pens\",\"isPartOf\":{\"@id\":\"https:\\\/\\\/grifos-pens.it\\\/it\\\/#website\"},\"primaryImageOfPage\":{\"@id\":\"https:\\\/\\\/grifos-pens.it\\\/it\\\/prodotto\\\/penna-roller-argento-e-lacca-verde\\\/#primaryimage\"},\"image\":{\"@id\":\"https:\\\/\\\/grifos-pens.it\\\/it\\\/prodotto\\\/penna-roller-argento-e-lacca-verde\\\/#primaryimage\"},\"thumbnailUrl\":\"https:\\\/\\\/grifos-pens.it\\\/wp-content\\\/uploads\\\/2019\\\/06\\\/GLR812-DN-G04-LV-01.jpg\",\"datePublished\":\"2019-06-28T13:58:10+00:00\",\"dateModified\":\"2026-02-02T10:41:06+00:00\",\"description\":\"Penna biro artigianale in lacca verde argento di produzione italiana, incisa con un disegno che imita la corteccia degli alberi. E' possible personalizzare la penna con una incisione: nome, data, iniziali\",\"breadcrumb\":{\"@id\":\"https:\\\/\\\/grifos-pens.it\\\/it\\\/prodotto\\\/penna-roller-argento-e-lacca-verde\\\/#breadcrumb\"},\"inLanguage\":\"it-IT\",\"potentialAction\":[{\"@type\":\"ReadAction\",\"target\":[\"https:\\\/\\\/grifos-pens.it\\\/it\\\/prodotto\\\/penna-roller-argento-e-lacca-verde\\\/\"]}]},{\"@type\":\"ImageObject\",\"inLanguage\":\"it-IT\",\"@id\":\"https:\\\/\\\/grifos-pens.it\\\/it\\\/prodotto\\\/penna-roller-argento-e-lacca-verde\\\/#primaryimage\",\"url\":\"https:\\\/\\\/grifos-pens.it\\\/wp-content\\\/uploads\\\/2019\\\/06\\\/GLR812-DN-G04-LV-01.jpg\",\"contentUrl\":\"https:\\\/\\\/grifos-pens.it\\\/wp-content\\\/uploads\\\/2019\\\/06\\\/GLR812-DN-G04-LV-01.jpg\",\"width\":2000,\"height\":1333,\"caption\":\"Penna biro\"},{\"@type\":\"BreadcrumbList\",\"@id\":\"https:\\\/\\\/grifos-pens.it\\\/it\\\/prodotto\\\/penna-roller-argento-e-lacca-verde\\\/#breadcrumb\",\"itemListElement\":[{\"@type\":\"ListItem\",\"position\":1,\"name\":\"Home\",\"item\":\"https:\\\/\\\/grifos-pens.it\\\/it\\\/\"},{\"@type\":\"ListItem\",\"position\":2,\"name\":\"Catalogo\",\"item\":\"https:\\\/\\\/grifos-pens.it\\\/it\\\/catalogo\\\/\"},{\"@type\":\"ListItem\",\"position\":3,\"name\":\"Penna Roller Argento e Lacca Verde\"}]},{\"@type\":\"WebSite\",\"@id\":\"https:\\\/\\\/grifos-pens.it\\\/it\\\/#website\",\"url\":\"https:\\\/\\\/grifos-pens.it\\\/it\\\/\",\"name\":\"Grifos Pens\",\"description\":\"Handcrafted Writing Instrument Of Italy\",\"publisher\":{\"@id\":\"https:\\\/\\\/grifos-pens.it\\\/it\\\/#organization\"},\"potentialAction\":[{\"@type\":\"SearchAction\",\"target\":{\"@type\":\"EntryPoint\",\"urlTemplate\":\"https:\\\/\\\/grifos-pens.it\\\/it\\\/?s={search_term_string}\"},\"query-input\":{\"@type\":\"PropertyValueSpecification\",\"valueRequired\":true,\"valueName\":\"search_term_string\"}}],\"inLanguage\":\"it-IT\"},{\"@type\":\"Organization\",\"@id\":\"https:\\\/\\\/grifos-pens.it\\\/it\\\/#organization\",\"name\":\"Grifos Pens\",\"url\":\"https:\\\/\\\/grifos-pens.it\\\/it\\\/\",\"logo\":{\"@type\":\"ImageObject\",\"inLanguage\":\"it-IT\",\"@id\":\"https:\\\/\\\/grifos-pens.it\\\/it\\\/#\\\/schema\\\/logo\\\/image\\\/\",\"url\":\"https:\\\/\\\/grifos-pens.it\\\/wp-content\\\/uploads\\\/2023\\\/05\\\/logo-grifos.svg\",\"contentUrl\":\"https:\\\/\\\/grifos-pens.it\\\/wp-content\\\/uploads\\\/2023\\\/05\\\/logo-grifos.svg\",\"width\":267,\"height\":243,\"caption\":\"Grifos Pens\"},\"image\":{\"@id\":\"https:\\\/\\\/grifos-pens.it\\\/it\\\/#\\\/schema\\\/logo\\\/image\\\/\"},\"sameAs\":[\"https:\\\/\\\/www.facebook.com\\\/grifospensitaly\\\/?locale=it_IT\",\"https:\\\/\\\/www.instagram.com\\\/grifos.pens\\\/\"]}]}<\/script>\n<!-- \/ Yoast SEO plugin. -->","yoast_head_json":{"title":"Penna Roller Argento e Lacca Verde - Grifos Pens","description":"Penna biro artigianale in lacca verde argento di produzione italiana, incisa con un disegno che imita la corteccia degli alberi. E' possible personalizzare la penna con una incisione: nome, data, iniziali","robots":{"index":"index","follow":"follow","max-snippet":"max-snippet:-1","max-image-preview":"max-image-preview:large","max-video-preview":"max-video-preview:-1"},"canonical":"https:\/\/grifos-pens.it\/it\/prodotto\/penna-roller-argento-e-lacca-verde\/","og_locale":"it_IT","og_type":"article","og_title":"Penna Roller Argento e Lacca Verde - Grifos Pens","og_description":"Penna biro artigianale in lacca verde argento di produzione italiana, incisa con un disegno che imita la corteccia degli alberi. E' possible personalizzare la penna con una incisione: nome, data, iniziali","og_url":"https:\/\/grifos-pens.it\/it\/prodotto\/penna-roller-argento-e-lacca-verde\/","og_site_name":"Grifos Pens","article_publisher":"https:\/\/www.facebook.com\/grifospensitaly\/?locale=it_IT","article_modified_time":"2026-02-02T10:41:06+00:00","og_image":[{"width":2000,"height":1333,"url":"https:\/\/grifos-pens.it\/wp-content\/uploads\/2019\/06\/GLR812-DN-G04-LV-01.jpg","type":"image\/jpeg"}],"twitter_card":"summary_large_image","twitter_misc":{"Tempo di lettura stimato":"1 minuto"},"schema":{"@context":"https:\/\/schema.org","@graph":[{"@type":"WebPage","@id":"https:\/\/grifos-pens.it\/it\/prodotto\/penna-roller-argento-e-lacca-verde\/","url":"https:\/\/grifos-pens.it\/it\/prodotto\/penna-roller-argento-e-lacca-verde\/","name":"Penna Roller Argento e Lacca Verde - Grifos Pens","isPartOf":{"@id":"https:\/\/grifos-pens.it\/it\/#website"},"primaryImageOfPage":{"@id":"https:\/\/grifos-pens.it\/it\/prodotto\/penna-roller-argento-e-lacca-verde\/#primaryimage"},"image":{"@id":"https:\/\/grifos-pens.it\/it\/prodotto\/penna-roller-argento-e-lacca-verde\/#primaryimage"},"thumbnailUrl":"https:\/\/grifos-pens.it\/wp-content\/uploads\/2019\/06\/GLR812-DN-G04-LV-01.jpg","datePublished":"2019-06-28T13:58:10+00:00","dateModified":"2026-02-02T10:41:06+00:00","description":"Penna biro artigianale in lacca verde argento di produzione italiana, incisa con un disegno che imita la corteccia degli alberi. E' possible personalizzare la penna con una incisione: nome, data, iniziali","breadcrumb":{"@id":"https:\/\/grifos-pens.it\/it\/prodotto\/penna-roller-argento-e-lacca-verde\/#breadcrumb"},"inLanguage":"it-IT","potentialAction":[{"@type":"ReadAction","target":["https:\/\/grifos-pens.it\/it\/prodotto\/penna-roller-argento-e-lacca-verde\/"]}]},{"@type":"ImageObject","inLanguage":"it-IT","@id":"https:\/\/grifos-pens.it\/it\/prodotto\/penna-roller-argento-e-lacca-verde\/#primaryimage","url":"https:\/\/grifos-pens.it\/wp-content\/uploads\/2019\/06\/GLR812-DN-G04-LV-01.jpg","contentUrl":"https:\/\/grifos-pens.it\/wp-content\/uploads\/2019\/06\/GLR812-DN-G04-LV-01.jpg","width":2000,"height":1333,"caption":"Penna biro"},{"@type":"BreadcrumbList","@id":"https:\/\/grifos-pens.it\/it\/prodotto\/penna-roller-argento-e-lacca-verde\/#breadcrumb","itemListElement":[{"@type":"ListItem","position":1,"name":"Home","item":"https:\/\/grifos-pens.it\/it\/"},{"@type":"ListItem","position":2,"name":"Catalogo","item":"https:\/\/grifos-pens.it\/it\/catalogo\/"},{"@type":"ListItem","position":3,"name":"Penna Roller Argento e Lacca Verde"}]},{"@type":"WebSite","@id":"https:\/\/grifos-pens.it\/it\/#website","url":"https:\/\/grifos-pens.it\/it\/","name":"Grifos Pens","description":"Handcrafted Writing Instrument Of Italy","publisher":{"@id":"https:\/\/grifos-pens.it\/it\/#organization"},"potentialAction":[{"@type":"SearchAction","target":{"@type":"EntryPoint","urlTemplate":"https:\/\/grifos-pens.it\/it\/?s={search_term_string}"},"query-input":{"@type":"PropertyValueSpecification","valueRequired":true,"valueName":"search_term_string"}}],"inLanguage":"it-IT"},{"@type":"Organization","@id":"https:\/\/grifos-pens.it\/it\/#organization","name":"Grifos Pens","url":"https:\/\/grifos-pens.it\/it\/","logo":{"@type":"ImageObject","inLanguage":"it-IT","@id":"https:\/\/grifos-pens.it\/it\/#\/schema\/logo\/image\/","url":"https:\/\/grifos-pens.it\/wp-content\/uploads\/2023\/05\/logo-grifos.svg","contentUrl":"https:\/\/grifos-pens.it\/wp-content\/uploads\/2023\/05\/logo-grifos.svg","width":267,"height":243,"caption":"Grifos Pens"},"image":{"@id":"https:\/\/grifos-pens.it\/it\/#\/schema\/logo\/image\/"},"sameAs":["https:\/\/www.facebook.com\/grifospensitaly\/?locale=it_IT","https:\/\/www.instagram.com\/grifos.pens\/"]}]}},"_links":{"self":[{"href":"https:\/\/grifos-pens.it\/it\/wp-json\/wp\/v2\/product\/2617","targetHints":{"allow":["GET"]}}],"collection":[{"href":"https:\/\/grifos-pens.it\/it\/wp-json\/wp\/v2\/product"}],"about":[{"href":"https:\/\/grifos-pens.it\/it\/wp-json\/wp\/v2\/types\/product"}],"replies":[{"embeddable":true,"href":"https:\/\/grifos-pens.it\/it\/wp-json\/wp\/v2\/comments?post=2617"}],"wp:featuredmedia":[{"embeddable":true,"href":"https:\/\/grifos-pens.it\/it\/wp-json\/wp\/v2\/media\/2618"}],"wp:attachment":[{"href":"https:\/\/grifos-pens.it\/it\/wp-json\/wp\/v2\/media?parent=2617"}],"wp:term":[{"taxonomy":"product_brand","embeddable":true,"href":"https:\/\/grifos-pens.it\/it\/wp-json\/wp\/v2\/product_brand?post=2617"},{"taxonomy":"product_cat","embeddable":true,"href":"https:\/\/grifos-pens.it\/it\/wp-json\/wp\/v2\/product_cat?post=2617"},{"taxonomy":"product_tag","embeddable":true,"href":"https:\/\/grifos-pens.it\/it\/wp-json\/wp\/v2\/product_tag?post=2617"}],"curies":[{"name":"wp","href":"https:\/\/api.w.org\/{rel}","templated":true}]}}