{"id":2813,"date":"2019-07-26T16:23:46","date_gmt":"2019-07-26T14:23:46","guid":{"rendered":"http:\/\/grifos-pens.it\/?post_type=product&#038;p=2813"},"modified":"2026-02-02T11:39:09","modified_gmt":"2026-02-02T10:39:09","slug":"stilografica-argento-e-pelle-di-razza","status":"publish","type":"product","link":"https:\/\/grifos-pens.it\/it\/prodotto\/stilografica-argento-e-pelle-di-razza\/","title":{"rendered":"Stilografica Argento e Pelle di Razza"},"content":{"rendered":"<p>Penna stilografica \u00e8 creata nel nostro laboratorio artigiano con il cappuccio ricoperto in lussuosa pelle di razza. Il corpo della penna \u00e8 realizzato in argento massiccio 925 inciso con elegante motivo guilloch\u00e8.<\/p>\n<p>La penna \u00e8 dotata di ricarica a pompetta detta anche converter con cui potrete usare l\u2019inchiostro in flacone. In alternativa potrete usale la stilografica con cartucce standard internazionale fornite nella confezione e ampiamente disponibili in ogni negozio di cartoleria.<\/p>\n<p>Pennino stilo in acciaio inossidabile con la punta media M. Possibilit\u00e0 di scelta tra punta F fine ed Extra Fine, B grossa oppure versione penna roller. Sono disponibili <a href=\"https:\/\/grifos-pens.it\/it\/prodotto\/pennini-doro-per-stilografica\/\">pennini in oro massiccio 18 carati<\/a> (con costo aggiunto), sia in oro giallo che in oro bianco con possibilit\u00e0 di scelta tra punta F fine, M media, B grossa.<\/p>\n<p>Spediamo la stilografica in confezione da regalo con certificato di autenticit\u00e0 che garantisce la presente creazione di esser artigianalmente realizzata in vera pelle e argento 925, rifinita e controllata attentamente come la pi\u00f9 alta tradizione orafa italiana richiede.<\/p>\n<p>Iva e spedizione a mezzo pacco raccomandato o corriere sono incluse nel prezzo della stilografica.<\/p>\n<p><em>Interessante sapere che<\/em>: pi\u00f9 strettamente imparentate con gli squali che ai normali pesci il pungiglione di questi animali pu\u00f2 causare dolorosissime ferite e alcune volte perfino la morte, la pelle del suo dorso ha un\u2019incredibile miriade di bolle ossee caratterizzate da effetti madreperlacei che avrete modo di ammirare quando rigirerete la penna nelle vostre mani seguendo la caratteristica lama di luce sulla sua superficie spettacolare e gradevole al tatto. Inusuale al tatto la stilografica dona irripetibile piacere dello scrivere.<\/p>\n<p>Nota: La pelle di razza utilizzata proviene dall&#8217;industria della pesca nei paesi dell\u2019Asia dove questo pesce e consumato per alimentazione umana. Gli animali non vengono sacrificati per i loro pelli ma normalmente usati per l\u2019alimentazione umana per cui la pelle \u00e8 un sottoprodotto. Pertanto le nostre pelli in razza non appartengono a specie protetta dalla convenzione di Washington e non sono sottoposte a certificazione CITES.<\/p>\n","protected":false},"excerpt":{"rendered":"<p>Penna stilografica \u00e8 creata nel nostro laboratorio artigiano con il cappuccio ricoperto in lussuosa pelle di razza. Il corpo della penna \u00e8 realizzato in argento massiccio 925 inciso con elegante motivo guilloch\u00e8. Spedizione gratuita.<\/p>\n","protected":false},"featured_media":2814,"comment_status":"closed","ping_status":"closed","template":"","meta":[],"product_brand":[],"product_cat":[264,266,272],"product_tag":[510,508,506,252,507,509,324],"class_list":{"0":"post-2813","1":"product","2":"type-product","3":"status-publish","4":"has-post-thumbnail","6":"product_cat-argento","7":"product_cat-pelle","8":"product_cat-stilografiche","9":"product_tag-fatto-in-italia","10":"product_tag-pelle-di-alta-moda","11":"product_tag-penna-argento-e-pelle","12":"product_tag-penne-artigianali-2","13":"product_tag-scrivere-con-stilografica-speciale","14":"product_tag-stilografica-per-uomo-e-donna","15":"product_tag-stilografiche-italiane","17":"first","18":"instock","19":"sold-individually","20":"taxable","21":"shipping-taxable","22":"purchasable","23":"product-type-simple"},"yoast_head":"<!-- This site is optimized with the Yoast SEO plugin v27.4 - https:\/\/yoast.com\/product\/yoast-seo-wordpress\/ -->\n<title>Stilografica Argento e Pelle di Razza - Grifos Pens<\/title>\n<meta name=\"description\" content=\"Penna stilografica \u00e8 creata nel laboratorio artigiano con il cappuccio in lussuosa pelle di razza. Il corpo della penna \u00e8 realizzato in argento.\" \/>\n<meta name=\"robots\" content=\"index, follow, max-snippet:-1, max-image-preview:large, max-video-preview:-1\" \/>\n<link rel=\"canonical\" href=\"https:\/\/grifos-pens.it\/it\/prodotto\/stilografica-argento-e-pelle-di-razza\/\" \/>\n<meta property=\"og:locale\" content=\"it_IT\" \/>\n<meta property=\"og:type\" content=\"article\" \/>\n<meta property=\"og:title\" content=\"Stilografica Argento e Pelle di Razza - Grifos Pens\" \/>\n<meta property=\"og:description\" content=\"Penna stilografica \u00e8 creata nel laboratorio artigiano con il cappuccio in lussuosa pelle di razza. Il corpo della penna \u00e8 realizzato in argento.\" \/>\n<meta property=\"og:url\" content=\"https:\/\/grifos-pens.it\/it\/prodotto\/stilografica-argento-e-pelle-di-razza\/\" \/>\n<meta property=\"og:site_name\" content=\"Grifos Pens\" \/>\n<meta property=\"article:publisher\" content=\"https:\/\/www.facebook.com\/grifospensitaly\/?locale=it_IT\" \/>\n<meta property=\"article:modified_time\" content=\"2026-02-02T10:39:09+00:00\" \/>\n<meta property=\"og:image\" content=\"https:\/\/grifos-pens.it\/wp-content\/uploads\/2019\/07\/NMF506-A-CS06-BGX10-09.jpg\" \/>\n\t<meta property=\"og:image:width\" content=\"2000\" \/>\n\t<meta property=\"og:image:height\" content=\"1333\" \/>\n\t<meta property=\"og:image:type\" content=\"image\/jpeg\" \/>\n<meta name=\"twitter:card\" content=\"summary_large_image\" \/>\n<meta name=\"twitter:label1\" content=\"Tempo di lettura stimato\" \/>\n\t<meta name=\"twitter:data1\" content=\"2 minuti\" \/>\n<script type=\"application\/ld+json\" class=\"yoast-schema-graph\">{\"@context\":\"https:\\\/\\\/schema.org\",\"@graph\":[{\"@type\":\"WebPage\",\"@id\":\"https:\\\/\\\/grifos-pens.it\\\/it\\\/prodotto\\\/stilografica-argento-e-pelle-di-razza\\\/\",\"url\":\"https:\\\/\\\/grifos-pens.it\\\/it\\\/prodotto\\\/stilografica-argento-e-pelle-di-razza\\\/\",\"name\":\"Stilografica Argento e Pelle di Razza - Grifos Pens\",\"isPartOf\":{\"@id\":\"https:\\\/\\\/grifos-pens.it\\\/it\\\/#website\"},\"primaryImageOfPage\":{\"@id\":\"https:\\\/\\\/grifos-pens.it\\\/it\\\/prodotto\\\/stilografica-argento-e-pelle-di-razza\\\/#primaryimage\"},\"image\":{\"@id\":\"https:\\\/\\\/grifos-pens.it\\\/it\\\/prodotto\\\/stilografica-argento-e-pelle-di-razza\\\/#primaryimage\"},\"thumbnailUrl\":\"https:\\\/\\\/grifos-pens.it\\\/wp-content\\\/uploads\\\/2019\\\/07\\\/NMF506-A-CS06-BGX10-09.jpg\",\"datePublished\":\"2019-07-26T14:23:46+00:00\",\"dateModified\":\"2026-02-02T10:39:09+00:00\",\"description\":\"Penna stilografica \u00e8 creata nel laboratorio artigiano con il cappuccio in lussuosa pelle di razza. Il corpo della penna \u00e8 realizzato in argento.\",\"breadcrumb\":{\"@id\":\"https:\\\/\\\/grifos-pens.it\\\/it\\\/prodotto\\\/stilografica-argento-e-pelle-di-razza\\\/#breadcrumb\"},\"inLanguage\":\"it-IT\",\"potentialAction\":[{\"@type\":\"ReadAction\",\"target\":[\"https:\\\/\\\/grifos-pens.it\\\/it\\\/prodotto\\\/stilografica-argento-e-pelle-di-razza\\\/\"]}]},{\"@type\":\"ImageObject\",\"inLanguage\":\"it-IT\",\"@id\":\"https:\\\/\\\/grifos-pens.it\\\/it\\\/prodotto\\\/stilografica-argento-e-pelle-di-razza\\\/#primaryimage\",\"url\":\"https:\\\/\\\/grifos-pens.it\\\/wp-content\\\/uploads\\\/2019\\\/07\\\/NMF506-A-CS06-BGX10-09.jpg\",\"contentUrl\":\"https:\\\/\\\/grifos-pens.it\\\/wp-content\\\/uploads\\\/2019\\\/07\\\/NMF506-A-CS06-BGX10-09.jpg\",\"width\":2000,\"height\":1333,\"caption\":\"Penna stilo in argento con incisione guilloche\"},{\"@type\":\"BreadcrumbList\",\"@id\":\"https:\\\/\\\/grifos-pens.it\\\/it\\\/prodotto\\\/stilografica-argento-e-pelle-di-razza\\\/#breadcrumb\",\"itemListElement\":[{\"@type\":\"ListItem\",\"position\":1,\"name\":\"Home\",\"item\":\"https:\\\/\\\/grifos-pens.it\\\/it\\\/\"},{\"@type\":\"ListItem\",\"position\":2,\"name\":\"Catalogo\",\"item\":\"https:\\\/\\\/grifos-pens.it\\\/it\\\/catalogo\\\/\"},{\"@type\":\"ListItem\",\"position\":3,\"name\":\"Stilografica Argento e Pelle di Razza\"}]},{\"@type\":\"WebSite\",\"@id\":\"https:\\\/\\\/grifos-pens.it\\\/it\\\/#website\",\"url\":\"https:\\\/\\\/grifos-pens.it\\\/it\\\/\",\"name\":\"Grifos Pens\",\"description\":\"Handcrafted Writing Instrument Of Italy\",\"publisher\":{\"@id\":\"https:\\\/\\\/grifos-pens.it\\\/it\\\/#organization\"},\"potentialAction\":[{\"@type\":\"SearchAction\",\"target\":{\"@type\":\"EntryPoint\",\"urlTemplate\":\"https:\\\/\\\/grifos-pens.it\\\/it\\\/?s={search_term_string}\"},\"query-input\":{\"@type\":\"PropertyValueSpecification\",\"valueRequired\":true,\"valueName\":\"search_term_string\"}}],\"inLanguage\":\"it-IT\"},{\"@type\":\"Organization\",\"@id\":\"https:\\\/\\\/grifos-pens.it\\\/it\\\/#organization\",\"name\":\"Grifos Pens\",\"url\":\"https:\\\/\\\/grifos-pens.it\\\/it\\\/\",\"logo\":{\"@type\":\"ImageObject\",\"inLanguage\":\"it-IT\",\"@id\":\"https:\\\/\\\/grifos-pens.it\\\/it\\\/#\\\/schema\\\/logo\\\/image\\\/\",\"url\":\"https:\\\/\\\/grifos-pens.it\\\/wp-content\\\/uploads\\\/2023\\\/05\\\/logo-grifos.svg\",\"contentUrl\":\"https:\\\/\\\/grifos-pens.it\\\/wp-content\\\/uploads\\\/2023\\\/05\\\/logo-grifos.svg\",\"width\":267,\"height\":243,\"caption\":\"Grifos Pens\"},\"image\":{\"@id\":\"https:\\\/\\\/grifos-pens.it\\\/it\\\/#\\\/schema\\\/logo\\\/image\\\/\"},\"sameAs\":[\"https:\\\/\\\/www.facebook.com\\\/grifospensitaly\\\/?locale=it_IT\",\"https:\\\/\\\/www.instagram.com\\\/grifos.pens\\\/\"]}]}<\/script>\n<!-- \/ Yoast SEO plugin. -->","yoast_head_json":{"title":"Stilografica Argento e Pelle di Razza - Grifos Pens","description":"Penna stilografica \u00e8 creata nel laboratorio artigiano con il cappuccio in lussuosa pelle di razza. Il corpo della penna \u00e8 realizzato in argento.","robots":{"index":"index","follow":"follow","max-snippet":"max-snippet:-1","max-image-preview":"max-image-preview:large","max-video-preview":"max-video-preview:-1"},"canonical":"https:\/\/grifos-pens.it\/it\/prodotto\/stilografica-argento-e-pelle-di-razza\/","og_locale":"it_IT","og_type":"article","og_title":"Stilografica Argento e Pelle di Razza - Grifos Pens","og_description":"Penna stilografica \u00e8 creata nel laboratorio artigiano con il cappuccio in lussuosa pelle di razza. Il corpo della penna \u00e8 realizzato in argento.","og_url":"https:\/\/grifos-pens.it\/it\/prodotto\/stilografica-argento-e-pelle-di-razza\/","og_site_name":"Grifos Pens","article_publisher":"https:\/\/www.facebook.com\/grifospensitaly\/?locale=it_IT","article_modified_time":"2026-02-02T10:39:09+00:00","og_image":[{"width":2000,"height":1333,"url":"https:\/\/grifos-pens.it\/wp-content\/uploads\/2019\/07\/NMF506-A-CS06-BGX10-09.jpg","type":"image\/jpeg"}],"twitter_card":"summary_large_image","twitter_misc":{"Tempo di lettura stimato":"2 minuti"},"schema":{"@context":"https:\/\/schema.org","@graph":[{"@type":"WebPage","@id":"https:\/\/grifos-pens.it\/it\/prodotto\/stilografica-argento-e-pelle-di-razza\/","url":"https:\/\/grifos-pens.it\/it\/prodotto\/stilografica-argento-e-pelle-di-razza\/","name":"Stilografica Argento e Pelle di Razza - Grifos Pens","isPartOf":{"@id":"https:\/\/grifos-pens.it\/it\/#website"},"primaryImageOfPage":{"@id":"https:\/\/grifos-pens.it\/it\/prodotto\/stilografica-argento-e-pelle-di-razza\/#primaryimage"},"image":{"@id":"https:\/\/grifos-pens.it\/it\/prodotto\/stilografica-argento-e-pelle-di-razza\/#primaryimage"},"thumbnailUrl":"https:\/\/grifos-pens.it\/wp-content\/uploads\/2019\/07\/NMF506-A-CS06-BGX10-09.jpg","datePublished":"2019-07-26T14:23:46+00:00","dateModified":"2026-02-02T10:39:09+00:00","description":"Penna stilografica \u00e8 creata nel laboratorio artigiano con il cappuccio in lussuosa pelle di razza. Il corpo della penna \u00e8 realizzato in argento.","breadcrumb":{"@id":"https:\/\/grifos-pens.it\/it\/prodotto\/stilografica-argento-e-pelle-di-razza\/#breadcrumb"},"inLanguage":"it-IT","potentialAction":[{"@type":"ReadAction","target":["https:\/\/grifos-pens.it\/it\/prodotto\/stilografica-argento-e-pelle-di-razza\/"]}]},{"@type":"ImageObject","inLanguage":"it-IT","@id":"https:\/\/grifos-pens.it\/it\/prodotto\/stilografica-argento-e-pelle-di-razza\/#primaryimage","url":"https:\/\/grifos-pens.it\/wp-content\/uploads\/2019\/07\/NMF506-A-CS06-BGX10-09.jpg","contentUrl":"https:\/\/grifos-pens.it\/wp-content\/uploads\/2019\/07\/NMF506-A-CS06-BGX10-09.jpg","width":2000,"height":1333,"caption":"Penna stilo in argento con incisione guilloche"},{"@type":"BreadcrumbList","@id":"https:\/\/grifos-pens.it\/it\/prodotto\/stilografica-argento-e-pelle-di-razza\/#breadcrumb","itemListElement":[{"@type":"ListItem","position":1,"name":"Home","item":"https:\/\/grifos-pens.it\/it\/"},{"@type":"ListItem","position":2,"name":"Catalogo","item":"https:\/\/grifos-pens.it\/it\/catalogo\/"},{"@type":"ListItem","position":3,"name":"Stilografica Argento e Pelle di Razza"}]},{"@type":"WebSite","@id":"https:\/\/grifos-pens.it\/it\/#website","url":"https:\/\/grifos-pens.it\/it\/","name":"Grifos Pens","description":"Handcrafted Writing Instrument Of Italy","publisher":{"@id":"https:\/\/grifos-pens.it\/it\/#organization"},"potentialAction":[{"@type":"SearchAction","target":{"@type":"EntryPoint","urlTemplate":"https:\/\/grifos-pens.it\/it\/?s={search_term_string}"},"query-input":{"@type":"PropertyValueSpecification","valueRequired":true,"valueName":"search_term_string"}}],"inLanguage":"it-IT"},{"@type":"Organization","@id":"https:\/\/grifos-pens.it\/it\/#organization","name":"Grifos Pens","url":"https:\/\/grifos-pens.it\/it\/","logo":{"@type":"ImageObject","inLanguage":"it-IT","@id":"https:\/\/grifos-pens.it\/it\/#\/schema\/logo\/image\/","url":"https:\/\/grifos-pens.it\/wp-content\/uploads\/2023\/05\/logo-grifos.svg","contentUrl":"https:\/\/grifos-pens.it\/wp-content\/uploads\/2023\/05\/logo-grifos.svg","width":267,"height":243,"caption":"Grifos Pens"},"image":{"@id":"https:\/\/grifos-pens.it\/it\/#\/schema\/logo\/image\/"},"sameAs":["https:\/\/www.facebook.com\/grifospensitaly\/?locale=it_IT","https:\/\/www.instagram.com\/grifos.pens\/"]}]}},"_links":{"self":[{"href":"https:\/\/grifos-pens.it\/it\/wp-json\/wp\/v2\/product\/2813","targetHints":{"allow":["GET"]}}],"collection":[{"href":"https:\/\/grifos-pens.it\/it\/wp-json\/wp\/v2\/product"}],"about":[{"href":"https:\/\/grifos-pens.it\/it\/wp-json\/wp\/v2\/types\/product"}],"replies":[{"embeddable":true,"href":"https:\/\/grifos-pens.it\/it\/wp-json\/wp\/v2\/comments?post=2813"}],"wp:featuredmedia":[{"embeddable":true,"href":"https:\/\/grifos-pens.it\/it\/wp-json\/wp\/v2\/media\/2814"}],"wp:attachment":[{"href":"https:\/\/grifos-pens.it\/it\/wp-json\/wp\/v2\/media?parent=2813"}],"wp:term":[{"taxonomy":"product_brand","embeddable":true,"href":"https:\/\/grifos-pens.it\/it\/wp-json\/wp\/v2\/product_brand?post=2813"},{"taxonomy":"product_cat","embeddable":true,"href":"https:\/\/grifos-pens.it\/it\/wp-json\/wp\/v2\/product_cat?post=2813"},{"taxonomy":"product_tag","embeddable":true,"href":"https:\/\/grifos-pens.it\/it\/wp-json\/wp\/v2\/product_tag?post=2813"}],"curies":[{"name":"wp","href":"https:\/\/api.w.org\/{rel}","templated":true}]}}