{"id":3288,"date":"2020-11-18T09:26:04","date_gmt":"2020-11-18T08:26:04","guid":{"rendered":"http:\/\/grifos-pens.it\/?post_type=product&#038;p=3288"},"modified":"2026-04-15T15:15:05","modified_gmt":"2026-04-15T13:15:05","slug":"penna-stilografica-in-pietra-ollare","status":"publish","type":"product","link":"https:\/\/grifos-pens.it\/it\/prodotto\/penna-stilografica-in-pietra-ollare\/","title":{"rendered":"\u201cCuore di Pietra\u201d \u2013 Penna Stilografica con Pennino in Oro 18K"},"content":{"rendered":"<p>La Penna Stilografica &#8220;Cuore di Pietra&#8221;, costruita artigianalmente in collaborazione con lo scultore Rino Coll\u00e9, e realizzata in pietra ollare ossia una roccia tenera e affascinante con delle prestazioni eccezionali. Scientificamente il suo nome \u00e8 cloritoscisto, ma chiamata ollare perch\u00e9 serviva per produrre olle e recipienti di pregio. L&#8217;uomo la scopri fin dalle ere remote e si rese conto che manteneva a lungo il calore. Scrivere con questa penna dona un&#8217;esperienza speciale: sentire il calore della mano trasmesso alla pietra, la sua solidit\u00e0 e morbidezza allo stesso tempo. Il suo bel colore verde ha talvolta delle striature leggermente dorate per l&#8217;inclusione di quarzo o di pirite.<\/p>\n<p>Da oltre tre decenni, ci dedichiamo alla produzione di strumenti di scrittura realizzati in metalli preziosi e decorati con l\u2019incisione guilloch\u00e9, un classico della tradizione italiana. Le nostre penne in argento permettono di scrivere con stile. Ogni penna in argento \u00e8 timbrata con il marchio 925 e *675 TO, a testimonianza del metallo prezioso utilizzato e della nostra appartenenza all\u2019albo orafo. Il fermaglio \u00e8 realizzato in acciaio inox placcato oro 18K.<\/p>\n<p>La penna stilografica &#8220;Cuore di Pietra&#8221; ha una chiusura a vite per il cappuccio e pu\u00f2 essere ricaricata tramite converter o con cartucce standard internazionali. Il pennino \u00e8 realizzato\u00a0in oro massiccio 18 carati &#8211; 750 con punta media M. \u00c8 possibile scegliere tra punte \u201cF\u201d fine ed \u201cEF\u201d extra fine , o \u201cB\u201d grossa senza alcuna variazione di prezzo per la penna.<\/p>\n<p>La stilografica viene consegnata con un certificato di autenticit\u00e0 che garantisce che \u00e8 stata creata artigianalmente in vero argento 925, rifinita e attentamente controllata secondo le pi\u00f9 alte tradizioni orafe italiane.<\/p>\n<p>\u00c8 possibile ordinare questa penna con personalizzazioni su richiesta. Siamo lieti di offrivi anche un elegante astuccio da regalo, un converter funzionale e una confezione da 6 cartucce, con inchiostro nero o blu a vostra scelta, come regalo incluso.<\/p>\n","protected":false},"excerpt":{"rendered":"<p>Penna stilografica \u201cCuore di Pietra\u201d realizzata in pietra ollare e impreziosita da particolari in argento massiccio 925. Monta un elegante pennino in oro massiccio 18K.<\/p>\n","protected":false},"featured_media":10114,"comment_status":"closed","ping_status":"closed","template":"","meta":[],"product_brand":[],"product_cat":[270,272],"product_tag":[482,480,479,483,477,252,478,484,254,481,476,324],"class_list":{"0":"post-3288","1":"product","2":"type-product","3":"status-publish","4":"has-post-thumbnail","6":"product_cat-pietra","7":"product_cat-stilografiche","8":"product_tag-argento-dorato","9":"product_tag-collezionismo","10":"product_tag-penna-collezionisti","11":"product_tag-penna-peso-importante","12":"product_tag-penna-rara","13":"product_tag-penne-artigianali-2","14":"product_tag-pietra-ollare-valle-daosta","15":"product_tag-regalo-eccezionale","16":"product_tag-scrivere-con-stilografica-2","17":"product_tag-stilo-pietra-e-argento","18":"product_tag-stilografica-in-pietra","19":"product_tag-stilografiche-italiane","21":"first","22":"onbackorder","23":"purchasable","24":"product-type-simple"},"yoast_head":"<!-- This site is optimized with the Yoast SEO plugin v27.4 - https:\/\/yoast.com\/product\/yoast-seo-wordpress\/ -->\n<title>\u201cCuore di Pietra\u201d \u2013 Penna Stilografica con Pennino in Oro 18K - Grifos Pens<\/title>\n<meta name=\"description\" content=\"Penna stilografica \u201cCuore di Pietra\u201d realizzata in pietra ollare e impreziosita da particolari in argento massiccio 925. Monta un elegante pennino in oro massiccio 18K.\" \/>\n<meta name=\"robots\" content=\"index, follow, max-snippet:-1, max-image-preview:large, max-video-preview:-1\" \/>\n<link rel=\"canonical\" href=\"https:\/\/grifos-pens.it\/it\/prodotto\/penna-stilografica-in-pietra-ollare\/\" \/>\n<meta property=\"og:locale\" content=\"it_IT\" \/>\n<meta property=\"og:type\" content=\"article\" \/>\n<meta property=\"og:title\" content=\"\u201cCuore di Pietra\u201d \u2013 Penna Stilografica con Pennino in Oro 18K - Grifos Pens\" \/>\n<meta property=\"og:description\" content=\"Penna stilografica \u201cCuore di Pietra\u201d realizzata in pietra ollare e impreziosita da particolari in argento massiccio 925. Monta un elegante pennino in oro massiccio 18K.\" \/>\n<meta property=\"og:url\" content=\"https:\/\/grifos-pens.it\/it\/prodotto\/penna-stilografica-in-pietra-ollare\/\" \/>\n<meta property=\"og:site_name\" content=\"Grifos Pens\" \/>\n<meta property=\"article:publisher\" content=\"https:\/\/www.facebook.com\/grifospensitaly\/?locale=it_IT\" \/>\n<meta property=\"article:modified_time\" content=\"2026-04-15T13:15:05+00:00\" \/>\n<meta property=\"og:image\" content=\"https:\/\/grifos-pens.it\/wp-content\/uploads\/2020\/11\/GF-Ollar-01-scaled.jpg\" \/>\n\t<meta property=\"og:image:width\" content=\"2560\" \/>\n\t<meta property=\"og:image:height\" content=\"1707\" \/>\n\t<meta property=\"og:image:type\" content=\"image\/jpeg\" \/>\n<meta name=\"twitter:card\" content=\"summary_large_image\" \/>\n<meta name=\"twitter:label1\" content=\"Tempo di lettura stimato\" \/>\n\t<meta name=\"twitter:data1\" content=\"2 minuti\" \/>\n<script type=\"application\/ld+json\" class=\"yoast-schema-graph\">{\"@context\":\"https:\\\/\\\/schema.org\",\"@graph\":[{\"@type\":\"WebPage\",\"@id\":\"https:\\\/\\\/grifos-pens.it\\\/it\\\/prodotto\\\/penna-stilografica-in-pietra-ollare\\\/\",\"url\":\"https:\\\/\\\/grifos-pens.it\\\/it\\\/prodotto\\\/penna-stilografica-in-pietra-ollare\\\/\",\"name\":\"\u201cCuore di Pietra\u201d \u2013 Penna Stilografica con Pennino in Oro 18K - Grifos Pens\",\"isPartOf\":{\"@id\":\"https:\\\/\\\/grifos-pens.it\\\/it\\\/#website\"},\"primaryImageOfPage\":{\"@id\":\"https:\\\/\\\/grifos-pens.it\\\/it\\\/prodotto\\\/penna-stilografica-in-pietra-ollare\\\/#primaryimage\"},\"image\":{\"@id\":\"https:\\\/\\\/grifos-pens.it\\\/it\\\/prodotto\\\/penna-stilografica-in-pietra-ollare\\\/#primaryimage\"},\"thumbnailUrl\":\"https:\\\/\\\/grifos-pens.it\\\/wp-content\\\/uploads\\\/2020\\\/11\\\/GF-Ollar-01-scaled.jpg\",\"datePublished\":\"2020-11-18T08:26:04+00:00\",\"dateModified\":\"2026-04-15T13:15:05+00:00\",\"description\":\"Penna stilografica \u201cCuore di Pietra\u201d realizzata in pietra ollare e impreziosita da particolari in argento massiccio 925. Monta un elegante pennino in oro massiccio 18K.\",\"breadcrumb\":{\"@id\":\"https:\\\/\\\/grifos-pens.it\\\/it\\\/prodotto\\\/penna-stilografica-in-pietra-ollare\\\/#breadcrumb\"},\"inLanguage\":\"it-IT\",\"potentialAction\":[{\"@type\":\"ReadAction\",\"target\":[\"https:\\\/\\\/grifos-pens.it\\\/it\\\/prodotto\\\/penna-stilografica-in-pietra-ollare\\\/\"]}]},{\"@type\":\"ImageObject\",\"inLanguage\":\"it-IT\",\"@id\":\"https:\\\/\\\/grifos-pens.it\\\/it\\\/prodotto\\\/penna-stilografica-in-pietra-ollare\\\/#primaryimage\",\"url\":\"https:\\\/\\\/grifos-pens.it\\\/wp-content\\\/uploads\\\/2020\\\/11\\\/GF-Ollar-01-scaled.jpg\",\"contentUrl\":\"https:\\\/\\\/grifos-pens.it\\\/wp-content\\\/uploads\\\/2020\\\/11\\\/GF-Ollar-01-scaled.jpg\",\"width\":2560,\"height\":1707,\"caption\":\"Penna stilografica in pietra ollare\"},{\"@type\":\"BreadcrumbList\",\"@id\":\"https:\\\/\\\/grifos-pens.it\\\/it\\\/prodotto\\\/penna-stilografica-in-pietra-ollare\\\/#breadcrumb\",\"itemListElement\":[{\"@type\":\"ListItem\",\"position\":1,\"name\":\"Home\",\"item\":\"https:\\\/\\\/grifos-pens.it\\\/it\\\/\"},{\"@type\":\"ListItem\",\"position\":2,\"name\":\"Catalogo\",\"item\":\"https:\\\/\\\/grifos-pens.it\\\/it\\\/catalogo\\\/\"},{\"@type\":\"ListItem\",\"position\":3,\"name\":\"\u201cCuore di Pietra\u201d \u2013 Penna Stilografica con Pennino in Oro 18K\"}]},{\"@type\":\"WebSite\",\"@id\":\"https:\\\/\\\/grifos-pens.it\\\/it\\\/#website\",\"url\":\"https:\\\/\\\/grifos-pens.it\\\/it\\\/\",\"name\":\"Grifos Pens\",\"description\":\"Handcrafted Writing Instrument Of Italy\",\"publisher\":{\"@id\":\"https:\\\/\\\/grifos-pens.it\\\/it\\\/#organization\"},\"potentialAction\":[{\"@type\":\"SearchAction\",\"target\":{\"@type\":\"EntryPoint\",\"urlTemplate\":\"https:\\\/\\\/grifos-pens.it\\\/it\\\/?s={search_term_string}\"},\"query-input\":{\"@type\":\"PropertyValueSpecification\",\"valueRequired\":true,\"valueName\":\"search_term_string\"}}],\"inLanguage\":\"it-IT\"},{\"@type\":\"Organization\",\"@id\":\"https:\\\/\\\/grifos-pens.it\\\/it\\\/#organization\",\"name\":\"Grifos Pens\",\"url\":\"https:\\\/\\\/grifos-pens.it\\\/it\\\/\",\"logo\":{\"@type\":\"ImageObject\",\"inLanguage\":\"it-IT\",\"@id\":\"https:\\\/\\\/grifos-pens.it\\\/it\\\/#\\\/schema\\\/logo\\\/image\\\/\",\"url\":\"https:\\\/\\\/grifos-pens.it\\\/wp-content\\\/uploads\\\/2023\\\/05\\\/logo-grifos.svg\",\"contentUrl\":\"https:\\\/\\\/grifos-pens.it\\\/wp-content\\\/uploads\\\/2023\\\/05\\\/logo-grifos.svg\",\"width\":267,\"height\":243,\"caption\":\"Grifos Pens\"},\"image\":{\"@id\":\"https:\\\/\\\/grifos-pens.it\\\/it\\\/#\\\/schema\\\/logo\\\/image\\\/\"},\"sameAs\":[\"https:\\\/\\\/www.facebook.com\\\/grifospensitaly\\\/?locale=it_IT\",\"https:\\\/\\\/www.instagram.com\\\/grifos.pens\\\/\"]}]}<\/script>\n<!-- \/ Yoast SEO plugin. -->","yoast_head_json":{"title":"\u201cCuore di Pietra\u201d \u2013 Penna Stilografica con Pennino in Oro 18K - Grifos Pens","description":"Penna stilografica \u201cCuore di Pietra\u201d realizzata in pietra ollare e impreziosita da particolari in argento massiccio 925. Monta un elegante pennino in oro massiccio 18K.","robots":{"index":"index","follow":"follow","max-snippet":"max-snippet:-1","max-image-preview":"max-image-preview:large","max-video-preview":"max-video-preview:-1"},"canonical":"https:\/\/grifos-pens.it\/it\/prodotto\/penna-stilografica-in-pietra-ollare\/","og_locale":"it_IT","og_type":"article","og_title":"\u201cCuore di Pietra\u201d \u2013 Penna Stilografica con Pennino in Oro 18K - Grifos Pens","og_description":"Penna stilografica \u201cCuore di Pietra\u201d realizzata in pietra ollare e impreziosita da particolari in argento massiccio 925. Monta un elegante pennino in oro massiccio 18K.","og_url":"https:\/\/grifos-pens.it\/it\/prodotto\/penna-stilografica-in-pietra-ollare\/","og_site_name":"Grifos Pens","article_publisher":"https:\/\/www.facebook.com\/grifospensitaly\/?locale=it_IT","article_modified_time":"2026-04-15T13:15:05+00:00","og_image":[{"width":2560,"height":1707,"url":"https:\/\/grifos-pens.it\/wp-content\/uploads\/2020\/11\/GF-Ollar-01-scaled.jpg","type":"image\/jpeg"}],"twitter_card":"summary_large_image","twitter_misc":{"Tempo di lettura stimato":"2 minuti"},"schema":{"@context":"https:\/\/schema.org","@graph":[{"@type":"WebPage","@id":"https:\/\/grifos-pens.it\/it\/prodotto\/penna-stilografica-in-pietra-ollare\/","url":"https:\/\/grifos-pens.it\/it\/prodotto\/penna-stilografica-in-pietra-ollare\/","name":"\u201cCuore di Pietra\u201d \u2013 Penna Stilografica con Pennino in Oro 18K - Grifos Pens","isPartOf":{"@id":"https:\/\/grifos-pens.it\/it\/#website"},"primaryImageOfPage":{"@id":"https:\/\/grifos-pens.it\/it\/prodotto\/penna-stilografica-in-pietra-ollare\/#primaryimage"},"image":{"@id":"https:\/\/grifos-pens.it\/it\/prodotto\/penna-stilografica-in-pietra-ollare\/#primaryimage"},"thumbnailUrl":"https:\/\/grifos-pens.it\/wp-content\/uploads\/2020\/11\/GF-Ollar-01-scaled.jpg","datePublished":"2020-11-18T08:26:04+00:00","dateModified":"2026-04-15T13:15:05+00:00","description":"Penna stilografica \u201cCuore di Pietra\u201d realizzata in pietra ollare e impreziosita da particolari in argento massiccio 925. Monta un elegante pennino in oro massiccio 18K.","breadcrumb":{"@id":"https:\/\/grifos-pens.it\/it\/prodotto\/penna-stilografica-in-pietra-ollare\/#breadcrumb"},"inLanguage":"it-IT","potentialAction":[{"@type":"ReadAction","target":["https:\/\/grifos-pens.it\/it\/prodotto\/penna-stilografica-in-pietra-ollare\/"]}]},{"@type":"ImageObject","inLanguage":"it-IT","@id":"https:\/\/grifos-pens.it\/it\/prodotto\/penna-stilografica-in-pietra-ollare\/#primaryimage","url":"https:\/\/grifos-pens.it\/wp-content\/uploads\/2020\/11\/GF-Ollar-01-scaled.jpg","contentUrl":"https:\/\/grifos-pens.it\/wp-content\/uploads\/2020\/11\/GF-Ollar-01-scaled.jpg","width":2560,"height":1707,"caption":"Penna stilografica in pietra ollare"},{"@type":"BreadcrumbList","@id":"https:\/\/grifos-pens.it\/it\/prodotto\/penna-stilografica-in-pietra-ollare\/#breadcrumb","itemListElement":[{"@type":"ListItem","position":1,"name":"Home","item":"https:\/\/grifos-pens.it\/it\/"},{"@type":"ListItem","position":2,"name":"Catalogo","item":"https:\/\/grifos-pens.it\/it\/catalogo\/"},{"@type":"ListItem","position":3,"name":"\u201cCuore di Pietra\u201d \u2013 Penna Stilografica con Pennino in Oro 18K"}]},{"@type":"WebSite","@id":"https:\/\/grifos-pens.it\/it\/#website","url":"https:\/\/grifos-pens.it\/it\/","name":"Grifos Pens","description":"Handcrafted Writing Instrument Of Italy","publisher":{"@id":"https:\/\/grifos-pens.it\/it\/#organization"},"potentialAction":[{"@type":"SearchAction","target":{"@type":"EntryPoint","urlTemplate":"https:\/\/grifos-pens.it\/it\/?s={search_term_string}"},"query-input":{"@type":"PropertyValueSpecification","valueRequired":true,"valueName":"search_term_string"}}],"inLanguage":"it-IT"},{"@type":"Organization","@id":"https:\/\/grifos-pens.it\/it\/#organization","name":"Grifos Pens","url":"https:\/\/grifos-pens.it\/it\/","logo":{"@type":"ImageObject","inLanguage":"it-IT","@id":"https:\/\/grifos-pens.it\/it\/#\/schema\/logo\/image\/","url":"https:\/\/grifos-pens.it\/wp-content\/uploads\/2023\/05\/logo-grifos.svg","contentUrl":"https:\/\/grifos-pens.it\/wp-content\/uploads\/2023\/05\/logo-grifos.svg","width":267,"height":243,"caption":"Grifos Pens"},"image":{"@id":"https:\/\/grifos-pens.it\/it\/#\/schema\/logo\/image\/"},"sameAs":["https:\/\/www.facebook.com\/grifospensitaly\/?locale=it_IT","https:\/\/www.instagram.com\/grifos.pens\/"]}]}},"_links":{"self":[{"href":"https:\/\/grifos-pens.it\/it\/wp-json\/wp\/v2\/product\/3288","targetHints":{"allow":["GET"]}}],"collection":[{"href":"https:\/\/grifos-pens.it\/it\/wp-json\/wp\/v2\/product"}],"about":[{"href":"https:\/\/grifos-pens.it\/it\/wp-json\/wp\/v2\/types\/product"}],"replies":[{"embeddable":true,"href":"https:\/\/grifos-pens.it\/it\/wp-json\/wp\/v2\/comments?post=3288"}],"wp:featuredmedia":[{"embeddable":true,"href":"https:\/\/grifos-pens.it\/it\/wp-json\/wp\/v2\/media\/10114"}],"wp:attachment":[{"href":"https:\/\/grifos-pens.it\/it\/wp-json\/wp\/v2\/media?parent=3288"}],"wp:term":[{"taxonomy":"product_brand","embeddable":true,"href":"https:\/\/grifos-pens.it\/it\/wp-json\/wp\/v2\/product_brand?post=3288"},{"taxonomy":"product_cat","embeddable":true,"href":"https:\/\/grifos-pens.it\/it\/wp-json\/wp\/v2\/product_cat?post=3288"},{"taxonomy":"product_tag","embeddable":true,"href":"https:\/\/grifos-pens.it\/it\/wp-json\/wp\/v2\/product_tag?post=3288"}],"curies":[{"name":"wp","href":"https:\/\/api.w.org\/{rel}","templated":true}]}}