{"id":3545,"date":"2023-02-24T15:47:09","date_gmt":"2023-02-24T14:47:09","guid":{"rendered":"http:\/\/grifos-pens.it\/?post_type=product&#038;p=3545"},"modified":"2026-02-02T11:38:53","modified_gmt":"2026-02-02T10:38:53","slug":"penna-stilografica-albero-della-vita-resina-blu-oltremare","status":"publish","type":"product","link":"https:\/\/grifos-pens.it\/it\/prodotto\/penna-stilografica-albero-della-vita-resina-blu-oltremare\/","title":{"rendered":"Penna Stilografica &#8220;Albero della Vita&#8221; in Resina Blu"},"content":{"rendered":"<p>La Penna Stilografica Blu &#8220;Albero della Vita&#8221; \u00e8 fabbricata artigianalmente in Italia. Il corpo penna \u00e8 tornito in resina color blu oltremare finemente incisa con il motivo profondamente significativo &#8211; grazioso albero d&#8217;oro. Cappuccio e puntale sono realizzati in argento sterling placcato a spessore con oro 18 carati e inciso con tecnica guilloch\u00e8 superiore d&#8217;epoca.<\/p>\n<p>Da oltre tre decenni, ci dedichiamo alla produzione di strumenti di scrittura realizzati in metalli preziosi e decorati con l\u2019incisione guilloch\u00e9, un classico della tradizione italiana. Le nostre penne in argento permettono di scrivere con stile. Ogni penna in argento \u00e8 timbrata con il marchio 925 e *675 TO, a testimonianza del metallo prezioso utilizzato e della nostra appartenenza all\u2019albo orafo.<\/p>\n<p>La Penna Stilografica Blu &#8220;Albero della Vita&#8221;\u00a0ha una chiusura a vite per il cappuccio e pu\u00f2 essere ricaricata tramite converter o con cartucce standard internazionali. Il pennino \u00e8 realizzato in acciaio inossidabile, con punta media \u201cM\u201d. \u00c8 possibile scegliere tra punte \u201cF\u201d fine ed \u201cEF\u201d extra fine , o \u201cB\u201d grossa senza alcuna variazione di prezzo per la penna.<\/p>\n<p>Sono disponibili anche\u00a0<a href=\"https:\/\/grifos-pens.it\/it\/prodotto\/pennini-doro-per-stilografica\/\">pennini in oro massiccio 18 carati<\/a>, sia in oro giallo che in oro bianco, con un costo aggiuntivo. E\u2019 possibile scegliere tra punte \u201cF\u201d fine, \u201cM\u201d media e \u201cB\u201d grossa. Su richiesta, possiamo anche realizzare questa penna in versione roller o penna a sfera.<\/p>\n<p>Incluso nel prezzo della stilografica d\u2019argento sono l\u2019IVA e la spedizione tramite pacco raccomandato o corriere. La stilografica viene consegnata con un certificato di autenticit\u00e0 che garantisce che \u00e8 stata creata artigianalmente in vero argento 925, rifinita e attentamente controllata secondo le pi\u00f9 alte tradizioni orafe italiane.<\/p>\n<p>\u00c8 possibile ordinare questa penna con personalizzazioni su richiesta. Siamo lieti di offrivi anche un elegante astuccio da regalo, un converter funzionale e una confezione da 6 cartucce, con inchiostro nero o blu a vostra scelta, come regalo incluso.<\/p>\n","protected":false},"excerpt":{"rendered":"<p>La penna \u00e8 un omaggio al noto pittore austriaco e alla sua opera d&#8217;arte Albero della Vita, il simbolo\u00a0antico quanto l\u2019uomo, presente in tutte le civilt\u00e0 con significati legati alla nascita, alla rigenerazione, all&#8217;energia vitale. Vorremo dedicare la penna ai comuni principi umanitari che uniscono tutti i popoli del mondo &#8211; solidit\u00e0, saggezza e bellezza rappresentati dall&#8217;albero.<\/p>\n","protected":false},"featured_media":3572,"comment_status":"closed","ping_status":"closed","template":"","meta":[],"product_brand":[],"product_cat":[264,1026,265,272],"product_tag":[250,463,251,256,462,464,252,257,461,410,254,465,255],"class_list":{"0":"post-3545","1":"product","2":"type-product","3":"status-publish","4":"has-post-thumbnail","6":"product_cat-argento","7":"product_cat-oro-vermeil","8":"product_cat-resina","9":"product_cat-stilografiche","10":"product_tag-albero-della-vita-2","11":"product_tag-argento-vermeil","12":"product_tag-gustav-klimt-2","13":"product_tag-penna-2","14":"product_tag-penna-oro","15":"product_tag-penna-preziosa","16":"product_tag-penne-artigianali-2","17":"product_tag-prodotto-artigianale-2","18":"product_tag-regalo-pittore","19":"product_tag-regalo-scrittore","20":"product_tag-scrivere-con-stilografica-2","21":"product_tag-stilo-incisa","22":"product_tag-stilografiche-2","24":"first","25":"instock","26":"taxable","27":"shipping-taxable","28":"purchasable","29":"product-type-simple"},"yoast_head":"<!-- This site is optimized with the Yoast SEO plugin v27.4 - https:\/\/yoast.com\/product\/yoast-seo-wordpress\/ -->\n<title>Penna Stilografica Blu &quot;Albero della Vita&quot; Grifos Pens<\/title>\n<meta name=\"description\" content=\"Penna Stilografica Blu &quot;Albero della Vita&quot; abbellita con l&#039;albero della vita di Gustav Klimt, puntale e cappuccio in argento placcato oro.\" \/>\n<meta name=\"robots\" content=\"index, follow, max-snippet:-1, max-image-preview:large, max-video-preview:-1\" \/>\n<link rel=\"canonical\" href=\"https:\/\/grifos-pens.it\/it\/prodotto\/penna-stilografica-albero-della-vita-resina-blu-oltremare\/\" \/>\n<meta property=\"og:locale\" content=\"it_IT\" \/>\n<meta property=\"og:type\" content=\"article\" \/>\n<meta property=\"og:title\" content=\"Penna Stilografica Blu &quot;Albero della Vita&quot; Grifos Pens\" \/>\n<meta property=\"og:description\" content=\"Penna Stilografica Blu &quot;Albero della Vita&quot; abbellita con l&#039;albero della vita di Gustav Klimt, puntale e cappuccio in argento placcato oro.\" \/>\n<meta property=\"og:url\" content=\"https:\/\/grifos-pens.it\/it\/prodotto\/penna-stilografica-albero-della-vita-resina-blu-oltremare\/\" \/>\n<meta property=\"og:site_name\" content=\"Grifos Pens\" \/>\n<meta property=\"article:publisher\" content=\"https:\/\/www.facebook.com\/grifospensitaly\/?locale=it_IT\" \/>\n<meta property=\"article:modified_time\" content=\"2026-02-02T10:38:53+00:00\" \/>\n<meta property=\"og:image\" content=\"https:\/\/grifos-pens.it\/wp-content\/uploads\/2023\/02\/NMF508-D-G05D-R06-Klimt2.jpg\" \/>\n\t<meta property=\"og:image:width\" content=\"2000\" \/>\n\t<meta property=\"og:image:height\" content=\"1333\" \/>\n\t<meta property=\"og:image:type\" content=\"image\/jpeg\" \/>\n<meta name=\"twitter:card\" content=\"summary_large_image\" \/>\n<meta name=\"twitter:label1\" content=\"Tempo di lettura stimato\" \/>\n\t<meta name=\"twitter:data1\" content=\"2 minuti\" \/>\n<script type=\"application\/ld+json\" class=\"yoast-schema-graph\">{\"@context\":\"https:\\\/\\\/schema.org\",\"@graph\":[{\"@type\":\"WebPage\",\"@id\":\"https:\\\/\\\/grifos-pens.it\\\/it\\\/prodotto\\\/penna-stilografica-albero-della-vita-resina-blu-oltremare\\\/\",\"url\":\"https:\\\/\\\/grifos-pens.it\\\/it\\\/prodotto\\\/penna-stilografica-albero-della-vita-resina-blu-oltremare\\\/\",\"name\":\"Penna Stilografica Blu \\\"Albero della Vita\\\" Grifos Pens\",\"isPartOf\":{\"@id\":\"https:\\\/\\\/grifos-pens.it\\\/it\\\/#website\"},\"primaryImageOfPage\":{\"@id\":\"https:\\\/\\\/grifos-pens.it\\\/it\\\/prodotto\\\/penna-stilografica-albero-della-vita-resina-blu-oltremare\\\/#primaryimage\"},\"image\":{\"@id\":\"https:\\\/\\\/grifos-pens.it\\\/it\\\/prodotto\\\/penna-stilografica-albero-della-vita-resina-blu-oltremare\\\/#primaryimage\"},\"thumbnailUrl\":\"https:\\\/\\\/grifos-pens.it\\\/wp-content\\\/uploads\\\/2023\\\/02\\\/NMF508-D-G05D-R06-Klimt2.jpg\",\"datePublished\":\"2023-02-24T14:47:09+00:00\",\"dateModified\":\"2026-02-02T10:38:53+00:00\",\"description\":\"Penna Stilografica Blu \\\"Albero della Vita\\\" abbellita con l'albero della vita di Gustav Klimt, puntale e cappuccio in argento placcato oro.\",\"breadcrumb\":{\"@id\":\"https:\\\/\\\/grifos-pens.it\\\/it\\\/prodotto\\\/penna-stilografica-albero-della-vita-resina-blu-oltremare\\\/#breadcrumb\"},\"inLanguage\":\"it-IT\",\"potentialAction\":[{\"@type\":\"ReadAction\",\"target\":[\"https:\\\/\\\/grifos-pens.it\\\/it\\\/prodotto\\\/penna-stilografica-albero-della-vita-resina-blu-oltremare\\\/\"]}]},{\"@type\":\"ImageObject\",\"inLanguage\":\"it-IT\",\"@id\":\"https:\\\/\\\/grifos-pens.it\\\/it\\\/prodotto\\\/penna-stilografica-albero-della-vita-resina-blu-oltremare\\\/#primaryimage\",\"url\":\"https:\\\/\\\/grifos-pens.it\\\/wp-content\\\/uploads\\\/2023\\\/02\\\/NMF508-D-G05D-R06-Klimt2.jpg\",\"contentUrl\":\"https:\\\/\\\/grifos-pens.it\\\/wp-content\\\/uploads\\\/2023\\\/02\\\/NMF508-D-G05D-R06-Klimt2.jpg\",\"width\":2000,\"height\":1333,\"caption\":\"Penna stilografica per amanti delle belli arti\"},{\"@type\":\"BreadcrumbList\",\"@id\":\"https:\\\/\\\/grifos-pens.it\\\/it\\\/prodotto\\\/penna-stilografica-albero-della-vita-resina-blu-oltremare\\\/#breadcrumb\",\"itemListElement\":[{\"@type\":\"ListItem\",\"position\":1,\"name\":\"Home\",\"item\":\"https:\\\/\\\/grifos-pens.it\\\/it\\\/\"},{\"@type\":\"ListItem\",\"position\":2,\"name\":\"Catalogo\",\"item\":\"https:\\\/\\\/grifos-pens.it\\\/it\\\/catalogo\\\/\"},{\"@type\":\"ListItem\",\"position\":3,\"name\":\"Penna Stilografica &#8220;Albero della Vita&#8221; in Resina Blu\"}]},{\"@type\":\"WebSite\",\"@id\":\"https:\\\/\\\/grifos-pens.it\\\/it\\\/#website\",\"url\":\"https:\\\/\\\/grifos-pens.it\\\/it\\\/\",\"name\":\"Grifos Pens\",\"description\":\"Handcrafted Writing Instrument Of Italy\",\"publisher\":{\"@id\":\"https:\\\/\\\/grifos-pens.it\\\/it\\\/#organization\"},\"potentialAction\":[{\"@type\":\"SearchAction\",\"target\":{\"@type\":\"EntryPoint\",\"urlTemplate\":\"https:\\\/\\\/grifos-pens.it\\\/it\\\/?s={search_term_string}\"},\"query-input\":{\"@type\":\"PropertyValueSpecification\",\"valueRequired\":true,\"valueName\":\"search_term_string\"}}],\"inLanguage\":\"it-IT\"},{\"@type\":\"Organization\",\"@id\":\"https:\\\/\\\/grifos-pens.it\\\/it\\\/#organization\",\"name\":\"Grifos Pens\",\"url\":\"https:\\\/\\\/grifos-pens.it\\\/it\\\/\",\"logo\":{\"@type\":\"ImageObject\",\"inLanguage\":\"it-IT\",\"@id\":\"https:\\\/\\\/grifos-pens.it\\\/it\\\/#\\\/schema\\\/logo\\\/image\\\/\",\"url\":\"https:\\\/\\\/grifos-pens.it\\\/wp-content\\\/uploads\\\/2023\\\/05\\\/logo-grifos.svg\",\"contentUrl\":\"https:\\\/\\\/grifos-pens.it\\\/wp-content\\\/uploads\\\/2023\\\/05\\\/logo-grifos.svg\",\"width\":267,\"height\":243,\"caption\":\"Grifos Pens\"},\"image\":{\"@id\":\"https:\\\/\\\/grifos-pens.it\\\/it\\\/#\\\/schema\\\/logo\\\/image\\\/\"},\"sameAs\":[\"https:\\\/\\\/www.facebook.com\\\/grifospensitaly\\\/?locale=it_IT\",\"https:\\\/\\\/www.instagram.com\\\/grifos.pens\\\/\"]}]}<\/script>\n<!-- \/ Yoast SEO plugin. -->","yoast_head_json":{"title":"Penna Stilografica Blu \"Albero della Vita\" Grifos Pens","description":"Penna Stilografica Blu \"Albero della Vita\" abbellita con l'albero della vita di Gustav Klimt, puntale e cappuccio in argento placcato oro.","robots":{"index":"index","follow":"follow","max-snippet":"max-snippet:-1","max-image-preview":"max-image-preview:large","max-video-preview":"max-video-preview:-1"},"canonical":"https:\/\/grifos-pens.it\/it\/prodotto\/penna-stilografica-albero-della-vita-resina-blu-oltremare\/","og_locale":"it_IT","og_type":"article","og_title":"Penna Stilografica Blu \"Albero della Vita\" Grifos Pens","og_description":"Penna Stilografica Blu \"Albero della Vita\" abbellita con l'albero della vita di Gustav Klimt, puntale e cappuccio in argento placcato oro.","og_url":"https:\/\/grifos-pens.it\/it\/prodotto\/penna-stilografica-albero-della-vita-resina-blu-oltremare\/","og_site_name":"Grifos Pens","article_publisher":"https:\/\/www.facebook.com\/grifospensitaly\/?locale=it_IT","article_modified_time":"2026-02-02T10:38:53+00:00","og_image":[{"width":2000,"height":1333,"url":"https:\/\/grifos-pens.it\/wp-content\/uploads\/2023\/02\/NMF508-D-G05D-R06-Klimt2.jpg","type":"image\/jpeg"}],"twitter_card":"summary_large_image","twitter_misc":{"Tempo di lettura stimato":"2 minuti"},"schema":{"@context":"https:\/\/schema.org","@graph":[{"@type":"WebPage","@id":"https:\/\/grifos-pens.it\/it\/prodotto\/penna-stilografica-albero-della-vita-resina-blu-oltremare\/","url":"https:\/\/grifos-pens.it\/it\/prodotto\/penna-stilografica-albero-della-vita-resina-blu-oltremare\/","name":"Penna Stilografica Blu \"Albero della Vita\" Grifos Pens","isPartOf":{"@id":"https:\/\/grifos-pens.it\/it\/#website"},"primaryImageOfPage":{"@id":"https:\/\/grifos-pens.it\/it\/prodotto\/penna-stilografica-albero-della-vita-resina-blu-oltremare\/#primaryimage"},"image":{"@id":"https:\/\/grifos-pens.it\/it\/prodotto\/penna-stilografica-albero-della-vita-resina-blu-oltremare\/#primaryimage"},"thumbnailUrl":"https:\/\/grifos-pens.it\/wp-content\/uploads\/2023\/02\/NMF508-D-G05D-R06-Klimt2.jpg","datePublished":"2023-02-24T14:47:09+00:00","dateModified":"2026-02-02T10:38:53+00:00","description":"Penna Stilografica Blu \"Albero della Vita\" abbellita con l'albero della vita di Gustav Klimt, puntale e cappuccio in argento placcato oro.","breadcrumb":{"@id":"https:\/\/grifos-pens.it\/it\/prodotto\/penna-stilografica-albero-della-vita-resina-blu-oltremare\/#breadcrumb"},"inLanguage":"it-IT","potentialAction":[{"@type":"ReadAction","target":["https:\/\/grifos-pens.it\/it\/prodotto\/penna-stilografica-albero-della-vita-resina-blu-oltremare\/"]}]},{"@type":"ImageObject","inLanguage":"it-IT","@id":"https:\/\/grifos-pens.it\/it\/prodotto\/penna-stilografica-albero-della-vita-resina-blu-oltremare\/#primaryimage","url":"https:\/\/grifos-pens.it\/wp-content\/uploads\/2023\/02\/NMF508-D-G05D-R06-Klimt2.jpg","contentUrl":"https:\/\/grifos-pens.it\/wp-content\/uploads\/2023\/02\/NMF508-D-G05D-R06-Klimt2.jpg","width":2000,"height":1333,"caption":"Penna stilografica per amanti delle belli arti"},{"@type":"BreadcrumbList","@id":"https:\/\/grifos-pens.it\/it\/prodotto\/penna-stilografica-albero-della-vita-resina-blu-oltremare\/#breadcrumb","itemListElement":[{"@type":"ListItem","position":1,"name":"Home","item":"https:\/\/grifos-pens.it\/it\/"},{"@type":"ListItem","position":2,"name":"Catalogo","item":"https:\/\/grifos-pens.it\/it\/catalogo\/"},{"@type":"ListItem","position":3,"name":"Penna Stilografica &#8220;Albero della Vita&#8221; in Resina Blu"}]},{"@type":"WebSite","@id":"https:\/\/grifos-pens.it\/it\/#website","url":"https:\/\/grifos-pens.it\/it\/","name":"Grifos Pens","description":"Handcrafted Writing Instrument Of Italy","publisher":{"@id":"https:\/\/grifos-pens.it\/it\/#organization"},"potentialAction":[{"@type":"SearchAction","target":{"@type":"EntryPoint","urlTemplate":"https:\/\/grifos-pens.it\/it\/?s={search_term_string}"},"query-input":{"@type":"PropertyValueSpecification","valueRequired":true,"valueName":"search_term_string"}}],"inLanguage":"it-IT"},{"@type":"Organization","@id":"https:\/\/grifos-pens.it\/it\/#organization","name":"Grifos Pens","url":"https:\/\/grifos-pens.it\/it\/","logo":{"@type":"ImageObject","inLanguage":"it-IT","@id":"https:\/\/grifos-pens.it\/it\/#\/schema\/logo\/image\/","url":"https:\/\/grifos-pens.it\/wp-content\/uploads\/2023\/05\/logo-grifos.svg","contentUrl":"https:\/\/grifos-pens.it\/wp-content\/uploads\/2023\/05\/logo-grifos.svg","width":267,"height":243,"caption":"Grifos Pens"},"image":{"@id":"https:\/\/grifos-pens.it\/it\/#\/schema\/logo\/image\/"},"sameAs":["https:\/\/www.facebook.com\/grifospensitaly\/?locale=it_IT","https:\/\/www.instagram.com\/grifos.pens\/"]}]}},"_links":{"self":[{"href":"https:\/\/grifos-pens.it\/it\/wp-json\/wp\/v2\/product\/3545","targetHints":{"allow":["GET"]}}],"collection":[{"href":"https:\/\/grifos-pens.it\/it\/wp-json\/wp\/v2\/product"}],"about":[{"href":"https:\/\/grifos-pens.it\/it\/wp-json\/wp\/v2\/types\/product"}],"replies":[{"embeddable":true,"href":"https:\/\/grifos-pens.it\/it\/wp-json\/wp\/v2\/comments?post=3545"}],"wp:featuredmedia":[{"embeddable":true,"href":"https:\/\/grifos-pens.it\/it\/wp-json\/wp\/v2\/media\/3572"}],"wp:attachment":[{"href":"https:\/\/grifos-pens.it\/it\/wp-json\/wp\/v2\/media?parent=3545"}],"wp:term":[{"taxonomy":"product_brand","embeddable":true,"href":"https:\/\/grifos-pens.it\/it\/wp-json\/wp\/v2\/product_brand?post=3545"},{"taxonomy":"product_cat","embeddable":true,"href":"https:\/\/grifos-pens.it\/it\/wp-json\/wp\/v2\/product_cat?post=3545"},{"taxonomy":"product_tag","embeddable":true,"href":"https:\/\/grifos-pens.it\/it\/wp-json\/wp\/v2\/product_tag?post=3545"}],"curies":[{"name":"wp","href":"https:\/\/api.w.org\/{rel}","templated":true}]}}