{"id":3611,"date":"2023-03-15T10:47:41","date_gmt":"2023-03-15T09:47:41","guid":{"rendered":"http:\/\/grifos-pens.it\/?post_type=product&#038;p=3611"},"modified":"2026-02-02T11:39:09","modified_gmt":"2026-02-02T10:39:09","slug":"penna-stilografica-argento-alma-mater","status":"publish","type":"product","link":"https:\/\/grifos-pens.it\/it\/prodotto\/penna-stilografica-argento-alma-mater\/","title":{"rendered":"Stilografica Argento &#8220;Alma Mater&#8221;"},"content":{"rendered":"<p>La penna stilografica Argento Alma Mater. Ispirato a continuare a imparare e crescere, a utilizzare l&#8217;istruzione per avere un impatto positivo nel mondo. La penna stilografica d&#8217;argento porta le squisite incisioni di un albero di vite e di un giglio &#8211; due simboli senza tempo dell&#8217;epoca rinascimentale. Mentre passo le dita sulla sua superficie, sono trasportato indietro nell&#8217;et\u00e0 d&#8217;oro dell&#8217;arte, della letteratura e della cultura che ha segnato questo periodo della storia.<br \/>\nL&#8217;albero di vite, con i suoi teneri tralci e frutti succosi, rappresenta l&#8217;abbondanza e la prosperit\u00e0 che caratterizzavano il Rinascimento. Quest&#8217;epoca ha assistito ad una fioritura di ricchezza e creativit\u00e0, poich\u00e9 ricchi mecenati ed abili artigiani si sono uniti per produrre alcune delle opere d&#8217;arte e letteratura pi\u00f9 mozzafiato che il mondo abbia mai visto. L&#8217;albero di vite, con la sua abbondante produzione, \u00e8 un simbolo appropriato per quest&#8217;epoca di abbondanza.<br \/>\nIl giglio, d&#8217;altra parte, rappresenta la purezza e la grazia. \u00c8 un omaggio alle sensibilit\u00e0 estetiche raffinate emerse durante il Rinascimento, poich\u00e9 artisti e scrittori hanno cercato di creare opere d&#8217;arte che fossero sia belle che intellettualmente stimolanti. I petali eleganti e il profumo delicato del giglio incarnano gli ideali di equilibrio e armonia che erano tanto apprezzati in questo periodo.<br \/>\nInsieme, l&#8217;albero di vite e il giglio catturano l&#8217;essenza del Rinascimento &#8211; un&#8217;epoca di prosperit\u00e0, creativit\u00e0 e estetica raffinata. Mentre tieni questa penna d&#8217;argento tra le mani, ti ricordi del patrimonio duraturo di quest&#8217;epoca e del modo in cui le sue idee e i suoi ideali continuano a plasmare il nostro mondo oggi.<br \/>\nIl cappuccio e la sezione della punta di questa penna sono fatti di una resina blu scuro, che luccica e brilla alla luce, attirando l&#8217;attenzione e catturando lo sguardo.<\/p>\n<p>La nostra azienda \u00e8 membro della corporazione dei maestri argentieri italiani, garantendo il rispetto della legge italiana ed europea. Ogni penna \u00e8 contrassegnata con un timbro ovale 925, assicurando ai nostri clienti che utilizziamo solo argento massiccio.<\/p>\n<p>La penna stilografica Argento Alma Mater \u00e8 dotata di un sistema di ricarica a doppio uso che pu\u00f2 accettare sia un convertitore che cartucce standard internazionali. Forniamo un convertitore a pompa e un set di sei cartucce con ogni penna come regalo.<\/p>\n<p>La penna presenta una punta di medie dimensioni in acciaio inossidabile, prodotta dall&#8217;azienda tedesca Bock. Il pennino ha una scrittura fluida e di alta qualit\u00e0. Offriamo anche misure di punta fine, extra fine, larga e versioni roller\/biro su richiesta senza alcun costo aggiuntivo. Sul sito sono disponibili <a href=\"https:\/\/grifos-pens.it\/it\/prodotto\/pennini-doro-per-stilografica\/\">pennini in oro massiccio 750-18 carati<\/a>.<\/p>\n<p>La stilografica viene consegnata in astuccio da regalo con certificato di autenticit\u00e0. Il certificato garantisce la presente creazione di esser artigianalmente realizzata in Italia, rifinita e controllata attentamente come la pi\u00f9 alta tradizione orafa italiana richiede.<\/p>\n<p>Spedizione inclusa nel prezzo della stilografica.<\/p>\n","protected":false},"excerpt":{"rendered":"<p>La penna d&#8217;argento Alma Mater porta le squisite incisioni di un albero di vite e di un giglio &#8211; due simboli senza tempo dell&#8217;epoca rinascimentale. Mentre passo le dita sulla sua superficie, sono trasportato indietro nell&#8217;et\u00e0 d&#8217;oro dell&#8217;arte, della letteratura e della cultura che ha segnato questo periodo della storia.<\/p>\n","protected":false},"featured_media":3615,"comment_status":"closed","ping_status":"closed","template":"","meta":[],"product_brand":[],"product_cat":[264,265,272],"product_tag":[301,302,303,304,305,252,253,306,307,254,308,309,255],"class_list":{"0":"post-3611","1":"product","2":"type-product","3":"status-publish","4":"has-post-thumbnail","6":"product_cat-argento","7":"product_cat-resina","8":"product_cat-stilografiche","9":"product_tag-alma-mater-simbolo-it","10":"product_tag-comprare-penne-online-it","11":"product_tag-giglio-di-firenze-it","12":"product_tag-negozio-di-penne-it","13":"product_tag-penna-in-argento-it","14":"product_tag-penne-artigianali-2","15":"product_tag-regalo-prestigioso-2","16":"product_tag-regalo-universita-it","17":"product_tag-rinascimento-italiano-it","18":"product_tag-scrivere-con-stilografica-2","19":"product_tag-stilo-it","20":"product_tag-stilografica-it","21":"product_tag-stilografiche-2","23":"first","24":"instock","25":"taxable","26":"shipping-taxable","27":"purchasable","28":"product-type-simple"},"yoast_head":"<!-- This site is optimized with the Yoast SEO plugin v27.4 - https:\/\/yoast.com\/product\/yoast-seo-wordpress\/ -->\n<title>Penna Stilografica Argento Alma Mater<\/title>\n<meta name=\"description\" content=\"Penna Stilografica Argento Alma Mater con resina blu abbellita con incisione di giglio e albero di vite - simboli della prosperit\u00e0 nel Rinascimento.\" \/>\n<meta name=\"robots\" content=\"index, follow, max-snippet:-1, max-image-preview:large, max-video-preview:-1\" \/>\n<link rel=\"canonical\" href=\"https:\/\/grifos-pens.it\/it\/prodotto\/penna-stilografica-argento-alma-mater\/\" \/>\n<meta property=\"og:locale\" content=\"it_IT\" \/>\n<meta property=\"og:type\" content=\"article\" \/>\n<meta property=\"og:title\" content=\"Penna Stilografica Argento Alma Mater\" \/>\n<meta property=\"og:description\" content=\"Penna Stilografica Argento Alma Mater con resina blu abbellita con incisione di giglio e albero di vite - simboli della prosperit\u00e0 nel Rinascimento.\" \/>\n<meta property=\"og:url\" content=\"https:\/\/grifos-pens.it\/it\/prodotto\/penna-stilografica-argento-alma-mater\/\" \/>\n<meta property=\"og:site_name\" content=\"Grifos Pens\" \/>\n<meta property=\"article:publisher\" content=\"https:\/\/www.facebook.com\/grifospensitaly\/?locale=it_IT\" \/>\n<meta property=\"article:modified_time\" content=\"2026-02-02T10:39:09+00:00\" \/>\n<meta property=\"og:image\" content=\"https:\/\/grifos-pens.it\/wp-content\/uploads\/2023\/03\/GF508-AD-FViteGiglio-CR06-PR06-01.jpg\" \/>\n\t<meta property=\"og:image:width\" content=\"2000\" \/>\n\t<meta property=\"og:image:height\" content=\"1333\" \/>\n\t<meta property=\"og:image:type\" content=\"image\/jpeg\" \/>\n<meta name=\"twitter:card\" content=\"summary_large_image\" \/>\n<meta name=\"twitter:label1\" content=\"Tempo di lettura stimato\" \/>\n\t<meta name=\"twitter:data1\" content=\"3 minuti\" \/>\n<script type=\"application\/ld+json\" class=\"yoast-schema-graph\">{\"@context\":\"https:\\\/\\\/schema.org\",\"@graph\":[{\"@type\":\"WebPage\",\"@id\":\"https:\\\/\\\/grifos-pens.it\\\/it\\\/prodotto\\\/penna-stilografica-argento-alma-mater\\\/\",\"url\":\"https:\\\/\\\/grifos-pens.it\\\/it\\\/prodotto\\\/penna-stilografica-argento-alma-mater\\\/\",\"name\":\"Penna Stilografica Argento Alma Mater\",\"isPartOf\":{\"@id\":\"https:\\\/\\\/grifos-pens.it\\\/it\\\/#website\"},\"primaryImageOfPage\":{\"@id\":\"https:\\\/\\\/grifos-pens.it\\\/it\\\/prodotto\\\/penna-stilografica-argento-alma-mater\\\/#primaryimage\"},\"image\":{\"@id\":\"https:\\\/\\\/grifos-pens.it\\\/it\\\/prodotto\\\/penna-stilografica-argento-alma-mater\\\/#primaryimage\"},\"thumbnailUrl\":\"https:\\\/\\\/grifos-pens.it\\\/wp-content\\\/uploads\\\/2023\\\/03\\\/GF508-AD-FViteGiglio-CR06-PR06-01.jpg\",\"datePublished\":\"2023-03-15T09:47:41+00:00\",\"dateModified\":\"2026-02-02T10:39:09+00:00\",\"description\":\"Penna Stilografica Argento Alma Mater con resina blu abbellita con incisione di giglio e albero di vite - simboli della prosperit\u00e0 nel Rinascimento.\",\"breadcrumb\":{\"@id\":\"https:\\\/\\\/grifos-pens.it\\\/it\\\/prodotto\\\/penna-stilografica-argento-alma-mater\\\/#breadcrumb\"},\"inLanguage\":\"it-IT\",\"potentialAction\":[{\"@type\":\"ReadAction\",\"target\":[\"https:\\\/\\\/grifos-pens.it\\\/it\\\/prodotto\\\/penna-stilografica-argento-alma-mater\\\/\"]}]},{\"@type\":\"ImageObject\",\"inLanguage\":\"it-IT\",\"@id\":\"https:\\\/\\\/grifos-pens.it\\\/it\\\/prodotto\\\/penna-stilografica-argento-alma-mater\\\/#primaryimage\",\"url\":\"https:\\\/\\\/grifos-pens.it\\\/wp-content\\\/uploads\\\/2023\\\/03\\\/GF508-AD-FViteGiglio-CR06-PR06-01.jpg\",\"contentUrl\":\"https:\\\/\\\/grifos-pens.it\\\/wp-content\\\/uploads\\\/2023\\\/03\\\/GF508-AD-FViteGiglio-CR06-PR06-01.jpg\",\"width\":2000,\"height\":1333,\"caption\":\"Stilografica Alma Mater\"},{\"@type\":\"BreadcrumbList\",\"@id\":\"https:\\\/\\\/grifos-pens.it\\\/it\\\/prodotto\\\/penna-stilografica-argento-alma-mater\\\/#breadcrumb\",\"itemListElement\":[{\"@type\":\"ListItem\",\"position\":1,\"name\":\"Home\",\"item\":\"https:\\\/\\\/grifos-pens.it\\\/it\\\/\"},{\"@type\":\"ListItem\",\"position\":2,\"name\":\"Catalogo\",\"item\":\"https:\\\/\\\/grifos-pens.it\\\/it\\\/catalogo\\\/\"},{\"@type\":\"ListItem\",\"position\":3,\"name\":\"Stilografica Argento &#8220;Alma Mater&#8221;\"}]},{\"@type\":\"WebSite\",\"@id\":\"https:\\\/\\\/grifos-pens.it\\\/it\\\/#website\",\"url\":\"https:\\\/\\\/grifos-pens.it\\\/it\\\/\",\"name\":\"Grifos Pens\",\"description\":\"Handcrafted Writing Instrument Of Italy\",\"publisher\":{\"@id\":\"https:\\\/\\\/grifos-pens.it\\\/it\\\/#organization\"},\"potentialAction\":[{\"@type\":\"SearchAction\",\"target\":{\"@type\":\"EntryPoint\",\"urlTemplate\":\"https:\\\/\\\/grifos-pens.it\\\/it\\\/?s={search_term_string}\"},\"query-input\":{\"@type\":\"PropertyValueSpecification\",\"valueRequired\":true,\"valueName\":\"search_term_string\"}}],\"inLanguage\":\"it-IT\"},{\"@type\":\"Organization\",\"@id\":\"https:\\\/\\\/grifos-pens.it\\\/it\\\/#organization\",\"name\":\"Grifos Pens\",\"url\":\"https:\\\/\\\/grifos-pens.it\\\/it\\\/\",\"logo\":{\"@type\":\"ImageObject\",\"inLanguage\":\"it-IT\",\"@id\":\"https:\\\/\\\/grifos-pens.it\\\/it\\\/#\\\/schema\\\/logo\\\/image\\\/\",\"url\":\"https:\\\/\\\/grifos-pens.it\\\/wp-content\\\/uploads\\\/2023\\\/05\\\/logo-grifos.svg\",\"contentUrl\":\"https:\\\/\\\/grifos-pens.it\\\/wp-content\\\/uploads\\\/2023\\\/05\\\/logo-grifos.svg\",\"width\":267,\"height\":243,\"caption\":\"Grifos Pens\"},\"image\":{\"@id\":\"https:\\\/\\\/grifos-pens.it\\\/it\\\/#\\\/schema\\\/logo\\\/image\\\/\"},\"sameAs\":[\"https:\\\/\\\/www.facebook.com\\\/grifospensitaly\\\/?locale=it_IT\",\"https:\\\/\\\/www.instagram.com\\\/grifos.pens\\\/\"]}]}<\/script>\n<!-- \/ Yoast SEO plugin. -->","yoast_head_json":{"title":"Penna Stilografica Argento Alma Mater","description":"Penna Stilografica Argento Alma Mater con resina blu abbellita con incisione di giglio e albero di vite - simboli della prosperit\u00e0 nel Rinascimento.","robots":{"index":"index","follow":"follow","max-snippet":"max-snippet:-1","max-image-preview":"max-image-preview:large","max-video-preview":"max-video-preview:-1"},"canonical":"https:\/\/grifos-pens.it\/it\/prodotto\/penna-stilografica-argento-alma-mater\/","og_locale":"it_IT","og_type":"article","og_title":"Penna Stilografica Argento Alma Mater","og_description":"Penna Stilografica Argento Alma Mater con resina blu abbellita con incisione di giglio e albero di vite - simboli della prosperit\u00e0 nel Rinascimento.","og_url":"https:\/\/grifos-pens.it\/it\/prodotto\/penna-stilografica-argento-alma-mater\/","og_site_name":"Grifos Pens","article_publisher":"https:\/\/www.facebook.com\/grifospensitaly\/?locale=it_IT","article_modified_time":"2026-02-02T10:39:09+00:00","og_image":[{"width":2000,"height":1333,"url":"https:\/\/grifos-pens.it\/wp-content\/uploads\/2023\/03\/GF508-AD-FViteGiglio-CR06-PR06-01.jpg","type":"image\/jpeg"}],"twitter_card":"summary_large_image","twitter_misc":{"Tempo di lettura stimato":"3 minuti"},"schema":{"@context":"https:\/\/schema.org","@graph":[{"@type":"WebPage","@id":"https:\/\/grifos-pens.it\/it\/prodotto\/penna-stilografica-argento-alma-mater\/","url":"https:\/\/grifos-pens.it\/it\/prodotto\/penna-stilografica-argento-alma-mater\/","name":"Penna Stilografica Argento Alma Mater","isPartOf":{"@id":"https:\/\/grifos-pens.it\/it\/#website"},"primaryImageOfPage":{"@id":"https:\/\/grifos-pens.it\/it\/prodotto\/penna-stilografica-argento-alma-mater\/#primaryimage"},"image":{"@id":"https:\/\/grifos-pens.it\/it\/prodotto\/penna-stilografica-argento-alma-mater\/#primaryimage"},"thumbnailUrl":"https:\/\/grifos-pens.it\/wp-content\/uploads\/2023\/03\/GF508-AD-FViteGiglio-CR06-PR06-01.jpg","datePublished":"2023-03-15T09:47:41+00:00","dateModified":"2026-02-02T10:39:09+00:00","description":"Penna Stilografica Argento Alma Mater con resina blu abbellita con incisione di giglio e albero di vite - simboli della prosperit\u00e0 nel Rinascimento.","breadcrumb":{"@id":"https:\/\/grifos-pens.it\/it\/prodotto\/penna-stilografica-argento-alma-mater\/#breadcrumb"},"inLanguage":"it-IT","potentialAction":[{"@type":"ReadAction","target":["https:\/\/grifos-pens.it\/it\/prodotto\/penna-stilografica-argento-alma-mater\/"]}]},{"@type":"ImageObject","inLanguage":"it-IT","@id":"https:\/\/grifos-pens.it\/it\/prodotto\/penna-stilografica-argento-alma-mater\/#primaryimage","url":"https:\/\/grifos-pens.it\/wp-content\/uploads\/2023\/03\/GF508-AD-FViteGiglio-CR06-PR06-01.jpg","contentUrl":"https:\/\/grifos-pens.it\/wp-content\/uploads\/2023\/03\/GF508-AD-FViteGiglio-CR06-PR06-01.jpg","width":2000,"height":1333,"caption":"Stilografica Alma Mater"},{"@type":"BreadcrumbList","@id":"https:\/\/grifos-pens.it\/it\/prodotto\/penna-stilografica-argento-alma-mater\/#breadcrumb","itemListElement":[{"@type":"ListItem","position":1,"name":"Home","item":"https:\/\/grifos-pens.it\/it\/"},{"@type":"ListItem","position":2,"name":"Catalogo","item":"https:\/\/grifos-pens.it\/it\/catalogo\/"},{"@type":"ListItem","position":3,"name":"Stilografica Argento &#8220;Alma Mater&#8221;"}]},{"@type":"WebSite","@id":"https:\/\/grifos-pens.it\/it\/#website","url":"https:\/\/grifos-pens.it\/it\/","name":"Grifos Pens","description":"Handcrafted Writing Instrument Of Italy","publisher":{"@id":"https:\/\/grifos-pens.it\/it\/#organization"},"potentialAction":[{"@type":"SearchAction","target":{"@type":"EntryPoint","urlTemplate":"https:\/\/grifos-pens.it\/it\/?s={search_term_string}"},"query-input":{"@type":"PropertyValueSpecification","valueRequired":true,"valueName":"search_term_string"}}],"inLanguage":"it-IT"},{"@type":"Organization","@id":"https:\/\/grifos-pens.it\/it\/#organization","name":"Grifos Pens","url":"https:\/\/grifos-pens.it\/it\/","logo":{"@type":"ImageObject","inLanguage":"it-IT","@id":"https:\/\/grifos-pens.it\/it\/#\/schema\/logo\/image\/","url":"https:\/\/grifos-pens.it\/wp-content\/uploads\/2023\/05\/logo-grifos.svg","contentUrl":"https:\/\/grifos-pens.it\/wp-content\/uploads\/2023\/05\/logo-grifos.svg","width":267,"height":243,"caption":"Grifos Pens"},"image":{"@id":"https:\/\/grifos-pens.it\/it\/#\/schema\/logo\/image\/"},"sameAs":["https:\/\/www.facebook.com\/grifospensitaly\/?locale=it_IT","https:\/\/www.instagram.com\/grifos.pens\/"]}]}},"_links":{"self":[{"href":"https:\/\/grifos-pens.it\/it\/wp-json\/wp\/v2\/product\/3611","targetHints":{"allow":["GET"]}}],"collection":[{"href":"https:\/\/grifos-pens.it\/it\/wp-json\/wp\/v2\/product"}],"about":[{"href":"https:\/\/grifos-pens.it\/it\/wp-json\/wp\/v2\/types\/product"}],"replies":[{"embeddable":true,"href":"https:\/\/grifos-pens.it\/it\/wp-json\/wp\/v2\/comments?post=3611"}],"wp:featuredmedia":[{"embeddable":true,"href":"https:\/\/grifos-pens.it\/it\/wp-json\/wp\/v2\/media\/3615"}],"wp:attachment":[{"href":"https:\/\/grifos-pens.it\/it\/wp-json\/wp\/v2\/media?parent=3611"}],"wp:term":[{"taxonomy":"product_brand","embeddable":true,"href":"https:\/\/grifos-pens.it\/it\/wp-json\/wp\/v2\/product_brand?post=3611"},{"taxonomy":"product_cat","embeddable":true,"href":"https:\/\/grifos-pens.it\/it\/wp-json\/wp\/v2\/product_cat?post=3611"},{"taxonomy":"product_tag","embeddable":true,"href":"https:\/\/grifos-pens.it\/it\/wp-json\/wp\/v2\/product_tag?post=3611"}],"curies":[{"name":"wp","href":"https:\/\/api.w.org\/{rel}","templated":true}]}}