{"id":3634,"date":"2023-03-17T11:21:59","date_gmt":"2023-03-17T10:21:59","guid":{"rendered":"http:\/\/grifos-pens.it\/?post_type=product&#038;p=3634"},"modified":"2026-02-02T11:39:02","modified_gmt":"2026-02-02T10:39:02","slug":"penna-stilografica-argento-3","status":"publish","type":"product","link":"https:\/\/grifos-pens.it\/it\/prodotto\/penna-stilografica-argento-3\/","title":{"rendered":"Penna Stilografica Argento Tela di Penelope"},"content":{"rendered":"<p>La &#8220;Tela di Penelope&#8221; \u00e8 una penna stilografica unica, creata con maestria artigianale utilizzando argento massiccio 925. La superficie dell&#8217;argento \u00e8 decorata con un&#8217;incisione raffinata utilizzando la tecnica guilloch\u00e9, un&#8217;arte oramai rara e davvero unica.<\/p>\n<p>Da oltre tre decenni, ci dedichiamo alla produzione di strumenti di scrittura realizzati in metalli preziosi e decorati con l&#8217;incisione guilloch\u00e9, un classico della tradizione italiana. Le nostre penne in argento permettono di scrivere con stile. Ogni penna in argento \u00e8 timbrata con il marchio 925 e *675 TO, a testimonianza del metallo prezioso utilizzato e della nostra appartenenza all&#8217;albo orafo.<\/p>\n<p>La penna stilografica &#8220;Tela di Penelope&#8221; ha una chiusura a vite per il cappuccio e pu\u00f2 essere ricaricata tramite converter o con cartucce standard internazionali. Il pennino \u00e8 realizzato in acciaio inossidabile, con punta media &#8220;M&#8221;. \u00c8 possibile scegliere tra punte &#8220;F&#8221; fine ed &#8220;EF&#8221; extra fine , o &#8220;B&#8221; grossa senza alcuna variazione di prezzo per la penna.<\/p>\n<p>Sono disponibili anche <a href=\"https:\/\/grifos-pens.it\/it\/prodotto\/pennini-doro-per-stilografica\/\">pennini in oro massiccio 18 carati<\/a>, sia in oro giallo che in oro bianco, con un costo aggiuntivo. E&#8217; possibile scegliere tra punte &#8220;F&#8221; fine, &#8220;M&#8221; media e &#8220;B&#8221; grossa. Su richiesta, possiamo anche realizzare questa penna in versione roller o penna a sfera.<\/p>\n<p>La stilografica viene consegnata con un certificato di autenticit\u00e0 che garantisce che \u00e8 stata creata artigianalmente in vero argento 925, rifinita e attentamente controllata secondo le pi\u00f9 alte tradizioni orafe italiane.<\/p>\n<p>\u00c8 possibile ordinare questa penna con personalizzazioni su richiesta. Siamo lieti di offrivi anche un elegante astuccio da regalo, un converter funzionale e una confezione da 6 cartucce, con inchiostro nero o blu a vostra scelta, come regalo incluso.<\/p>\n<p>&nbsp;<\/p>\n","protected":false},"excerpt":{"rendered":"<p>Penna stilografica fabbricata artigianalmente in argento massiccio 925 con una raffinata incisione. Spedizione gratuita.<\/p>\n","protected":false},"featured_media":3638,"comment_status":"closed","ping_status":"closed","template":"","meta":[],"product_brand":[],"product_cat":[264,272],"product_tag":[451,448,450,305,386,429,452,453,449,334],"class_list":{"0":"post-3634","1":"product","2":"type-product","3":"status-publish","4":"has-post-thumbnail","6":"product_cat-argento","7":"product_cat-stilografiche","8":"product_tag-incisa-con-nome","9":"product_tag-incisione-guilloche","10":"product_tag-penna-da-inchiostrare","11":"product_tag-penna-in-argento-it","12":"product_tag-penna-stilografica","13":"product_tag-pennino-fine","14":"product_tag-personalizzazione-su-ordine","15":"product_tag-regalo-in-argento","16":"product_tag-stilo-elegante","17":"product_tag-stilografica-artigianale","19":"first","20":"instock","21":"taxable","22":"shipping-taxable","23":"purchasable","24":"product-type-simple"},"yoast_head":"<!-- This site is optimized with the Yoast SEO plugin v27.4 - https:\/\/yoast.com\/product\/yoast-seo-wordpress\/ -->\n<title>Penna Stilografica Tela di Penelope - Grifos Pens<\/title>\n<meta name=\"description\" content=\"Penna stilografica Tela di Penelope fabbricata artigianalmente in argento massiccio 925 \u00e8 abbellita con una raffinata incisione. Spedizione gratuita.\" \/>\n<meta name=\"robots\" content=\"index, follow, max-snippet:-1, max-image-preview:large, max-video-preview:-1\" \/>\n<link rel=\"canonical\" href=\"https:\/\/grifos-pens.it\/it\/prodotto\/penna-stilografica-argento-3\/\" \/>\n<meta property=\"og:locale\" content=\"it_IT\" \/>\n<meta property=\"og:type\" content=\"article\" \/>\n<meta property=\"og:title\" content=\"Penna Stilografica Tela di Penelope - Grifos Pens\" \/>\n<meta property=\"og:description\" content=\"Penna stilografica Tela di Penelope fabbricata artigianalmente in argento massiccio 925 \u00e8 abbellita con una raffinata incisione. Spedizione gratuita.\" \/>\n<meta property=\"og:url\" content=\"https:\/\/grifos-pens.it\/it\/prodotto\/penna-stilografica-argento-3\/\" \/>\n<meta property=\"og:site_name\" content=\"Grifos Pens\" \/>\n<meta property=\"article:publisher\" content=\"https:\/\/www.facebook.com\/grifospensitaly\/?locale=it_IT\" \/>\n<meta property=\"article:modified_time\" content=\"2026-02-02T10:39:02+00:00\" \/>\n<meta property=\"og:image\" content=\"https:\/\/grifos-pens.it\/wp-content\/uploads\/2023\/03\/NMF501-A-GX16-02.jpg\" \/>\n\t<meta property=\"og:image:width\" content=\"1920\" \/>\n\t<meta property=\"og:image:height\" content=\"1280\" \/>\n\t<meta property=\"og:image:type\" content=\"image\/jpeg\" \/>\n<meta name=\"twitter:card\" content=\"summary_large_image\" \/>\n<meta name=\"twitter:label1\" content=\"Tempo di lettura stimato\" \/>\n\t<meta name=\"twitter:data1\" content=\"2 minuti\" \/>\n<script type=\"application\/ld+json\" class=\"yoast-schema-graph\">{\"@context\":\"https:\\\/\\\/schema.org\",\"@graph\":[{\"@type\":\"WebPage\",\"@id\":\"https:\\\/\\\/grifos-pens.it\\\/it\\\/prodotto\\\/penna-stilografica-argento-3\\\/\",\"url\":\"https:\\\/\\\/grifos-pens.it\\\/it\\\/prodotto\\\/penna-stilografica-argento-3\\\/\",\"name\":\"Penna Stilografica Tela di Penelope - Grifos Pens\",\"isPartOf\":{\"@id\":\"https:\\\/\\\/grifos-pens.it\\\/it\\\/#website\"},\"primaryImageOfPage\":{\"@id\":\"https:\\\/\\\/grifos-pens.it\\\/it\\\/prodotto\\\/penna-stilografica-argento-3\\\/#primaryimage\"},\"image\":{\"@id\":\"https:\\\/\\\/grifos-pens.it\\\/it\\\/prodotto\\\/penna-stilografica-argento-3\\\/#primaryimage\"},\"thumbnailUrl\":\"https:\\\/\\\/grifos-pens.it\\\/wp-content\\\/uploads\\\/2023\\\/03\\\/NMF501-A-GX16-02.jpg\",\"datePublished\":\"2023-03-17T10:21:59+00:00\",\"dateModified\":\"2026-02-02T10:39:02+00:00\",\"description\":\"Penna stilografica Tela di Penelope fabbricata artigianalmente in argento massiccio 925 \u00e8 abbellita con una raffinata incisione. Spedizione gratuita.\",\"breadcrumb\":{\"@id\":\"https:\\\/\\\/grifos-pens.it\\\/it\\\/prodotto\\\/penna-stilografica-argento-3\\\/#breadcrumb\"},\"inLanguage\":\"it-IT\",\"potentialAction\":[{\"@type\":\"ReadAction\",\"target\":[\"https:\\\/\\\/grifos-pens.it\\\/it\\\/prodotto\\\/penna-stilografica-argento-3\\\/\"]}]},{\"@type\":\"ImageObject\",\"inLanguage\":\"it-IT\",\"@id\":\"https:\\\/\\\/grifos-pens.it\\\/it\\\/prodotto\\\/penna-stilografica-argento-3\\\/#primaryimage\",\"url\":\"https:\\\/\\\/grifos-pens.it\\\/wp-content\\\/uploads\\\/2023\\\/03\\\/NMF501-A-GX16-02.jpg\",\"contentUrl\":\"https:\\\/\\\/grifos-pens.it\\\/wp-content\\\/uploads\\\/2023\\\/03\\\/NMF501-A-GX16-02.jpg\",\"width\":1920,\"height\":1280,\"caption\":\"Penna stilografica\"},{\"@type\":\"BreadcrumbList\",\"@id\":\"https:\\\/\\\/grifos-pens.it\\\/it\\\/prodotto\\\/penna-stilografica-argento-3\\\/#breadcrumb\",\"itemListElement\":[{\"@type\":\"ListItem\",\"position\":1,\"name\":\"Home\",\"item\":\"https:\\\/\\\/grifos-pens.it\\\/it\\\/\"},{\"@type\":\"ListItem\",\"position\":2,\"name\":\"Catalogo\",\"item\":\"https:\\\/\\\/grifos-pens.it\\\/it\\\/catalogo\\\/\"},{\"@type\":\"ListItem\",\"position\":3,\"name\":\"Penna Stilografica Argento Tela di Penelope\"}]},{\"@type\":\"WebSite\",\"@id\":\"https:\\\/\\\/grifos-pens.it\\\/it\\\/#website\",\"url\":\"https:\\\/\\\/grifos-pens.it\\\/it\\\/\",\"name\":\"Grifos Pens\",\"description\":\"Handcrafted Writing Instrument Of Italy\",\"publisher\":{\"@id\":\"https:\\\/\\\/grifos-pens.it\\\/it\\\/#organization\"},\"potentialAction\":[{\"@type\":\"SearchAction\",\"target\":{\"@type\":\"EntryPoint\",\"urlTemplate\":\"https:\\\/\\\/grifos-pens.it\\\/it\\\/?s={search_term_string}\"},\"query-input\":{\"@type\":\"PropertyValueSpecification\",\"valueRequired\":true,\"valueName\":\"search_term_string\"}}],\"inLanguage\":\"it-IT\"},{\"@type\":\"Organization\",\"@id\":\"https:\\\/\\\/grifos-pens.it\\\/it\\\/#organization\",\"name\":\"Grifos Pens\",\"url\":\"https:\\\/\\\/grifos-pens.it\\\/it\\\/\",\"logo\":{\"@type\":\"ImageObject\",\"inLanguage\":\"it-IT\",\"@id\":\"https:\\\/\\\/grifos-pens.it\\\/it\\\/#\\\/schema\\\/logo\\\/image\\\/\",\"url\":\"https:\\\/\\\/grifos-pens.it\\\/wp-content\\\/uploads\\\/2023\\\/05\\\/logo-grifos.svg\",\"contentUrl\":\"https:\\\/\\\/grifos-pens.it\\\/wp-content\\\/uploads\\\/2023\\\/05\\\/logo-grifos.svg\",\"width\":267,\"height\":243,\"caption\":\"Grifos Pens\"},\"image\":{\"@id\":\"https:\\\/\\\/grifos-pens.it\\\/it\\\/#\\\/schema\\\/logo\\\/image\\\/\"},\"sameAs\":[\"https:\\\/\\\/www.facebook.com\\\/grifospensitaly\\\/?locale=it_IT\",\"https:\\\/\\\/www.instagram.com\\\/grifos.pens\\\/\"]}]}<\/script>\n<!-- \/ Yoast SEO plugin. -->","yoast_head_json":{"title":"Penna Stilografica Tela di Penelope - Grifos Pens","description":"Penna stilografica Tela di Penelope fabbricata artigianalmente in argento massiccio 925 \u00e8 abbellita con una raffinata incisione. Spedizione gratuita.","robots":{"index":"index","follow":"follow","max-snippet":"max-snippet:-1","max-image-preview":"max-image-preview:large","max-video-preview":"max-video-preview:-1"},"canonical":"https:\/\/grifos-pens.it\/it\/prodotto\/penna-stilografica-argento-3\/","og_locale":"it_IT","og_type":"article","og_title":"Penna Stilografica Tela di Penelope - Grifos Pens","og_description":"Penna stilografica Tela di Penelope fabbricata artigianalmente in argento massiccio 925 \u00e8 abbellita con una raffinata incisione. Spedizione gratuita.","og_url":"https:\/\/grifos-pens.it\/it\/prodotto\/penna-stilografica-argento-3\/","og_site_name":"Grifos Pens","article_publisher":"https:\/\/www.facebook.com\/grifospensitaly\/?locale=it_IT","article_modified_time":"2026-02-02T10:39:02+00:00","og_image":[{"width":1920,"height":1280,"url":"https:\/\/grifos-pens.it\/wp-content\/uploads\/2023\/03\/NMF501-A-GX16-02.jpg","type":"image\/jpeg"}],"twitter_card":"summary_large_image","twitter_misc":{"Tempo di lettura stimato":"2 minuti"},"schema":{"@context":"https:\/\/schema.org","@graph":[{"@type":"WebPage","@id":"https:\/\/grifos-pens.it\/it\/prodotto\/penna-stilografica-argento-3\/","url":"https:\/\/grifos-pens.it\/it\/prodotto\/penna-stilografica-argento-3\/","name":"Penna Stilografica Tela di Penelope - Grifos Pens","isPartOf":{"@id":"https:\/\/grifos-pens.it\/it\/#website"},"primaryImageOfPage":{"@id":"https:\/\/grifos-pens.it\/it\/prodotto\/penna-stilografica-argento-3\/#primaryimage"},"image":{"@id":"https:\/\/grifos-pens.it\/it\/prodotto\/penna-stilografica-argento-3\/#primaryimage"},"thumbnailUrl":"https:\/\/grifos-pens.it\/wp-content\/uploads\/2023\/03\/NMF501-A-GX16-02.jpg","datePublished":"2023-03-17T10:21:59+00:00","dateModified":"2026-02-02T10:39:02+00:00","description":"Penna stilografica Tela di Penelope fabbricata artigianalmente in argento massiccio 925 \u00e8 abbellita con una raffinata incisione. Spedizione gratuita.","breadcrumb":{"@id":"https:\/\/grifos-pens.it\/it\/prodotto\/penna-stilografica-argento-3\/#breadcrumb"},"inLanguage":"it-IT","potentialAction":[{"@type":"ReadAction","target":["https:\/\/grifos-pens.it\/it\/prodotto\/penna-stilografica-argento-3\/"]}]},{"@type":"ImageObject","inLanguage":"it-IT","@id":"https:\/\/grifos-pens.it\/it\/prodotto\/penna-stilografica-argento-3\/#primaryimage","url":"https:\/\/grifos-pens.it\/wp-content\/uploads\/2023\/03\/NMF501-A-GX16-02.jpg","contentUrl":"https:\/\/grifos-pens.it\/wp-content\/uploads\/2023\/03\/NMF501-A-GX16-02.jpg","width":1920,"height":1280,"caption":"Penna stilografica"},{"@type":"BreadcrumbList","@id":"https:\/\/grifos-pens.it\/it\/prodotto\/penna-stilografica-argento-3\/#breadcrumb","itemListElement":[{"@type":"ListItem","position":1,"name":"Home","item":"https:\/\/grifos-pens.it\/it\/"},{"@type":"ListItem","position":2,"name":"Catalogo","item":"https:\/\/grifos-pens.it\/it\/catalogo\/"},{"@type":"ListItem","position":3,"name":"Penna Stilografica Argento Tela di Penelope"}]},{"@type":"WebSite","@id":"https:\/\/grifos-pens.it\/it\/#website","url":"https:\/\/grifos-pens.it\/it\/","name":"Grifos Pens","description":"Handcrafted Writing Instrument Of Italy","publisher":{"@id":"https:\/\/grifos-pens.it\/it\/#organization"},"potentialAction":[{"@type":"SearchAction","target":{"@type":"EntryPoint","urlTemplate":"https:\/\/grifos-pens.it\/it\/?s={search_term_string}"},"query-input":{"@type":"PropertyValueSpecification","valueRequired":true,"valueName":"search_term_string"}}],"inLanguage":"it-IT"},{"@type":"Organization","@id":"https:\/\/grifos-pens.it\/it\/#organization","name":"Grifos Pens","url":"https:\/\/grifos-pens.it\/it\/","logo":{"@type":"ImageObject","inLanguage":"it-IT","@id":"https:\/\/grifos-pens.it\/it\/#\/schema\/logo\/image\/","url":"https:\/\/grifos-pens.it\/wp-content\/uploads\/2023\/05\/logo-grifos.svg","contentUrl":"https:\/\/grifos-pens.it\/wp-content\/uploads\/2023\/05\/logo-grifos.svg","width":267,"height":243,"caption":"Grifos Pens"},"image":{"@id":"https:\/\/grifos-pens.it\/it\/#\/schema\/logo\/image\/"},"sameAs":["https:\/\/www.facebook.com\/grifospensitaly\/?locale=it_IT","https:\/\/www.instagram.com\/grifos.pens\/"]}]}},"_links":{"self":[{"href":"https:\/\/grifos-pens.it\/it\/wp-json\/wp\/v2\/product\/3634","targetHints":{"allow":["GET"]}}],"collection":[{"href":"https:\/\/grifos-pens.it\/it\/wp-json\/wp\/v2\/product"}],"about":[{"href":"https:\/\/grifos-pens.it\/it\/wp-json\/wp\/v2\/types\/product"}],"replies":[{"embeddable":true,"href":"https:\/\/grifos-pens.it\/it\/wp-json\/wp\/v2\/comments?post=3634"}],"wp:featuredmedia":[{"embeddable":true,"href":"https:\/\/grifos-pens.it\/it\/wp-json\/wp\/v2\/media\/3638"}],"wp:attachment":[{"href":"https:\/\/grifos-pens.it\/it\/wp-json\/wp\/v2\/media?parent=3634"}],"wp:term":[{"taxonomy":"product_brand","embeddable":true,"href":"https:\/\/grifos-pens.it\/it\/wp-json\/wp\/v2\/product_brand?post=3634"},{"taxonomy":"product_cat","embeddable":true,"href":"https:\/\/grifos-pens.it\/it\/wp-json\/wp\/v2\/product_cat?post=3634"},{"taxonomy":"product_tag","embeddable":true,"href":"https:\/\/grifos-pens.it\/it\/wp-json\/wp\/v2\/product_tag?post=3634"}],"curies":[{"name":"wp","href":"https:\/\/api.w.org\/{rel}","templated":true}]}}