{"id":6577,"date":"2023-07-04T16:56:46","date_gmt":"2023-07-04T14:56:46","guid":{"rendered":"http:\/\/grifos-pens.it\/?post_type=product&#038;p=6577"},"modified":"2026-02-02T11:41:59","modified_gmt":"2026-02-02T10:41:59","slug":"matita-argento-mille-righe","status":"publish","type":"product","link":"https:\/\/grifos-pens.it\/it\/prodotto\/matita-argento-mille-righe\/","title":{"rendered":"Matita Argento Mille Righe"},"content":{"rendered":"<p>Matita a mine fabbricata artigianalmente in argento massiccio 925 (sterling) con un&#8217;incisione guilloch\u00e9 classica a mille righe d&#8217;epoca. Ogni strumento di scrittura \u00e8 timbrato 925 e &#8220;*675 TO&#8221;, a testimonianza dell&#8217;uso del metallo prezioso, argento 925, e della nostra appartenenza all&#8217;albo orafo.<\/p>\n<p>Meccanismo a rotazione. Ricaricabile con mine da 0,5 mm o 0,7 mm a vostra scelta. Su richiesta, il portamine \u00e8 disponibile con personalizzazione.<\/p>\n<p>Il portamine viene consegnata in un elegante astuccio da regalo completo di certificato di autenticit\u00e0, che attesta che questa creazione \u00e8 stata realizzata artigianalmente in autentico argento 925. Ogni pezzo \u00e8 stato finemente rifinito e attentamente controllato, rispettando i pi\u00f9 elevati standard della tradizione orafa italiana.<\/p>\n<p>&nbsp;<\/p>\n","protected":false},"excerpt":{"rendered":"<p>Matita a mine fabbricata artigianalmente in argento massiccio 925 (sterling) con un&#8217;incisione guilloch\u00e9 classica a mille righe d&#8217;epoca. Ogni strumento di scrittura \u00e8 timbrato 925 e &#8220;*675 TO&#8221;, a testimonianza dell&#8217;uso del metallo prezioso, argento 925, e della nostra appartenenza all&#8217;albo orafo.<\/p>\n","protected":false},"featured_media":7491,"comment_status":"closed","ping_status":"closed","template":"","meta":[],"product_brand":[],"product_cat":[264,274],"product_tag":[1255,372,1271,277,1268,1274,1267,1273,1275,1270,1276,252,1272,1269,388],"class_list":{"0":"post-6577","1":"product","2":"type-product","3":"status-publish","4":"has-post-thumbnail","6":"product_cat-argento","7":"product_cat-matite","8":"product_tag-argento-925","9":"product_tag-argento-sterling","10":"product_tag-laurea","11":"product_tag-matita","12":"product_tag-matita-a-mine","13":"product_tag-matita-argento","14":"product_tag-matita-portamine","15":"product_tag-maturita","16":"product_tag-mille-righe","17":"product_tag-occasioni-speciali","18":"product_tag-penna-depoca","19":"product_tag-penne-artigianali-2","20":"product_tag-promozioni","21":"product_tag-regalo-duraturo","22":"product_tag-regalo-prezioso","24":"first","25":"instock","26":"taxable","27":"shipping-taxable","28":"purchasable","29":"product-type-simple"},"yoast_head":"<!-- This site is optimized with the Yoast SEO plugin v27.4 - https:\/\/yoast.com\/product\/yoast-seo-wordpress\/ -->\n<title>Matita Argento Mille Righe - Grifos Pens<\/title>\n<meta name=\"description\" content=\"Matita Argento Mille Righe in argento sterling pu\u00f2 essere un regalo prezioso e duraturo per occasioni speciali come lauree, maturit\u00e0 e promozioni.\" \/>\n<meta name=\"robots\" content=\"index, follow, max-snippet:-1, max-image-preview:large, max-video-preview:-1\" \/>\n<link rel=\"canonical\" href=\"https:\/\/grifos-pens.it\/it\/prodotto\/matita-argento-mille-righe\/\" \/>\n<meta property=\"og:locale\" content=\"it_IT\" \/>\n<meta property=\"og:type\" content=\"article\" \/>\n<meta property=\"og:title\" content=\"Matita Argento Mille Righe - Grifos Pens\" \/>\n<meta property=\"og:description\" content=\"Matita Argento Mille Righe in argento sterling pu\u00f2 essere un regalo prezioso e duraturo per occasioni speciali come lauree, maturit\u00e0 e promozioni.\" \/>\n<meta property=\"og:url\" content=\"https:\/\/grifos-pens.it\/it\/prodotto\/matita-argento-mille-righe\/\" \/>\n<meta property=\"og:site_name\" content=\"Grifos Pens\" \/>\n<meta property=\"article:publisher\" content=\"https:\/\/www.facebook.com\/grifospensitaly\/?locale=it_IT\" \/>\n<meta property=\"article:modified_time\" content=\"2026-02-02T10:41:59+00:00\" \/>\n<meta property=\"og:image\" content=\"https:\/\/grifos-pens.it\/wp-content\/uploads\/2023\/07\/GLB815-NK-G01-scaled.jpg\" \/>\n\t<meta property=\"og:image:width\" content=\"2560\" \/>\n\t<meta property=\"og:image:height\" content=\"1707\" \/>\n\t<meta property=\"og:image:type\" content=\"image\/jpeg\" \/>\n<meta name=\"twitter:card\" content=\"summary_large_image\" \/>\n<meta name=\"twitter:label1\" content=\"Tempo di lettura stimato\" \/>\n\t<meta name=\"twitter:data1\" content=\"1 minuto\" \/>\n<script type=\"application\/ld+json\" class=\"yoast-schema-graph\">{\"@context\":\"https:\\\/\\\/schema.org\",\"@graph\":[{\"@type\":\"WebPage\",\"@id\":\"https:\\\/\\\/grifos-pens.it\\\/it\\\/prodotto\\\/matita-argento-mille-righe\\\/\",\"url\":\"https:\\\/\\\/grifos-pens.it\\\/it\\\/prodotto\\\/matita-argento-mille-righe\\\/\",\"name\":\"Matita Argento Mille Righe - Grifos Pens\",\"isPartOf\":{\"@id\":\"https:\\\/\\\/grifos-pens.it\\\/it\\\/#website\"},\"primaryImageOfPage\":{\"@id\":\"https:\\\/\\\/grifos-pens.it\\\/it\\\/prodotto\\\/matita-argento-mille-righe\\\/#primaryimage\"},\"image\":{\"@id\":\"https:\\\/\\\/grifos-pens.it\\\/it\\\/prodotto\\\/matita-argento-mille-righe\\\/#primaryimage\"},\"thumbnailUrl\":\"https:\\\/\\\/grifos-pens.it\\\/wp-content\\\/uploads\\\/2023\\\/07\\\/GLB815-NK-G01-scaled.jpg\",\"datePublished\":\"2023-07-04T14:56:46+00:00\",\"dateModified\":\"2026-02-02T10:41:59+00:00\",\"description\":\"Matita Argento Mille Righe in argento sterling pu\u00f2 essere un regalo prezioso e duraturo per occasioni speciali come lauree, maturit\u00e0 e promozioni.\",\"breadcrumb\":{\"@id\":\"https:\\\/\\\/grifos-pens.it\\\/it\\\/prodotto\\\/matita-argento-mille-righe\\\/#breadcrumb\"},\"inLanguage\":\"it-IT\",\"potentialAction\":[{\"@type\":\"ReadAction\",\"target\":[\"https:\\\/\\\/grifos-pens.it\\\/it\\\/prodotto\\\/matita-argento-mille-righe\\\/\"]}]},{\"@type\":\"ImageObject\",\"inLanguage\":\"it-IT\",\"@id\":\"https:\\\/\\\/grifos-pens.it\\\/it\\\/prodotto\\\/matita-argento-mille-righe\\\/#primaryimage\",\"url\":\"https:\\\/\\\/grifos-pens.it\\\/wp-content\\\/uploads\\\/2023\\\/07\\\/GLB815-NK-G01-scaled.jpg\",\"contentUrl\":\"https:\\\/\\\/grifos-pens.it\\\/wp-content\\\/uploads\\\/2023\\\/07\\\/GLB815-NK-G01-scaled.jpg\",\"width\":2560,\"height\":1707,\"caption\":\"Matita a mine argento 925\"},{\"@type\":\"BreadcrumbList\",\"@id\":\"https:\\\/\\\/grifos-pens.it\\\/it\\\/prodotto\\\/matita-argento-mille-righe\\\/#breadcrumb\",\"itemListElement\":[{\"@type\":\"ListItem\",\"position\":1,\"name\":\"Home\",\"item\":\"https:\\\/\\\/grifos-pens.it\\\/it\\\/\"},{\"@type\":\"ListItem\",\"position\":2,\"name\":\"Catalogo\",\"item\":\"https:\\\/\\\/grifos-pens.it\\\/it\\\/catalogo\\\/\"},{\"@type\":\"ListItem\",\"position\":3,\"name\":\"Matita Argento Mille Righe\"}]},{\"@type\":\"WebSite\",\"@id\":\"https:\\\/\\\/grifos-pens.it\\\/it\\\/#website\",\"url\":\"https:\\\/\\\/grifos-pens.it\\\/it\\\/\",\"name\":\"Grifos Pens\",\"description\":\"Handcrafted Writing Instrument Of Italy\",\"publisher\":{\"@id\":\"https:\\\/\\\/grifos-pens.it\\\/it\\\/#organization\"},\"potentialAction\":[{\"@type\":\"SearchAction\",\"target\":{\"@type\":\"EntryPoint\",\"urlTemplate\":\"https:\\\/\\\/grifos-pens.it\\\/it\\\/?s={search_term_string}\"},\"query-input\":{\"@type\":\"PropertyValueSpecification\",\"valueRequired\":true,\"valueName\":\"search_term_string\"}}],\"inLanguage\":\"it-IT\"},{\"@type\":\"Organization\",\"@id\":\"https:\\\/\\\/grifos-pens.it\\\/it\\\/#organization\",\"name\":\"Grifos Pens\",\"url\":\"https:\\\/\\\/grifos-pens.it\\\/it\\\/\",\"logo\":{\"@type\":\"ImageObject\",\"inLanguage\":\"it-IT\",\"@id\":\"https:\\\/\\\/grifos-pens.it\\\/it\\\/#\\\/schema\\\/logo\\\/image\\\/\",\"url\":\"https:\\\/\\\/grifos-pens.it\\\/wp-content\\\/uploads\\\/2023\\\/05\\\/logo-grifos.svg\",\"contentUrl\":\"https:\\\/\\\/grifos-pens.it\\\/wp-content\\\/uploads\\\/2023\\\/05\\\/logo-grifos.svg\",\"width\":267,\"height\":243,\"caption\":\"Grifos Pens\"},\"image\":{\"@id\":\"https:\\\/\\\/grifos-pens.it\\\/it\\\/#\\\/schema\\\/logo\\\/image\\\/\"},\"sameAs\":[\"https:\\\/\\\/www.facebook.com\\\/grifospensitaly\\\/?locale=it_IT\",\"https:\\\/\\\/www.instagram.com\\\/grifos.pens\\\/\"]}]}<\/script>\n<!-- \/ Yoast SEO plugin. -->","yoast_head_json":{"title":"Matita Argento Mille Righe - Grifos Pens","description":"Matita Argento Mille Righe in argento sterling pu\u00f2 essere un regalo prezioso e duraturo per occasioni speciali come lauree, maturit\u00e0 e promozioni.","robots":{"index":"index","follow":"follow","max-snippet":"max-snippet:-1","max-image-preview":"max-image-preview:large","max-video-preview":"max-video-preview:-1"},"canonical":"https:\/\/grifos-pens.it\/it\/prodotto\/matita-argento-mille-righe\/","og_locale":"it_IT","og_type":"article","og_title":"Matita Argento Mille Righe - Grifos Pens","og_description":"Matita Argento Mille Righe in argento sterling pu\u00f2 essere un regalo prezioso e duraturo per occasioni speciali come lauree, maturit\u00e0 e promozioni.","og_url":"https:\/\/grifos-pens.it\/it\/prodotto\/matita-argento-mille-righe\/","og_site_name":"Grifos Pens","article_publisher":"https:\/\/www.facebook.com\/grifospensitaly\/?locale=it_IT","article_modified_time":"2026-02-02T10:41:59+00:00","og_image":[{"width":2560,"height":1707,"url":"https:\/\/grifos-pens.it\/wp-content\/uploads\/2023\/07\/GLB815-NK-G01-scaled.jpg","type":"image\/jpeg"}],"twitter_card":"summary_large_image","twitter_misc":{"Tempo di lettura stimato":"1 minuto"},"schema":{"@context":"https:\/\/schema.org","@graph":[{"@type":"WebPage","@id":"https:\/\/grifos-pens.it\/it\/prodotto\/matita-argento-mille-righe\/","url":"https:\/\/grifos-pens.it\/it\/prodotto\/matita-argento-mille-righe\/","name":"Matita Argento Mille Righe - Grifos Pens","isPartOf":{"@id":"https:\/\/grifos-pens.it\/it\/#website"},"primaryImageOfPage":{"@id":"https:\/\/grifos-pens.it\/it\/prodotto\/matita-argento-mille-righe\/#primaryimage"},"image":{"@id":"https:\/\/grifos-pens.it\/it\/prodotto\/matita-argento-mille-righe\/#primaryimage"},"thumbnailUrl":"https:\/\/grifos-pens.it\/wp-content\/uploads\/2023\/07\/GLB815-NK-G01-scaled.jpg","datePublished":"2023-07-04T14:56:46+00:00","dateModified":"2026-02-02T10:41:59+00:00","description":"Matita Argento Mille Righe in argento sterling pu\u00f2 essere un regalo prezioso e duraturo per occasioni speciali come lauree, maturit\u00e0 e promozioni.","breadcrumb":{"@id":"https:\/\/grifos-pens.it\/it\/prodotto\/matita-argento-mille-righe\/#breadcrumb"},"inLanguage":"it-IT","potentialAction":[{"@type":"ReadAction","target":["https:\/\/grifos-pens.it\/it\/prodotto\/matita-argento-mille-righe\/"]}]},{"@type":"ImageObject","inLanguage":"it-IT","@id":"https:\/\/grifos-pens.it\/it\/prodotto\/matita-argento-mille-righe\/#primaryimage","url":"https:\/\/grifos-pens.it\/wp-content\/uploads\/2023\/07\/GLB815-NK-G01-scaled.jpg","contentUrl":"https:\/\/grifos-pens.it\/wp-content\/uploads\/2023\/07\/GLB815-NK-G01-scaled.jpg","width":2560,"height":1707,"caption":"Matita a mine argento 925"},{"@type":"BreadcrumbList","@id":"https:\/\/grifos-pens.it\/it\/prodotto\/matita-argento-mille-righe\/#breadcrumb","itemListElement":[{"@type":"ListItem","position":1,"name":"Home","item":"https:\/\/grifos-pens.it\/it\/"},{"@type":"ListItem","position":2,"name":"Catalogo","item":"https:\/\/grifos-pens.it\/it\/catalogo\/"},{"@type":"ListItem","position":3,"name":"Matita Argento Mille Righe"}]},{"@type":"WebSite","@id":"https:\/\/grifos-pens.it\/it\/#website","url":"https:\/\/grifos-pens.it\/it\/","name":"Grifos Pens","description":"Handcrafted Writing Instrument Of Italy","publisher":{"@id":"https:\/\/grifos-pens.it\/it\/#organization"},"potentialAction":[{"@type":"SearchAction","target":{"@type":"EntryPoint","urlTemplate":"https:\/\/grifos-pens.it\/it\/?s={search_term_string}"},"query-input":{"@type":"PropertyValueSpecification","valueRequired":true,"valueName":"search_term_string"}}],"inLanguage":"it-IT"},{"@type":"Organization","@id":"https:\/\/grifos-pens.it\/it\/#organization","name":"Grifos Pens","url":"https:\/\/grifos-pens.it\/it\/","logo":{"@type":"ImageObject","inLanguage":"it-IT","@id":"https:\/\/grifos-pens.it\/it\/#\/schema\/logo\/image\/","url":"https:\/\/grifos-pens.it\/wp-content\/uploads\/2023\/05\/logo-grifos.svg","contentUrl":"https:\/\/grifos-pens.it\/wp-content\/uploads\/2023\/05\/logo-grifos.svg","width":267,"height":243,"caption":"Grifos Pens"},"image":{"@id":"https:\/\/grifos-pens.it\/it\/#\/schema\/logo\/image\/"},"sameAs":["https:\/\/www.facebook.com\/grifospensitaly\/?locale=it_IT","https:\/\/www.instagram.com\/grifos.pens\/"]}]}},"_links":{"self":[{"href":"https:\/\/grifos-pens.it\/it\/wp-json\/wp\/v2\/product\/6577","targetHints":{"allow":["GET"]}}],"collection":[{"href":"https:\/\/grifos-pens.it\/it\/wp-json\/wp\/v2\/product"}],"about":[{"href":"https:\/\/grifos-pens.it\/it\/wp-json\/wp\/v2\/types\/product"}],"replies":[{"embeddable":true,"href":"https:\/\/grifos-pens.it\/it\/wp-json\/wp\/v2\/comments?post=6577"}],"wp:featuredmedia":[{"embeddable":true,"href":"https:\/\/grifos-pens.it\/it\/wp-json\/wp\/v2\/media\/7491"}],"wp:attachment":[{"href":"https:\/\/grifos-pens.it\/it\/wp-json\/wp\/v2\/media?parent=6577"}],"wp:term":[{"taxonomy":"product_brand","embeddable":true,"href":"https:\/\/grifos-pens.it\/it\/wp-json\/wp\/v2\/product_brand?post=6577"},{"taxonomy":"product_cat","embeddable":true,"href":"https:\/\/grifos-pens.it\/it\/wp-json\/wp\/v2\/product_cat?post=6577"},{"taxonomy":"product_tag","embeddable":true,"href":"https:\/\/grifos-pens.it\/it\/wp-json\/wp\/v2\/product_tag?post=6577"}],"curies":[{"name":"wp","href":"https:\/\/api.w.org\/{rel}","templated":true}]}}