{"id":6689,"date":"2019-07-03T10:11:46","date_gmt":"2019-07-03T08:11:46","guid":{"rendered":"http:\/\/grifos-pens.it\/prodotto\/pennino-oro-massiccio-18-carati\/"},"modified":"2026-02-02T11:42:05","modified_gmt":"2026-02-02T10:42:05","slug":"pennino-in-oro-massiccio-per-penna-stilografica","status":"publish","type":"product","link":"https:\/\/grifos-pens.it\/it\/prodotto\/pennino-in-oro-massiccio-per-penna-stilografica\/","title":{"rendered":"Pennino Oro Massiccio 18 Carati"},"content":{"rendered":"<p>Per la penna acquistata presso il nostro negozio offriamo la possibilit\u00e0 di scegliere un pennino in oro massiccio 18 kt. I nostri pennini, in particolare i pennini Bock tipo 250 e 220, provengono dalla Germania. Sono famosi per la loro qualit\u00e0 eccezionale, che garantisce un&#8217;esperienza di scrittura morbida e fluida.<\/p>\n<p>Per soddisfare le vostre preferenze specifiche, offriamo una gamma di opzioni per pennini in oro massiccio 18 kt di varie dimensioni. Si pu\u00f2 scegliere tra Fine (F) Medio (M), Largo (B) in oro giallo e bianco. Tuttavia, la disponibilit\u00e0 pu\u00f2 variare, per cui si consiglia di contattarci prima di effettuare l&#8217;ordine per verificare se la dimensione del pennino desiderata \u00e8 attualmente disponibile in magazzino.<\/p>\n<p>Non esitate a contattarci per informarvi sulla disponibilit\u00e0 del pennino in oro massiccio 18 kt, assicurandovi che si allinei perfettamente con le vostre esigenze di stilografia.<\/p>\n<p>Prestiamo grande attenzione al controllo di qualit\u00e0 e ai test dei nostri pennini prima di spedirli, per garantire che riceviate un prodotto impeccabile. Ogni pennino viene sottoposto a un esame meticoloso per garantirne le prestazioni e la precisione di scrittura.<\/p>\n<p>La scelta del pennino giusto per la vostra penna stilografica pu\u00f2 essere una decisione soggettiva. Per aiutarvi a fare una scelta, considerate i seguenti fattori:<\/p>\n<ol>\n<li>Stile di scrittura: Tenere presente che l&#8217;ampiezza di una linea di scrittura pu\u00f2 variare a seconda del modo di scrivere, compresa la pressione della mano, il tipo di carta utilizzato e la preferenza per l&#8217;inchiostro.<\/li>\n<li>Pennino medio: Il pennino medio \u00e8 il pi\u00f9 comunemente usato e fornisce un flusso equilibrato, creando un tratto di dimensioni moderate. Offre versatilit\u00e0 per vari scopi di scrittura ed \u00e8 adatto per la scrittura quotidiana.<\/li>\n<li>Pennino fine: Se si preferisce una linea pi\u00f9 stretta e si ama scrivere con lettere pi\u00f9 sottili, il pennino fine \u00e8 una scelta eccellente. \u00c8 anche facile da usare per i principianti e si adatta bene alle attivit\u00e0 di scrittura di tutti i giorni.<\/li>\n<li>Pennino extra fine: Per chi preferisce una linea di scrittura eccezionalmente sottile, il pennino extra fine \u00e8 l&#8217;ideale. Funziona bene per una scrittura precisa e dettagliata, ed \u00e8 quindi adatto a chi scrive spesso numeri o ha bisogno di tratti pi\u00f9 fini.<\/li>\n<li>Pennino largo: I pennini larghi sono progettati per una scrittura pi\u00f9 ampia, in stile calligrafico. Producono linee decise ed espressive, aggiungendo fascino alla vostra scrittura.<\/li>\n<li>Considerazioni per Mancini: Le persone mancine possono beneficiare di una penna con punta fine, poich\u00e9 il flusso di inchiostro pi\u00f9 sottile tende ad asciugarsi pi\u00f9 rapidamente, riducendo le probabilit\u00e0 di sbavature o macchie sulla carta.<\/li>\n<\/ol>\n<p>In definitiva, la scelta della dimensione del pennino \u00e8 una questione di preferenze personali. Vi invitiamo a esplorare e a trovare il pennino che si adatta al vostro stile di scrittura unico e che vi d\u00e0 gioia quando usate la vostra stilografica.<\/p>\n<p>Se avete altre domande o avete bisogno di ulteriore assistenza, <em><strong><a href=\"https:\/\/grifos-pens.it\/it\/contact\/\">non esitate a contattarci.<\/a><\/strong><\/em> Siamo qui per aiutarvi a trovare il pennino perfetto per migliorare la vostra <strong><em><a href=\"https:\/\/www.youtube.com\/watch?v=_j1z4q4gNxo\">esperienza di scrittura<\/a><\/em><\/strong>.<\/p>\n<p>&nbsp;<\/p>\n","protected":false},"excerpt":{"rendered":"<p>Pennini in oro massiccio 18 kt di Bock &#8211; rinomati per la loro eccezionale qualit\u00e0 e per un&#8217;esperienza di scrittura che non ha eguali per morbidezza e fluidit\u00e0.<\/p>\n","protected":false},"featured_media":5066,"comment_status":"closed","ping_status":"closed","template":"","meta":[],"product_brand":[],"product_cat":[512,272],"product_tag":[1661,244,796,790,794,795,797,429,791,793,792,248],"class_list":{"0":"post-6689","1":"product","2":"type-product","3":"status-publish","4":"has-post-thumbnail","6":"product_cat-accessori","7":"product_cat-stilografiche","8":"product_tag-broad","9":"product_tag-fountain-pens-2","10":"product_tag-oro-bianco","11":"product_tag-pennini-bock","12":"product_tag-pennino-a-punta-larga","13":"product_tag-pennino-a-punta-media","14":"product_tag-pennino-doro","15":"product_tag-pennino-fine","16":"product_tag-pennino-in-oro-massiccio-18-kt","17":"product_tag-pennino-jovo-6","18":"product_tag-tipo-250","19":"product_tag-writing-with-fountain-pen-2","21":"first","22":"instock","23":"taxable","24":"shipping-taxable","25":"purchasable","26":"product-type-simple"},"yoast_head":"<!-- This site is optimized with the Yoast SEO plugin v27.4 - https:\/\/yoast.com\/product\/yoast-seo-wordpress\/ -->\n<title>Pennino Oro Massiccio 18 Carati - Grifos Pens<\/title>\n<meta name=\"description\" content=\"Pennino oro massiccio 18 carati di Bock \u00e8 rinomato per la sua qualit\u00e0 eccezionale e un&#039;esperienza di scrittura che \u00e8 senza pari nella sua morbidezza.\" \/>\n<meta name=\"robots\" content=\"index, follow, max-snippet:-1, max-image-preview:large, max-video-preview:-1\" \/>\n<link rel=\"canonical\" href=\"https:\/\/grifos-pens.it\/it\/prodotto\/pennino-in-oro-massiccio-per-penna-stilografica\/\" \/>\n<meta property=\"og:locale\" content=\"it_IT\" \/>\n<meta property=\"og:type\" content=\"article\" \/>\n<meta property=\"og:title\" content=\"Pennino Oro Massiccio 18 Carati - Grifos Pens\" \/>\n<meta property=\"og:description\" content=\"Pennino oro massiccio 18 carati di Bock \u00e8 rinomato per la sua qualit\u00e0 eccezionale e un&#039;esperienza di scrittura che \u00e8 senza pari nella sua morbidezza.\" \/>\n<meta property=\"og:url\" content=\"https:\/\/grifos-pens.it\/it\/prodotto\/pennino-in-oro-massiccio-per-penna-stilografica\/\" \/>\n<meta property=\"og:site_name\" content=\"Grifos Pens\" \/>\n<meta property=\"article:publisher\" content=\"https:\/\/www.facebook.com\/grifospensitaly\/?locale=it_IT\" \/>\n<meta property=\"article:modified_time\" content=\"2026-02-02T10:42:05+00:00\" \/>\n<meta property=\"og:image\" content=\"https:\/\/grifos-pens.it\/wp-content\/uploads\/2019\/07\/gold-nib-Ebay-3.jpg\" \/>\n\t<meta property=\"og:image:width\" content=\"1000\" \/>\n\t<meta property=\"og:image:height\" content=\"612\" \/>\n\t<meta property=\"og:image:type\" content=\"image\/jpeg\" \/>\n<meta name=\"twitter:card\" content=\"summary_large_image\" \/>\n<meta name=\"twitter:label1\" content=\"Tempo di lettura stimato\" \/>\n\t<meta name=\"twitter:data1\" content=\"3 minuti\" \/>\n<script type=\"application\/ld+json\" class=\"yoast-schema-graph\">{\"@context\":\"https:\\\/\\\/schema.org\",\"@graph\":[{\"@type\":\"WebPage\",\"@id\":\"https:\\\/\\\/grifos-pens.it\\\/it\\\/prodotto\\\/pennino-in-oro-massiccio-per-penna-stilografica\\\/\",\"url\":\"https:\\\/\\\/grifos-pens.it\\\/it\\\/prodotto\\\/pennino-in-oro-massiccio-per-penna-stilografica\\\/\",\"name\":\"Pennino Oro Massiccio 18 Carati - Grifos Pens\",\"isPartOf\":{\"@id\":\"https:\\\/\\\/grifos-pens.it\\\/it\\\/#website\"},\"primaryImageOfPage\":{\"@id\":\"https:\\\/\\\/grifos-pens.it\\\/it\\\/prodotto\\\/pennino-in-oro-massiccio-per-penna-stilografica\\\/#primaryimage\"},\"image\":{\"@id\":\"https:\\\/\\\/grifos-pens.it\\\/it\\\/prodotto\\\/pennino-in-oro-massiccio-per-penna-stilografica\\\/#primaryimage\"},\"thumbnailUrl\":\"https:\\\/\\\/grifos-pens.it\\\/wp-content\\\/uploads\\\/2019\\\/07\\\/gold-nib-Ebay-3.jpg\",\"datePublished\":\"2019-07-03T08:11:46+00:00\",\"dateModified\":\"2026-02-02T10:42:05+00:00\",\"description\":\"Pennino oro massiccio 18 carati di Bock \u00e8 rinomato per la sua qualit\u00e0 eccezionale e un'esperienza di scrittura che \u00e8 senza pari nella sua morbidezza.\",\"breadcrumb\":{\"@id\":\"https:\\\/\\\/grifos-pens.it\\\/it\\\/prodotto\\\/pennino-in-oro-massiccio-per-penna-stilografica\\\/#breadcrumb\"},\"inLanguage\":\"it-IT\",\"potentialAction\":[{\"@type\":\"ReadAction\",\"target\":[\"https:\\\/\\\/grifos-pens.it\\\/it\\\/prodotto\\\/pennino-in-oro-massiccio-per-penna-stilografica\\\/\"]}]},{\"@type\":\"ImageObject\",\"inLanguage\":\"it-IT\",\"@id\":\"https:\\\/\\\/grifos-pens.it\\\/it\\\/prodotto\\\/pennino-in-oro-massiccio-per-penna-stilografica\\\/#primaryimage\",\"url\":\"https:\\\/\\\/grifos-pens.it\\\/wp-content\\\/uploads\\\/2019\\\/07\\\/gold-nib-Ebay-3.jpg\",\"contentUrl\":\"https:\\\/\\\/grifos-pens.it\\\/wp-content\\\/uploads\\\/2019\\\/07\\\/gold-nib-Ebay-3.jpg\",\"width\":1000,\"height\":612,\"caption\":\"Pennino Oro Massiccio 18 Carati\"},{\"@type\":\"BreadcrumbList\",\"@id\":\"https:\\\/\\\/grifos-pens.it\\\/it\\\/prodotto\\\/pennino-in-oro-massiccio-per-penna-stilografica\\\/#breadcrumb\",\"itemListElement\":[{\"@type\":\"ListItem\",\"position\":1,\"name\":\"Home\",\"item\":\"https:\\\/\\\/grifos-pens.it\\\/it\\\/\"},{\"@type\":\"ListItem\",\"position\":2,\"name\":\"Catalogo\",\"item\":\"https:\\\/\\\/grifos-pens.it\\\/it\\\/catalogo\\\/\"},{\"@type\":\"ListItem\",\"position\":3,\"name\":\"Pennino Oro Massiccio 18 Carati\"}]},{\"@type\":\"WebSite\",\"@id\":\"https:\\\/\\\/grifos-pens.it\\\/it\\\/#website\",\"url\":\"https:\\\/\\\/grifos-pens.it\\\/it\\\/\",\"name\":\"Grifos Pens\",\"description\":\"Handcrafted Writing Instrument Of Italy\",\"publisher\":{\"@id\":\"https:\\\/\\\/grifos-pens.it\\\/it\\\/#organization\"},\"potentialAction\":[{\"@type\":\"SearchAction\",\"target\":{\"@type\":\"EntryPoint\",\"urlTemplate\":\"https:\\\/\\\/grifos-pens.it\\\/it\\\/?s={search_term_string}\"},\"query-input\":{\"@type\":\"PropertyValueSpecification\",\"valueRequired\":true,\"valueName\":\"search_term_string\"}}],\"inLanguage\":\"it-IT\"},{\"@type\":\"Organization\",\"@id\":\"https:\\\/\\\/grifos-pens.it\\\/it\\\/#organization\",\"name\":\"Grifos Pens\",\"url\":\"https:\\\/\\\/grifos-pens.it\\\/it\\\/\",\"logo\":{\"@type\":\"ImageObject\",\"inLanguage\":\"it-IT\",\"@id\":\"https:\\\/\\\/grifos-pens.it\\\/it\\\/#\\\/schema\\\/logo\\\/image\\\/\",\"url\":\"https:\\\/\\\/grifos-pens.it\\\/wp-content\\\/uploads\\\/2023\\\/05\\\/logo-grifos.svg\",\"contentUrl\":\"https:\\\/\\\/grifos-pens.it\\\/wp-content\\\/uploads\\\/2023\\\/05\\\/logo-grifos.svg\",\"width\":267,\"height\":243,\"caption\":\"Grifos Pens\"},\"image\":{\"@id\":\"https:\\\/\\\/grifos-pens.it\\\/it\\\/#\\\/schema\\\/logo\\\/image\\\/\"},\"sameAs\":[\"https:\\\/\\\/www.facebook.com\\\/grifospensitaly\\\/?locale=it_IT\",\"https:\\\/\\\/www.instagram.com\\\/grifos.pens\\\/\"]}]}<\/script>\n<!-- \/ Yoast SEO plugin. -->","yoast_head_json":{"title":"Pennino Oro Massiccio 18 Carati - Grifos Pens","description":"Pennino oro massiccio 18 carati di Bock \u00e8 rinomato per la sua qualit\u00e0 eccezionale e un'esperienza di scrittura che \u00e8 senza pari nella sua morbidezza.","robots":{"index":"index","follow":"follow","max-snippet":"max-snippet:-1","max-image-preview":"max-image-preview:large","max-video-preview":"max-video-preview:-1"},"canonical":"https:\/\/grifos-pens.it\/it\/prodotto\/pennino-in-oro-massiccio-per-penna-stilografica\/","og_locale":"it_IT","og_type":"article","og_title":"Pennino Oro Massiccio 18 Carati - Grifos Pens","og_description":"Pennino oro massiccio 18 carati di Bock \u00e8 rinomato per la sua qualit\u00e0 eccezionale e un'esperienza di scrittura che \u00e8 senza pari nella sua morbidezza.","og_url":"https:\/\/grifos-pens.it\/it\/prodotto\/pennino-in-oro-massiccio-per-penna-stilografica\/","og_site_name":"Grifos Pens","article_publisher":"https:\/\/www.facebook.com\/grifospensitaly\/?locale=it_IT","article_modified_time":"2026-02-02T10:42:05+00:00","og_image":[{"width":1000,"height":612,"url":"https:\/\/grifos-pens.it\/wp-content\/uploads\/2019\/07\/gold-nib-Ebay-3.jpg","type":"image\/jpeg"}],"twitter_card":"summary_large_image","twitter_misc":{"Tempo di lettura stimato":"3 minuti"},"schema":{"@context":"https:\/\/schema.org","@graph":[{"@type":"WebPage","@id":"https:\/\/grifos-pens.it\/it\/prodotto\/pennino-in-oro-massiccio-per-penna-stilografica\/","url":"https:\/\/grifos-pens.it\/it\/prodotto\/pennino-in-oro-massiccio-per-penna-stilografica\/","name":"Pennino Oro Massiccio 18 Carati - Grifos Pens","isPartOf":{"@id":"https:\/\/grifos-pens.it\/it\/#website"},"primaryImageOfPage":{"@id":"https:\/\/grifos-pens.it\/it\/prodotto\/pennino-in-oro-massiccio-per-penna-stilografica\/#primaryimage"},"image":{"@id":"https:\/\/grifos-pens.it\/it\/prodotto\/pennino-in-oro-massiccio-per-penna-stilografica\/#primaryimage"},"thumbnailUrl":"https:\/\/grifos-pens.it\/wp-content\/uploads\/2019\/07\/gold-nib-Ebay-3.jpg","datePublished":"2019-07-03T08:11:46+00:00","dateModified":"2026-02-02T10:42:05+00:00","description":"Pennino oro massiccio 18 carati di Bock \u00e8 rinomato per la sua qualit\u00e0 eccezionale e un'esperienza di scrittura che \u00e8 senza pari nella sua morbidezza.","breadcrumb":{"@id":"https:\/\/grifos-pens.it\/it\/prodotto\/pennino-in-oro-massiccio-per-penna-stilografica\/#breadcrumb"},"inLanguage":"it-IT","potentialAction":[{"@type":"ReadAction","target":["https:\/\/grifos-pens.it\/it\/prodotto\/pennino-in-oro-massiccio-per-penna-stilografica\/"]}]},{"@type":"ImageObject","inLanguage":"it-IT","@id":"https:\/\/grifos-pens.it\/it\/prodotto\/pennino-in-oro-massiccio-per-penna-stilografica\/#primaryimage","url":"https:\/\/grifos-pens.it\/wp-content\/uploads\/2019\/07\/gold-nib-Ebay-3.jpg","contentUrl":"https:\/\/grifos-pens.it\/wp-content\/uploads\/2019\/07\/gold-nib-Ebay-3.jpg","width":1000,"height":612,"caption":"Pennino Oro Massiccio 18 Carati"},{"@type":"BreadcrumbList","@id":"https:\/\/grifos-pens.it\/it\/prodotto\/pennino-in-oro-massiccio-per-penna-stilografica\/#breadcrumb","itemListElement":[{"@type":"ListItem","position":1,"name":"Home","item":"https:\/\/grifos-pens.it\/it\/"},{"@type":"ListItem","position":2,"name":"Catalogo","item":"https:\/\/grifos-pens.it\/it\/catalogo\/"},{"@type":"ListItem","position":3,"name":"Pennino Oro Massiccio 18 Carati"}]},{"@type":"WebSite","@id":"https:\/\/grifos-pens.it\/it\/#website","url":"https:\/\/grifos-pens.it\/it\/","name":"Grifos Pens","description":"Handcrafted Writing Instrument Of Italy","publisher":{"@id":"https:\/\/grifos-pens.it\/it\/#organization"},"potentialAction":[{"@type":"SearchAction","target":{"@type":"EntryPoint","urlTemplate":"https:\/\/grifos-pens.it\/it\/?s={search_term_string}"},"query-input":{"@type":"PropertyValueSpecification","valueRequired":true,"valueName":"search_term_string"}}],"inLanguage":"it-IT"},{"@type":"Organization","@id":"https:\/\/grifos-pens.it\/it\/#organization","name":"Grifos Pens","url":"https:\/\/grifos-pens.it\/it\/","logo":{"@type":"ImageObject","inLanguage":"it-IT","@id":"https:\/\/grifos-pens.it\/it\/#\/schema\/logo\/image\/","url":"https:\/\/grifos-pens.it\/wp-content\/uploads\/2023\/05\/logo-grifos.svg","contentUrl":"https:\/\/grifos-pens.it\/wp-content\/uploads\/2023\/05\/logo-grifos.svg","width":267,"height":243,"caption":"Grifos Pens"},"image":{"@id":"https:\/\/grifos-pens.it\/it\/#\/schema\/logo\/image\/"},"sameAs":["https:\/\/www.facebook.com\/grifospensitaly\/?locale=it_IT","https:\/\/www.instagram.com\/grifos.pens\/"]}]}},"_links":{"self":[{"href":"https:\/\/grifos-pens.it\/it\/wp-json\/wp\/v2\/product\/6689","targetHints":{"allow":["GET"]}}],"collection":[{"href":"https:\/\/grifos-pens.it\/it\/wp-json\/wp\/v2\/product"}],"about":[{"href":"https:\/\/grifos-pens.it\/it\/wp-json\/wp\/v2\/types\/product"}],"replies":[{"embeddable":true,"href":"https:\/\/grifos-pens.it\/it\/wp-json\/wp\/v2\/comments?post=6689"}],"wp:featuredmedia":[{"embeddable":true,"href":"https:\/\/grifos-pens.it\/it\/wp-json\/wp\/v2\/media\/5066"}],"wp:attachment":[{"href":"https:\/\/grifos-pens.it\/it\/wp-json\/wp\/v2\/media?parent=6689"}],"wp:term":[{"taxonomy":"product_brand","embeddable":true,"href":"https:\/\/grifos-pens.it\/it\/wp-json\/wp\/v2\/product_brand?post=6689"},{"taxonomy":"product_cat","embeddable":true,"href":"https:\/\/grifos-pens.it\/it\/wp-json\/wp\/v2\/product_cat?post=6689"},{"taxonomy":"product_tag","embeddable":true,"href":"https:\/\/grifos-pens.it\/it\/wp-json\/wp\/v2\/product_tag?post=6689"}],"curies":[{"name":"wp","href":"https:\/\/api.w.org\/{rel}","templated":true}]}}