{"id":7135,"date":"2024-01-26T12:28:16","date_gmt":"2024-01-26T17:30:32","guid":{"rendered":"http:\/\/grifos-pens.it\/prodotto\/penna-sfera-pelle-di-pesce-e-argento\/"},"modified":"2026-02-02T11:42:00","modified_gmt":"2026-02-02T10:42:00","slug":"penna-sfera-pelle-di-pesce-e-argento","status":"publish","type":"product","link":"https:\/\/grifos-pens.it\/it\/prodotto\/penna-sfera-pelle-di-pesce-e-argento\/","title":{"rendered":"Penna Sfera Pelle di Pesce e Argento"},"content":{"rendered":"<p>Produciamo le nostre penne nell&#8217;officina di oreficeria Grifos in Italia. Questa penna \u00e8 rivestita a mano con naturale pelle di salmone, mentre il suo fusto in argento massiccio 925 \u00e8 meticolosamente inciso con un sofisticato motivo a tela mettendo in mostra l&#8217;abilit\u00e0 artistica dei nostri artigiani esperti. Per arricchire il regale aspetto della penna, tutti i dettagli metallici sono abbondantemente placcati in oro 18 carati, armonizzando splendidamente con la lussuosa pelle di colore blu napoleonico.<br \/>\nPer assicuravi un regalo perfetto, la penna in pelle di salmone e argento \u00e8 accuratamente confezionata in una elegante scatola nera, corredata da un autentico certificato di origine. Inoltre, come impegno verso i nostri clienti, garantiamo assistenza tecnica a vita.<br \/>\nI nostri clienti sono sicuri di acquistare <em><a href=\"https:\/\/www.youtube.com\/watch?v=_j1z4q4gNxo\">preziosi strumenti da scrittura<\/a><\/em> in quanto la nostra azienda fa parte dell&#8217;albo degli orefici italiani, conforme sia alla legge italiana che a quella europea. Tale conformit\u00e0 \u00e8 verificata dalla marcatura di ciascuno strumento di scrittura con un timbro a forma di rombo che racchiude il marchio *TO 675, il simbolo della nostra corporazione e il timbro ovale 925. Questi timbri assicurano a ciascun cliente che stiamo utilizzando argento massiccio 925.<\/p>\n","protected":false},"excerpt":{"rendered":"<p>Questa penna \u00e8 rivestita a mano con naturale pelle di salmone, mentre il suo fusto in argento massiccio 925 \u00e8 meticolosamente inciso con un sofisticato motivo a tela mettendo in mostra l&#8217;abilit\u00e0 artistica dei nostri artigiani esperti.<\/p>\n","protected":false},"featured_media":7122,"comment_status":"closed","ping_status":"closed","template":"","meta":[],"product_brand":[],"product_cat":[264,266,275],"product_tag":[937,938,940,939,817,941,942,943,946,947,944,936,945],"class_list":{"0":"post-7135","1":"product","2":"type-product","3":"status-publish","4":"has-post-thumbnail","6":"product_cat-argento","7":"product_cat-pelle","8":"product_cat-penne-a-sfera","9":"product_tag-blu-napoleonico","10":"product_tag-brillare-con-oro","11":"product_tag-naturale-pelle-di-pesce","12":"product_tag-pelle-di-salmone","13":"product_tag-penna-dargento","14":"product_tag-prodotto-artigianale-it","15":"product_tag-regalo-fatto-in-italia","16":"product_tag-regalo-in-argento-sterling","17":"product_tag-regalo-prezioso-per-mamma","18":"product_tag-ricarica-penna-schmidt","19":"product_tag-ringraziare-dottore","20":"product_tag-ringraziare-insegnante","21":"product_tag-ringraziare-prof","23":"first","24":"instock","25":"taxable","26":"shipping-taxable","27":"purchasable","28":"product-type-simple"},"yoast_head":"<!-- This site is optimized with the Yoast SEO plugin v27.4 - https:\/\/yoast.com\/product\/yoast-seo-wordpress\/ -->\n<title>Penna Sfera Pelle di Pesce e Argento - Grifos Pens<\/title>\n<meta name=\"description\" content=\"Questa penna \u00e8 rivestita a mano con naturale pelle di salmone, mentre il suo fusto in argento massiccio 925 \u00e8 meticolosamente inciso con un sofisticato motivo a tela.\" \/>\n<meta name=\"robots\" content=\"index, follow, max-snippet:-1, max-image-preview:large, max-video-preview:-1\" \/>\n<link rel=\"canonical\" href=\"https:\/\/grifos-pens.it\/it\/prodotto\/penna-sfera-pelle-di-pesce-e-argento\/\" \/>\n<meta property=\"og:locale\" content=\"it_IT\" \/>\n<meta property=\"og:type\" content=\"article\" \/>\n<meta property=\"og:title\" content=\"Penna Sfera Pelle di Pesce e Argento - Grifos Pens\" \/>\n<meta property=\"og:description\" content=\"Questa penna \u00e8 rivestita a mano con naturale pelle di salmone, mentre il suo fusto in argento massiccio 925 \u00e8 meticolosamente inciso con un sofisticato motivo a tela.\" \/>\n<meta property=\"og:url\" content=\"https:\/\/grifos-pens.it\/it\/prodotto\/penna-sfera-pelle-di-pesce-e-argento\/\" \/>\n<meta property=\"og:site_name\" content=\"Grifos Pens\" \/>\n<meta property=\"article:publisher\" content=\"https:\/\/www.facebook.com\/grifospensitaly\/?locale=it_IT\" \/>\n<meta property=\"article:modified_time\" content=\"2026-02-02T10:42:00+00:00\" \/>\n<meta property=\"og:image\" content=\"https:\/\/grifos-pens.it\/wp-content\/uploads\/2024\/01\/NMB506-D-BGX16-CS36.jpg\" \/>\n\t<meta property=\"og:image:width\" content=\"2500\" \/>\n\t<meta property=\"og:image:height\" content=\"1667\" \/>\n\t<meta property=\"og:image:type\" content=\"image\/jpeg\" \/>\n<meta name=\"twitter:card\" content=\"summary_large_image\" \/>\n<meta name=\"twitter:label1\" content=\"Tempo di lettura stimato\" \/>\n\t<meta name=\"twitter:data1\" content=\"1 minuto\" \/>\n<script type=\"application\/ld+json\" class=\"yoast-schema-graph\">{\"@context\":\"https:\\\/\\\/schema.org\",\"@graph\":[{\"@type\":\"WebPage\",\"@id\":\"https:\\\/\\\/grifos-pens.it\\\/it\\\/prodotto\\\/penna-sfera-pelle-di-pesce-e-argento\\\/\",\"url\":\"https:\\\/\\\/grifos-pens.it\\\/it\\\/prodotto\\\/penna-sfera-pelle-di-pesce-e-argento\\\/\",\"name\":\"Penna Sfera Pelle di Pesce e Argento - Grifos Pens\",\"isPartOf\":{\"@id\":\"https:\\\/\\\/grifos-pens.it\\\/it\\\/#website\"},\"primaryImageOfPage\":{\"@id\":\"https:\\\/\\\/grifos-pens.it\\\/it\\\/prodotto\\\/penna-sfera-pelle-di-pesce-e-argento\\\/#primaryimage\"},\"image\":{\"@id\":\"https:\\\/\\\/grifos-pens.it\\\/it\\\/prodotto\\\/penna-sfera-pelle-di-pesce-e-argento\\\/#primaryimage\"},\"thumbnailUrl\":\"https:\\\/\\\/grifos-pens.it\\\/wp-content\\\/uploads\\\/2024\\\/01\\\/NMB506-D-BGX16-CS36.jpg\",\"datePublished\":\"2024-01-26T17:30:32+00:00\",\"dateModified\":\"2026-02-02T10:42:00+00:00\",\"description\":\"Questa penna \u00e8 rivestita a mano con naturale pelle di salmone, mentre il suo fusto in argento massiccio 925 \u00e8 meticolosamente inciso con un sofisticato motivo a tela.\",\"breadcrumb\":{\"@id\":\"https:\\\/\\\/grifos-pens.it\\\/it\\\/prodotto\\\/penna-sfera-pelle-di-pesce-e-argento\\\/#breadcrumb\"},\"inLanguage\":\"it-IT\",\"potentialAction\":[{\"@type\":\"ReadAction\",\"target\":[\"https:\\\/\\\/grifos-pens.it\\\/it\\\/prodotto\\\/penna-sfera-pelle-di-pesce-e-argento\\\/\"]}]},{\"@type\":\"ImageObject\",\"inLanguage\":\"it-IT\",\"@id\":\"https:\\\/\\\/grifos-pens.it\\\/it\\\/prodotto\\\/penna-sfera-pelle-di-pesce-e-argento\\\/#primaryimage\",\"url\":\"https:\\\/\\\/grifos-pens.it\\\/wp-content\\\/uploads\\\/2024\\\/01\\\/NMB506-D-BGX16-CS36.jpg\",\"contentUrl\":\"https:\\\/\\\/grifos-pens.it\\\/wp-content\\\/uploads\\\/2024\\\/01\\\/NMB506-D-BGX16-CS36.jpg\",\"width\":2500,\"height\":1667,\"caption\":\"Fish leather and silver ballpoint pen\"},{\"@type\":\"BreadcrumbList\",\"@id\":\"https:\\\/\\\/grifos-pens.it\\\/it\\\/prodotto\\\/penna-sfera-pelle-di-pesce-e-argento\\\/#breadcrumb\",\"itemListElement\":[{\"@type\":\"ListItem\",\"position\":1,\"name\":\"Home\",\"item\":\"https:\\\/\\\/grifos-pens.it\\\/it\\\/\"},{\"@type\":\"ListItem\",\"position\":2,\"name\":\"Catalogo\",\"item\":\"https:\\\/\\\/grifos-pens.it\\\/it\\\/catalogo\\\/\"},{\"@type\":\"ListItem\",\"position\":3,\"name\":\"Penna Sfera Pelle di Pesce e Argento\"}]},{\"@type\":\"WebSite\",\"@id\":\"https:\\\/\\\/grifos-pens.it\\\/it\\\/#website\",\"url\":\"https:\\\/\\\/grifos-pens.it\\\/it\\\/\",\"name\":\"Grifos Pens\",\"description\":\"Handcrafted Writing Instrument Of Italy\",\"publisher\":{\"@id\":\"https:\\\/\\\/grifos-pens.it\\\/it\\\/#organization\"},\"potentialAction\":[{\"@type\":\"SearchAction\",\"target\":{\"@type\":\"EntryPoint\",\"urlTemplate\":\"https:\\\/\\\/grifos-pens.it\\\/it\\\/?s={search_term_string}\"},\"query-input\":{\"@type\":\"PropertyValueSpecification\",\"valueRequired\":true,\"valueName\":\"search_term_string\"}}],\"inLanguage\":\"it-IT\"},{\"@type\":\"Organization\",\"@id\":\"https:\\\/\\\/grifos-pens.it\\\/it\\\/#organization\",\"name\":\"Grifos Pens\",\"url\":\"https:\\\/\\\/grifos-pens.it\\\/it\\\/\",\"logo\":{\"@type\":\"ImageObject\",\"inLanguage\":\"it-IT\",\"@id\":\"https:\\\/\\\/grifos-pens.it\\\/it\\\/#\\\/schema\\\/logo\\\/image\\\/\",\"url\":\"https:\\\/\\\/grifos-pens.it\\\/wp-content\\\/uploads\\\/2023\\\/05\\\/logo-grifos.svg\",\"contentUrl\":\"https:\\\/\\\/grifos-pens.it\\\/wp-content\\\/uploads\\\/2023\\\/05\\\/logo-grifos.svg\",\"width\":267,\"height\":243,\"caption\":\"Grifos Pens\"},\"image\":{\"@id\":\"https:\\\/\\\/grifos-pens.it\\\/it\\\/#\\\/schema\\\/logo\\\/image\\\/\"},\"sameAs\":[\"https:\\\/\\\/www.facebook.com\\\/grifospensitaly\\\/?locale=it_IT\",\"https:\\\/\\\/www.instagram.com\\\/grifos.pens\\\/\"]}]}<\/script>\n<!-- \/ Yoast SEO plugin. -->","yoast_head_json":{"title":"Penna Sfera Pelle di Pesce e Argento - Grifos Pens","description":"Questa penna \u00e8 rivestita a mano con naturale pelle di salmone, mentre il suo fusto in argento massiccio 925 \u00e8 meticolosamente inciso con un sofisticato motivo a tela.","robots":{"index":"index","follow":"follow","max-snippet":"max-snippet:-1","max-image-preview":"max-image-preview:large","max-video-preview":"max-video-preview:-1"},"canonical":"https:\/\/grifos-pens.it\/it\/prodotto\/penna-sfera-pelle-di-pesce-e-argento\/","og_locale":"it_IT","og_type":"article","og_title":"Penna Sfera Pelle di Pesce e Argento - Grifos Pens","og_description":"Questa penna \u00e8 rivestita a mano con naturale pelle di salmone, mentre il suo fusto in argento massiccio 925 \u00e8 meticolosamente inciso con un sofisticato motivo a tela.","og_url":"https:\/\/grifos-pens.it\/it\/prodotto\/penna-sfera-pelle-di-pesce-e-argento\/","og_site_name":"Grifos Pens","article_publisher":"https:\/\/www.facebook.com\/grifospensitaly\/?locale=it_IT","article_modified_time":"2026-02-02T10:42:00+00:00","og_image":[{"width":2500,"height":1667,"url":"https:\/\/grifos-pens.it\/wp-content\/uploads\/2024\/01\/NMB506-D-BGX16-CS36.jpg","type":"image\/jpeg"}],"twitter_card":"summary_large_image","twitter_misc":{"Tempo di lettura stimato":"1 minuto"},"schema":{"@context":"https:\/\/schema.org","@graph":[{"@type":"WebPage","@id":"https:\/\/grifos-pens.it\/it\/prodotto\/penna-sfera-pelle-di-pesce-e-argento\/","url":"https:\/\/grifos-pens.it\/it\/prodotto\/penna-sfera-pelle-di-pesce-e-argento\/","name":"Penna Sfera Pelle di Pesce e Argento - Grifos Pens","isPartOf":{"@id":"https:\/\/grifos-pens.it\/it\/#website"},"primaryImageOfPage":{"@id":"https:\/\/grifos-pens.it\/it\/prodotto\/penna-sfera-pelle-di-pesce-e-argento\/#primaryimage"},"image":{"@id":"https:\/\/grifos-pens.it\/it\/prodotto\/penna-sfera-pelle-di-pesce-e-argento\/#primaryimage"},"thumbnailUrl":"https:\/\/grifos-pens.it\/wp-content\/uploads\/2024\/01\/NMB506-D-BGX16-CS36.jpg","datePublished":"2024-01-26T17:30:32+00:00","dateModified":"2026-02-02T10:42:00+00:00","description":"Questa penna \u00e8 rivestita a mano con naturale pelle di salmone, mentre il suo fusto in argento massiccio 925 \u00e8 meticolosamente inciso con un sofisticato motivo a tela.","breadcrumb":{"@id":"https:\/\/grifos-pens.it\/it\/prodotto\/penna-sfera-pelle-di-pesce-e-argento\/#breadcrumb"},"inLanguage":"it-IT","potentialAction":[{"@type":"ReadAction","target":["https:\/\/grifos-pens.it\/it\/prodotto\/penna-sfera-pelle-di-pesce-e-argento\/"]}]},{"@type":"ImageObject","inLanguage":"it-IT","@id":"https:\/\/grifos-pens.it\/it\/prodotto\/penna-sfera-pelle-di-pesce-e-argento\/#primaryimage","url":"https:\/\/grifos-pens.it\/wp-content\/uploads\/2024\/01\/NMB506-D-BGX16-CS36.jpg","contentUrl":"https:\/\/grifos-pens.it\/wp-content\/uploads\/2024\/01\/NMB506-D-BGX16-CS36.jpg","width":2500,"height":1667,"caption":"Fish leather and silver ballpoint pen"},{"@type":"BreadcrumbList","@id":"https:\/\/grifos-pens.it\/it\/prodotto\/penna-sfera-pelle-di-pesce-e-argento\/#breadcrumb","itemListElement":[{"@type":"ListItem","position":1,"name":"Home","item":"https:\/\/grifos-pens.it\/it\/"},{"@type":"ListItem","position":2,"name":"Catalogo","item":"https:\/\/grifos-pens.it\/it\/catalogo\/"},{"@type":"ListItem","position":3,"name":"Penna Sfera Pelle di Pesce e Argento"}]},{"@type":"WebSite","@id":"https:\/\/grifos-pens.it\/it\/#website","url":"https:\/\/grifos-pens.it\/it\/","name":"Grifos Pens","description":"Handcrafted Writing Instrument Of Italy","publisher":{"@id":"https:\/\/grifos-pens.it\/it\/#organization"},"potentialAction":[{"@type":"SearchAction","target":{"@type":"EntryPoint","urlTemplate":"https:\/\/grifos-pens.it\/it\/?s={search_term_string}"},"query-input":{"@type":"PropertyValueSpecification","valueRequired":true,"valueName":"search_term_string"}}],"inLanguage":"it-IT"},{"@type":"Organization","@id":"https:\/\/grifos-pens.it\/it\/#organization","name":"Grifos Pens","url":"https:\/\/grifos-pens.it\/it\/","logo":{"@type":"ImageObject","inLanguage":"it-IT","@id":"https:\/\/grifos-pens.it\/it\/#\/schema\/logo\/image\/","url":"https:\/\/grifos-pens.it\/wp-content\/uploads\/2023\/05\/logo-grifos.svg","contentUrl":"https:\/\/grifos-pens.it\/wp-content\/uploads\/2023\/05\/logo-grifos.svg","width":267,"height":243,"caption":"Grifos Pens"},"image":{"@id":"https:\/\/grifos-pens.it\/it\/#\/schema\/logo\/image\/"},"sameAs":["https:\/\/www.facebook.com\/grifospensitaly\/?locale=it_IT","https:\/\/www.instagram.com\/grifos.pens\/"]}]}},"_links":{"self":[{"href":"https:\/\/grifos-pens.it\/it\/wp-json\/wp\/v2\/product\/7135","targetHints":{"allow":["GET"]}}],"collection":[{"href":"https:\/\/grifos-pens.it\/it\/wp-json\/wp\/v2\/product"}],"about":[{"href":"https:\/\/grifos-pens.it\/it\/wp-json\/wp\/v2\/types\/product"}],"replies":[{"embeddable":true,"href":"https:\/\/grifos-pens.it\/it\/wp-json\/wp\/v2\/comments?post=7135"}],"wp:featuredmedia":[{"embeddable":true,"href":"https:\/\/grifos-pens.it\/it\/wp-json\/wp\/v2\/media\/7122"}],"wp:attachment":[{"href":"https:\/\/grifos-pens.it\/it\/wp-json\/wp\/v2\/media?parent=7135"}],"wp:term":[{"taxonomy":"product_brand","embeddable":true,"href":"https:\/\/grifos-pens.it\/it\/wp-json\/wp\/v2\/product_brand?post=7135"},{"taxonomy":"product_cat","embeddable":true,"href":"https:\/\/grifos-pens.it\/it\/wp-json\/wp\/v2\/product_cat?post=7135"},{"taxonomy":"product_tag","embeddable":true,"href":"https:\/\/grifos-pens.it\/it\/wp-json\/wp\/v2\/product_tag?post=7135"}],"curies":[{"name":"wp","href":"https:\/\/api.w.org\/{rel}","templated":true}]}}