{"id":7263,"date":"2024-03-19T15:31:43","date_gmt":"2024-03-19T14:31:43","guid":{"rendered":"https:\/\/grifos-pens.it\/prodotto\/penna-stilografica-in-oro-vermeil-vimini\/"},"modified":"2026-02-02T11:39:03","modified_gmt":"2026-02-02T10:39:03","slug":"penna-stilografica-in-oro-vermeil-vimini","status":"publish","type":"product","link":"https:\/\/grifos-pens.it\/it\/prodotto\/penna-stilografica-in-oro-vermeil-vimini\/","title":{"rendered":"Penna Stilografica in Oro Vermeil &#8220;Vimini&#8221;"},"content":{"rendered":"<p>Questa penna stilografica \u00e8 realizzata in oro vermeil: il cappuccio e il corpo presentano un nucleo d&#8217;argento 925 rivestito da uno strato d&#8217;oro di spessore. I nostri artigiali hanno lavorato con grande cura su ciascun pezzo per assicurarsi che porti il nostro marchio distintivo, *675TO, simbolo di autentico artigianato, insieme al timbro ovale dell&#8217;argento sterling 925.<\/p>\n<p>La penna stilografica ha un sistema di ricarica, che consente l&#8217;utilizzo sia del converter che delle cartucce d&#8217;inchiostro. Nella confezione troverete il converter e le cartucce per la comodit\u00e0 di poter usufruire la penna subito dopo aver ricevuto. Baster\u00e0 aprire l&#8217;astuccio, caricare la stilografica e dare sfogo alla propria creativit\u00e0.<\/p>\n<p>La penna stilografica in oro vermeil \u00e8 dotata di un pennino medio in acciaio placcato oro, del marchio Bock, che garantisce una scrittura costante, fluida e senza sforzo. Se si desidera un pennino di diversa misura, forniamo opzioni extrafine, fine e larga senza alcun costo aggiuntivo. Per coloro che desiderano un tocco di lusso, offriamo <a href=\"https:\/\/grifos-pens.it\/it\/prodotto\/pennino-in-oro-massiccio-per-penna-stilografica\/\">pennini in oro massicio 18 carati<\/a>. La penna \u00e8 disponibile in versione roller.<\/p>\n<p>La vostra penna stilografica sar\u00e0 confezionata in un elegante astuccio regalo, completo del certificato di autenticit\u00e0, rendendola un regalo perfetto per voi stessi o per una persona speciale. Offriamo un servizio di assistenza tecnica a vita per assicurarci che la vostra penna sia sempre mantenuta in condizioni impeccabili.<\/p>\n<p>In aggiunta, garantiamo la spedizione internazionale gratuita, permettendovi di godere della nostra penna stilografica ovunque vi troviate nel mondo.<\/p>\n","protected":false},"excerpt":{"rendered":"<p>Questa penna stilografica \u00e8 realizzata in oro vermeil: il cappuccio e il corpo presentano un nucleo d&#8217;argento 925 rivestito da uno strato d&#8217;oro di spessore.<\/p>\n","protected":false},"featured_media":7253,"comment_status":"closed","ping_status":"closed","template":"","meta":[],"product_brand":[],"product_cat":[264,1026,272],"product_tag":[750,242,758,760,244,822,764,752,748,754,744,973,821,767,736,766,817,741,762,737,765,743,761,742,757,763,747,745,738,739,746,751,740,755,756,936,753,247,749,759,823,248],"class_list":{"0":"post-7263","1":"product","2":"type-product","3":"status-publish","4":"has-post-thumbnail","6":"product_cat-argento","7":"product_cat-oro-vermeil","8":"product_cat-stilografiche","9":"product_tag-acquistare-la-penna-online","10":"product_tag-artisan-pens-2","11":"product_tag-calligrafia","12":"product_tag-fatto-a-mano-dallitalia","13":"product_tag-fountain-pens-2","14":"product_tag-gustav-klimt-foto","15":"product_tag-hobby-della-scrittura-it","16":"product_tag-hobby-della-scrittura","17":"product_tag-idea-regalo-importante","18":"product_tag-incidere-il-luogo-della-prima-data","19":"product_tag-inciso-con-logo","20":"product_tag-oro-vermeil","21":"product_tag-penna-it","22":"product_tag-penna-a-inchiostro","23":"product_tag-penna-a-sfera-it","24":"product_tag-penna-artigianale","25":"product_tag-penna-dargento","26":"product_tag-penna-made-in-italy","27":"product_tag-penna-per-la-vita","28":"product_tag-penna-personalizzata-it","29":"product_tag-penna-roller-argento","30":"product_tag-penna-su-ordinazione","31":"product_tag-penna-velenosa","32":"product_tag-penne-artigianali-it","33":"product_tag-penne-da-collezione","34":"product_tag-penne-dal-design-vintage","35":"product_tag-per-anniversario","36":"product_tag-personalizzare-con-il-nome","37":"product_tag-presente-significativo","38":"product_tag-regalo-a-distanza-it","39":"product_tag-regalo-di-laurea","40":"product_tag-regalo-di-natale-in-argento","41":"product_tag-regalo-di-nozze-unico","42":"product_tag-regalo-per-il-medico","43":"product_tag-regalo-per-ringraziare","44":"product_tag-ringraziare-insegnante","45":"product_tag-scrittura-a-mano-it","46":"product_tag-silver-fountain-pen-2","47":"product_tag-strumenti-di-scrittura-italiani","48":"product_tag-strumento-scrittore","49":"product_tag-tree-of-life-it","50":"product_tag-writing-with-fountain-pen-2","52":"first","53":"instock","54":"taxable","55":"shipping-taxable","56":"purchasable","57":"product-type-simple"},"yoast_head":"<!-- This site is optimized with the Yoast SEO plugin v27.4 - https:\/\/yoast.com\/product\/yoast-seo-wordpress\/ -->\n<title>Penna Stilografica in Oro Vermeil &quot;Vimini&quot; - Grifos Pens<\/title>\n<meta name=\"description\" content=\"Questa penna stilografica \u00e8 realizzata in oro vermeil: il cappuccio e il corpo presentano un nucleo d&#039;argento 925 rivestito da uno strato d&#039;oro di spessore.\" \/>\n<meta name=\"robots\" content=\"index, follow, max-snippet:-1, max-image-preview:large, max-video-preview:-1\" \/>\n<link rel=\"canonical\" href=\"https:\/\/grifos-pens.it\/it\/prodotto\/penna-stilografica-in-oro-vermeil-vimini\/\" \/>\n<meta property=\"og:locale\" content=\"it_IT\" \/>\n<meta property=\"og:type\" content=\"article\" \/>\n<meta property=\"og:title\" content=\"Penna Stilografica in Oro Vermeil &quot;Vimini&quot; - Grifos Pens\" \/>\n<meta property=\"og:description\" content=\"Questa penna stilografica \u00e8 realizzata in oro vermeil: il cappuccio e il corpo presentano un nucleo d&#039;argento 925 rivestito da uno strato d&#039;oro di spessore.\" \/>\n<meta property=\"og:url\" content=\"https:\/\/grifos-pens.it\/it\/prodotto\/penna-stilografica-in-oro-vermeil-vimini\/\" \/>\n<meta property=\"og:site_name\" content=\"Grifos Pens\" \/>\n<meta property=\"article:publisher\" content=\"https:\/\/www.facebook.com\/grifospensitaly\/?locale=it_IT\" \/>\n<meta property=\"article:modified_time\" content=\"2026-02-02T10:39:03+00:00\" \/>\n<meta property=\"og:image\" content=\"https:\/\/grifos-pens.it\/wp-content\/uploads\/2024\/03\/NMF502-GX09-05.jpg\" \/>\n\t<meta property=\"og:image:width\" content=\"1000\" \/>\n\t<meta property=\"og:image:height\" content=\"667\" \/>\n\t<meta property=\"og:image:type\" content=\"image\/jpeg\" \/>\n<meta name=\"twitter:card\" content=\"summary_large_image\" \/>\n<meta name=\"twitter:label1\" content=\"Tempo di lettura stimato\" \/>\n\t<meta name=\"twitter:data1\" content=\"2 minuti\" \/>\n<script type=\"application\/ld+json\" class=\"yoast-schema-graph\">{\"@context\":\"https:\\\/\\\/schema.org\",\"@graph\":[{\"@type\":\"WebPage\",\"@id\":\"https:\\\/\\\/grifos-pens.it\\\/it\\\/prodotto\\\/penna-stilografica-in-oro-vermeil-vimini\\\/\",\"url\":\"https:\\\/\\\/grifos-pens.it\\\/it\\\/prodotto\\\/penna-stilografica-in-oro-vermeil-vimini\\\/\",\"name\":\"Penna Stilografica in Oro Vermeil \\\"Vimini\\\" - Grifos Pens\",\"isPartOf\":{\"@id\":\"https:\\\/\\\/grifos-pens.it\\\/it\\\/#website\"},\"primaryImageOfPage\":{\"@id\":\"https:\\\/\\\/grifos-pens.it\\\/it\\\/prodotto\\\/penna-stilografica-in-oro-vermeil-vimini\\\/#primaryimage\"},\"image\":{\"@id\":\"https:\\\/\\\/grifos-pens.it\\\/it\\\/prodotto\\\/penna-stilografica-in-oro-vermeil-vimini\\\/#primaryimage\"},\"thumbnailUrl\":\"https:\\\/\\\/grifos-pens.it\\\/wp-content\\\/uploads\\\/2024\\\/03\\\/NMF502-GX09-05.jpg\",\"datePublished\":\"2024-03-19T14:31:43+00:00\",\"dateModified\":\"2026-02-02T10:39:03+00:00\",\"description\":\"Questa penna stilografica \u00e8 realizzata in oro vermeil: il cappuccio e il corpo presentano un nucleo d'argento 925 rivestito da uno strato d'oro di spessore.\",\"breadcrumb\":{\"@id\":\"https:\\\/\\\/grifos-pens.it\\\/it\\\/prodotto\\\/penna-stilografica-in-oro-vermeil-vimini\\\/#breadcrumb\"},\"inLanguage\":\"it-IT\",\"potentialAction\":[{\"@type\":\"ReadAction\",\"target\":[\"https:\\\/\\\/grifos-pens.it\\\/it\\\/prodotto\\\/penna-stilografica-in-oro-vermeil-vimini\\\/\"]}]},{\"@type\":\"ImageObject\",\"inLanguage\":\"it-IT\",\"@id\":\"https:\\\/\\\/grifos-pens.it\\\/it\\\/prodotto\\\/penna-stilografica-in-oro-vermeil-vimini\\\/#primaryimage\",\"url\":\"https:\\\/\\\/grifos-pens.it\\\/wp-content\\\/uploads\\\/2024\\\/03\\\/NMF502-GX09-05.jpg\",\"contentUrl\":\"https:\\\/\\\/grifos-pens.it\\\/wp-content\\\/uploads\\\/2024\\\/03\\\/NMF502-GX09-05.jpg\",\"width\":1000,\"height\":667,\"caption\":\"Gold vermeil fountain pen\"},{\"@type\":\"BreadcrumbList\",\"@id\":\"https:\\\/\\\/grifos-pens.it\\\/it\\\/prodotto\\\/penna-stilografica-in-oro-vermeil-vimini\\\/#breadcrumb\",\"itemListElement\":[{\"@type\":\"ListItem\",\"position\":1,\"name\":\"Home\",\"item\":\"https:\\\/\\\/grifos-pens.it\\\/it\\\/\"},{\"@type\":\"ListItem\",\"position\":2,\"name\":\"Catalogo\",\"item\":\"https:\\\/\\\/grifos-pens.it\\\/it\\\/catalogo\\\/\"},{\"@type\":\"ListItem\",\"position\":3,\"name\":\"Penna Stilografica in Oro Vermeil &#8220;Vimini&#8221;\"}]},{\"@type\":\"WebSite\",\"@id\":\"https:\\\/\\\/grifos-pens.it\\\/it\\\/#website\",\"url\":\"https:\\\/\\\/grifos-pens.it\\\/it\\\/\",\"name\":\"Grifos Pens\",\"description\":\"Handcrafted Writing Instrument Of Italy\",\"publisher\":{\"@id\":\"https:\\\/\\\/grifos-pens.it\\\/it\\\/#organization\"},\"potentialAction\":[{\"@type\":\"SearchAction\",\"target\":{\"@type\":\"EntryPoint\",\"urlTemplate\":\"https:\\\/\\\/grifos-pens.it\\\/it\\\/?s={search_term_string}\"},\"query-input\":{\"@type\":\"PropertyValueSpecification\",\"valueRequired\":true,\"valueName\":\"search_term_string\"}}],\"inLanguage\":\"it-IT\"},{\"@type\":\"Organization\",\"@id\":\"https:\\\/\\\/grifos-pens.it\\\/it\\\/#organization\",\"name\":\"Grifos Pens\",\"url\":\"https:\\\/\\\/grifos-pens.it\\\/it\\\/\",\"logo\":{\"@type\":\"ImageObject\",\"inLanguage\":\"it-IT\",\"@id\":\"https:\\\/\\\/grifos-pens.it\\\/it\\\/#\\\/schema\\\/logo\\\/image\\\/\",\"url\":\"https:\\\/\\\/grifos-pens.it\\\/wp-content\\\/uploads\\\/2023\\\/05\\\/logo-grifos.svg\",\"contentUrl\":\"https:\\\/\\\/grifos-pens.it\\\/wp-content\\\/uploads\\\/2023\\\/05\\\/logo-grifos.svg\",\"width\":267,\"height\":243,\"caption\":\"Grifos Pens\"},\"image\":{\"@id\":\"https:\\\/\\\/grifos-pens.it\\\/it\\\/#\\\/schema\\\/logo\\\/image\\\/\"},\"sameAs\":[\"https:\\\/\\\/www.facebook.com\\\/grifospensitaly\\\/?locale=it_IT\",\"https:\\\/\\\/www.instagram.com\\\/grifos.pens\\\/\"]}]}<\/script>\n<!-- \/ Yoast SEO plugin. -->","yoast_head_json":{"title":"Penna Stilografica in Oro Vermeil \"Vimini\" - Grifos Pens","description":"Questa penna stilografica \u00e8 realizzata in oro vermeil: il cappuccio e il corpo presentano un nucleo d'argento 925 rivestito da uno strato d'oro di spessore.","robots":{"index":"index","follow":"follow","max-snippet":"max-snippet:-1","max-image-preview":"max-image-preview:large","max-video-preview":"max-video-preview:-1"},"canonical":"https:\/\/grifos-pens.it\/it\/prodotto\/penna-stilografica-in-oro-vermeil-vimini\/","og_locale":"it_IT","og_type":"article","og_title":"Penna Stilografica in Oro Vermeil \"Vimini\" - Grifos Pens","og_description":"Questa penna stilografica \u00e8 realizzata in oro vermeil: il cappuccio e il corpo presentano un nucleo d'argento 925 rivestito da uno strato d'oro di spessore.","og_url":"https:\/\/grifos-pens.it\/it\/prodotto\/penna-stilografica-in-oro-vermeil-vimini\/","og_site_name":"Grifos Pens","article_publisher":"https:\/\/www.facebook.com\/grifospensitaly\/?locale=it_IT","article_modified_time":"2026-02-02T10:39:03+00:00","og_image":[{"width":1000,"height":667,"url":"https:\/\/grifos-pens.it\/wp-content\/uploads\/2024\/03\/NMF502-GX09-05.jpg","type":"image\/jpeg"}],"twitter_card":"summary_large_image","twitter_misc":{"Tempo di lettura stimato":"2 minuti"},"schema":{"@context":"https:\/\/schema.org","@graph":[{"@type":"WebPage","@id":"https:\/\/grifos-pens.it\/it\/prodotto\/penna-stilografica-in-oro-vermeil-vimini\/","url":"https:\/\/grifos-pens.it\/it\/prodotto\/penna-stilografica-in-oro-vermeil-vimini\/","name":"Penna Stilografica in Oro Vermeil \"Vimini\" - Grifos Pens","isPartOf":{"@id":"https:\/\/grifos-pens.it\/it\/#website"},"primaryImageOfPage":{"@id":"https:\/\/grifos-pens.it\/it\/prodotto\/penna-stilografica-in-oro-vermeil-vimini\/#primaryimage"},"image":{"@id":"https:\/\/grifos-pens.it\/it\/prodotto\/penna-stilografica-in-oro-vermeil-vimini\/#primaryimage"},"thumbnailUrl":"https:\/\/grifos-pens.it\/wp-content\/uploads\/2024\/03\/NMF502-GX09-05.jpg","datePublished":"2024-03-19T14:31:43+00:00","dateModified":"2026-02-02T10:39:03+00:00","description":"Questa penna stilografica \u00e8 realizzata in oro vermeil: il cappuccio e il corpo presentano un nucleo d'argento 925 rivestito da uno strato d'oro di spessore.","breadcrumb":{"@id":"https:\/\/grifos-pens.it\/it\/prodotto\/penna-stilografica-in-oro-vermeil-vimini\/#breadcrumb"},"inLanguage":"it-IT","potentialAction":[{"@type":"ReadAction","target":["https:\/\/grifos-pens.it\/it\/prodotto\/penna-stilografica-in-oro-vermeil-vimini\/"]}]},{"@type":"ImageObject","inLanguage":"it-IT","@id":"https:\/\/grifos-pens.it\/it\/prodotto\/penna-stilografica-in-oro-vermeil-vimini\/#primaryimage","url":"https:\/\/grifos-pens.it\/wp-content\/uploads\/2024\/03\/NMF502-GX09-05.jpg","contentUrl":"https:\/\/grifos-pens.it\/wp-content\/uploads\/2024\/03\/NMF502-GX09-05.jpg","width":1000,"height":667,"caption":"Gold vermeil fountain pen"},{"@type":"BreadcrumbList","@id":"https:\/\/grifos-pens.it\/it\/prodotto\/penna-stilografica-in-oro-vermeil-vimini\/#breadcrumb","itemListElement":[{"@type":"ListItem","position":1,"name":"Home","item":"https:\/\/grifos-pens.it\/it\/"},{"@type":"ListItem","position":2,"name":"Catalogo","item":"https:\/\/grifos-pens.it\/it\/catalogo\/"},{"@type":"ListItem","position":3,"name":"Penna Stilografica in Oro Vermeil &#8220;Vimini&#8221;"}]},{"@type":"WebSite","@id":"https:\/\/grifos-pens.it\/it\/#website","url":"https:\/\/grifos-pens.it\/it\/","name":"Grifos Pens","description":"Handcrafted Writing Instrument Of Italy","publisher":{"@id":"https:\/\/grifos-pens.it\/it\/#organization"},"potentialAction":[{"@type":"SearchAction","target":{"@type":"EntryPoint","urlTemplate":"https:\/\/grifos-pens.it\/it\/?s={search_term_string}"},"query-input":{"@type":"PropertyValueSpecification","valueRequired":true,"valueName":"search_term_string"}}],"inLanguage":"it-IT"},{"@type":"Organization","@id":"https:\/\/grifos-pens.it\/it\/#organization","name":"Grifos Pens","url":"https:\/\/grifos-pens.it\/it\/","logo":{"@type":"ImageObject","inLanguage":"it-IT","@id":"https:\/\/grifos-pens.it\/it\/#\/schema\/logo\/image\/","url":"https:\/\/grifos-pens.it\/wp-content\/uploads\/2023\/05\/logo-grifos.svg","contentUrl":"https:\/\/grifos-pens.it\/wp-content\/uploads\/2023\/05\/logo-grifos.svg","width":267,"height":243,"caption":"Grifos Pens"},"image":{"@id":"https:\/\/grifos-pens.it\/it\/#\/schema\/logo\/image\/"},"sameAs":["https:\/\/www.facebook.com\/grifospensitaly\/?locale=it_IT","https:\/\/www.instagram.com\/grifos.pens\/"]}]}},"_links":{"self":[{"href":"https:\/\/grifos-pens.it\/it\/wp-json\/wp\/v2\/product\/7263","targetHints":{"allow":["GET"]}}],"collection":[{"href":"https:\/\/grifos-pens.it\/it\/wp-json\/wp\/v2\/product"}],"about":[{"href":"https:\/\/grifos-pens.it\/it\/wp-json\/wp\/v2\/types\/product"}],"replies":[{"embeddable":true,"href":"https:\/\/grifos-pens.it\/it\/wp-json\/wp\/v2\/comments?post=7263"}],"wp:featuredmedia":[{"embeddable":true,"href":"https:\/\/grifos-pens.it\/it\/wp-json\/wp\/v2\/media\/7253"}],"wp:attachment":[{"href":"https:\/\/grifos-pens.it\/it\/wp-json\/wp\/v2\/media?parent=7263"}],"wp:term":[{"taxonomy":"product_brand","embeddable":true,"href":"https:\/\/grifos-pens.it\/it\/wp-json\/wp\/v2\/product_brand?post=7263"},{"taxonomy":"product_cat","embeddable":true,"href":"https:\/\/grifos-pens.it\/it\/wp-json\/wp\/v2\/product_cat?post=7263"},{"taxonomy":"product_tag","embeddable":true,"href":"https:\/\/grifos-pens.it\/it\/wp-json\/wp\/v2\/product_tag?post=7263"}],"curies":[{"name":"wp","href":"https:\/\/api.w.org\/{rel}","templated":true}]}}