{"id":7265,"date":"2024-03-26T11:24:47","date_gmt":"2024-03-26T10:24:47","guid":{"rendered":"https:\/\/grifos-pens.it\/?post_type=product&#038;p=7265"},"modified":"2026-03-03T15:57:12","modified_gmt":"2026-03-03T14:57:12","slug":"penna-stilografica-in-oro-vermeil-vimini-copy","status":"publish","type":"product","link":"https:\/\/grifos-pens.it\/it\/prodotto\/penna-stilografica-in-oro-vermeil-vimini-copy\/","title":{"rendered":"Penna Stilografica in Oro Vermeil &#8220;Colonne di Pompei&#8221;"},"content":{"rendered":"<p>Questa penna stilografica &#8220;Colonne di Pompei&#8221; i\u00e8 fatta in oro vermeil. Il cappuccio e il corpo presentano un nucleo d\u2019argento 925 rivestito da uno strato d\u2019oro di spessore. L&#8217;incisione guilloch\u00e9 sulla superficie dell&#8217;argento richiama l&#8217;immagine delle iconiche colonne di Pompei, famoso sito archeologico. Questa squisita tecnica, nota come guilloch\u00e9, trae le sue origini dal visionario maestro Faberg\u00e9, che ha introdotto questa meravigliosa forma di incisione nella creazione dei suoi incomparabili capolavori, come le uova imperiali.<\/p>\n<p>I nostri artigiali hanno lavorato con grande cura su ciascun pezzo per assicurarsi che porti il nostro marchio distintivo, *675TO, simbolo di autentico artigianato, insieme al timbro ovale dell&#8217;argento sterling 925.<\/p>\n<p>La penna stilografica ha un sistema di ricarica, che consente l&#8217;utilizzo sia del converter che delle cartucce d&#8217;inchiostro. Nella confezione troverete il converter e le cartucce per la comodit\u00e0 di poter usufruire la penna subito dopo aver ricevuto. Baster\u00e0 aprire l&#8217;astuccio, caricare la stilografica e dare sfogo alla propria creativit\u00e0.<\/p>\n<p>La penna stilografica in oro vermeil &#8220;Colonne di Pompei&#8221; \u00e8 dotata di un pennino medio in acciaio placcato oro, del marchio Bock, che garantisce una scrittura costante, fluida e senza sforzo. Se si desidera un pennino di diversa misura, forniamo opzioni extrafine, fine e larga senza alcun costo aggiuntivo. Per coloro che desiderano un tocco di lusso, offriamo <a href=\"https:\/\/grifos-pens.it\/it\/prodotto\/pennino-in-oro-massiccio-per-penna-stilografica\/\">pennini in oro massicio 18 carati<\/a>. La penna \u00e8 disponibile in versione roller.<\/p>\n<p>La vostra penna stilografica sar\u00e0 confezionata in un elegante astuccio regalo, completo del certificato di autenticit\u00e0. Un regalo perfetto per voi stessi o per una persona speciale. Offriamo un servizio di assistenza tecnica a vita per assicurarci che la vostra penna sia sempre mantenuta in condizioni impeccabili.<\/p>\n<p>In aggiunta, garantiamo la spedizione internazionale gratuita. Questo vi permetter\u00e0 di godere della nostra penna stilografica ovunque vi troviate nel mondo.<\/p>\n","protected":false},"excerpt":{"rendered":"<p>Questa penna stilografica \u00e8 realizzata in oro vermeil: il cappuccio e il corpo presentano un nucleo d\u2019argento 925 rivestito da uno strato d\u2019oro di spessore.<\/p>\n","protected":false},"featured_media":7267,"comment_status":"closed","ping_status":"closed","template":"","meta":[],"product_brand":[],"product_cat":[264,1026,272],"product_tag":[750,242,758,760,244,822,764,752,748,754,744,973,980,821,767,736,766,817,978,741,762,737,979,765,743,761,742,757,763,747,745,738,739,746,751,740,755,756,936,753,247,749,759,823,248],"class_list":{"0":"post-7265","1":"product","2":"type-product","3":"status-publish","4":"has-post-thumbnail","6":"product_cat-argento","7":"product_cat-oro-vermeil","8":"product_cat-stilografiche","9":"product_tag-acquistare-la-penna-online","10":"product_tag-artisan-pens-2","11":"product_tag-calligrafia","12":"product_tag-fatto-a-mano-dallitalia","13":"product_tag-fountain-pens-2","14":"product_tag-gustav-klimt-foto","15":"product_tag-hobby-della-scrittura-it","16":"product_tag-hobby-della-scrittura","17":"product_tag-idea-regalo-importante","18":"product_tag-incidere-il-luogo-della-prima-data","19":"product_tag-inciso-con-logo","20":"product_tag-oro-vermeil","21":"product_tag-oro-vermeil-it","22":"product_tag-penna-it","23":"product_tag-penna-a-inchiostro","24":"product_tag-penna-a-sfera-it","25":"product_tag-penna-artigianale","26":"product_tag-penna-dargento","27":"product_tag-penna-dorata-it","28":"product_tag-penna-made-in-italy","29":"product_tag-penna-per-la-vita","30":"product_tag-penna-personalizzata-it","31":"product_tag-penna-ricca","32":"product_tag-penna-roller-argento","33":"product_tag-penna-su-ordinazione","34":"product_tag-penna-velenosa","35":"product_tag-penne-artigianali-it","36":"product_tag-penne-da-collezione","37":"product_tag-penne-dal-design-vintage","38":"product_tag-per-anniversario","39":"product_tag-personalizzare-con-il-nome","40":"product_tag-presente-significativo","41":"product_tag-regalo-a-distanza-it","42":"product_tag-regalo-di-laurea","43":"product_tag-regalo-di-natale-in-argento","44":"product_tag-regalo-di-nozze-unico","45":"product_tag-regalo-per-il-medico","46":"product_tag-regalo-per-ringraziare","47":"product_tag-ringraziare-insegnante","48":"product_tag-scrittura-a-mano-it","49":"product_tag-silver-fountain-pen-2","50":"product_tag-strumenti-di-scrittura-italiani","51":"product_tag-strumento-scrittore","52":"product_tag-tree-of-life-it","53":"product_tag-writing-with-fountain-pen-2","55":"first","56":"instock","57":"taxable","58":"shipping-taxable","59":"purchasable","60":"product-type-simple"},"yoast_head":"<!-- This site is optimized with the Yoast SEO plugin v27.4 - https:\/\/yoast.com\/product\/yoast-seo-wordpress\/ -->\n<title>Penna Stilografica in Oro Vermeil &quot;Colonne di Pompei&quot; - Grifos Pens<\/title>\n<meta name=\"description\" content=\"Questa penna stilografica \u00e8 realizzata in oro vermeil: il cappuccio e il corpo presentano un nucleo d\u2019argento 925 rivestito da uno strato d\u2019oro di spessore.\" \/>\n<meta name=\"robots\" content=\"index, follow, max-snippet:-1, max-image-preview:large, max-video-preview:-1\" \/>\n<link rel=\"canonical\" href=\"https:\/\/grifos-pens.it\/it\/prodotto\/penna-stilografica-in-oro-vermeil-vimini-copy\/\" \/>\n<meta property=\"og:locale\" content=\"it_IT\" \/>\n<meta property=\"og:type\" content=\"article\" \/>\n<meta property=\"og:title\" content=\"Penna Stilografica in Oro Vermeil &quot;Colonne di Pompei&quot; - Grifos Pens\" \/>\n<meta property=\"og:description\" content=\"Questa penna stilografica \u00e8 realizzata in oro vermeil: il cappuccio e il corpo presentano un nucleo d\u2019argento 925 rivestito da uno strato d\u2019oro di spessore.\" \/>\n<meta property=\"og:url\" content=\"https:\/\/grifos-pens.it\/it\/prodotto\/penna-stilografica-in-oro-vermeil-vimini-copy\/\" \/>\n<meta property=\"og:site_name\" content=\"Grifos Pens\" \/>\n<meta property=\"article:publisher\" content=\"https:\/\/www.facebook.com\/grifospensitaly\/?locale=it_IT\" \/>\n<meta property=\"article:modified_time\" content=\"2026-03-03T14:57:12+00:00\" \/>\n<meta property=\"og:image\" content=\"https:\/\/grifos-pens.it\/wp-content\/uploads\/2024\/03\/GF502-GX12-fascetta-piatta-02.jpg\" \/>\n\t<meta property=\"og:image:width\" content=\"700\" \/>\n\t<meta property=\"og:image:height\" content=\"396\" \/>\n\t<meta property=\"og:image:type\" content=\"image\/jpeg\" \/>\n<meta name=\"twitter:card\" content=\"summary_large_image\" \/>\n<meta name=\"twitter:label1\" content=\"Tempo di lettura stimato\" \/>\n\t<meta name=\"twitter:data1\" content=\"2 minuti\" \/>\n<script type=\"application\/ld+json\" class=\"yoast-schema-graph\">{\"@context\":\"https:\\\/\\\/schema.org\",\"@graph\":[{\"@type\":\"WebPage\",\"@id\":\"https:\\\/\\\/grifos-pens.it\\\/it\\\/prodotto\\\/penna-stilografica-in-oro-vermeil-vimini-copy\\\/\",\"url\":\"https:\\\/\\\/grifos-pens.it\\\/it\\\/prodotto\\\/penna-stilografica-in-oro-vermeil-vimini-copy\\\/\",\"name\":\"Penna Stilografica in Oro Vermeil \\\"Colonne di Pompei\\\" - Grifos Pens\",\"isPartOf\":{\"@id\":\"https:\\\/\\\/grifos-pens.it\\\/it\\\/#website\"},\"primaryImageOfPage\":{\"@id\":\"https:\\\/\\\/grifos-pens.it\\\/it\\\/prodotto\\\/penna-stilografica-in-oro-vermeil-vimini-copy\\\/#primaryimage\"},\"image\":{\"@id\":\"https:\\\/\\\/grifos-pens.it\\\/it\\\/prodotto\\\/penna-stilografica-in-oro-vermeil-vimini-copy\\\/#primaryimage\"},\"thumbnailUrl\":\"https:\\\/\\\/grifos-pens.it\\\/wp-content\\\/uploads\\\/2024\\\/03\\\/GF502-GX12-fascetta-piatta-02.jpg\",\"datePublished\":\"2024-03-26T10:24:47+00:00\",\"dateModified\":\"2026-03-03T14:57:12+00:00\",\"description\":\"Questa penna stilografica \u00e8 realizzata in oro vermeil: il cappuccio e il corpo presentano un nucleo d\u2019argento 925 rivestito da uno strato d\u2019oro di spessore.\",\"breadcrumb\":{\"@id\":\"https:\\\/\\\/grifos-pens.it\\\/it\\\/prodotto\\\/penna-stilografica-in-oro-vermeil-vimini-copy\\\/#breadcrumb\"},\"inLanguage\":\"it-IT\",\"potentialAction\":[{\"@type\":\"ReadAction\",\"target\":[\"https:\\\/\\\/grifos-pens.it\\\/it\\\/prodotto\\\/penna-stilografica-in-oro-vermeil-vimini-copy\\\/\"]}]},{\"@type\":\"ImageObject\",\"inLanguage\":\"it-IT\",\"@id\":\"https:\\\/\\\/grifos-pens.it\\\/it\\\/prodotto\\\/penna-stilografica-in-oro-vermeil-vimini-copy\\\/#primaryimage\",\"url\":\"https:\\\/\\\/grifos-pens.it\\\/wp-content\\\/uploads\\\/2024\\\/03\\\/GF502-GX12-fascetta-piatta-02.jpg\",\"contentUrl\":\"https:\\\/\\\/grifos-pens.it\\\/wp-content\\\/uploads\\\/2024\\\/03\\\/GF502-GX12-fascetta-piatta-02.jpg\",\"width\":700,\"height\":396,\"caption\":\"Rich fountain pen in vermeil gold\"},{\"@type\":\"BreadcrumbList\",\"@id\":\"https:\\\/\\\/grifos-pens.it\\\/it\\\/prodotto\\\/penna-stilografica-in-oro-vermeil-vimini-copy\\\/#breadcrumb\",\"itemListElement\":[{\"@type\":\"ListItem\",\"position\":1,\"name\":\"Home\",\"item\":\"https:\\\/\\\/grifos-pens.it\\\/it\\\/\"},{\"@type\":\"ListItem\",\"position\":2,\"name\":\"Catalogo\",\"item\":\"https:\\\/\\\/grifos-pens.it\\\/it\\\/catalogo\\\/\"},{\"@type\":\"ListItem\",\"position\":3,\"name\":\"Penna Stilografica in Oro Vermeil &#8220;Colonne di Pompei&#8221;\"}]},{\"@type\":\"WebSite\",\"@id\":\"https:\\\/\\\/grifos-pens.it\\\/it\\\/#website\",\"url\":\"https:\\\/\\\/grifos-pens.it\\\/it\\\/\",\"name\":\"Grifos Pens\",\"description\":\"Handcrafted Writing Instrument Of Italy\",\"publisher\":{\"@id\":\"https:\\\/\\\/grifos-pens.it\\\/it\\\/#organization\"},\"potentialAction\":[{\"@type\":\"SearchAction\",\"target\":{\"@type\":\"EntryPoint\",\"urlTemplate\":\"https:\\\/\\\/grifos-pens.it\\\/it\\\/?s={search_term_string}\"},\"query-input\":{\"@type\":\"PropertyValueSpecification\",\"valueRequired\":true,\"valueName\":\"search_term_string\"}}],\"inLanguage\":\"it-IT\"},{\"@type\":\"Organization\",\"@id\":\"https:\\\/\\\/grifos-pens.it\\\/it\\\/#organization\",\"name\":\"Grifos Pens\",\"url\":\"https:\\\/\\\/grifos-pens.it\\\/it\\\/\",\"logo\":{\"@type\":\"ImageObject\",\"inLanguage\":\"it-IT\",\"@id\":\"https:\\\/\\\/grifos-pens.it\\\/it\\\/#\\\/schema\\\/logo\\\/image\\\/\",\"url\":\"https:\\\/\\\/grifos-pens.it\\\/wp-content\\\/uploads\\\/2023\\\/05\\\/logo-grifos.svg\",\"contentUrl\":\"https:\\\/\\\/grifos-pens.it\\\/wp-content\\\/uploads\\\/2023\\\/05\\\/logo-grifos.svg\",\"width\":267,\"height\":243,\"caption\":\"Grifos Pens\"},\"image\":{\"@id\":\"https:\\\/\\\/grifos-pens.it\\\/it\\\/#\\\/schema\\\/logo\\\/image\\\/\"},\"sameAs\":[\"https:\\\/\\\/www.facebook.com\\\/grifospensitaly\\\/?locale=it_IT\",\"https:\\\/\\\/www.instagram.com\\\/grifos.pens\\\/\"]}]}<\/script>\n<!-- \/ Yoast SEO plugin. -->","yoast_head_json":{"title":"Penna Stilografica in Oro Vermeil \"Colonne di Pompei\" - Grifos Pens","description":"Questa penna stilografica \u00e8 realizzata in oro vermeil: il cappuccio e il corpo presentano un nucleo d\u2019argento 925 rivestito da uno strato d\u2019oro di spessore.","robots":{"index":"index","follow":"follow","max-snippet":"max-snippet:-1","max-image-preview":"max-image-preview:large","max-video-preview":"max-video-preview:-1"},"canonical":"https:\/\/grifos-pens.it\/it\/prodotto\/penna-stilografica-in-oro-vermeil-vimini-copy\/","og_locale":"it_IT","og_type":"article","og_title":"Penna Stilografica in Oro Vermeil \"Colonne di Pompei\" - Grifos Pens","og_description":"Questa penna stilografica \u00e8 realizzata in oro vermeil: il cappuccio e il corpo presentano un nucleo d\u2019argento 925 rivestito da uno strato d\u2019oro di spessore.","og_url":"https:\/\/grifos-pens.it\/it\/prodotto\/penna-stilografica-in-oro-vermeil-vimini-copy\/","og_site_name":"Grifos Pens","article_publisher":"https:\/\/www.facebook.com\/grifospensitaly\/?locale=it_IT","article_modified_time":"2026-03-03T14:57:12+00:00","og_image":[{"width":700,"height":396,"url":"https:\/\/grifos-pens.it\/wp-content\/uploads\/2024\/03\/GF502-GX12-fascetta-piatta-02.jpg","type":"image\/jpeg"}],"twitter_card":"summary_large_image","twitter_misc":{"Tempo di lettura stimato":"2 minuti"},"schema":{"@context":"https:\/\/schema.org","@graph":[{"@type":"WebPage","@id":"https:\/\/grifos-pens.it\/it\/prodotto\/penna-stilografica-in-oro-vermeil-vimini-copy\/","url":"https:\/\/grifos-pens.it\/it\/prodotto\/penna-stilografica-in-oro-vermeil-vimini-copy\/","name":"Penna Stilografica in Oro Vermeil \"Colonne di Pompei\" - Grifos Pens","isPartOf":{"@id":"https:\/\/grifos-pens.it\/it\/#website"},"primaryImageOfPage":{"@id":"https:\/\/grifos-pens.it\/it\/prodotto\/penna-stilografica-in-oro-vermeil-vimini-copy\/#primaryimage"},"image":{"@id":"https:\/\/grifos-pens.it\/it\/prodotto\/penna-stilografica-in-oro-vermeil-vimini-copy\/#primaryimage"},"thumbnailUrl":"https:\/\/grifos-pens.it\/wp-content\/uploads\/2024\/03\/GF502-GX12-fascetta-piatta-02.jpg","datePublished":"2024-03-26T10:24:47+00:00","dateModified":"2026-03-03T14:57:12+00:00","description":"Questa penna stilografica \u00e8 realizzata in oro vermeil: il cappuccio e il corpo presentano un nucleo d\u2019argento 925 rivestito da uno strato d\u2019oro di spessore.","breadcrumb":{"@id":"https:\/\/grifos-pens.it\/it\/prodotto\/penna-stilografica-in-oro-vermeil-vimini-copy\/#breadcrumb"},"inLanguage":"it-IT","potentialAction":[{"@type":"ReadAction","target":["https:\/\/grifos-pens.it\/it\/prodotto\/penna-stilografica-in-oro-vermeil-vimini-copy\/"]}]},{"@type":"ImageObject","inLanguage":"it-IT","@id":"https:\/\/grifos-pens.it\/it\/prodotto\/penna-stilografica-in-oro-vermeil-vimini-copy\/#primaryimage","url":"https:\/\/grifos-pens.it\/wp-content\/uploads\/2024\/03\/GF502-GX12-fascetta-piatta-02.jpg","contentUrl":"https:\/\/grifos-pens.it\/wp-content\/uploads\/2024\/03\/GF502-GX12-fascetta-piatta-02.jpg","width":700,"height":396,"caption":"Rich fountain pen in vermeil gold"},{"@type":"BreadcrumbList","@id":"https:\/\/grifos-pens.it\/it\/prodotto\/penna-stilografica-in-oro-vermeil-vimini-copy\/#breadcrumb","itemListElement":[{"@type":"ListItem","position":1,"name":"Home","item":"https:\/\/grifos-pens.it\/it\/"},{"@type":"ListItem","position":2,"name":"Catalogo","item":"https:\/\/grifos-pens.it\/it\/catalogo\/"},{"@type":"ListItem","position":3,"name":"Penna Stilografica in Oro Vermeil &#8220;Colonne di Pompei&#8221;"}]},{"@type":"WebSite","@id":"https:\/\/grifos-pens.it\/it\/#website","url":"https:\/\/grifos-pens.it\/it\/","name":"Grifos Pens","description":"Handcrafted Writing Instrument Of Italy","publisher":{"@id":"https:\/\/grifos-pens.it\/it\/#organization"},"potentialAction":[{"@type":"SearchAction","target":{"@type":"EntryPoint","urlTemplate":"https:\/\/grifos-pens.it\/it\/?s={search_term_string}"},"query-input":{"@type":"PropertyValueSpecification","valueRequired":true,"valueName":"search_term_string"}}],"inLanguage":"it-IT"},{"@type":"Organization","@id":"https:\/\/grifos-pens.it\/it\/#organization","name":"Grifos Pens","url":"https:\/\/grifos-pens.it\/it\/","logo":{"@type":"ImageObject","inLanguage":"it-IT","@id":"https:\/\/grifos-pens.it\/it\/#\/schema\/logo\/image\/","url":"https:\/\/grifos-pens.it\/wp-content\/uploads\/2023\/05\/logo-grifos.svg","contentUrl":"https:\/\/grifos-pens.it\/wp-content\/uploads\/2023\/05\/logo-grifos.svg","width":267,"height":243,"caption":"Grifos Pens"},"image":{"@id":"https:\/\/grifos-pens.it\/it\/#\/schema\/logo\/image\/"},"sameAs":["https:\/\/www.facebook.com\/grifospensitaly\/?locale=it_IT","https:\/\/www.instagram.com\/grifos.pens\/"]}]}},"_links":{"self":[{"href":"https:\/\/grifos-pens.it\/it\/wp-json\/wp\/v2\/product\/7265","targetHints":{"allow":["GET"]}}],"collection":[{"href":"https:\/\/grifos-pens.it\/it\/wp-json\/wp\/v2\/product"}],"about":[{"href":"https:\/\/grifos-pens.it\/it\/wp-json\/wp\/v2\/types\/product"}],"replies":[{"embeddable":true,"href":"https:\/\/grifos-pens.it\/it\/wp-json\/wp\/v2\/comments?post=7265"}],"wp:featuredmedia":[{"embeddable":true,"href":"https:\/\/grifos-pens.it\/it\/wp-json\/wp\/v2\/media\/7267"}],"wp:attachment":[{"href":"https:\/\/grifos-pens.it\/it\/wp-json\/wp\/v2\/media?parent=7265"}],"wp:term":[{"taxonomy":"product_brand","embeddable":true,"href":"https:\/\/grifos-pens.it\/it\/wp-json\/wp\/v2\/product_brand?post=7265"},{"taxonomy":"product_cat","embeddable":true,"href":"https:\/\/grifos-pens.it\/it\/wp-json\/wp\/v2\/product_cat?post=7265"},{"taxonomy":"product_tag","embeddable":true,"href":"https:\/\/grifos-pens.it\/it\/wp-json\/wp\/v2\/product_tag?post=7265"}],"curies":[{"name":"wp","href":"https:\/\/api.w.org\/{rel}","templated":true}]}}