{"id":7305,"date":"2024-03-28T10:13:33","date_gmt":"2024-03-28T09:13:33","guid":{"rendered":"https:\/\/grifos-pens.it\/?post_type=product&#038;p=7305"},"modified":"2026-02-02T11:41:59","modified_gmt":"2026-02-02T10:41:59","slug":"penna-sfera-argento-cisele","status":"publish","type":"product","link":"https:\/\/grifos-pens.it\/it\/prodotto\/penna-sfera-argento-cisele\/","title":{"rendered":"Penna Sfera Argento Cisel\u00e8"},"content":{"rendered":"<p>Penna a sfera fabbricata artigianalmente in argento massiccio 925, decorata con incisione guilloch\u00e9 a motivo cisel\u00e8. Ogni penna \u00e8 timbrata 925 a testimonianza del metallo prezioso utilizzato, l&#8217;argento 925, e della nostra appartenenza all&#8217;albo orafo.<\/p>\n<p>Il meccanismo della penna si attiva con un cappuccio a rotazione. Ricaricabile con refill a sfera di tipo standard internazionale, disponibile in tutti negozi di cancelleria con inchiostro nero o blu. Riceverete la penna con una ricarica extra confezionata nell&#8217;astuccio insieme alla penna. Inoltre, \u00e8 possibile acquistare altre ricariche qui sul nostro sito nella sezione <strong><em><a href=\"https:\/\/grifos-pens.it\/it\/prodotto\/refill-per-penna-a-sfera-6-pz\/\">Accessori<\/a><\/em><\/strong>. Su richiesta, \u00e8 possibile personalizzarla e ordinarla anche nella versione penna roller o portamine.<\/p>\n<p>La penna Penna Sfera Argento Cisel\u00e8 viene consegnata in un elegante astuccio da regalo, completo di certificato di autenticit\u00e0 che attesta la sua <em><strong><a href=\"https:\/\/www.youtube.com\/watch?v=_j1z4q4gNxo\">creazione artigianale in vero argento 925<\/a><\/strong><\/em>. Ogni pezzo \u00e8 rifinito e attentamente controllato secondo la pi\u00f9 alta tradizione orafa italiana.<\/p>\n<p>Offriamo la spedizione gratuita.<\/p>\n","protected":false},"excerpt":{"rendered":"<p>Penna a sfera fabbricata artigianalmente in argento massiccio 925, decorata con incisione guilloch\u00e9 a motivo cisel\u00e8.<\/p>\n","protected":false},"featured_media":5334,"comment_status":"closed","ping_status":"closed","template":"","meta":[],"product_brand":[],"product_cat":[264,275],"product_tag":[750,986,987,748,982,766,983,990,995,991,315,406,470,993,394,994,985,996,981,326,355,992,984,989,944,988],"class_list":{"0":"post-7305","1":"product","2":"type-product","3":"status-publish","4":"has-post-thumbnail","6":"product_cat-argento","7":"product_cat-penne-a-sfera","8":"product_tag-acquistare-la-penna-online","9":"product_tag-biro-argento","10":"product_tag-biro-da-regalo","11":"product_tag-idea-regalo-importante","12":"product_tag-penna-argento","13":"product_tag-penna-artigianale","14":"product_tag-penna-da-regalo","15":"product_tag-penna-importante","16":"product_tag-penna-personalizzabile","17":"product_tag-regalo-a-fidanzato","18":"product_tag-regalo-anniversario","19":"product_tag-regalo-capo","20":"product_tag-regalo-cresima","21":"product_tag-regalo-festa-mamma","22":"product_tag-regalo-laurea-it","23":"product_tag-regalo-natale","24":"product_tag-regalo-pensionamento","25":"product_tag-regalo-per-ingegnere","26":"product_tag-regalo-per-testimoni","27":"product_tag-regalo-personalizzato","28":"product_tag-regalo-professore","29":"product_tag-regalo-san-valentino","30":"product_tag-regalo-serio-collega","31":"product_tag-ringraziare-avvocato","32":"product_tag-ringraziare-dottore","33":"product_tag-ringraziare-geometra","35":"first","36":"instock","37":"taxable","38":"shipping-taxable","39":"purchasable","40":"product-type-simple"},"yoast_head":"<!-- This site is optimized with the Yoast SEO plugin v27.4 - https:\/\/yoast.com\/product\/yoast-seo-wordpress\/ -->\n<title>Penna Sfera Argento Cisel\u00e8 - Grifos Pens<\/title>\n<meta name=\"description\" content=\"Penna Sfera Argento Cisel\u00e8, penna a sfera fabbricata artigianalmente in argento massiccio 925, decorata con incisione guilloch\u00e9 a motivo cisel\u00e8.\" \/>\n<meta name=\"robots\" content=\"index, follow, max-snippet:-1, max-image-preview:large, max-video-preview:-1\" \/>\n<link rel=\"canonical\" href=\"https:\/\/grifos-pens.it\/it\/prodotto\/penna-sfera-argento-cisele\/\" \/>\n<meta property=\"og:locale\" content=\"it_IT\" \/>\n<meta property=\"og:type\" content=\"article\" \/>\n<meta property=\"og:title\" content=\"Penna Sfera Argento Cisel\u00e8 - Grifos Pens\" \/>\n<meta property=\"og:description\" content=\"Penna Sfera Argento Cisel\u00e8, penna a sfera fabbricata artigianalmente in argento massiccio 925, decorata con incisione guilloch\u00e9 a motivo cisel\u00e8.\" \/>\n<meta property=\"og:url\" content=\"https:\/\/grifos-pens.it\/it\/prodotto\/penna-sfera-argento-cisele\/\" \/>\n<meta property=\"og:site_name\" content=\"Grifos Pens\" \/>\n<meta property=\"article:publisher\" content=\"https:\/\/www.facebook.com\/grifospensitaly\/?locale=it_IT\" \/>\n<meta property=\"article:modified_time\" content=\"2026-02-02T10:41:59+00:00\" \/>\n<meta property=\"og:image\" content=\"https:\/\/grifos-pens.it\/wp-content\/uploads\/2020\/12\/GLB815-NK-GX06-05.jpg\" \/>\n\t<meta property=\"og:image:width\" content=\"1000\" \/>\n\t<meta property=\"og:image:height\" content=\"667\" \/>\n\t<meta property=\"og:image:type\" content=\"image\/jpeg\" \/>\n<meta name=\"twitter:card\" content=\"summary_large_image\" \/>\n<meta name=\"twitter:label1\" content=\"Tempo di lettura stimato\" \/>\n\t<meta name=\"twitter:data1\" content=\"2 minuti\" \/>\n<script type=\"application\/ld+json\" class=\"yoast-schema-graph\">{\"@context\":\"https:\\\/\\\/schema.org\",\"@graph\":[{\"@type\":\"WebPage\",\"@id\":\"https:\\\/\\\/grifos-pens.it\\\/it\\\/prodotto\\\/penna-sfera-argento-cisele\\\/\",\"url\":\"https:\\\/\\\/grifos-pens.it\\\/it\\\/prodotto\\\/penna-sfera-argento-cisele\\\/\",\"name\":\"Penna Sfera Argento Cisel\u00e8 - Grifos Pens\",\"isPartOf\":{\"@id\":\"https:\\\/\\\/grifos-pens.it\\\/it\\\/#website\"},\"primaryImageOfPage\":{\"@id\":\"https:\\\/\\\/grifos-pens.it\\\/it\\\/prodotto\\\/penna-sfera-argento-cisele\\\/#primaryimage\"},\"image\":{\"@id\":\"https:\\\/\\\/grifos-pens.it\\\/it\\\/prodotto\\\/penna-sfera-argento-cisele\\\/#primaryimage\"},\"thumbnailUrl\":\"https:\\\/\\\/grifos-pens.it\\\/wp-content\\\/uploads\\\/2020\\\/12\\\/GLB815-NK-GX06-05.jpg\",\"datePublished\":\"2024-03-28T09:13:33+00:00\",\"dateModified\":\"2026-02-02T10:41:59+00:00\",\"description\":\"Penna Sfera Argento Cisel\u00e8, penna a sfera fabbricata artigianalmente in argento massiccio 925, decorata con incisione guilloch\u00e9 a motivo cisel\u00e8.\",\"breadcrumb\":{\"@id\":\"https:\\\/\\\/grifos-pens.it\\\/it\\\/prodotto\\\/penna-sfera-argento-cisele\\\/#breadcrumb\"},\"inLanguage\":\"it-IT\",\"potentialAction\":[{\"@type\":\"ReadAction\",\"target\":[\"https:\\\/\\\/grifos-pens.it\\\/it\\\/prodotto\\\/penna-sfera-argento-cisele\\\/\"]}]},{\"@type\":\"ImageObject\",\"inLanguage\":\"it-IT\",\"@id\":\"https:\\\/\\\/grifos-pens.it\\\/it\\\/prodotto\\\/penna-sfera-argento-cisele\\\/#primaryimage\",\"url\":\"https:\\\/\\\/grifos-pens.it\\\/wp-content\\\/uploads\\\/2020\\\/12\\\/GLB815-NK-GX06-05.jpg\",\"contentUrl\":\"https:\\\/\\\/grifos-pens.it\\\/wp-content\\\/uploads\\\/2020\\\/12\\\/GLB815-NK-GX06-05.jpg\",\"width\":1000,\"height\":667,\"caption\":\"Penna a sfera in argento personalizzabile\"},{\"@type\":\"BreadcrumbList\",\"@id\":\"https:\\\/\\\/grifos-pens.it\\\/it\\\/prodotto\\\/penna-sfera-argento-cisele\\\/#breadcrumb\",\"itemListElement\":[{\"@type\":\"ListItem\",\"position\":1,\"name\":\"Home\",\"item\":\"https:\\\/\\\/grifos-pens.it\\\/it\\\/\"},{\"@type\":\"ListItem\",\"position\":2,\"name\":\"Catalogo\",\"item\":\"https:\\\/\\\/grifos-pens.it\\\/it\\\/catalogo\\\/\"},{\"@type\":\"ListItem\",\"position\":3,\"name\":\"Penna Sfera Argento Cisel\u00e8\"}]},{\"@type\":\"WebSite\",\"@id\":\"https:\\\/\\\/grifos-pens.it\\\/it\\\/#website\",\"url\":\"https:\\\/\\\/grifos-pens.it\\\/it\\\/\",\"name\":\"Grifos Pens\",\"description\":\"Handcrafted Writing Instrument Of Italy\",\"publisher\":{\"@id\":\"https:\\\/\\\/grifos-pens.it\\\/it\\\/#organization\"},\"potentialAction\":[{\"@type\":\"SearchAction\",\"target\":{\"@type\":\"EntryPoint\",\"urlTemplate\":\"https:\\\/\\\/grifos-pens.it\\\/it\\\/?s={search_term_string}\"},\"query-input\":{\"@type\":\"PropertyValueSpecification\",\"valueRequired\":true,\"valueName\":\"search_term_string\"}}],\"inLanguage\":\"it-IT\"},{\"@type\":\"Organization\",\"@id\":\"https:\\\/\\\/grifos-pens.it\\\/it\\\/#organization\",\"name\":\"Grifos Pens\",\"url\":\"https:\\\/\\\/grifos-pens.it\\\/it\\\/\",\"logo\":{\"@type\":\"ImageObject\",\"inLanguage\":\"it-IT\",\"@id\":\"https:\\\/\\\/grifos-pens.it\\\/it\\\/#\\\/schema\\\/logo\\\/image\\\/\",\"url\":\"https:\\\/\\\/grifos-pens.it\\\/wp-content\\\/uploads\\\/2023\\\/05\\\/logo-grifos.svg\",\"contentUrl\":\"https:\\\/\\\/grifos-pens.it\\\/wp-content\\\/uploads\\\/2023\\\/05\\\/logo-grifos.svg\",\"width\":267,\"height\":243,\"caption\":\"Grifos Pens\"},\"image\":{\"@id\":\"https:\\\/\\\/grifos-pens.it\\\/it\\\/#\\\/schema\\\/logo\\\/image\\\/\"},\"sameAs\":[\"https:\\\/\\\/www.facebook.com\\\/grifospensitaly\\\/?locale=it_IT\",\"https:\\\/\\\/www.instagram.com\\\/grifos.pens\\\/\"]}]}<\/script>\n<!-- \/ Yoast SEO plugin. -->","yoast_head_json":{"title":"Penna Sfera Argento Cisel\u00e8 - Grifos Pens","description":"Penna Sfera Argento Cisel\u00e8, penna a sfera fabbricata artigianalmente in argento massiccio 925, decorata con incisione guilloch\u00e9 a motivo cisel\u00e8.","robots":{"index":"index","follow":"follow","max-snippet":"max-snippet:-1","max-image-preview":"max-image-preview:large","max-video-preview":"max-video-preview:-1"},"canonical":"https:\/\/grifos-pens.it\/it\/prodotto\/penna-sfera-argento-cisele\/","og_locale":"it_IT","og_type":"article","og_title":"Penna Sfera Argento Cisel\u00e8 - Grifos Pens","og_description":"Penna Sfera Argento Cisel\u00e8, penna a sfera fabbricata artigianalmente in argento massiccio 925, decorata con incisione guilloch\u00e9 a motivo cisel\u00e8.","og_url":"https:\/\/grifos-pens.it\/it\/prodotto\/penna-sfera-argento-cisele\/","og_site_name":"Grifos Pens","article_publisher":"https:\/\/www.facebook.com\/grifospensitaly\/?locale=it_IT","article_modified_time":"2026-02-02T10:41:59+00:00","og_image":[{"width":1000,"height":667,"url":"https:\/\/grifos-pens.it\/wp-content\/uploads\/2020\/12\/GLB815-NK-GX06-05.jpg","type":"image\/jpeg"}],"twitter_card":"summary_large_image","twitter_misc":{"Tempo di lettura stimato":"2 minuti"},"schema":{"@context":"https:\/\/schema.org","@graph":[{"@type":"WebPage","@id":"https:\/\/grifos-pens.it\/it\/prodotto\/penna-sfera-argento-cisele\/","url":"https:\/\/grifos-pens.it\/it\/prodotto\/penna-sfera-argento-cisele\/","name":"Penna Sfera Argento Cisel\u00e8 - Grifos Pens","isPartOf":{"@id":"https:\/\/grifos-pens.it\/it\/#website"},"primaryImageOfPage":{"@id":"https:\/\/grifos-pens.it\/it\/prodotto\/penna-sfera-argento-cisele\/#primaryimage"},"image":{"@id":"https:\/\/grifos-pens.it\/it\/prodotto\/penna-sfera-argento-cisele\/#primaryimage"},"thumbnailUrl":"https:\/\/grifos-pens.it\/wp-content\/uploads\/2020\/12\/GLB815-NK-GX06-05.jpg","datePublished":"2024-03-28T09:13:33+00:00","dateModified":"2026-02-02T10:41:59+00:00","description":"Penna Sfera Argento Cisel\u00e8, penna a sfera fabbricata artigianalmente in argento massiccio 925, decorata con incisione guilloch\u00e9 a motivo cisel\u00e8.","breadcrumb":{"@id":"https:\/\/grifos-pens.it\/it\/prodotto\/penna-sfera-argento-cisele\/#breadcrumb"},"inLanguage":"it-IT","potentialAction":[{"@type":"ReadAction","target":["https:\/\/grifos-pens.it\/it\/prodotto\/penna-sfera-argento-cisele\/"]}]},{"@type":"ImageObject","inLanguage":"it-IT","@id":"https:\/\/grifos-pens.it\/it\/prodotto\/penna-sfera-argento-cisele\/#primaryimage","url":"https:\/\/grifos-pens.it\/wp-content\/uploads\/2020\/12\/GLB815-NK-GX06-05.jpg","contentUrl":"https:\/\/grifos-pens.it\/wp-content\/uploads\/2020\/12\/GLB815-NK-GX06-05.jpg","width":1000,"height":667,"caption":"Penna a sfera in argento personalizzabile"},{"@type":"BreadcrumbList","@id":"https:\/\/grifos-pens.it\/it\/prodotto\/penna-sfera-argento-cisele\/#breadcrumb","itemListElement":[{"@type":"ListItem","position":1,"name":"Home","item":"https:\/\/grifos-pens.it\/it\/"},{"@type":"ListItem","position":2,"name":"Catalogo","item":"https:\/\/grifos-pens.it\/it\/catalogo\/"},{"@type":"ListItem","position":3,"name":"Penna Sfera Argento Cisel\u00e8"}]},{"@type":"WebSite","@id":"https:\/\/grifos-pens.it\/it\/#website","url":"https:\/\/grifos-pens.it\/it\/","name":"Grifos Pens","description":"Handcrafted Writing Instrument Of Italy","publisher":{"@id":"https:\/\/grifos-pens.it\/it\/#organization"},"potentialAction":[{"@type":"SearchAction","target":{"@type":"EntryPoint","urlTemplate":"https:\/\/grifos-pens.it\/it\/?s={search_term_string}"},"query-input":{"@type":"PropertyValueSpecification","valueRequired":true,"valueName":"search_term_string"}}],"inLanguage":"it-IT"},{"@type":"Organization","@id":"https:\/\/grifos-pens.it\/it\/#organization","name":"Grifos Pens","url":"https:\/\/grifos-pens.it\/it\/","logo":{"@type":"ImageObject","inLanguage":"it-IT","@id":"https:\/\/grifos-pens.it\/it\/#\/schema\/logo\/image\/","url":"https:\/\/grifos-pens.it\/wp-content\/uploads\/2023\/05\/logo-grifos.svg","contentUrl":"https:\/\/grifos-pens.it\/wp-content\/uploads\/2023\/05\/logo-grifos.svg","width":267,"height":243,"caption":"Grifos Pens"},"image":{"@id":"https:\/\/grifos-pens.it\/it\/#\/schema\/logo\/image\/"},"sameAs":["https:\/\/www.facebook.com\/grifospensitaly\/?locale=it_IT","https:\/\/www.instagram.com\/grifos.pens\/"]}]}},"_links":{"self":[{"href":"https:\/\/grifos-pens.it\/it\/wp-json\/wp\/v2\/product\/7305","targetHints":{"allow":["GET"]}}],"collection":[{"href":"https:\/\/grifos-pens.it\/it\/wp-json\/wp\/v2\/product"}],"about":[{"href":"https:\/\/grifos-pens.it\/it\/wp-json\/wp\/v2\/types\/product"}],"replies":[{"embeddable":true,"href":"https:\/\/grifos-pens.it\/it\/wp-json\/wp\/v2\/comments?post=7305"}],"wp:featuredmedia":[{"embeddable":true,"href":"https:\/\/grifos-pens.it\/it\/wp-json\/wp\/v2\/media\/5334"}],"wp:attachment":[{"href":"https:\/\/grifos-pens.it\/it\/wp-json\/wp\/v2\/media?parent=7305"}],"wp:term":[{"taxonomy":"product_brand","embeddable":true,"href":"https:\/\/grifos-pens.it\/it\/wp-json\/wp\/v2\/product_brand?post=7305"},{"taxonomy":"product_cat","embeddable":true,"href":"https:\/\/grifos-pens.it\/it\/wp-json\/wp\/v2\/product_cat?post=7305"},{"taxonomy":"product_tag","embeddable":true,"href":"https:\/\/grifos-pens.it\/it\/wp-json\/wp\/v2\/product_tag?post=7305"}],"curies":[{"name":"wp","href":"https:\/\/api.w.org\/{rel}","templated":true}]}}