{"id":8636,"date":"2024-11-25T16:58:58","date_gmt":"2025-08-08T14:14:35","guid":{"rendered":"https:\/\/grifos-pens.it\/prodotto\/penna-roller-in-pelle-di-razza-grigia\/"},"modified":"2026-02-02T11:41:07","modified_gmt":"2026-02-02T10:41:07","slug":"penna-roller-in-pelle-di-razza-grigia","status":"publish","type":"product","link":"https:\/\/grifos-pens.it\/it\/prodotto\/penna-roller-in-pelle-di-razza-grigia\/","title":{"rendered":"Penna Roller in Pelle di Razza Grigia"},"content":{"rendered":"<p>Penna roller in pelle di razza grigia, realizzata a mano dai nostri maestri artigiani nel laboratorio in Italia. Rivestita in autentica pelle di razza naturale galuchat nella raffinata tonalit\u00e0 grigio lava.  Il puntale \u00e8 realizzato in argento massiccio e impreziosita dall&#8217;importante incisione guilloch\u00e8 e dal marchio 925. Scrivere con questa penna roller in pelle di razza offrir\u00e0 un\u2019esperienza tattile unica. Gi\u00e0 i samurai giapponesi usavano la pelle per le impugnature delle loro spade per ottenere una presa perfetta.<\/p>\n<p>Dotata della tecnologia Schmidt, il rinomato marchio tedesco, la penna \u00e8 fornita di una ricarica roller di tipo standard internazionale. Questa ricarica garantisce una scrittura fluida e senza sforzo, facilmente acquistabile in qualsiasi parte del mondo. Puoi scegliere l\u2019inchiostro nero o blu, secondo la tua preferenza personale. Possiamo anche realizzare questo modello come una penna stilografica.<\/p>\n<p>Spediamo la penna in una elegante confezione, progettata con cura. All&#8217;interno \u00e8 incluso un certificato d&#8217;origine che assicura l&#8217;autenticit\u00e0 e l&#8217;origine della penna. Inoltre, forniamo assistenza tecnica a vita, garantendovi la massima soddisfazione per tutta la durata di vita della penna.<\/p>\n<p>Come gesto di riconoscenza nei confronti dei nostri stimati clienti in tutto il mondo, offriamo la spedizione internazionale gratuita. Il nostro impegno \u00e8 quello di garantire che il vostro viaggio con questa penna roller sia perfetto dall&#8217;inizio alla fine.<\/p>\n<p>Ogni penna che vedete nel nostro negozio \u00e8 realizzata a mano. Se desideri personalizzare i dettagli, possiamo adattarla ai tuoi gusti con diverse finiture. Le nostre opzioni di placcatura includono giallo, rosso, argento e nero, oltre a dettagli in argento ossidato. Contattaci prima di effettuare l\u2019ordine e creeremo una penna su misura per te.<\/p>\n<p><em><strong><a href=\"https:\/\/www.youtube.com\/watch?v=_j1z4q4gNxo\">Grazie per aver scelto Grifos per la tua esperienza di scrittura o per un regalo speciale.<\/a><\/strong><\/em> Speriamo che tu possa amare le nostre penne tanto quanto noi amiamo realizzarle.<\/p>\n<p>Nota:<\/p>\n<p>Ci impegniamo a rendere la nostra produzione sempre pi\u00f9 sostenibile, utilizzando materiali che derivano come sottoprodotti dell\u2019industria alimentare. La pelle di razza che impieghiamo \u00e8 acquistata regolarmente in Italia ed \u00e8 un materiale certificato.   Secondo la Convenzione di Washington (CITES), la razza non appartiene alle specie a rischio di estinzione.<\/p>\n<p>A causa della naturale origine della pelle, potrebbero esserci leggere variazioni di colore. Inoltre, le tonalit\u00e0 possono differire leggermente a seconda dello schermo del computer.<\/p>\n","protected":false},"excerpt":{"rendered":"<p>Penna roller in pelle di razza grigia, con affascinante pelle naturale color lava e puntale in argento sterling. Spedizione gratuita.<\/p>\n","protected":false},"featured_media":7785,"comment_status":"closed","ping_status":"closed","template":"","meta":[],"product_brand":[],"product_cat":[266,273],"product_tag":[750,242,758,760,764,752,748,754,744,1590,767,736,766,1592,1550,741,762,737,765,1591,743,761,742,757,763,747,745,738,739,746,751,740,831,755,756,753,247,749,759],"class_list":{"0":"post-8636","1":"product","2":"type-product","3":"status-publish","4":"has-post-thumbnail","6":"product_cat-pelle","7":"product_cat-penne-roller-2","8":"product_tag-acquistare-la-penna-online","9":"product_tag-artisan-pens-2","10":"product_tag-calligrafia","11":"product_tag-fatto-a-mano-dallitalia","12":"product_tag-hobby-della-scrittura-it","13":"product_tag-hobby-della-scrittura","14":"product_tag-idea-regalo-importante","15":"product_tag-incidere-il-luogo-della-prima-data","16":"product_tag-inciso-con-logo","17":"product_tag-pelle-di-razza","18":"product_tag-penna-a-inchiostro","19":"product_tag-penna-a-sfera-it","20":"product_tag-penna-artigianale","21":"product_tag-penna-galuchat","22":"product_tag-penna-grigia","23":"product_tag-penna-made-in-italy","24":"product_tag-penna-per-la-vita","25":"product_tag-penna-personalizzata-it","26":"product_tag-penna-roller-argento","27":"product_tag-penna-roller-in-pelle","28":"product_tag-penna-su-ordinazione","29":"product_tag-penna-velenosa","30":"product_tag-penne-artigianali-it","31":"product_tag-penne-da-collezione","32":"product_tag-penne-dal-design-vintage","33":"product_tag-per-anniversario","34":"product_tag-personalizzare-con-il-nome","35":"product_tag-presente-significativo","36":"product_tag-regalo-a-distanza-it","37":"product_tag-regalo-di-laurea","38":"product_tag-regalo-di-natale-in-argento","39":"product_tag-regalo-di-nozze-unico","40":"product_tag-regalo-in-vera-pelle","41":"product_tag-regalo-per-il-medico","42":"product_tag-regalo-per-ringraziare","43":"product_tag-scrittura-a-mano-it","44":"product_tag-silver-fountain-pen-2","45":"product_tag-strumenti-di-scrittura-italiani","46":"product_tag-strumento-scrittore","48":"first","49":"instock","50":"taxable","51":"shipping-taxable","52":"purchasable","53":"product-type-simple"},"yoast_head":"<!-- This site is optimized with the Yoast SEO plugin v27.4 - https:\/\/yoast.com\/product\/yoast-seo-wordpress\/ -->\n<title>Penna Roller Pelle di Razza Grigia<\/title>\n<meta name=\"description\" content=\"Penna roller in pelle di razza grigia, con affascinante pelle naturale color lava e puntale in argento sterling. Spedizione gratuita.\" \/>\n<meta name=\"robots\" content=\"index, follow, max-snippet:-1, max-image-preview:large, max-video-preview:-1\" \/>\n<link rel=\"canonical\" href=\"https:\/\/grifos-pens.it\/it\/prodotto\/penna-roller-in-pelle-di-razza-grigia\/\" \/>\n<meta property=\"og:locale\" content=\"it_IT\" \/>\n<meta property=\"og:type\" content=\"article\" \/>\n<meta property=\"og:title\" content=\"Penna Roller Pelle di Razza Grigia\" \/>\n<meta property=\"og:description\" content=\"Penna roller in pelle di razza grigia, con affascinante pelle naturale color lava e puntale in argento sterling. Spedizione gratuita.\" \/>\n<meta property=\"og:url\" content=\"https:\/\/grifos-pens.it\/it\/prodotto\/penna-roller-in-pelle-di-razza-grigia\/\" \/>\n<meta property=\"og:site_name\" content=\"Grifos Pens\" \/>\n<meta property=\"article:publisher\" content=\"https:\/\/www.facebook.com\/grifospensitaly\/?locale=it_IT\" \/>\n<meta property=\"article:modified_time\" content=\"2026-02-02T10:41:07+00:00\" \/>\n<meta property=\"og:image\" content=\"https:\/\/grifos-pens.it\/wp-content\/uploads\/2024\/11\/NMR507-A-S14-PGX06.jpg\" \/>\n\t<meta property=\"og:image:width\" content=\"1000\" \/>\n\t<meta property=\"og:image:height\" content=\"667\" \/>\n\t<meta property=\"og:image:type\" content=\"image\/jpeg\" \/>\n<meta name=\"twitter:card\" content=\"summary_large_image\" \/>\n<meta name=\"twitter:label1\" content=\"Tempo di lettura stimato\" \/>\n\t<meta name=\"twitter:data1\" content=\"2 minuti\" \/>\n<script type=\"application\/ld+json\" class=\"yoast-schema-graph\">{\"@context\":\"https:\\\/\\\/schema.org\",\"@graph\":[{\"@type\":\"WebPage\",\"@id\":\"https:\\\/\\\/grifos-pens.it\\\/it\\\/prodotto\\\/penna-roller-in-pelle-di-razza-grigia\\\/\",\"url\":\"https:\\\/\\\/grifos-pens.it\\\/it\\\/prodotto\\\/penna-roller-in-pelle-di-razza-grigia\\\/\",\"name\":\"Penna Roller Pelle di Razza Grigia\",\"isPartOf\":{\"@id\":\"https:\\\/\\\/grifos-pens.it\\\/it\\\/#website\"},\"primaryImageOfPage\":{\"@id\":\"https:\\\/\\\/grifos-pens.it\\\/it\\\/prodotto\\\/penna-roller-in-pelle-di-razza-grigia\\\/#primaryimage\"},\"image\":{\"@id\":\"https:\\\/\\\/grifos-pens.it\\\/it\\\/prodotto\\\/penna-roller-in-pelle-di-razza-grigia\\\/#primaryimage\"},\"thumbnailUrl\":\"https:\\\/\\\/grifos-pens.it\\\/wp-content\\\/uploads\\\/2024\\\/11\\\/NMR507-A-S14-PGX06.jpg\",\"datePublished\":\"2025-08-08T14:14:35+00:00\",\"dateModified\":\"2026-02-02T10:41:07+00:00\",\"description\":\"Penna roller in pelle di razza grigia, con affascinante pelle naturale color lava e puntale in argento sterling. Spedizione gratuita.\",\"breadcrumb\":{\"@id\":\"https:\\\/\\\/grifos-pens.it\\\/it\\\/prodotto\\\/penna-roller-in-pelle-di-razza-grigia\\\/#breadcrumb\"},\"inLanguage\":\"it-IT\",\"potentialAction\":[{\"@type\":\"ReadAction\",\"target\":[\"https:\\\/\\\/grifos-pens.it\\\/it\\\/prodotto\\\/penna-roller-in-pelle-di-razza-grigia\\\/\"]}]},{\"@type\":\"ImageObject\",\"inLanguage\":\"it-IT\",\"@id\":\"https:\\\/\\\/grifos-pens.it\\\/it\\\/prodotto\\\/penna-roller-in-pelle-di-razza-grigia\\\/#primaryimage\",\"url\":\"https:\\\/\\\/grifos-pens.it\\\/wp-content\\\/uploads\\\/2024\\\/11\\\/NMR507-A-S14-PGX06.jpg\",\"contentUrl\":\"https:\\\/\\\/grifos-pens.it\\\/wp-content\\\/uploads\\\/2024\\\/11\\\/NMR507-A-S14-PGX06.jpg\",\"width\":1000,\"height\":667,\"caption\":\"Grey Stingray Leather Rollerball Pen\"},{\"@type\":\"BreadcrumbList\",\"@id\":\"https:\\\/\\\/grifos-pens.it\\\/it\\\/prodotto\\\/penna-roller-in-pelle-di-razza-grigia\\\/#breadcrumb\",\"itemListElement\":[{\"@type\":\"ListItem\",\"position\":1,\"name\":\"Home\",\"item\":\"https:\\\/\\\/grifos-pens.it\\\/it\\\/\"},{\"@type\":\"ListItem\",\"position\":2,\"name\":\"Catalogo\",\"item\":\"https:\\\/\\\/grifos-pens.it\\\/it\\\/catalogo\\\/\"},{\"@type\":\"ListItem\",\"position\":3,\"name\":\"Penna Roller in Pelle di Razza Grigia\"}]},{\"@type\":\"WebSite\",\"@id\":\"https:\\\/\\\/grifos-pens.it\\\/it\\\/#website\",\"url\":\"https:\\\/\\\/grifos-pens.it\\\/it\\\/\",\"name\":\"Grifos Pens\",\"description\":\"Handcrafted Writing Instrument Of Italy\",\"publisher\":{\"@id\":\"https:\\\/\\\/grifos-pens.it\\\/it\\\/#organization\"},\"potentialAction\":[{\"@type\":\"SearchAction\",\"target\":{\"@type\":\"EntryPoint\",\"urlTemplate\":\"https:\\\/\\\/grifos-pens.it\\\/it\\\/?s={search_term_string}\"},\"query-input\":{\"@type\":\"PropertyValueSpecification\",\"valueRequired\":true,\"valueName\":\"search_term_string\"}}],\"inLanguage\":\"it-IT\"},{\"@type\":\"Organization\",\"@id\":\"https:\\\/\\\/grifos-pens.it\\\/it\\\/#organization\",\"name\":\"Grifos Pens\",\"url\":\"https:\\\/\\\/grifos-pens.it\\\/it\\\/\",\"logo\":{\"@type\":\"ImageObject\",\"inLanguage\":\"it-IT\",\"@id\":\"https:\\\/\\\/grifos-pens.it\\\/it\\\/#\\\/schema\\\/logo\\\/image\\\/\",\"url\":\"https:\\\/\\\/grifos-pens.it\\\/wp-content\\\/uploads\\\/2023\\\/05\\\/logo-grifos.svg\",\"contentUrl\":\"https:\\\/\\\/grifos-pens.it\\\/wp-content\\\/uploads\\\/2023\\\/05\\\/logo-grifos.svg\",\"width\":267,\"height\":243,\"caption\":\"Grifos Pens\"},\"image\":{\"@id\":\"https:\\\/\\\/grifos-pens.it\\\/it\\\/#\\\/schema\\\/logo\\\/image\\\/\"},\"sameAs\":[\"https:\\\/\\\/www.facebook.com\\\/grifospensitaly\\\/?locale=it_IT\",\"https:\\\/\\\/www.instagram.com\\\/grifos.pens\\\/\"]}]}<\/script>\n<!-- \/ Yoast SEO plugin. -->","yoast_head_json":{"title":"Penna Roller Pelle di Razza Grigia","description":"Penna roller in pelle di razza grigia, con affascinante pelle naturale color lava e puntale in argento sterling. Spedizione gratuita.","robots":{"index":"index","follow":"follow","max-snippet":"max-snippet:-1","max-image-preview":"max-image-preview:large","max-video-preview":"max-video-preview:-1"},"canonical":"https:\/\/grifos-pens.it\/it\/prodotto\/penna-roller-in-pelle-di-razza-grigia\/","og_locale":"it_IT","og_type":"article","og_title":"Penna Roller Pelle di Razza Grigia","og_description":"Penna roller in pelle di razza grigia, con affascinante pelle naturale color lava e puntale in argento sterling. Spedizione gratuita.","og_url":"https:\/\/grifos-pens.it\/it\/prodotto\/penna-roller-in-pelle-di-razza-grigia\/","og_site_name":"Grifos Pens","article_publisher":"https:\/\/www.facebook.com\/grifospensitaly\/?locale=it_IT","article_modified_time":"2026-02-02T10:41:07+00:00","og_image":[{"width":1000,"height":667,"url":"https:\/\/grifos-pens.it\/wp-content\/uploads\/2024\/11\/NMR507-A-S14-PGX06.jpg","type":"image\/jpeg"}],"twitter_card":"summary_large_image","twitter_misc":{"Tempo di lettura stimato":"2 minuti"},"schema":{"@context":"https:\/\/schema.org","@graph":[{"@type":"WebPage","@id":"https:\/\/grifos-pens.it\/it\/prodotto\/penna-roller-in-pelle-di-razza-grigia\/","url":"https:\/\/grifos-pens.it\/it\/prodotto\/penna-roller-in-pelle-di-razza-grigia\/","name":"Penna Roller Pelle di Razza Grigia","isPartOf":{"@id":"https:\/\/grifos-pens.it\/it\/#website"},"primaryImageOfPage":{"@id":"https:\/\/grifos-pens.it\/it\/prodotto\/penna-roller-in-pelle-di-razza-grigia\/#primaryimage"},"image":{"@id":"https:\/\/grifos-pens.it\/it\/prodotto\/penna-roller-in-pelle-di-razza-grigia\/#primaryimage"},"thumbnailUrl":"https:\/\/grifos-pens.it\/wp-content\/uploads\/2024\/11\/NMR507-A-S14-PGX06.jpg","datePublished":"2025-08-08T14:14:35+00:00","dateModified":"2026-02-02T10:41:07+00:00","description":"Penna roller in pelle di razza grigia, con affascinante pelle naturale color lava e puntale in argento sterling. Spedizione gratuita.","breadcrumb":{"@id":"https:\/\/grifos-pens.it\/it\/prodotto\/penna-roller-in-pelle-di-razza-grigia\/#breadcrumb"},"inLanguage":"it-IT","potentialAction":[{"@type":"ReadAction","target":["https:\/\/grifos-pens.it\/it\/prodotto\/penna-roller-in-pelle-di-razza-grigia\/"]}]},{"@type":"ImageObject","inLanguage":"it-IT","@id":"https:\/\/grifos-pens.it\/it\/prodotto\/penna-roller-in-pelle-di-razza-grigia\/#primaryimage","url":"https:\/\/grifos-pens.it\/wp-content\/uploads\/2024\/11\/NMR507-A-S14-PGX06.jpg","contentUrl":"https:\/\/grifos-pens.it\/wp-content\/uploads\/2024\/11\/NMR507-A-S14-PGX06.jpg","width":1000,"height":667,"caption":"Grey Stingray Leather Rollerball Pen"},{"@type":"BreadcrumbList","@id":"https:\/\/grifos-pens.it\/it\/prodotto\/penna-roller-in-pelle-di-razza-grigia\/#breadcrumb","itemListElement":[{"@type":"ListItem","position":1,"name":"Home","item":"https:\/\/grifos-pens.it\/it\/"},{"@type":"ListItem","position":2,"name":"Catalogo","item":"https:\/\/grifos-pens.it\/it\/catalogo\/"},{"@type":"ListItem","position":3,"name":"Penna Roller in Pelle di Razza Grigia"}]},{"@type":"WebSite","@id":"https:\/\/grifos-pens.it\/it\/#website","url":"https:\/\/grifos-pens.it\/it\/","name":"Grifos Pens","description":"Handcrafted Writing Instrument Of Italy","publisher":{"@id":"https:\/\/grifos-pens.it\/it\/#organization"},"potentialAction":[{"@type":"SearchAction","target":{"@type":"EntryPoint","urlTemplate":"https:\/\/grifos-pens.it\/it\/?s={search_term_string}"},"query-input":{"@type":"PropertyValueSpecification","valueRequired":true,"valueName":"search_term_string"}}],"inLanguage":"it-IT"},{"@type":"Organization","@id":"https:\/\/grifos-pens.it\/it\/#organization","name":"Grifos Pens","url":"https:\/\/grifos-pens.it\/it\/","logo":{"@type":"ImageObject","inLanguage":"it-IT","@id":"https:\/\/grifos-pens.it\/it\/#\/schema\/logo\/image\/","url":"https:\/\/grifos-pens.it\/wp-content\/uploads\/2023\/05\/logo-grifos.svg","contentUrl":"https:\/\/grifos-pens.it\/wp-content\/uploads\/2023\/05\/logo-grifos.svg","width":267,"height":243,"caption":"Grifos Pens"},"image":{"@id":"https:\/\/grifos-pens.it\/it\/#\/schema\/logo\/image\/"},"sameAs":["https:\/\/www.facebook.com\/grifospensitaly\/?locale=it_IT","https:\/\/www.instagram.com\/grifos.pens\/"]}]}},"_links":{"self":[{"href":"https:\/\/grifos-pens.it\/it\/wp-json\/wp\/v2\/product\/8636","targetHints":{"allow":["GET"]}}],"collection":[{"href":"https:\/\/grifos-pens.it\/it\/wp-json\/wp\/v2\/product"}],"about":[{"href":"https:\/\/grifos-pens.it\/it\/wp-json\/wp\/v2\/types\/product"}],"replies":[{"embeddable":true,"href":"https:\/\/grifos-pens.it\/it\/wp-json\/wp\/v2\/comments?post=8636"}],"wp:featuredmedia":[{"embeddable":true,"href":"https:\/\/grifos-pens.it\/it\/wp-json\/wp\/v2\/media\/7785"}],"wp:attachment":[{"href":"https:\/\/grifos-pens.it\/it\/wp-json\/wp\/v2\/media?parent=8636"}],"wp:term":[{"taxonomy":"product_brand","embeddable":true,"href":"https:\/\/grifos-pens.it\/it\/wp-json\/wp\/v2\/product_brand?post=8636"},{"taxonomy":"product_cat","embeddable":true,"href":"https:\/\/grifos-pens.it\/it\/wp-json\/wp\/v2\/product_cat?post=8636"},{"taxonomy":"product_tag","embeddable":true,"href":"https:\/\/grifos-pens.it\/it\/wp-json\/wp\/v2\/product_tag?post=8636"}],"curies":[{"name":"wp","href":"https:\/\/api.w.org\/{rel}","templated":true}]}}