{"id":8899,"date":"2025-09-23T12:05:49","date_gmt":"2025-09-23T10:05:49","guid":{"rendered":"https:\/\/grifos-pens.it\/?post_type=product&#038;p=8899"},"modified":"2026-02-02T11:38:54","modified_gmt":"2026-02-02T10:38:54","slug":"penna-stilografica-argento-e-lacca-nera-2","status":"publish","type":"product","link":"https:\/\/grifos-pens.it\/it\/prodotto\/penna-stilografica-argento-e-lacca-nera-2\/","title":{"rendered":"Penna Stilografica Argento e Lacca Nera"},"content":{"rendered":"<p>Per creare una penna classica dall\u2019eleganza sobria ma raffinata, utilizziamo lacche colorate abbinandole alle parti in argento lavorato con incisione guilloch\u00e9 come questa penna stilografica artigianale in argento 925 e lacca nera con dettagli dorati.<\/p>\n<p>Penna stilografica realizzata a mano in argento massiccio 925 e lacca nera (disponibile anche in verde o bordeaux lucido su ordinazione), impreziosita da particolari dorati.<br \/>\nIl cappuccio, in argento massiccio 925, \u00e8 decorato con elegante incisione guilloch\u00e9 moir\u00e9. Ogni penna \u00e8 punzonata con i marchi 925 e TO 675, a garanzia dell\u2019autenticit\u00e0 del metallo prezioso e della nostra appartenenza all\u2019albo orafo.<\/p>\n<p>La penna pu\u00f2 essere personalizzata su richiesta ed \u00e8 disponibile anche in versione roller.<\/p>\n<ul>\n<li>Chiusura: cappuccio a scatto<\/li>\n<li>Caricamento: converter e cartucce d\u2019inchiostro standard internazionale (incluse)<\/li>\n<li>Pennino standard: acciaio dorato, punta M media<\/li>\n<li>Varianti disponibili: pennino F (fine), EF (extra fine), B (broad) e BB (extra broad)<\/li>\n<li>Pennini opzionali: oro massiccio 18k (giallo o bianco), disponibili in F, M, B (con supplemento)<\/li>\n<\/ul>\n<p>Ogni stilografica viene consegnata in un elegante astucci regalo con certificato di autenticit\u00e0, che attesta l\u2019uso di vero argento 925 e la lavorazione artigianale secondo la pi\u00f9 alta tradizione orafa italiana.<\/p>\n<p>&nbsp;<\/p>\n","protected":false},"excerpt":{"rendered":"<p>Elegante penna stilografica artigianale in argento massiccio 925 e lacca nera. Personalizzabile, con pennini acciaio o oro 18k. Con astuccio regalo.<\/p>\n","protected":false},"featured_media":8902,"comment_status":"closed","ping_status":"closed","template":"","meta":[],"product_brand":[],"product_cat":[264,269,272],"product_tag":[1605,1614,1610,766,1607,1596,501,1609,1606,1613,313,1608,1604,1612,1611,394],"class_list":{"0":"post-8899","1":"product","2":"type-product","3":"status-publish","4":"has-post-thumbnail","6":"product_cat-argento","7":"product_cat-lacca","8":"product_cat-stilografiche","9":"product_tag-fountain-pen-silver","10":"product_tag-luxury-fountain-pen-it","11":"product_tag-penna-anniversario","12":"product_tag-penna-artigianale","13":"product_tag-penna-artigianale-italiana","14":"product_tag-penna-con-pennino-oro","15":"product_tag-penna-da-collezione","16":"product_tag-penna-guilloche","17":"product_tag-penna-in-lacca-bordeaux","18":"product_tag-penna-in-lacca-nera","19":"product_tag-penna-personalizzata","20":"product_tag-penna-roller-personalizzata","21":"product_tag-penna-stilografica-argento-925","22":"product_tag-regalo-business","23":"product_tag-regalo-elegante-uomo","24":"product_tag-regalo-laurea-it","26":"first","27":"instock","28":"taxable","29":"shipping-taxable","30":"purchasable","31":"product-type-simple"},"yoast_head":"<!-- This site is optimized with the Yoast SEO plugin v27.4 - https:\/\/yoast.com\/product\/yoast-seo-wordpress\/ -->\n<title>Penna Stilografica Argento e Lacca Nera - Grifos Pens<\/title>\n<meta name=\"description\" content=\"Elegante penna stilografica artigianale in argento massiccio 925 e lacca nera. Personalizzabile, con pennini acciaio o oro 18k. Con astuccio regalo.\" \/>\n<meta name=\"robots\" content=\"index, follow, max-snippet:-1, max-image-preview:large, max-video-preview:-1\" \/>\n<link rel=\"canonical\" href=\"https:\/\/grifos-pens.it\/it\/prodotto\/penna-stilografica-argento-e-lacca-nera-2\/\" \/>\n<meta property=\"og:locale\" content=\"it_IT\" \/>\n<meta property=\"og:type\" content=\"article\" \/>\n<meta property=\"og:title\" content=\"Penna Stilografica Argento e Lacca Nera - Grifos Pens\" \/>\n<meta property=\"og:description\" content=\"Elegante penna stilografica artigianale in argento massiccio 925 e lacca nera. Personalizzabile, con pennini acciaio o oro 18k. Con astuccio regalo.\" \/>\n<meta property=\"og:url\" content=\"https:\/\/grifos-pens.it\/it\/prodotto\/penna-stilografica-argento-e-lacca-nera-2\/\" \/>\n<meta property=\"og:site_name\" content=\"Grifos Pens\" \/>\n<meta property=\"article:publisher\" content=\"https:\/\/www.facebook.com\/grifospensitaly\/?locale=it_IT\" \/>\n<meta property=\"article:modified_time\" content=\"2026-02-02T10:38:54+00:00\" \/>\n<meta property=\"og:image\" content=\"https:\/\/grifos-pens.it\/wp-content\/uploads\/2025\/09\/GLF810-DN-GX10-LN-Nome-Verticale-01.jpg\" \/>\n\t<meta property=\"og:image:width\" content=\"2500\" \/>\n\t<meta property=\"og:image:height\" content=\"1667\" \/>\n\t<meta property=\"og:image:type\" content=\"image\/jpeg\" \/>\n<meta name=\"twitter:card\" content=\"summary_large_image\" \/>\n<meta name=\"twitter:label1\" content=\"Tempo di lettura stimato\" \/>\n\t<meta name=\"twitter:data1\" content=\"2 minuti\" \/>\n<script type=\"application\/ld+json\" class=\"yoast-schema-graph\">{\"@context\":\"https:\\\/\\\/schema.org\",\"@graph\":[{\"@type\":\"WebPage\",\"@id\":\"https:\\\/\\\/grifos-pens.it\\\/it\\\/prodotto\\\/penna-stilografica-argento-e-lacca-nera-2\\\/\",\"url\":\"https:\\\/\\\/grifos-pens.it\\\/it\\\/prodotto\\\/penna-stilografica-argento-e-lacca-nera-2\\\/\",\"name\":\"Penna Stilografica Argento e Lacca Nera - Grifos Pens\",\"isPartOf\":{\"@id\":\"https:\\\/\\\/grifos-pens.it\\\/it\\\/#website\"},\"primaryImageOfPage\":{\"@id\":\"https:\\\/\\\/grifos-pens.it\\\/it\\\/prodotto\\\/penna-stilografica-argento-e-lacca-nera-2\\\/#primaryimage\"},\"image\":{\"@id\":\"https:\\\/\\\/grifos-pens.it\\\/it\\\/prodotto\\\/penna-stilografica-argento-e-lacca-nera-2\\\/#primaryimage\"},\"thumbnailUrl\":\"https:\\\/\\\/grifos-pens.it\\\/wp-content\\\/uploads\\\/2025\\\/09\\\/GLF810-DN-GX10-LN-Nome-Verticale-01.jpg\",\"datePublished\":\"2025-09-23T10:05:49+00:00\",\"dateModified\":\"2026-02-02T10:38:54+00:00\",\"description\":\"Elegante penna stilografica artigianale in argento massiccio 925 e lacca nera. Personalizzabile, con pennini acciaio o oro 18k. Con astuccio regalo.\",\"breadcrumb\":{\"@id\":\"https:\\\/\\\/grifos-pens.it\\\/it\\\/prodotto\\\/penna-stilografica-argento-e-lacca-nera-2\\\/#breadcrumb\"},\"inLanguage\":\"it-IT\",\"potentialAction\":[{\"@type\":\"ReadAction\",\"target\":[\"https:\\\/\\\/grifos-pens.it\\\/it\\\/prodotto\\\/penna-stilografica-argento-e-lacca-nera-2\\\/\"]}]},{\"@type\":\"ImageObject\",\"inLanguage\":\"it-IT\",\"@id\":\"https:\\\/\\\/grifos-pens.it\\\/it\\\/prodotto\\\/penna-stilografica-argento-e-lacca-nera-2\\\/#primaryimage\",\"url\":\"https:\\\/\\\/grifos-pens.it\\\/wp-content\\\/uploads\\\/2025\\\/09\\\/GLF810-DN-GX10-LN-Nome-Verticale-01.jpg\",\"contentUrl\":\"https:\\\/\\\/grifos-pens.it\\\/wp-content\\\/uploads\\\/2025\\\/09\\\/GLF810-DN-GX10-LN-Nome-Verticale-01.jpg\",\"width\":2500,\"height\":1667,\"caption\":\"penna stilografica in argento e lacca nera\"},{\"@type\":\"BreadcrumbList\",\"@id\":\"https:\\\/\\\/grifos-pens.it\\\/it\\\/prodotto\\\/penna-stilografica-argento-e-lacca-nera-2\\\/#breadcrumb\",\"itemListElement\":[{\"@type\":\"ListItem\",\"position\":1,\"name\":\"Home\",\"item\":\"https:\\\/\\\/grifos-pens.it\\\/it\\\/\"},{\"@type\":\"ListItem\",\"position\":2,\"name\":\"Catalogo\",\"item\":\"https:\\\/\\\/grifos-pens.it\\\/it\\\/catalogo\\\/\"},{\"@type\":\"ListItem\",\"position\":3,\"name\":\"Penna Stilografica Argento e Lacca Nera\"}]},{\"@type\":\"WebSite\",\"@id\":\"https:\\\/\\\/grifos-pens.it\\\/it\\\/#website\",\"url\":\"https:\\\/\\\/grifos-pens.it\\\/it\\\/\",\"name\":\"Grifos Pens\",\"description\":\"Handcrafted Writing Instrument Of Italy\",\"publisher\":{\"@id\":\"https:\\\/\\\/grifos-pens.it\\\/it\\\/#organization\"},\"potentialAction\":[{\"@type\":\"SearchAction\",\"target\":{\"@type\":\"EntryPoint\",\"urlTemplate\":\"https:\\\/\\\/grifos-pens.it\\\/it\\\/?s={search_term_string}\"},\"query-input\":{\"@type\":\"PropertyValueSpecification\",\"valueRequired\":true,\"valueName\":\"search_term_string\"}}],\"inLanguage\":\"it-IT\"},{\"@type\":\"Organization\",\"@id\":\"https:\\\/\\\/grifos-pens.it\\\/it\\\/#organization\",\"name\":\"Grifos Pens\",\"url\":\"https:\\\/\\\/grifos-pens.it\\\/it\\\/\",\"logo\":{\"@type\":\"ImageObject\",\"inLanguage\":\"it-IT\",\"@id\":\"https:\\\/\\\/grifos-pens.it\\\/it\\\/#\\\/schema\\\/logo\\\/image\\\/\",\"url\":\"https:\\\/\\\/grifos-pens.it\\\/wp-content\\\/uploads\\\/2023\\\/05\\\/logo-grifos.svg\",\"contentUrl\":\"https:\\\/\\\/grifos-pens.it\\\/wp-content\\\/uploads\\\/2023\\\/05\\\/logo-grifos.svg\",\"width\":267,\"height\":243,\"caption\":\"Grifos Pens\"},\"image\":{\"@id\":\"https:\\\/\\\/grifos-pens.it\\\/it\\\/#\\\/schema\\\/logo\\\/image\\\/\"},\"sameAs\":[\"https:\\\/\\\/www.facebook.com\\\/grifospensitaly\\\/?locale=it_IT\",\"https:\\\/\\\/www.instagram.com\\\/grifos.pens\\\/\"]}]}<\/script>\n<!-- \/ Yoast SEO plugin. -->","yoast_head_json":{"title":"Penna Stilografica Argento e Lacca Nera - Grifos Pens","description":"Elegante penna stilografica artigianale in argento massiccio 925 e lacca nera. Personalizzabile, con pennini acciaio o oro 18k. Con astuccio regalo.","robots":{"index":"index","follow":"follow","max-snippet":"max-snippet:-1","max-image-preview":"max-image-preview:large","max-video-preview":"max-video-preview:-1"},"canonical":"https:\/\/grifos-pens.it\/it\/prodotto\/penna-stilografica-argento-e-lacca-nera-2\/","og_locale":"it_IT","og_type":"article","og_title":"Penna Stilografica Argento e Lacca Nera - Grifos Pens","og_description":"Elegante penna stilografica artigianale in argento massiccio 925 e lacca nera. Personalizzabile, con pennini acciaio o oro 18k. Con astuccio regalo.","og_url":"https:\/\/grifos-pens.it\/it\/prodotto\/penna-stilografica-argento-e-lacca-nera-2\/","og_site_name":"Grifos Pens","article_publisher":"https:\/\/www.facebook.com\/grifospensitaly\/?locale=it_IT","article_modified_time":"2026-02-02T10:38:54+00:00","og_image":[{"width":2500,"height":1667,"url":"https:\/\/grifos-pens.it\/wp-content\/uploads\/2025\/09\/GLF810-DN-GX10-LN-Nome-Verticale-01.jpg","type":"image\/jpeg"}],"twitter_card":"summary_large_image","twitter_misc":{"Tempo di lettura stimato":"2 minuti"},"schema":{"@context":"https:\/\/schema.org","@graph":[{"@type":"WebPage","@id":"https:\/\/grifos-pens.it\/it\/prodotto\/penna-stilografica-argento-e-lacca-nera-2\/","url":"https:\/\/grifos-pens.it\/it\/prodotto\/penna-stilografica-argento-e-lacca-nera-2\/","name":"Penna Stilografica Argento e Lacca Nera - Grifos Pens","isPartOf":{"@id":"https:\/\/grifos-pens.it\/it\/#website"},"primaryImageOfPage":{"@id":"https:\/\/grifos-pens.it\/it\/prodotto\/penna-stilografica-argento-e-lacca-nera-2\/#primaryimage"},"image":{"@id":"https:\/\/grifos-pens.it\/it\/prodotto\/penna-stilografica-argento-e-lacca-nera-2\/#primaryimage"},"thumbnailUrl":"https:\/\/grifos-pens.it\/wp-content\/uploads\/2025\/09\/GLF810-DN-GX10-LN-Nome-Verticale-01.jpg","datePublished":"2025-09-23T10:05:49+00:00","dateModified":"2026-02-02T10:38:54+00:00","description":"Elegante penna stilografica artigianale in argento massiccio 925 e lacca nera. Personalizzabile, con pennini acciaio o oro 18k. Con astuccio regalo.","breadcrumb":{"@id":"https:\/\/grifos-pens.it\/it\/prodotto\/penna-stilografica-argento-e-lacca-nera-2\/#breadcrumb"},"inLanguage":"it-IT","potentialAction":[{"@type":"ReadAction","target":["https:\/\/grifos-pens.it\/it\/prodotto\/penna-stilografica-argento-e-lacca-nera-2\/"]}]},{"@type":"ImageObject","inLanguage":"it-IT","@id":"https:\/\/grifos-pens.it\/it\/prodotto\/penna-stilografica-argento-e-lacca-nera-2\/#primaryimage","url":"https:\/\/grifos-pens.it\/wp-content\/uploads\/2025\/09\/GLF810-DN-GX10-LN-Nome-Verticale-01.jpg","contentUrl":"https:\/\/grifos-pens.it\/wp-content\/uploads\/2025\/09\/GLF810-DN-GX10-LN-Nome-Verticale-01.jpg","width":2500,"height":1667,"caption":"penna stilografica in argento e lacca nera"},{"@type":"BreadcrumbList","@id":"https:\/\/grifos-pens.it\/it\/prodotto\/penna-stilografica-argento-e-lacca-nera-2\/#breadcrumb","itemListElement":[{"@type":"ListItem","position":1,"name":"Home","item":"https:\/\/grifos-pens.it\/it\/"},{"@type":"ListItem","position":2,"name":"Catalogo","item":"https:\/\/grifos-pens.it\/it\/catalogo\/"},{"@type":"ListItem","position":3,"name":"Penna Stilografica Argento e Lacca Nera"}]},{"@type":"WebSite","@id":"https:\/\/grifos-pens.it\/it\/#website","url":"https:\/\/grifos-pens.it\/it\/","name":"Grifos Pens","description":"Handcrafted Writing Instrument Of Italy","publisher":{"@id":"https:\/\/grifos-pens.it\/it\/#organization"},"potentialAction":[{"@type":"SearchAction","target":{"@type":"EntryPoint","urlTemplate":"https:\/\/grifos-pens.it\/it\/?s={search_term_string}"},"query-input":{"@type":"PropertyValueSpecification","valueRequired":true,"valueName":"search_term_string"}}],"inLanguage":"it-IT"},{"@type":"Organization","@id":"https:\/\/grifos-pens.it\/it\/#organization","name":"Grifos Pens","url":"https:\/\/grifos-pens.it\/it\/","logo":{"@type":"ImageObject","inLanguage":"it-IT","@id":"https:\/\/grifos-pens.it\/it\/#\/schema\/logo\/image\/","url":"https:\/\/grifos-pens.it\/wp-content\/uploads\/2023\/05\/logo-grifos.svg","contentUrl":"https:\/\/grifos-pens.it\/wp-content\/uploads\/2023\/05\/logo-grifos.svg","width":267,"height":243,"caption":"Grifos Pens"},"image":{"@id":"https:\/\/grifos-pens.it\/it\/#\/schema\/logo\/image\/"},"sameAs":["https:\/\/www.facebook.com\/grifospensitaly\/?locale=it_IT","https:\/\/www.instagram.com\/grifos.pens\/"]}]}},"_links":{"self":[{"href":"https:\/\/grifos-pens.it\/it\/wp-json\/wp\/v2\/product\/8899","targetHints":{"allow":["GET"]}}],"collection":[{"href":"https:\/\/grifos-pens.it\/it\/wp-json\/wp\/v2\/product"}],"about":[{"href":"https:\/\/grifos-pens.it\/it\/wp-json\/wp\/v2\/types\/product"}],"replies":[{"embeddable":true,"href":"https:\/\/grifos-pens.it\/it\/wp-json\/wp\/v2\/comments?post=8899"}],"wp:featuredmedia":[{"embeddable":true,"href":"https:\/\/grifos-pens.it\/it\/wp-json\/wp\/v2\/media\/8902"}],"wp:attachment":[{"href":"https:\/\/grifos-pens.it\/it\/wp-json\/wp\/v2\/media?parent=8899"}],"wp:term":[{"taxonomy":"product_brand","embeddable":true,"href":"https:\/\/grifos-pens.it\/it\/wp-json\/wp\/v2\/product_brand?post=8899"},{"taxonomy":"product_cat","embeddable":true,"href":"https:\/\/grifos-pens.it\/it\/wp-json\/wp\/v2\/product_cat?post=8899"},{"taxonomy":"product_tag","embeddable":true,"href":"https:\/\/grifos-pens.it\/it\/wp-json\/wp\/v2\/product_tag?post=8899"}],"curies":[{"name":"wp","href":"https:\/\/api.w.org\/{rel}","templated":true}]}}